{"id":1318,"date":"2026-03-10T08:15:06","date_gmt":"2026-03-10T00:15:06","guid":{"rendered":"https:\/\/www.pandaexo.com\/terms-of-service\/"},"modified":"2026-03-18T20:27:34","modified_gmt":"2026-03-18T12:27:34","slug":"terms-of-service","status":"publish","type":"page","link":"https:\/\/www.pandaexo.com\/az\/terms-of-service\/","title":{"rendered":"Xidm\u0259t \u015e\u0259rtl\u0259ri"},"content":{"rendered":"<p><strong>PandaExo<\/strong>-ya xo\u015f g\u0259lmisiniz. Bu Xidm\u0259t \u015e\u0259rtl\u0259ri (&#8220;\u015e\u0259rtl\u0259r&#8221;) bizim veb-sayt\u0131m\u0131za v\u0259 xidm\u0259tl\u0259rimiz\u0259, o c\u00fcml\u0259d\u0259n zavoddan birba\u015fa g\u00fcc yar\u0131mke\u00e7iricil\u0259rin v\u0259 EV doldurma infrastrukturunun t\u0259min edilm\u0259sin\u0259 daxil olma\u011f\u0131n\u0131z\u0131 v\u0259 istifad\u0259nizi t\u0259nziml\u0259yir. Sayt\u0131m\u0131za daxil olmaqla v\u0259 ya pe\u015f\u0259kar xidm\u0259tl\u0259rimizd\u0259n istifad\u0259 etm\u0259kl\u0259, siz bu \u015e\u0259rtl\u0259rl\u0259 ba\u011fl\u0131 olma\u011f\u0131 q\u0259bul edirsiniz.<\/p>\n<h3>1. Xidm\u0259tl\u0259rin H\u0259cmi<\/h3>\n<p>PandaExo silikon s\u0259viyy\u0259li komponentl\u0259rd\u0259n inteqrasiya edilmi\u015f doldurma platformalar\u0131na q\u0259d\u0259r geni\u015f spektrli enerji h\u0259ll\u0259ri t\u0259qdim edir. Xidm\u0259tl\u0259rimiz\u0259 a\u015fa\u011f\u0131dak\u0131lar daxildir:<\/p>\n<ul>\n<li>K\u00f6pr\u00fc d\u00fcz\u0259ldicil\u0259rinin (KBP, KBL, KBU, GBJ v\u0259 KBPC seriyalar\u0131) istehsal\u0131 v\u0259 t\u0259chizat\u0131.<\/li>\n<li>3.5kW-dan 1080kW-a q\u0259d\u0259r AC v\u0259 DC EV doldurma stansiyalar\u0131n\u0131n t\u0259min edilm\u0259si.<\/li>\n<li>EPCO, OEM v\u0259 ODM modell\u0259ri vasit\u0259sil\u0259 f\u0259rdil\u0259\u015fdirilmi\u015f enerji h\u0259ll\u0259ri.<\/li>\n<li>Hefei Universitetinin Texnologiya Enerji \u0130nstitutu il\u0259 \u0259m\u0259kda\u015fl\u0131qda haz\u0131rlanm\u0131\u015f a\u011f\u0131ll\u0131 enerji idar\u0259etm\u0259 proqram t\u0259minat\u0131na v\u0259 bulud \u0259sasl\u0131 platformalara giri\u015f.<\/li>\n<\/ul>\n<h3>2. \u018fqli M\u00fclkiyy\u0259t H\u00fcquqlar\u0131<\/h3>\n<p>Bu veb-saytdak\u0131 b\u00fct\u00fcn m\u0259zmun, o c\u00fcml\u0259d\u0259n lakin m\u0259hdud olmamaqla texniki dizaynlar, proqram kodu, &#8220;Silicon Core&#8221; texnologiyas\u0131 v\u0259 brendinq, PandaExo-nun m\u00fclkiyy\u0259tidir.<\/p>\n<ul>\n<li>Biz onlarla faydal\u0131 model patentl\u0259rin\u0259 v\u0259 proqram t\u0259minat\u0131 m\u00fc\u0259lliflik h\u00fcquqlar\u0131na malikik.<\/li>\n<li>M\u0259xsusi texnologiyam\u0131z\u0131n icaz\u0259siz \u00e7oxald\u0131lmas\u0131, d\u0259yi\u015fdirilm\u0259si v\u0259 ya paylanmas\u0131 q\u0259ti qada\u011fand\u0131r.<\/li>\n<\/ul>\n<h3>3. M\u0259hsulun \u0130stifad\u0259si v\u0259 T\u0259hl\u00fck\u0259sizliyi<\/h3>\n<p>M\u0259hsullar\u0131m\u0131z y\u00fcks\u0259k performans v\u0259 t\u0259hl\u00fck\u0259sizlik \u00fc\u00e7\u00fcn haz\u0131rlanm\u0131\u015fd\u0131r, UL 94V-0 yanma d\u0259r\u0259c\u0259si v\u0259 a\u00e7\u0131q havada istifad\u0259 \u00fc\u00e7\u00fcn haz\u0131rlanm\u0131\u015f korpuslara (IP54\/IP67) malikdir.<\/p>\n<ul>\n<li><strong>Qura\u015fd\u0131rma:<\/strong> B\u00fct\u00fcn AC\/DC doldurma stansiyalar\u0131 \u00fc\u00e7\u00fcn sertifikatl\u0131 texniki i\u015f\u00e7il\u0259r t\u0259r\u0259find\u0259n pe\u015f\u0259kar qura\u015fd\u0131rma t\u0259l\u0259b olunur.<\/li>\n<li><strong>Uy\u011funluq:<\/strong> \u0130stifad\u0259\u00e7il\u0259r komponentl\u0259rimizin inteqrasiyas\u0131n\u0131n yerli elektrik qaydalar\u0131na v\u0259 standartlar\u0131na uy\u011fun olmas\u0131n\u0131 t\u0259min etm\u0259k m\u0259suliyy\u0259tini da\u015f\u0131y\u0131r.<\/li>\n<\/ul>\n<h3>4. B2B v\u0259 Kommersiya \u015e\u0259rtl\u0259ri<\/h3>\n<p>Sichuan v\u0259 Dubay beyn\u0259lxalq filiallar\u0131m\u0131z t\u0259r\u0259find\u0259n xidm\u0259t g\u00f6st\u0259ril\u0259nl\u0259r d\u0259 daxil olmaqla kommersiya t\u0259r\u0259fda\u015flar\u0131m\u0131z \u00fc\u00e7\u00fcn:<\/p>\n<ul>\n<li><strong>F\u0259rdil\u0259\u015fdirm\u0259:<\/strong> OEM\/ODM sifari\u015fl\u0259ri x\u00fcsusi istehsal m\u00fcqavil\u0259l\u0259rin\u0259 v\u0259 T\u0259dqiqat v\u0259 \u0130nki\u015faf d\u0259rinliyi t\u0259l\u0259bl\u0259rin\u0259 tabedir.<\/li>\n<li><strong>Logistika:<\/strong> \u00c7in-Avropa D\u0259miryolu Ekspresi kimi qlobal kanallar vasit\u0259sil\u0259 da\u015f\u0131nman\u0131 asanla\u015fd\u0131rsaq da, PandaExo \u00fc\u00e7\u00fcnc\u00fc t\u0259r\u0259f logistika provayderl\u0259ri t\u0259r\u0259find\u0259n yaranan gecikm\u0259l\u0259r\u0259 g\u00f6r\u0259 m\u0259suliyy\u0259t da\u015f\u0131m\u0131r.<\/li>\n<li><strong>G\u00fcc:<\/strong> Geni\u015fmiqyasl\u0131 infrastruktur layih\u0259l\u0259ri \u00fc\u00e7\u00fcn t\u0259chizat z\u0259ncirinin etibarl\u0131l\u0131\u011f\u0131n\u0131 t\u0259min etm\u0259k \u00fc\u00e7\u00fcn biz illik 20 milyondan \u00e7ox vahid istehsal g\u00fcc\u00fcn\u00fc saxlay\u0131r\u0131q.<\/li>\n<\/ul>\n<h3>5. M\u0259suliyy\u0259tin M\u0259hdudla\u015fd\u0131r\u0131lmas\u0131<\/h3>\n<p>PandaExo g\u00fcc \u00e7evirici m\u0259hsullar\u0131m\u0131z\u0131n v\u0259 ya doldurma avadanl\u0131qlar\u0131m\u0131z\u0131n istifad\u0259sind\u0259n v\u0259 ya istifad\u0259 ed\u0259 bilm\u0259m\u0259sind\u0259n yaranan h\u0259r hans\u0131 bir dolay\u0131, t\u0259sad\u00fcfi v\u0259 ya n\u0259tic\u0259 z\u0259r\u0259rin\u0259 g\u00f6r\u0259 m\u0259suliyy\u0259t da\u015f\u0131m\u0131r. Biz &#8220;A\u011f\u0131ll\u0131 Enerji Platformalar\u0131m\u0131z\u0131n&#8221; 100% fasil\u0259siz v\u0259 ya s\u0259hvsiz olaca\u011f\u0131n\u0131 z\u0259man\u0259t vermirik, baxmayaraq ki, daimi T\u0259dqiqat v\u0259 \u0130nki\u015faf innovasiyalar\u0131 vasit\u0259sil\u0259 maksimum i\u015f vaxt\u0131na \u00e7al\u0131\u015f\u0131r\u0131q.<\/p>\n<h3>6. T\u0259tbiq Olunan Qanun<\/h3>\n<p>Bu \u015e\u0259rtl\u0259r \u00c7in Xalq Respublikas\u0131n\u0131n qanunlar\u0131na uy\u011fun olaraq t\u0259nziml\u0259nir v\u0259 \u015f\u0259rh edilir. Bu \u015e\u0259rtl\u0259rd\u0259n yaranan h\u0259r hans\u0131 bir m\u00fcbahis\u0259 Hefei \u015f\u0259h\u0259rind\u0259ki qlobal ba\u015f q\u0259rargah\u0131m\u0131z\u0131n yurisdiksiyas\u0131nda h\u0259ll edil\u0259c\u0259k.<\/p>\n<h3>7. \u015e\u0259rtl\u0259rd\u0259 D\u0259yi\u015fiklikl\u0259r<\/h3>\n<p>Biz, simsiz doldurma v\u0259 ya enerji d\u0259yi\u015fdirm\u0259 sisteml\u0259ri kimi texnologiyam\u0131zdak\u0131 yenil\u0259m\u0259l\u0259ri \u0259ks etdirm\u0259k \u00fc\u00e7\u00fcn bu \u015e\u0259rtl\u0259ri ist\u0259nil\u0259n vaxt d\u0259yi\u015fdirm\u0259k h\u00fcququnu \u00f6z\u00fcm\u00fczd\u0259 saxlay\u0131r\u0131q. Bel\u0259 d\u0259yi\u015fiklikl\u0259rd\u0259n sonra veb-sayt\u0131n v\u0259 ya xidm\u0259tl\u0259rimizin istifad\u0259sin\u0259 davam etm\u0259k yeni \u015e\u0259rtl\u0259rin q\u0259bul edilm\u0259si dem\u0259kdir.<\/p>\n","protected":false},"excerpt":{"rendered":"<p>PandaExo-ya xo\u015f g\u0259lmisiniz. Bu Xidm\u0259t \u015e\u0259rtl\u0259ri (&#8220;\u015e\u0259rtl\u0259r&#8221;) bizim veb-sayt\u0131m\u0131za v\u0259 xidm\u0259tl\u0259rimiz\u0259, o c\u00fcml\u0259d\u0259n zavoddan birba\u015fa g\u00fcc yar\u0131mke\u00e7iricil\u0259rin v\u0259 EV doldurma infrastrukturunun t\u0259min edilm\u0259sin\u0259 daxil olma\u011f\u0131n\u0131z\u0131 v\u0259 istifad\u0259nizi t\u0259nziml\u0259yir. Sayt\u0131m\u0131za daxil olmaqla v\u0259 ya pe\u015f\u0259kar xidm\u0259tl\u0259rimizd\u0259n istifad\u0259 etm\u0259kl\u0259, siz bu \u015e\u0259rtl\u0259rl\u0259 ba\u011fl\u0131 olma\u011f\u0131 q\u0259bul edirsiniz. 1. Xidm\u0259tl\u0259rin H\u0259cmi PandaExo silikon s\u0259viyy\u0259li komponentl\u0259rd\u0259n inteqrasiya edilmi\u015f doldurma platformalar\u0131na<\/p>\n","protected":false},"author":1,"featured_media":0,"parent":0,"menu_order":0,"comment_status":"closed","ping_status":"closed","template":"","meta":{"footnotes":""},"class_list":["post-1318","page","type-page","status-publish","hentry","prodpage-classic"],"aioseo_notices":[],"_links":{"self":[{"href":"https:\/\/www.pandaexo.com\/az\/wp-json\/wp\/v2\/pages\/1318","targetHints":{"allow":["GET"]}}],"collection":[{"href":"https:\/\/www.pandaexo.com\/az\/wp-json\/wp\/v2\/pages"}],"about":[{"href":"https:\/\/www.pandaexo.com\/az\/wp-json\/wp\/v2\/types\/page"}],"author":[{"embeddable":true,"href":"https:\/\/www.pandaexo.com\/az\/wp-json\/wp\/v2\/users\/1"}],"replies":[{"embeddable":true,"href":"https:\/\/www.pandaexo.com\/az\/wp-json\/wp\/v2\/comments?post=1318"}],"version-history":[{"count":0,"href":"https:\/\/www.pandaexo.com\/az\/wp-json\/wp\/v2\/pages\/1318\/revisions"}],"wp:attachment":[{"href":"https:\/\/www.pandaexo.com\/az\/wp-json\/wp\/v2\/media?parent=1318"}],"curies":[{"name":"wp","href":"https:\/\/api.w.org\/{rel}","templated":true}]}}