{"id":1338,"date":"2026-03-10T08:14:54","date_gmt":"2026-03-10T00:14:54","guid":{"rendered":"https:\/\/www.pandaexo.com\/disclaimer\/"},"modified":"2026-03-18T20:25:21","modified_gmt":"2026-03-18T12:25:21","slug":"disclaimer","status":"publish","type":"page","link":"https:\/\/www.pandaexo.com\/az\/disclaimer\/","title":{"rendered":"Disclaimer"},"content":{"rendered":"<p>PandaExo-nun bu veb-sayt\u0131nda t\u0259qdim olunan m\u0259lumat yaln\u0131z \u00fcmumi m\u0259lumat m\u0259qs\u0259dl\u0259ri \u00fc\u00e7\u00fcnd\u00fcr. Biz zavod birba\u015fa texnologiyas\u0131 v\u0259 Xefey \u0259sasl\u0131 T&amp;T innovasiyas\u0131 il\u0259 ba\u011fl\u0131 m\u0259zmunumuzun d\u0259qiqliyini qoruma\u011fa \u00e7al\u0131\u015fsaq da, b\u00fct\u00fcn m\u0259lumatlar xo\u015f niyy\u0259tl\u0259 t\u0259qdim olunur.<\/p>\n<hr \/>\n<h3>Texniki v\u0259 M\u0259hsul M\u0259lumatlar\u0131<\/h3>\n<p>Texniki spesifikasiyalar: KBP, KBL, KBU, GBJ v\u0259 KBPC seriyalar\u0131 daxil olmaqla, g\u00fcc yar\u0131mke\u00e7iricil\u0259rimiz\u0259 aid texniki t\u0259f\u0259rr\u00fcatlar standart istehsal n\u0259tic\u0259l\u0259rin\u0259 \u0259saslan\u0131r.<\/p>\n<p>T\u0259hl\u00fck\u0259sizlik reytinql\u0259ri: M\u0259hsullar\u0131m\u0131zda UL 94V-0 yanma reytinqli plastik v\u0259 IP54\/IP67 a\u00e7\u0131q havada istifad\u0259 \u00fc\u00e7\u00fcn reytinqli korpuslar olsa da, PandaExo g\u00f6st\u0259ril\u0259n m\u00fchit \u015f\u0259raitind\u0259n k\u0259narda d\u00fczg\u00fcn qura\u015fd\u0131r\u0131lmamas\u0131 v\u0259 ya istifad\u0259si n\u0259tic\u0259sind\u0259 yaranan z\u0259r\u0259rl\u0259r\u0259 g\u00f6r\u0259 m\u0259suliyy\u0259t da\u015f\u0131m\u0131r.<\/p>\n<p>Performans: AC doldurma qur\u011fular\u0131 (3.5kVt-dan 22kVt-a q\u0259d\u0259r) v\u0259 DC s\u00fcr\u0259tli doldurma qur\u011fular\u0131 (1080kVt-a q\u0259d\u0259r) \u00fc\u00e7\u00fcn performans m\u0259lumatlar\u0131 n\u0259z\u0259ri qabiliyy\u0259tl\u0259ri \u0259ks etdirir. Faktiki doldurma s\u00fcr\u0259ti v\u0259 s\u0259m\u0259r\u0259lilik yerli enerji infrastrukturu v\u0259 n\u0259qliyyat vasit\u0259sinin uy\u011funlu\u011fundan as\u0131l\u0131 olaraq d\u0259yi\u015f\u0259 bil\u0259r.<\/p>\n<h3>Pe\u015f\u0259kar v\u0259 M\u00fch\u0259ndislik M\u0259sl\u0259h\u0259ti<\/h3>\n<p>Pe\u015f\u0259kar m\u0259sl\u0259h\u0259t yoxdur: Bu saytdak\u0131 m\u0259zmun, o c\u00fcml\u0259d\u0259n &#8220;Silikon N\u00fcv\u0259&#8221; texnologiyas\u0131 v\u0259 g\u00fcc \u00e7eviricisi il\u0259 ba\u011fl\u0131 d\u0259rin m\u0259lumatlar, pe\u015f\u0259kar elektrik m\u00fch\u0259ndisliyi m\u0259sl\u0259h\u0259ti t\u0259\u015fkil etmir.<\/p>\n<p>T\u0259tbiq: Biz EPCO, OEM v\u0259 ODM modell\u0259ri vasit\u0259sil\u0259 pe\u015f\u0259kar h\u0259ll\u0259r t\u0259klif ets\u0259k d\u0259, istifad\u0259\u00e7il\u0259r doldurma avadanl\u0131\u011f\u0131n\u0131n yerl\u0259\u015fdirilm\u0259si \u00fc\u00e7\u00fcn sertifikatla\u015fd\u0131r\u0131lm\u0131\u015f texnikl\u0259r\u0259 m\u00fcraci\u0259t etm\u0259lidirl\u0259r.<\/p>\n<h3>\u0130nnovasiya v\u0259 \u0130ntellektual M\u00fclkiyy\u0259t<\/h3>\n<p>T&amp;T t\u0259r\u0259fda\u015fl\u0131qlar\u0131: Xefey Texnologiya Universitetinin Enerji \u0130nstitutu il\u0259 strateji t\u0259r\u0259fda\u015fl\u0131\u011f\u0131m\u0131z haqq\u0131nda m\u0259lumat, a\u011f\u0131ll\u0131 enerji platformalar\u0131 qurmaq \u00fc\u00e7\u00fcn \u0259m\u0259kda\u015fl\u0131q s\u0259yl\u0259rimizi t\u0259svir edir v\u0259 texnologiyan\u0131n inki\u015faf\u0131 il\u0259 d\u0259yi\u015fikliy\u0259 m\u0259ruz qala bil\u0259r.<\/p>\n<p>M\u00fclkiyy\u0259t h\u00fcquqlar\u0131: Onlarla faydal\u0131 model patentl\u0259ri v\u0259 proqram t\u0259minat\u0131 m\u00fc\u0259lliflik h\u00fcquqlar\u0131 daxil olmaqla, b\u00fct\u00fcn m\u00fclkiyy\u0259t texnologiyas\u0131 yaln\u0131z PandaExo-nun m\u00fclkiyy\u0259tidir. \u0130ntellektual m\u00fclkiyy\u0259timizin icaz\u0259siz istifad\u0259si q\u0259ti qada\u011fand\u0131r.<\/p>\n<h3>Qlobal F\u0259aliyy\u0259t v\u0259 Logistika<\/h3>\n<p>Regional M\u0259rk\u0259zl\u0259r: Sichuan Strategiya Filial\u0131m\u0131z v\u0259 Dubay Beyn\u0259lxalq Filial\u0131m\u0131z haqq\u0131nda m\u0259lumat, M\u0259rk\u0259zi Asiya, Afrika, Avropa v\u0259 \u015eimali Amerikaya xidm\u0259t g\u00f6st\u0259rm\u0259k \u00fc\u00e7\u00fcn m\u00f6vcud t\u0259\u015fkilati qurulu\u015fumuzu \u0259ks etdirir.<\/p>\n<p>G\u00f6nd\u0259rm\u0259: \u00c7in-Avropa D\u0259miryolu Ekspressind\u0259n istifad\u0259 kimi logistika detallar\u0131 beyn\u0259lxalq g\u00f6nd\u0259rm\u0259 qaydalar\u0131na v\u0259 \u00fc\u00e7\u00fcnc\u00fc t\u0259r\u0259f t\u0259chizat\u00e7\u0131lar\u0131n m\u00f6vcudlu\u011funa tabedir.<\/p>\n<h3>M\u0259suliyy\u0259tin M\u0259hdudla\u015fd\u0131r\u0131lmas\u0131<\/h3>\n<p>PandaExo, onun m\u00fct\u0259x\u0259ssisl\u0259ri v\u0259 T&amp;T n\u00fcv\u0259si, silikon k\u00f6rp\u00fc d\u00fcz\u0259ldicil\u0259rimizin v\u0259 ya EV doldurma infrastrukturam\u0131z\u0131n istifad\u0259sind\u0259n yaranan h\u0259r hans\u0131 bir birba\u015fa, dolay\u0131 v\u0259 ya n\u0259tic\u0259 itkisi v\u0259 ya ziyan\u0131 \u00fc\u00e7\u00fcn m\u0259suliyy\u0259t da\u015f\u0131m\u0131r. \u0130stifad\u0259\u00e7il\u0259r bu komponentl\u0259rin m\u00fcvafiq enerji sisteml\u0259rin\u0259 inteqrasiyas\u0131 il\u0259 ba\u011fl\u0131 b\u00fct\u00fcn riskl\u0259ri \u00f6z \u00fcz\u0259rin\u0259 g\u00f6t\u00fcr\u00fcrl\u0259r.<\/p>\n","protected":false},"excerpt":{"rendered":"<p>PandaExo-nun bu veb-sayt\u0131nda t\u0259qdim olunan m\u0259lumat yaln\u0131z \u00fcmumi m\u0259lumat m\u0259qs\u0259dl\u0259ri \u00fc\u00e7\u00fcnd\u00fcr. Biz zavod birba\u015fa texnologiyas\u0131 v\u0259 Xefey \u0259sasl\u0131 T&amp;T innovasiyas\u0131 il\u0259 ba\u011fl\u0131 m\u0259zmunumuzun d\u0259qiqliyini qoruma\u011fa \u00e7al\u0131\u015fsaq da, b\u00fct\u00fcn m\u0259lumatlar xo\u015f niyy\u0259tl\u0259 t\u0259qdim olunur. Texniki v\u0259 M\u0259hsul M\u0259lumatlar\u0131 Texniki spesifikasiyalar: KBP, KBL, KBU, GBJ v\u0259 KBPC seriyalar\u0131 daxil olmaqla, g\u00fcc yar\u0131mke\u00e7iricil\u0259rimiz\u0259 aid texniki t\u0259f\u0259rr\u00fcatlar standart istehsal<\/p>\n","protected":false},"author":1,"featured_media":0,"parent":0,"menu_order":0,"comment_status":"closed","ping_status":"closed","template":"","meta":{"footnotes":""},"class_list":["post-1338","page","type-page","status-publish","hentry","prodpage-classic"],"aioseo_notices":[],"_links":{"self":[{"href":"https:\/\/www.pandaexo.com\/az\/wp-json\/wp\/v2\/pages\/1338","targetHints":{"allow":["GET"]}}],"collection":[{"href":"https:\/\/www.pandaexo.com\/az\/wp-json\/wp\/v2\/pages"}],"about":[{"href":"https:\/\/www.pandaexo.com\/az\/wp-json\/wp\/v2\/types\/page"}],"author":[{"embeddable":true,"href":"https:\/\/www.pandaexo.com\/az\/wp-json\/wp\/v2\/users\/1"}],"replies":[{"embeddable":true,"href":"https:\/\/www.pandaexo.com\/az\/wp-json\/wp\/v2\/comments?post=1338"}],"version-history":[{"count":0,"href":"https:\/\/www.pandaexo.com\/az\/wp-json\/wp\/v2\/pages\/1338\/revisions"}],"wp:attachment":[{"href":"https:\/\/www.pandaexo.com\/az\/wp-json\/wp\/v2\/media?parent=1338"}],"curies":[{"name":"wp","href":"https:\/\/api.w.org\/{rel}","templated":true}]}}