{"id":1358,"date":"2025-11-15T14:00:49","date_gmt":"2025-11-15T06:00:49","guid":{"rendered":"https:\/\/www.pandaexo.com\/about-us\/"},"modified":"2026-03-18T20:24:06","modified_gmt":"2026-03-18T12:24:06","slug":"about-us","status":"publish","type":"page","link":"https:\/\/www.pandaexo.com\/az\/about-us\/","title":{"rendered":"Haqq\u0131m\u0131zda"},"content":{"rendered":"<p>On ild\u0259n art\u0131q s\u0259naye t\u0259cr\u00fcb\u0259si v\u0259 ultra-etibarl\u0131 silisium k\u00f6rp\u00fc d\u00fcz\u0259ldicil\u0259ri istehsal\u0131 \u00fc\u00e7\u00fcn m\u00f6hk\u0259m n\u00fcfuz \u0259sas\u0131nda qurulan PandaExo, 2019-cu ild\u0259 strateji olaraq \u00c7inin Yeni Enerji N\u0259qliyyat Vasit\u0259l\u0259ri (YENV) s\u0259nayesinin m\u0259rk\u0259zin\u0259 &#8211; Xefey\u0259 y\u00f6n\u0259ldi. Bu g\u00fcn, 28.000 kvadratmetrlik m\u00fcasir istehsal m\u00fc\u0259ssis\u0259sind\u0259 f\u0259aliyy\u0259t g\u00f6st\u0259r\u0259n 150 n\u0259f\u0259rlik komandam\u0131z &#8211; onlar\u0131n 30%-i tamamil\u0259 T\u0259dqiqat v\u0259 \u0130nki\u015fafa h\u0259sr olunmu\u015fdur &#8211; missiyam\u0131z\u0131 ir\u0259li apar\u0131r. Biz u\u011furla ixtisasla\u015fm\u0131\u015f komponent istehsal\u00e7\u0131s\u0131ndan y\u00fcks\u0259k performansl\u0131 Elektrikli N\u0259qliyyat Vasit\u0259l\u0259rinin (ENV) y\u00fckl\u0259m\u0259 infrastrukturu v\u0259 tam g\u00fcc h\u0259ll\u0259ri \u00fczr\u0259 apar\u0131c\u0131 qlobal t\u0259chizat\u00e7\u0131ya \u00e7evrildik.<\/p>\n<h3>Strateji Qlobal M\u00f6vqeyi<\/h3>\n<p>Ya\u015f\u0131l enerjiy\u0259 qlobal t\u0259l\u0259bat\u0131n artmas\u0131na cavab verm\u0259k \u00fc\u00e7\u00fcn beyn\u0259lxalq partnyorlar\u0131m\u0131za daha yax\u015f\u0131 xidm\u0259t g\u00f6st\u0259rm\u0259k \u00fc\u00e7\u00fcn ixtisasla\u015fd\u0131r\u0131lm\u0131\u015f regional m\u0259rk\u0259zl\u0259r yaratd\u0131q:<\/p>\n<ul>\n<li><strong>S\u0131\u00e7uan Strateji Filial\u0131 (2023-c\u00fc ild\u0259 qurulub):<\/strong> \u00c7\u0259ndunun Vuhou rayonunda yerl\u0259\u015f\u0259n bu m\u0259rk\u0259z M\u0259rk\u0259zi Asiya, Afrika v\u0259 Avropa \u00fczr\u0259 bazar geni\u015fl\u0259nm\u0259si \u00fc\u00e7\u00fcn \u0259sas m\u00fch\u0259rrik kimi \u00e7\u0131x\u0131\u015f edir v\u0259 s\u00fcr\u0259tli inki\u015faf ed\u0259n regionlara y\u00fcks\u0259k d\u0259r\u0259c\u0259d\u0259 f\u0259rdil\u0259\u015fdirilmi\u015f enerji h\u0259ll\u0259ri t\u0259qdim edir.<\/li>\n<li><strong>Dubay Beyn\u0259lxalq Filial\u0131 (2024-c\u00fc ild\u0259 qurulub):<\/strong> \u018fsas texniki v\u0259 kommersiya m\u0259rk\u0259zi kimi xidm\u0259t ed\u0259n bu filial \u015eimali Amerika, Yax\u0131n \u015e\u0259rq v\u0259 C\u0259nub-\u015e\u0259rqi Asiya boyunca strateji partnyorlar\u0131m\u0131z\u0131 d\u0259st\u0259kl\u0259yir.<\/li>\n<li><strong>S\u00fcbut Edilmi\u015f Miqyas v\u0259 Etibarl\u0131l\u0131q:<\/strong> Logistika v\u0259 m\u00fch\u0259ndislik qabiliyy\u0259timizi n\u00fcmayi\u015f etdir\u0259r\u0259k, iki ayl\u0131q q\u0131sa m\u00fcdd\u0259td\u0259 milli elektrik \u015f\u0259b\u0259k\u0259si \u00fc\u00e7\u00fcn 300-d\u0259n \u00e7ox y\u00fckl\u0259m\u0259 stansiyas\u0131n\u0131 u\u011furla istehsal etdik v\u0259 t\u0259hvil verdik.<\/li>\n<\/ul>\n<p><iframe loading=\"lazy\" title=\"Inside PandaExo&#039;s EV Charger Factory #evcharging\" width=\"500\" height=\"281\" src=\"https:\/\/www.youtube.com\/embed\/9bS9AHcoSIg?feature=oembed\" frameborder=\"0\" allow=\"accelerometer; autoplay; clipboard-write; encrypted-media; gyroscope; picture-in-picture; web-share\" referrerpolicy=\"strict-origin-when-cross-origin\" allowfullscreen><\/iframe><\/p>\n<h3>\u0130nnovasiya v\u0259 T\u0259dqiqat &amp; \u0130nki\u015faf<\/h3>\n<p>Biz inan\u0131r\u0131q ki, m\u00fcst\u0259qil innovasiya davaml\u0131 g\u0259l\u0259c\u0259yin t\u0259m\u0259l da\u015f\u0131d\u0131r. Apar\u0131c\u0131 milli Texnologiya Universitetinin Enerji \u0130nstitutu il\u0259 uzunm\u00fcdd\u0259tli strateji t\u0259r\u0259fda\u015fl\u0131q vasit\u0259sil\u0259, biz ENV y\u00fckl\u0259m\u0259 ekosistemini davaml\u0131 olaraq m\u00fck\u0259mm\u0259ll\u0259\u015fdiririk:<\/p>\n<ul>\n<li><strong>A\u011f\u0131ll\u0131 Enerji Platformalar\u0131:<\/strong> Biz m\u00f6hk\u0259m aparat t\u0259minat\u0131n\u0131 bulud \u0259sasl\u0131 proqram t\u0259minat\u0131 il\u0259 birl\u0259\u015fdiririk ki, problemsiz, real vaxt rejimind\u0259 enerji v\u0259 y\u00fckl\u0259m\u0259 idar\u0259etm\u0259sini t\u0259min etsin.<\/li>\n<li><strong>K\u0259skin Texnologiya:<\/strong> Biz qapal\u0131 d\u00f6vr\u0259 enerji sisteml\u0259rind\u0259 &#8211; &#8220;M\u0259ftilli vs. Simsiz&#8221; v\u0259 &#8220;Y\u00fckl\u0259m\u0259 vs. G\u00fcc D\u0259yi\u015fdirm\u0259&#8221; metodologiyalar\u0131n\u0131 ara\u015fd\u0131raraq \u0259m\u0259liyyat s\u0259m\u0259r\u0259liliyini maksimuma \u00e7atd\u0131rmaq \u00fc\u00e7\u00fcn \u00f6nc\u00fcll\u00fck edirik.<\/li>\n<li><strong>\u0130ntellektual M\u00fclkiyy\u0259t:<\/strong> Texnoloji \u00fcst\u00fcnl\u00fcy\u00fcm\u00fcz onlarla faydal\u0131 model patentl\u0259ri v\u0259 proqram t\u0259minat\u0131 m\u00fc\u0259llif h\u00fcquqlar\u0131 il\u0259 qorunur ki, bu da m\u00fc\u015ft\u0259ril\u0259rimizin m\u0259nsub d\u00fcnya s\u0259viyy\u0259li innovasiyalardan faydalanmas\u0131n\u0131 t\u0259min edir.<\/li>\n<\/ul>\n<h3>Ya\u015f\u0131l \u0130nqilab<\/h3>\n<p>Elektrikli n\u0259qliyyat vasit\u0259l\u0259ri qlobal h\u0259r\u0259k\u0259tliliyin dan\u0131lmaz g\u0259l\u0259c\u0259yidir. M\u00fcasir &#8220;Yeni \u0130nfrastruktur&#8221;un h\u0259r\u0259k\u0259tverici q\u00fcvv\u0259si kimi, PandaExo, fosil yanacaqlardan ke\u00e7idin s\u00fcr\u0259tl\u0259ndirilm\u0259si \u00fc\u00e7\u00fcn laz\u0131m olan vacib AC a\u011f\u0131ll\u0131 y\u00fckl\u0259m\u0259 v\u0259 DC s\u00fcr\u0259tli y\u00fckl\u0259m\u0259 sisteml\u0259rini t\u0259min edir.<\/p>\n<p>Y\u00fcks\u0259k d\u0259r\u0259c\u0259d\u0259 \u00e7evik EPCO, OEM v\u0259 ODM \u0259m\u0259kda\u015fl\u0131q modell\u0259rimiz vasit\u0259sil\u0259, biz b\u00fct\u00fcn d\u00fcnyada m\u00fcxt\u0259lif yerl\u0259r v\u0259 t\u0259tbiql\u0259r \u00fc\u00e7\u00fcn uy\u011funla\u015fd\u0131r\u0131lm\u0131\u015f pe\u015f\u0259kar, xidm\u0259t\u0259 y\u00f6n\u0259lmi\u015f h\u0259ll\u0259r t\u0259qdim edirik. Biz sad\u0259c\u0259 avadanl\u0131q t\u0259min etmirik; biz daha t\u0259miz, elektrifikasiya olunmu\u015f planet\u0259 ke\u00e7idi g\u00fccl\u0259ndiririk.<\/p>\n<h3>Niy\u0259 PandaExo Se\u00e7m\u0259lisiniz?<\/h3>\n<ul>\n<li><strong>\u0130nteqrasiya Edilmi\u015f Y\u00fckl\u0259m\u0259 Ekosistemi:<\/strong> Sad\u0259c\u0259 aparat t\u0259minat\u0131ndan k\u0259nara \u00e7\u0131xaraq, biz real vaxt rejimind\u0259 y\u00fck balansla\u015fd\u0131rmas\u0131 v\u0259 enerji idar\u0259etm\u0259si \u00fc\u00e7\u00fcn uy\u011fun a\u011f\u0131ll\u0131 proqram t\u0259minat\u0131 v\u0259 bulud platformalar\u0131 haz\u0131rlamaq \u00fc\u00e7\u00fcn y\u00fcks\u0259k s\u0259viyy\u0259li enerji t\u0259dqiqat institutlar\u0131 il\u0259 \u0259m\u0259kda\u015fl\u0131q edirik.<\/li>\n<li><strong>Zavoddan Birba\u015fa Miqyas v\u0259 D\u0259qiqlik:<\/strong> G\u00fcc yar\u0131mke\u00e7iricil\u0259ri irsimizd\u0259n qaynaqlanan 28.000 kvadratmetrlik qabaqc\u0131l istehsal m\u00fc\u0259ssis\u0259miz, h\u0259r bir y\u00fckl\u0259yicinin s\u0259naye d\u0259r\u0259c\u0259li etibarl\u0131l\u0131q t\u0259min etm\u0259sini t\u0259min edir.<\/li>\n<li><strong>\u015e\u0259b\u0259k\u0259 Miqyas\u0131nda S\u00fcbut Edilmi\u015f Performans:<\/strong> Milli elektrik \u015f\u0259b\u0259k\u0259l\u0259ri t\u0259r\u0259find\u0259n etibarl\u0131 say\u0131lan s\u00fcr\u0259tli yerl\u0259\u015fdirm\u0259 qabiliyy\u0259timiz, c\u0259mi 60 g\u00fcn \u0259rzind\u0259 300-d\u0259n \u00e7ox aktiv y\u00fckl\u0259m\u0259 stansiyas\u0131n\u0131n t\u0259hvil verilm\u0259si il\u0259 s\u00fcbut edildi.<\/li>\n<li><strong>Qlobal Uy\u011funla\u015fan H\u0259ll\u0259r:<\/strong> H\u0259rt\u0259r\u0259fli EPCO, OEM v\u0259 ODM modell\u0259rimiz vasit\u0259sil\u0259 &#8211; h\u0259sr olunmu\u015f beyn\u0259lxalq m\u0259rk\u0259zl\u0259r t\u0259r\u0259find\u0259n d\u0259st\u0259kl\u0259n\u0259r\u0259k &#8211; biz y\u00fckl\u0259m\u0259 infrastrukturunu x\u00fcsusi regional bazar t\u0259l\u0259bl\u0259rin\u0259 uy\u011funla\u015fd\u0131r\u0131r\u0131q.<\/li>\n<li><strong>Sertifikatl\u0131 T\u0259hl\u00fck\u0259sizlik v\u0259 Davaml\u0131l\u0131q:<\/strong> Ekstremal m\u00fchitl\u0259r \u00fc\u00e7\u00fcn haz\u0131rlanm\u0131\u015f avadanl\u0131qlar\u0131m\u0131z <strong>IP54\/IP67<\/strong> a\u00e7\u0131q hava qorunma d\u0259r\u0259c\u0259l\u0259ri il\u0259 xarakteriz\u0259 olunur v\u0259 son d\u0259r\u0259c\u0259 t\u0259hl\u00fck\u0259sizlik \u00fc\u00e7\u00fcn <strong>UL 94V-0<\/strong> yanmayan materiallardan istifad\u0259 edir.<\/li>\n<\/ul>\n<h3>\u018fsas H\u0259ll\u0259rimiz<\/h3>\n<table class=\"table table-striped table-bordered\">\n<thead>\n<tr>\n<th>H\u0259ll<\/th>\n<th>T\u0259svir<\/th>\n<th>\u018fn Yax\u015f\u0131 \u00dc\u00e7\u00fcn<\/th>\n<\/tr>\n<\/thead>\n<tbody>\n<tr>\n<td><a href=\"https:\/\/www.pandaexo.com\/product-tag\/dc-charging\/\"><strong>DC S\u00fcr\u0259tli Y\u00fckl\u0259m\u0259<\/strong><\/a><\/td>\n<td>S\u00fcr\u0259tli enerji t\u0259chizat\u0131 v\u0259 a\u011f\u0131r i\u015fl\u0259m\u0259 \u00fc\u00e7\u00fcn haz\u0131rlanm\u0131\u015f y\u00fcks\u0259k g\u00fccl\u00fc stansiyalar.<\/td>\n<td>Kommersiya m\u0259rk\u0259zl\u0259ri, magistral yol xidm\u0259t stansiyalar\u0131<\/td>\n<\/tr>\n<tr>\n<td><a href=\"https:\/\/www.pandaexo.com\/product-tag\/ac-charging\/\"><strong>AC A\u011f\u0131ll\u0131 Y\u00fckl\u0259m\u0259<\/strong><\/a><\/td>\n<td>Etibarl\u0131, y\u00fcks\u0259k s\u0259m\u0259r\u0259li v\u0259 estetik dizayn edilmi\u015f, a\u011f\u0131ll\u0131 ba\u011flant\u0131l\u0131 y\u00fckl\u0259m\u0259 n\u00f6qt\u0259l\u0259ri.<\/td>\n<td>Ya\u015fay\u0131\u015f kompleksl\u0259ri, ofis dayanacaqlar\u0131<\/td>\n<\/tr>\n<tr>\n<td><strong>Proqram Platformalar\u0131<\/strong><\/td>\n<td>Uzaqdan monitorinq, problemsiz hesabla\u015fma v\u0259 a\u011f\u0131ll\u0131 y\u00fck balansla\u015fd\u0131rmas\u0131 \u00fc\u00e7\u00fcn bulud \u0259sasl\u0131 idar\u0259etm\u0259 sisteml\u0259ri.<\/td>\n<td>N\u0259qliyyat vasit\u0259l\u0259ri operatorlar\u0131, kommunal xidm\u0259t t\u0259chizat\u00e7\u0131lar\u0131<\/td>\n<\/tr>\n<tr>\n<td><strong>F\u0259rdil\u0259\u015fdirilmi\u015f OEM\/ODM<\/strong><\/td>\n<td>Brendinizin x\u00fcsusi texniki t\u0259l\u0259bl\u0259rin\u0259 uy\u011funla\u015fd\u0131r\u0131lm\u0131\u015f sona q\u0259d\u0259r istehsal v\u0259 dizayn xidm\u0259tl\u0259ri.<\/td>\n<td>Qlobal enerji brendl\u0259ri v\u0259 infrastruktur partnyorlar\u0131<\/td>\n<\/tr>\n<\/tbody>\n<\/table>\n<p><strong>G\u0259l\u0259c\u0259yi G\u00fccl\u0259ndirm\u0259y\u0259 Haz\u0131rs\u0131n\u0131z?<\/strong><br \/>\nGeni\u015f bir ictimai y\u00fckl\u0259m\u0259 \u015f\u0259b\u0259k\u0259si yerl\u0259\u015fdirirsinizs\u0259 v\u0259 ya x\u00fcsusi ticar\u0259t avtopark\u0131n\u0131z\u0131 t\u0259kmill\u0259\u015fdirirsinizs\u0259, PandaExo bunu h\u0259yata ke\u00e7irm\u0259k \u00fc\u00e7\u00fcn g\u00fccl\u00fc aparat t\u0259minat\u0131 v\u0259 a\u011f\u0131ll\u0131 proqram t\u0259minat\u0131 t\u0259qdim edir.<\/p>\n<p><img loading=\"lazy\" decoding=\"async\" src=\"https:\/\/www.pandaexo.com\/wp-content\/uploads\/2026\/03\/On-site-photos-of-the-installed-EV-charging-stations-2.webp\" alt=\"Qura\u015fd\u0131r\u0131lm\u0131\u015f Elektrik Avtomobill\u0259ri Y\u00fckl\u0259m\u0259 Stansiyalar\u0131n\u0131n Yerind\u0259 \u00c7\u0259kilmi\u015f \u015e\u0259kill\u0259ri (2)\" width=\"1792\" height=\"1101\" \/> <img loading=\"lazy\" decoding=\"async\" src=\"https:\/\/www.pandaexo.com\/wp-content\/uploads\/2026\/03\/On-site-photos-of-the-installed-EV-charging-stations-1.webp\" alt=\"Qura\u015fd\u0131r\u0131lm\u0131\u015f Elektrik Avtomobill\u0259ri Y\u00fckl\u0259m\u0259 Stansiyalar\u0131n\u0131n Yerind\u0259 \u00c7\u0259kilmi\u015f \u015e\u0259kill\u0259ri (1)\" width=\"1808\" height=\"1108\" \/><\/p>\n","protected":false},"excerpt":{"rendered":"<p>On ild\u0259n art\u0131q s\u0259naye t\u0259cr\u00fcb\u0259si v\u0259 ultra-etibarl\u0131 silisium k\u00f6rp\u00fc d\u00fcz\u0259ldicil\u0259ri istehsal\u0131 \u00fc\u00e7\u00fcn m\u00f6hk\u0259m n\u00fcfuz \u0259sas\u0131nda qurulan PandaExo, 2019-cu ild\u0259 strateji olaraq \u00c7inin Yeni Enerji N\u0259qliyyat Vasit\u0259l\u0259ri (YENV) s\u0259nayesinin m\u0259rk\u0259zin\u0259 &#8211; Xefey\u0259 y\u00f6n\u0259ldi. Bu g\u00fcn, 28.000 kvadratmetrlik m\u00fcasir istehsal m\u00fc\u0259ssis\u0259sind\u0259 f\u0259aliyy\u0259t g\u00f6st\u0259r\u0259n 150 n\u0259f\u0259rlik komandam\u0131z &#8211; onlar\u0131n 30%-i tamamil\u0259 T\u0259dqiqat v\u0259 \u0130nki\u015fafa h\u0259sr olunmu\u015fdur &#8211; missiyam\u0131z\u0131<\/p>\n","protected":false},"author":1,"featured_media":0,"parent":0,"menu_order":0,"comment_status":"closed","ping_status":"closed","template":"","meta":{"footnotes":""},"class_list":["post-1358","page","type-page","status-publish","hentry","prodpage-classic"],"aioseo_notices":[],"_links":{"self":[{"href":"https:\/\/www.pandaexo.com\/az\/wp-json\/wp\/v2\/pages\/1358","targetHints":{"allow":["GET"]}}],"collection":[{"href":"https:\/\/www.pandaexo.com\/az\/wp-json\/wp\/v2\/pages"}],"about":[{"href":"https:\/\/www.pandaexo.com\/az\/wp-json\/wp\/v2\/types\/page"}],"author":[{"embeddable":true,"href":"https:\/\/www.pandaexo.com\/az\/wp-json\/wp\/v2\/users\/1"}],"replies":[{"embeddable":true,"href":"https:\/\/www.pandaexo.com\/az\/wp-json\/wp\/v2\/comments?post=1358"}],"version-history":[{"count":0,"href":"https:\/\/www.pandaexo.com\/az\/wp-json\/wp\/v2\/pages\/1358\/revisions"}],"wp:attachment":[{"href":"https:\/\/www.pandaexo.com\/az\/wp-json\/wp\/v2\/media?parent=1358"}],"curies":[{"name":"wp","href":"https:\/\/api.w.org\/{rel}","templated":true}]}}