{"id":1398,"date":"2025-09-02T08:07:33","date_gmt":"2025-09-02T00:07:33","guid":{"rendered":"https:\/\/www.pandaexo.com\/privacy-policy\/"},"modified":"2026-03-18T20:26:15","modified_gmt":"2026-03-18T12:26:15","slug":"privacy-policy","status":"publish","type":"page","link":"https:\/\/www.pandaexo.com\/az\/privacy-policy\/","title":{"rendered":"Gizlilik Siyas\u0259ti"},"content":{"rendered":"<p>Effektiv tarix: 10 yanvar 2026 PandaExo-da biz innovasiya v\u0259 \u015f\u0259ffafl\u0131q vasit\u0259sil\u0259 daha ya\u015f\u0131l bir g\u0259l\u0259c\u0259yi g\u00fccl\u0259ndirm\u0259y\u0259 sadiqik. Bu M\u0259xfilik Siyas\u0259ti, bizim veb-sayt\u0131m\u0131zla qar\u015f\u0131l\u0131ql\u0131 \u0259laq\u0259 qurdu\u011funuzda, birba\u015fa zavodumuzdan elektrikli avtomobill\u0259rin y\u00fckl\u0259m\u0259 stansiyalar\u0131n\u0131 sat\u0131n ald\u0131\u011f\u0131n\u0131zda v\u0259 ya enerji yar\u0131mke\u00e7irici komponentl\u0259rimizi t\u0259min etdiyinizd\u0259 m\u0259lumatlar\u0131n\u0131z\u0131 nec\u0259 toplad\u0131\u011f\u0131m\u0131z\u0131, istifad\u0259 etdiyimizi v\u0259 qorudu\u011fumuzu t\u0259svir edir.<\/p>\n<hr \/>\n<h3>1. Toplad\u0131\u011f\u0131m\u0131z M\u0259lumatlar<\/h3>\n<p>Pe\u015f\u0259kar s\u0259viyy\u0259li enerji h\u0259ll\u0259ri t\u0259qdim etm\u0259k v\u0259 t\u0259dqiqat-t\u0259rtibat innovasiyalar\u0131m\u0131z\u0131n y\u00fcks\u0259k standartlar\u0131n\u0131 qorumaq \u00fc\u00e7\u00fcn biz bir ne\u00e7\u0259 n\u00f6v m\u0259lumat toplay\u0131r\u0131q:<\/p>\n<ul>\n<li>\u015e\u0259xsi \u0130dentifikasiya M\u0259lumatlar\u0131: Ad, e-po\u00e7t \u00fcnvan\u0131, telefon n\u00f6mr\u0259si v\u0259 i\u015f ad\u0131 (x\u00fcsusil\u0259 B2B t\u0259r\u0259fda\u015flar\u0131m\u0131z v\u0259 OEM\/ODM sor\u011fular\u0131 \u00fc\u00e7\u00fcn).<\/li>\n<li>Biznes T\u0259f\u0259rr\u00fcatlar\u0131: X\u0259fey, \u00c7endu v\u0259 Dubaydak\u0131 m\u0259rk\u0259zl\u0259rimiz vasit\u0259sil\u0259 regional ehtiyaclara daha yax\u015f\u0131 xidm\u0259t g\u00f6st\u0259rm\u0259k \u00fc\u00e7\u00fcn \u015firk\u0259t ad\u0131, s\u0259naye v\u0259 co\u011frafi yerl\u0259\u015fm\u0259.<\/li>\n<li>Texniki M\u0259lumatlar: &#8220;A\u011f\u0131ll\u0131 Enerji Platformalar\u0131m\u0131z\u0131&#8221; v\u0259 veb-sayt performans\u0131m\u0131z\u0131 optimalla\u015fd\u0131rmaq \u00fc\u00e7\u00fcn kukil\u0259r vasit\u0259sil\u0259 toplanan IP \u00fcnvanlar\u0131, brauzer n\u00f6vl\u0259ri v\u0259 istifad\u0259 n\u00fcmun\u0259l\u0259ri.<\/li>\n<li>\u018fm\u0259liyyat M\u0259lumatlar\u0131: K\u00f6rp\u00fc d\u00fcz\u0259ldicil\u0259ri, AC\/DC y\u00fckl\u0259m\u0259 stansiyalar\u0131 v\u0259 f\u0259rdil\u0259\u015fdirilmi\u015f enerji h\u0259ll\u0259ri \u00fc\u00e7\u00fcn sifari\u015fl\u0259r\u0259 dair t\u0259f\u0259rr\u00fcatlar.<\/li>\n<\/ul>\n<h3>2. M\u0259lumatlar\u0131n\u0131z\u0131 Nec\u0259 \u0130stifad\u0259 Edirik<\/h3>\n<p>Toplad\u0131\u011f\u0131m\u0131z m\u0259lumatlardan ya\u015f\u0131l mobilitey\u0259 problemsiz ke\u00e7idi t\u0259min etm\u0259k \u00fc\u00e7\u00fcn istifad\u0259 edirik:<\/p>\n<ul>\n<li>Sifari\u015fin Yerin\u0259 Yetirilm\u0259si: Toplu yar\u0131mke\u00e7irici sifari\u015fl\u0259ri v\u0259 ya geni\u015fmiqyasl\u0131 y\u00fckl\u0259m\u0259 infrastruktur layih\u0259l\u0259rini (m\u0259s\u0259l\u0259n, 300 stansiyal\u0131 D\u00f6vl\u0259t \u015e\u0259b\u0259k\u0259si \u00e7atd\u0131rmalar\u0131m\u0131z kimi) emal etm\u0259k v\u0259 \u00e7atd\u0131rmaq.<\/li>\n<li>M\u00fc\u015ft\u0259ri D\u0259st\u0259yi: A\u011f\u0131ll\u0131 divar qutular\u0131m\u0131z v\u0259 s\u00fcr\u0259tli y\u00fckl\u0259yicil\u0259rimiz \u00fc\u00e7\u00fcn qura\u015fd\u0131rma, probleml\u0259rin h\u0259lli v\u0259 proqram t\u0259minat\u0131n\u0131n inteqrasiyas\u0131 \u00fczr\u0259 texniki yard\u0131m g\u00f6st\u0259rm\u0259k.<\/li>\n<li>T\u0259dqiqat-T\u0259rtibat v\u0259 \u0130nnovasiya: \u00dcmumil\u0259\u015fdirilmi\u015f, m\u00fc\u0259yy\u0259n edilm\u0259y\u0259n m\u0259lumatlar \u0259sas texniki komandam\u0131za v\u0259 X\u0259fey Universitetinin Texnologiya Enerji \u0130nstitutuna aparat v\u0259 bulud \u0259sasl\u0131 proqram t\u0259minat\u0131m\u0131z\u0131 yax\u015f\u0131la\u015fd\u0131rma\u011fa k\u00f6m\u0259k edir.<\/li>\n<li>Marketinq v\u0259 \u018flaq\u0259: Sizi yeni m\u0259hsul burax\u0131l\u0131\u015flar\u0131, m\u0259s\u0259l\u0259n, y\u00fcks\u0259k tezlikli simsiz y\u00fckl\u0259m\u0259 v\u0259 ya yenil\u0259nmi\u015f silisium k\u00f6rp\u00fc d\u00fcz\u0259ldicisi seriyalar\u0131 haqq\u0131nda m\u0259lumatland\u0131rmaq.<\/li>\n<\/ul>\n<h3>3. M\u0259lumatlar\u0131n Payla\u015f\u0131lmas\u0131 v\u0259 A\u00e7\u0131qlanmas\u0131<\/h3>\n<p>PandaExo \u015f\u0259xsi m\u0259lumatlar\u0131n\u0131z\u0131 satm\u0131r. Biz yaln\u0131z f\u0259aliyy\u0259timiz \u00fc\u00e7\u00fcn z\u0259ruri olan etibarl\u0131 t\u0259r\u0259fda\u015flarla m\u0259lumat payla\u015f\u0131r\u0131q:<\/p>\n<ul>\n<li>Logistika T\u0259r\u0259fda\u015flar\u0131: \u00c7in-Avropa D\u0259mir Yolu Ekspresi v\u0259 ya hava yolu il\u0259 beyn\u0259lxalq g\u00f6nd\u0259rm\u0259l\u0259ri idar\u0259 etm\u0259k.<\/li>\n<li>Strategik Filiallar: M\u0259lumatlar X\u0259feyd\u0259ki ba\u015f q\u0259rargah\u0131m\u0131z, Sichuan strategiya filial\u0131m\u0131z v\u0259 Dubaydak\u0131 beyn\u0259lxalq m\u0259rk\u0259zimiz aras\u0131nda lokalizasiya edilmi\u015f d\u0259st\u0259k t\u0259min etm\u0259k \u00fc\u00e7\u00fcn payla\u015f\u0131la bil\u0259r.<\/li>\n<li>Qanuni Uy\u011funluq: 14 faydal\u0131 model patentimiz v\u0259 proqram t\u0259minat\u0131 m\u00fc\u0259llif h\u00fcquqlar\u0131m\u0131z daxil olmaqla, intellektual m\u00fclkiyy\u0259t h\u00fcquqlar\u0131m\u0131z\u0131 qorumaq \u00fc\u00e7\u00fcn qanun t\u0259l\u0259b ed\u0259rs\u0259, m\u0259lumatlar\u0131 a\u00e7\u0131qlaya bil\u0259rik.<\/li>\n<\/ul>\n<h3>4. M\u0259lumatlar\u0131n\u0131z\u0131n T\u0259hl\u00fck\u0259sizliyi<\/h3>\n<p>Biz r\u0259q\u0259msal m\u0259lumatlar\u0131n\u0131za aparat\u0131m\u0131za t\u0259tbiq etdiyimiz eyni qay\u011f\u0131 s\u0259viyy\u0259si il\u0259 yana\u015f\u0131r\u0131q. M\u0259hsullar\u0131m\u0131z\u0131n UL 94V-0 yanma d\u0259r\u0259c\u0259li plastikl\u0259ri v\u0259 IP54\/IP67 qorunmas\u0131 oldu\u011fu kimi, r\u0259q\u0259msal infrastrukturumuz da icaz\u0259siz giri\u015f v\u0259 ya m\u0259lumatlar\u0131n pozulmas\u0131n\u0131n qar\u015f\u0131s\u0131n\u0131 almaq \u00fc\u00e7\u00fcn s\u0259naye standart\u0131 \u015fifr\u0259l\u0259m\u0259 v\u0259 t\u0259hl\u00fck\u0259sizlik protokollar\u0131ndan istifad\u0259 edir.<\/p>\n<h3>5. Beyn\u0259lxalq M\u0259lumat K\u00f6\u00e7\u00fcrm\u0259l\u0259ri<\/h3>\n<p>\u00c7in, Yax\u0131n \u015e\u0259rq, Avropa v\u0259 \u015eimali Amerikada m\u00f6vcud olan qlobal t\u0259chizat\u00e7\u0131 kimi, m\u0259lumatlar\u0131n\u0131z m\u00fcxt\u0259lif regionlarda emal edil\u0259 bil\u0259r. Saxlan\u0131ld\u0131\u011f\u0131 yerd\u0259n as\u0131l\u0131 olmayaraq m\u0259lumatlar\u0131n\u0131z\u0131n t\u0259hl\u00fck\u0259siz olmas\u0131n\u0131 t\u0259min etm\u0259k \u00fc\u00e7\u00fcn b\u00fct\u00fcn k\u00f6\u00e7\u00fcrm\u0259l\u0259rin beyn\u0259lxalq m\u0259lumat m\u00fchafiz\u0259si standartlar\u0131na uy\u011fun oldu\u011funa \u0259min oluruq.<\/p>\n<h3>6. Kukil\u0259r v\u0259 \u0130zl\u0259m\u0259 Texnologiyalar\u0131<\/h3>\n<p>Veb-sayt\u0131m\u0131z s\u0259yyah t\u0259cr\u00fcb\u0259nizi yax\u015f\u0131la\u015fd\u0131rmaq \u00fc\u00e7\u00fcn kukil\u0259rd\u0259n istifad\u0259 edir. Bunlar siz\u0259 \u00fcst\u00fcnl\u00fckl\u0259rinizi xat\u0131rlatma\u011fa v\u0259 h\u0259ll\u0259rimizd\u0259n hans\u0131n\u0131n &#8211; ya\u015fay\u0131\u015f AC y\u00fckl\u0259yicil\u0259ri v\u0259 ya a\u011f\u0131r DC s\u00fcr\u0259tli y\u00fckl\u0259yicil\u0259ri olsun &#8211; ehtiyaclar\u0131n\u0131za \u0259n uy\u011fun oldu\u011funu ba\u015fa d\u00fc\u015fm\u0259y\u0259 imkan verir. Brauzer parametrl\u0259riniz vasit\u0259sil\u0259 kuki \u00fcst\u00fcnl\u00fckl\u0259rinizi idar\u0259 ed\u0259 bil\u0259rsiniz.<\/p>\n<h3>7. H\u00fcquqlar\u0131n\u0131z<\/h3>\n<p>Yerl\u0259\u015fdiyiniz yerd\u0259n as\u0131l\u0131 olaraq, m\u0259lumatlar\u0131n\u0131zla ba\u011fl\u0131 a\u015fa\u011f\u0131dak\u0131 h\u00fcquqlara malik ola bil\u0259rsiniz:<\/p>\n<ul>\n<li>Giri\u015f: \u015e\u0259xsi m\u0259lumatlar\u0131n\u0131z\u0131n sur\u0259tl\u0259rini t\u0259l\u0259b etm\u0259k h\u00fcququ.<\/li>\n<li>D\u00fcz\u0259li\u015f: D\u0259qiq olmayan m\u0259lumatlar\u0131 d\u00fcz\u0259ltm\u0259yimizi t\u0259l\u0259b etm\u0259k h\u00fcququ.<\/li>\n<li>Silinm\u0259: M\u00fc\u0259yy\u0259n \u015f\u0259rtl\u0259r daxilind\u0259 \u015f\u0259xsi m\u0259lumatlar\u0131n\u0131z\u0131 silm\u0259yimizi t\u0259l\u0259b etm\u0259k h\u00fcququ.<\/li>\n<li>Etiraz: M\u0259lumatlar\u0131n\u0131z\u0131 marketinq m\u0259qs\u0259dl\u0259ri \u00fc\u00e7\u00fcn emal etm\u0259yimiz\u0259 etiraz etm\u0259k h\u00fcququ.<\/li>\n<\/ul>\n<h3>8. Biziml\u0259 \u018flaq\u0259<\/h3>\n<p>Bu M\u0259xfilik Siyas\u0259ti v\u0259 ya PandaExo-nun m\u0259lumatlar\u0131n\u0131z\u0131 nec\u0259 idar\u0259 etm\u0259si il\u0259 ba\u011fl\u0131 h\u0259r hans\u0131 sual\u0131n\u0131z varsa, z\u0259hm\u0259t olmasa qlobal d\u0259st\u0259k komandam\u0131zla \u0259laq\u0259 saxlay\u0131n:<\/p>\n<ul>\n<li>PandaExo \u00c7endu Ofisi<\/li>\n<li>\u00c7endu, Sichuan, 610000<\/li>\n<li>E-po\u00e7t: <a href=\"mailto:info@pandaexo.com\">info@pandaexo.com<\/a><\/li>\n<\/ul>\n","protected":false},"excerpt":{"rendered":"<p>Effektiv tarix: 10 yanvar 2026 PandaExo-da biz innovasiya v\u0259 \u015f\u0259ffafl\u0131q vasit\u0259sil\u0259 daha ya\u015f\u0131l bir g\u0259l\u0259c\u0259yi g\u00fccl\u0259ndirm\u0259y\u0259 sadiqik. Bu M\u0259xfilik Siyas\u0259ti, bizim veb-sayt\u0131m\u0131zla qar\u015f\u0131l\u0131ql\u0131 \u0259laq\u0259 qurdu\u011funuzda, birba\u015fa zavodumuzdan elektrikli avtomobill\u0259rin y\u00fckl\u0259m\u0259 stansiyalar\u0131n\u0131 sat\u0131n ald\u0131\u011f\u0131n\u0131zda v\u0259 ya enerji yar\u0131mke\u00e7irici komponentl\u0259rimizi t\u0259min etdiyinizd\u0259 m\u0259lumatlar\u0131n\u0131z\u0131 nec\u0259 toplad\u0131\u011f\u0131m\u0131z\u0131, istifad\u0259 etdiyimizi v\u0259 qorudu\u011fumuzu t\u0259svir edir. 1. Toplad\u0131\u011f\u0131m\u0131z M\u0259lumatlar Pe\u015f\u0259kar s\u0259viyy\u0259li enerji<\/p>\n","protected":false},"author":1,"featured_media":0,"parent":0,"menu_order":0,"comment_status":"closed","ping_status":"open","template":"","meta":{"footnotes":""},"class_list":["post-1398","page","type-page","status-publish","hentry","prodpage-classic"],"aioseo_notices":[],"_links":{"self":[{"href":"https:\/\/www.pandaexo.com\/az\/wp-json\/wp\/v2\/pages\/1398","targetHints":{"allow":["GET"]}}],"collection":[{"href":"https:\/\/www.pandaexo.com\/az\/wp-json\/wp\/v2\/pages"}],"about":[{"href":"https:\/\/www.pandaexo.com\/az\/wp-json\/wp\/v2\/types\/page"}],"author":[{"embeddable":true,"href":"https:\/\/www.pandaexo.com\/az\/wp-json\/wp\/v2\/users\/1"}],"replies":[{"embeddable":true,"href":"https:\/\/www.pandaexo.com\/az\/wp-json\/wp\/v2\/comments?post=1398"}],"version-history":[{"count":0,"href":"https:\/\/www.pandaexo.com\/az\/wp-json\/wp\/v2\/pages\/1398\/revisions"}],"wp:attachment":[{"href":"https:\/\/www.pandaexo.com\/az\/wp-json\/wp\/v2\/media?parent=1398"}],"curies":[{"name":"wp","href":"https:\/\/api.w.org\/{rel}","templated":true}]}}