{"id":1418,"date":"2016-11-15T14:02:30","date_gmt":"2016-11-15T06:02:30","guid":{"rendered":"https:\/\/www.pandaexo.com\/contact\/"},"modified":"2026-03-18T20:24:53","modified_gmt":"2026-03-18T12:24:53","slug":"contact","status":"publish","type":"page","link":"https:\/\/www.pandaexo.com\/az\/contact\/","title":{"rendered":"Biziml\u0259 \u018flaq\u0259"},"content":{"rendered":"<p>Siz h\u0259cmi y\u00fcks\u0259k yar\u0131mke\u00e7irici komponentl\u0259r axtar\u0131rs\u0131n\u0131zsa, ya da tam miqyasl\u0131 elektrik avtomobili doldurma infrastrukturu t\u0259tbiqi \u00fc\u00e7\u00fcn planla\u015fd\u0131r\u0131rs\u0131n\u0131zsa, bizim texniki komandam\u0131z k\u00f6m\u0259k etm\u0259y\u0259 haz\u0131rd\u0131r.<\/p>\n","protected":false},"excerpt":{"rendered":"<p>Siz h\u0259cmi y\u00fcks\u0259k yar\u0131mke\u00e7irici komponentl\u0259r axtar\u0131rs\u0131n\u0131zsa, ya da tam miqyasl\u0131 elektrik avtomobili doldurma infrastrukturu t\u0259tbiqi \u00fc\u00e7\u00fcn planla\u015fd\u0131r\u0131rs\u0131n\u0131zsa, bizim texniki komandam\u0131z k\u00f6m\u0259k etm\u0259y\u0259 haz\u0131rd\u0131r.<\/p>\n","protected":false},"author":1,"featured_media":0,"parent":0,"menu_order":0,"comment_status":"closed","ping_status":"closed","template":"","meta":{"footnotes":""},"class_list":["post-1418","page","type-page","status-publish","hentry","prodpage-classic"],"aioseo_notices":[],"_links":{"self":[{"href":"https:\/\/www.pandaexo.com\/az\/wp-json\/wp\/v2\/pages\/1418","targetHints":{"allow":["GET"]}}],"collection":[{"href":"https:\/\/www.pandaexo.com\/az\/wp-json\/wp\/v2\/pages"}],"about":[{"href":"https:\/\/www.pandaexo.com\/az\/wp-json\/wp\/v2\/types\/page"}],"author":[{"embeddable":true,"href":"https:\/\/www.pandaexo.com\/az\/wp-json\/wp\/v2\/users\/1"}],"replies":[{"embeddable":true,"href":"https:\/\/www.pandaexo.com\/az\/wp-json\/wp\/v2\/comments?post=1418"}],"version-history":[{"count":0,"href":"https:\/\/www.pandaexo.com\/az\/wp-json\/wp\/v2\/pages\/1418\/revisions"}],"wp:attachment":[{"href":"https:\/\/www.pandaexo.com\/az\/wp-json\/wp\/v2\/media?parent=1418"}],"curies":[{"name":"wp","href":"https:\/\/api.w.org\/{rel}","templated":true}]}}