{"id":1178,"date":"2026-03-08T18:27:57","date_gmt":"2026-03-08T10:27:57","guid":{"rendered":"https:\/\/www.pandaexo.com\/shop\/bridge-rectifier\/"},"modified":"2026-03-18T19:35:02","modified_gmt":"2026-03-18T11:35:02","slug":"bridge-rectifier","status":"publish","type":"product","link":"https:\/\/www.pandaexo.com\/az\/shop\/bridge-rectifier\/","title":{"rendered":"K\u00f6rp\u00fc D\u00fcz\u0259ldici"},"content":{"rendered":"<style type=\"text\/css\">\r\n\t\t\t\t#gallery-1 {\r\n\t\t\t\t\tmargin: auto;\r\n\t\t\t\t}\r\n\t\t\t\t#gallery-1 .gallery-item {\r\n\t\t\t\t\tfloat: left;\r\n\t\t\t\t\tmargin-top: 10px;\r\n\t\t\t\t\ttext-align: center;\r\n\t\t\t\t\twidth: 25%;\r\n\t\t\t\t}\r\n\t\t\t\t#gallery-1 .gallery-caption {\r\n\t\t\t\t\tmargin-left: 0;\r\n\t\t\t\t}\r\n\t\t\t<\/style><!-- see gallery_shortcode() in wp-includes\/media.php -->\r\n\t\t\t\n\t\t<div id=\"gallery-1\" class=\"gallery galleryid-1178 mfp-gallery mfp-gallery--images gallery-columns-4 gallery-size-full\"><div class=\"row zn_image_gallery \"><div class=\"col-sm-6 col-md-4 col-lg-3\"><a href=\"https:\/\/www.pandaexo.com\/wp-content\/uploads\/2026\/03\/Bridge-Rectifier-KBU-Series.png\" title=\"\" class=\"hoverBorder\"><img loading=\"lazy\" decoding=\"async\" width=\"1268\" height=\"1751\" src=\"https:\/\/www.pandaexo.com\/wp-content\/uploads\/2026\/03\/Bridge-Rectifier-KBU-Series.png\" class=\"attachment-full size-full\" alt=\"Bridge Rectifier KBU Series\" link=\"file\" columns=\"4\" size=\"full\" ids=\"560,566,565,564,563,562,561,568\" orderby=\"post__in\" include=\"560,566,565,564,563,562,561,568\" srcset=\"https:\/\/www.pandaexo.com\/wp-content\/uploads\/2026\/03\/Bridge-Rectifier-KBU-Series.png 1268w, https:\/\/www.pandaexo.com\/wp-content\/uploads\/2026\/03\/Bridge-Rectifier-KBU-Series-768x1061.png 768w, https:\/\/www.pandaexo.com\/wp-content\/uploads\/2026\/03\/Bridge-Rectifier-KBU-Series-1112x1536.png 1112w, https:\/\/www.pandaexo.com\/wp-content\/uploads\/2026\/03\/Bridge-Rectifier-KBU-Series-135x187.png 135w, https:\/\/www.pandaexo.com\/wp-content\/uploads\/2026\/03\/Bridge-Rectifier-KBU-Series-1170x1616.png 1170w, https:\/\/www.pandaexo.com\/wp-content\/uploads\/2026\/03\/Bridge-Rectifier-KBU-Series-600x829.png 600w\" sizes=\"auto, (max-width: 1268px) 100vw, 1268px\" \/><span class=\"gallery_caption\"><\/span><\/a><\/div><div class=\"col-sm-6 col-md-4 col-lg-3\"><a href=\"https:\/\/www.pandaexo.com\/wp-content\/uploads\/2026\/03\/Bridge-Rectifier-KBP-Series.png\" title=\"\" class=\"hoverBorder\"><img loading=\"lazy\" decoding=\"async\" width=\"1268\" height=\"1751\" src=\"https:\/\/www.pandaexo.com\/wp-content\/uploads\/2026\/03\/Bridge-Rectifier-KBP-Series.png\" class=\"attachment-full size-full\" alt=\"Bridge Rectifier KBP Series\" link=\"file\" columns=\"4\" size=\"full\" ids=\"560,566,565,564,563,562,561,568\" orderby=\"post__in\" include=\"560,566,565,564,563,562,561,568\" srcset=\"https:\/\/www.pandaexo.com\/wp-content\/uploads\/2026\/03\/Bridge-Rectifier-KBP-Series.png 1268w, https:\/\/www.pandaexo.com\/wp-content\/uploads\/2026\/03\/Bridge-Rectifier-KBP-Series-768x1061.png 768w, https:\/\/www.pandaexo.com\/wp-content\/uploads\/2026\/03\/Bridge-Rectifier-KBP-Series-1112x1536.png 1112w, https:\/\/www.pandaexo.com\/wp-content\/uploads\/2026\/03\/Bridge-Rectifier-KBP-Series-135x187.png 135w, https:\/\/www.pandaexo.com\/wp-content\/uploads\/2026\/03\/Bridge-Rectifier-KBP-Series-1170x1616.png 1170w, https:\/\/www.pandaexo.com\/wp-content\/uploads\/2026\/03\/Bridge-Rectifier-KBP-Series-600x829.png 600w\" sizes=\"auto, (max-width: 1268px) 100vw, 1268px\" \/><span class=\"gallery_caption\"><\/span><\/a><\/div><div class=\"col-sm-6 col-md-4 col-lg-3\"><a href=\"https:\/\/www.pandaexo.com\/wp-content\/uploads\/2026\/03\/Bridge-Rectifier-KBL-Series.png\" title=\"\" class=\"hoverBorder\"><img loading=\"lazy\" decoding=\"async\" width=\"1268\" height=\"1751\" src=\"https:\/\/www.pandaexo.com\/wp-content\/uploads\/2026\/03\/Bridge-Rectifier-KBL-Series.png\" class=\"attachment-full size-full\" alt=\"Bridge Rectifier KBL Series\" link=\"file\" columns=\"4\" size=\"full\" ids=\"560,566,565,564,563,562,561,568\" orderby=\"post__in\" include=\"560,566,565,564,563,562,561,568\" srcset=\"https:\/\/www.pandaexo.com\/wp-content\/uploads\/2026\/03\/Bridge-Rectifier-KBL-Series.png 1268w, https:\/\/www.pandaexo.com\/wp-content\/uploads\/2026\/03\/Bridge-Rectifier-KBL-Series-768x1061.png 768w, https:\/\/www.pandaexo.com\/wp-content\/uploads\/2026\/03\/Bridge-Rectifier-KBL-Series-1112x1536.png 1112w, https:\/\/www.pandaexo.com\/wp-content\/uploads\/2026\/03\/Bridge-Rectifier-KBL-Series-135x187.png 135w, https:\/\/www.pandaexo.com\/wp-content\/uploads\/2026\/03\/Bridge-Rectifier-KBL-Series-1170x1616.png 1170w, https:\/\/www.pandaexo.com\/wp-content\/uploads\/2026\/03\/Bridge-Rectifier-KBL-Series-600x829.png 600w\" sizes=\"auto, (max-width: 1268px) 100vw, 1268px\" \/><span class=\"gallery_caption\"><\/span><\/a><\/div><div class=\"col-sm-6 col-md-4 col-lg-3\"><a href=\"https:\/\/www.pandaexo.com\/wp-content\/uploads\/2026\/03\/Bridge-Rectifier-K8-Series.png\" title=\"\" class=\"hoverBorder\"><img loading=\"lazy\" decoding=\"async\" width=\"1268\" height=\"1751\" src=\"https:\/\/www.pandaexo.com\/wp-content\/uploads\/2026\/03\/Bridge-Rectifier-K8-Series.png\" class=\"attachment-full size-full\" alt=\"Bridge Rectifier K8 Series\" link=\"file\" columns=\"4\" size=\"full\" ids=\"560,566,565,564,563,562,561,568\" orderby=\"post__in\" include=\"560,566,565,564,563,562,561,568\" srcset=\"https:\/\/www.pandaexo.com\/wp-content\/uploads\/2026\/03\/Bridge-Rectifier-K8-Series.png 1268w, https:\/\/www.pandaexo.com\/wp-content\/uploads\/2026\/03\/Bridge-Rectifier-K8-Series-768x1061.png 768w, https:\/\/www.pandaexo.com\/wp-content\/uploads\/2026\/03\/Bridge-Rectifier-K8-Series-1112x1536.png 1112w, https:\/\/www.pandaexo.com\/wp-content\/uploads\/2026\/03\/Bridge-Rectifier-K8-Series-135x187.png 135w, https:\/\/www.pandaexo.com\/wp-content\/uploads\/2026\/03\/Bridge-Rectifier-K8-Series-1170x1616.png 1170w, https:\/\/www.pandaexo.com\/wp-content\/uploads\/2026\/03\/Bridge-Rectifier-K8-Series-600x829.png 600w\" sizes=\"auto, (max-width: 1268px) 100vw, 1268px\" \/><span class=\"gallery_caption\"><\/span><\/a><\/div><\/div><div class=\"row zn_image_gallery \"><div class=\"col-sm-6 col-md-4 col-lg-3\"><a href=\"https:\/\/www.pandaexo.com\/wp-content\/uploads\/2026\/03\/Bridge-Rectifier-K6-Series.png\" title=\"\" class=\"hoverBorder\"><img loading=\"lazy\" decoding=\"async\" width=\"1268\" height=\"1751\" src=\"https:\/\/www.pandaexo.com\/wp-content\/uploads\/2026\/03\/Bridge-Rectifier-K6-Series.png\" class=\"attachment-full size-full\" alt=\"Bridge Rectifier K6 Series\" link=\"file\" columns=\"4\" size=\"full\" ids=\"560,566,565,564,563,562,561,568\" orderby=\"post__in\" include=\"560,566,565,564,563,562,561,568\" srcset=\"https:\/\/www.pandaexo.com\/wp-content\/uploads\/2026\/03\/Bridge-Rectifier-K6-Series.png 1268w, https:\/\/www.pandaexo.com\/wp-content\/uploads\/2026\/03\/Bridge-Rectifier-K6-Series-768x1061.png 768w, https:\/\/www.pandaexo.com\/wp-content\/uploads\/2026\/03\/Bridge-Rectifier-K6-Series-1112x1536.png 1112w, https:\/\/www.pandaexo.com\/wp-content\/uploads\/2026\/03\/Bridge-Rectifier-K6-Series-135x187.png 135w, https:\/\/www.pandaexo.com\/wp-content\/uploads\/2026\/03\/Bridge-Rectifier-K6-Series-1170x1616.png 1170w, https:\/\/www.pandaexo.com\/wp-content\/uploads\/2026\/03\/Bridge-Rectifier-K6-Series-600x829.png 600w\" sizes=\"auto, (max-width: 1268px) 100vw, 1268px\" \/><span class=\"gallery_caption\"><\/span><\/a><\/div><div class=\"col-sm-6 col-md-4 col-lg-3\"><a href=\"https:\/\/www.pandaexo.com\/wp-content\/uploads\/2026\/03\/Bridge-Rectifier-K3-Series.png\" title=\"\" class=\"hoverBorder\"><img loading=\"lazy\" decoding=\"async\" width=\"1268\" height=\"1751\" src=\"https:\/\/www.pandaexo.com\/wp-content\/uploads\/2026\/03\/Bridge-Rectifier-K3-Series.png\" class=\"attachment-full size-full\" alt=\"Bridge Rectifier K3 Series\" link=\"file\" columns=\"4\" size=\"full\" ids=\"560,566,565,564,563,562,561,568\" orderby=\"post__in\" include=\"560,566,565,564,563,562,561,568\" srcset=\"https:\/\/www.pandaexo.com\/wp-content\/uploads\/2026\/03\/Bridge-Rectifier-K3-Series.png 1268w, https:\/\/www.pandaexo.com\/wp-content\/uploads\/2026\/03\/Bridge-Rectifier-K3-Series-768x1061.png 768w, https:\/\/www.pandaexo.com\/wp-content\/uploads\/2026\/03\/Bridge-Rectifier-K3-Series-1112x1536.png 1112w, https:\/\/www.pandaexo.com\/wp-content\/uploads\/2026\/03\/Bridge-Rectifier-K3-Series-135x187.png 135w, https:\/\/www.pandaexo.com\/wp-content\/uploads\/2026\/03\/Bridge-Rectifier-K3-Series-1170x1616.png 1170w, https:\/\/www.pandaexo.com\/wp-content\/uploads\/2026\/03\/Bridge-Rectifier-K3-Series-600x829.png 600w\" sizes=\"auto, (max-width: 1268px) 100vw, 1268px\" \/><span class=\"gallery_caption\"><\/span><\/a><\/div><div class=\"col-sm-6 col-md-4 col-lg-3\"><a href=\"https:\/\/www.pandaexo.com\/wp-content\/uploads\/2026\/03\/Bridge-Rectifier-6GBJ-Series.png\" title=\"\" class=\"hoverBorder\"><img loading=\"lazy\" decoding=\"async\" width=\"1268\" height=\"1751\" src=\"https:\/\/www.pandaexo.com\/wp-content\/uploads\/2026\/03\/Bridge-Rectifier-6GBJ-Series.png\" class=\"attachment-full size-full\" alt=\"\" link=\"file\" columns=\"4\" size=\"full\" ids=\"560,566,565,564,563,562,561,568\" orderby=\"post__in\" include=\"560,566,565,564,563,562,561,568\" srcset=\"https:\/\/www.pandaexo.com\/wp-content\/uploads\/2026\/03\/Bridge-Rectifier-6GBJ-Series.png 1268w, https:\/\/www.pandaexo.com\/wp-content\/uploads\/2026\/03\/Bridge-Rectifier-6GBJ-Series-768x1061.png 768w, https:\/\/www.pandaexo.com\/wp-content\/uploads\/2026\/03\/Bridge-Rectifier-6GBJ-Series-1112x1536.png 1112w, https:\/\/www.pandaexo.com\/wp-content\/uploads\/2026\/03\/Bridge-Rectifier-6GBJ-Series-135x187.png 135w, https:\/\/www.pandaexo.com\/wp-content\/uploads\/2026\/03\/Bridge-Rectifier-6GBJ-Series-1170x1616.png 1170w, https:\/\/www.pandaexo.com\/wp-content\/uploads\/2026\/03\/Bridge-Rectifier-6GBJ-Series-600x829.png 600w\" sizes=\"auto, (max-width: 1268px) 100vw, 1268px\" \/><span class=\"gallery_caption\"><\/span><\/a><\/div><div class=\"col-sm-6 col-md-4 col-lg-3\"><a href=\"https:\/\/www.pandaexo.com\/wp-content\/uploads\/2026\/03\/Bridge-Rectifier-4GBJ-Series.png\" title=\"\" class=\"hoverBorder\"><img loading=\"lazy\" decoding=\"async\" width=\"1268\" height=\"1751\" src=\"https:\/\/www.pandaexo.com\/wp-content\/uploads\/2026\/03\/Bridge-Rectifier-4GBJ-Series.png\" class=\"attachment-full size-full\" alt=\"Bridge Rectifier 4GBJ Series\" link=\"file\" columns=\"4\" size=\"full\" ids=\"560,566,565,564,563,562,561,568\" orderby=\"post__in\" include=\"560,566,565,564,563,562,561,568\" srcset=\"https:\/\/www.pandaexo.com\/wp-content\/uploads\/2026\/03\/Bridge-Rectifier-4GBJ-Series.png 1268w, https:\/\/www.pandaexo.com\/wp-content\/uploads\/2026\/03\/Bridge-Rectifier-4GBJ-Series-768x1061.png 768w, https:\/\/www.pandaexo.com\/wp-content\/uploads\/2026\/03\/Bridge-Rectifier-4GBJ-Series-1112x1536.png 1112w, https:\/\/www.pandaexo.com\/wp-content\/uploads\/2026\/03\/Bridge-Rectifier-4GBJ-Series-135x187.png 135w, https:\/\/www.pandaexo.com\/wp-content\/uploads\/2026\/03\/Bridge-Rectifier-4GBJ-Series-1170x1616.png 1170w, https:\/\/www.pandaexo.com\/wp-content\/uploads\/2026\/03\/Bridge-Rectifier-4GBJ-Series-600x829.png 600w\" sizes=\"auto, (max-width: 1268px) 100vw, 1268px\" \/><span class=\"gallery_caption\"><\/span><\/a><\/div><\/div><\/div>\n","protected":false},"excerpt":{"rendered":"<p>Elektronik g\u00fcc dizaynlar\u0131n\u0131z\u0131 y\u00fcks\u0259ltm\u0259k \u00fc\u00e7\u00fcn geni\u015f \u00e7e\u015fidli y\u00fcks\u0259k performansl\u0131 Bir Fazal\u0131 K\u00f6rp\u00fc D\u00fcz\u0259ldicil\u0259rimizd\u0259n istifad\u0259 edin. S\u0259naye v\u0259 istehlak\u00e7\u0131 avadanl\u0131qlar\u0131nda \u00fcmumi m\u0259qs\u0259dli istifad\u0259 \u00fc\u00e7\u00fcn haz\u0131rlanm\u0131\u015f bu d\u00fcz\u0259ldicil\u0259r, d\u00f6rd daxili pasivl\u0259\u015fdirilmi\u015f silikon qov\u015fa\u011f\u0131ndan istifad\u0259 ed\u0259r\u0259k alternativ c\u0259r\u0259yan\u0131 (AC) birba\u015fa c\u0259r\u0259yana (DC) s\u0259m\u0259r\u0259li \u00e7evirir. Davaml\u0131l\u0131q v\u0259 t\u0259hl\u00fck\u0259sizlik n\u0259z\u0259r\u0259 al\u0131naraq dizayn edilmi\u015f bu komponentl\u0259r, q\u0259libl\u0259nmi\u015f plastik texnikalar\u0131ndan istifad\u0259 ed\u0259r\u0259k etibarl\u0131 v\u0259 a\u015fa\u011f\u0131 d\u0259y\u0259rli konstruksiyaya malikdir. \u00d6rt\u00fcl\u00fc plastik material Underwriters Laboratory (UL) yan\u0131ql\u0131q sinifi 94V-0 da\u015f\u0131y\u0131r, d\u00f6vr\u0259l\u0259riniz \u00fc\u00e7\u00fcn maksimum t\u0259hl\u00fck\u0259sizliyi t\u0259min edir. \u00c7ap d\u00f6vr\u0259 l\u00f6vh\u0259l\u0259ri (PCB) haz\u0131rlay\u0131rs\u0131n\u0131zsa v\u0259 ya \u015fassi qura\u015fd\u0131rmas\u0131na ehtiyac\u0131n\u0131z varsa, d\u00fcz\u0259ldicil\u0259rimiz y\u00fcks\u0259k dal\u011fa c\u0259r\u0259yan\u0131 qabiliyy\u0259ti, a\u015fa\u011f\u0131 ir\u0259li g\u0259rginlik d\u00fc\u015fm\u0259si v\u0259 y\u00fcks\u0259k temperaturda lehiml\u0259m\u0259 davaml\u0131l\u0131\u011f\u0131 (265\u00b0C \/ 10 saniy\u0259y\u0259 q\u0259d\u0259r z\u0259man\u0259t) t\u0259qdim edir.<\/p>\n<h3>\u018fsas X\u00fcsusiyy\u0259tl\u0259r<\/h3>\n<ul>\n<li><strong>Y\u00fcks\u0259k S\u0259m\u0259r\u0259lilikli \u00c7evrilm\u0259:<\/strong> Sabit v\u0259 etibarl\u0131 AC-d\u0259n DC g\u00fcc d\u00fcz\u0259ltm\u0259si \u00fc\u00e7\u00fcn tam k\u00f6rp\u00fc konfiqurasiyas\u0131.<\/li>\n<li><strong>M\u00f6hk\u0259m &amp; T\u0259hl\u00fck\u0259siz Konstruksiya:<\/strong> UL 94V-0 yan\u0131ql\u0131q standartlar\u0131na cavab ver\u0259n q\u0259libl\u0259nmi\u015f plastik g\u00f6vd\u0259.<\/li>\n<li><strong>Y\u00fcks\u0259k Dal\u011fa C\u0259r\u0259yan\u0131 Qabiliyy\u0259ti:<\/strong> Y\u00fcks\u0259k giri\u015f c\u0259r\u0259yanlar\u0131n\u0131 idar\u0259 etm\u0259k \u00fc\u00e7\u00fcn haz\u0131rlanm\u0131\u015fd\u0131r, a\u015fa\u011f\u0131 ax\u0131nl\u0131 elektronikan\u0131z\u0131 qoruyur.<\/li>\n<li><strong>Qura\u015fd\u0131rma \u00c7oxqatl\u0131l\u0131\u011f\u0131:<\/strong> Se\u00e7ilmi\u015f modell\u0259rd\u0259 daxili dayaq ayaqlar\u0131 il\u0259 \u00c7ap D\u00f6vr\u0259 L\u00f6vh\u0259si (PCB) qura\u015fd\u0131rmas\u0131 \u00fc\u00e7\u00fcn ideal v\u0259 ya \u015fassi qura\u015fd\u0131rma se\u00e7iml\u0259ri.<\/li>\n<li><strong>Termal Davaml\u0131l\u0131q:<\/strong> T\u0259hl\u00fck\u0259siz v\u0259 davaml\u0131 \u0259laq\u0259l\u0259r \u00fc\u00e7\u00fcn z\u0259man\u0259tli y\u00fcks\u0259k temperaturda lehiml\u0259m\u0259 performans\u0131.<\/li>\n<\/ul>\n<h3>Seriya M\u00fcqayis\u0259 B\u0259l\u0259d\u00e7isi<\/h3>\n<p>X\u00fcsusi layih\u0259 ehtiyaclar\u0131n\u0131z \u00fc\u00e7\u00fcn m\u00fck\u0259mm\u0259l forma faktoru v\u0259 spesifikasiyan\u0131 8 ixtisasla\u015fm\u0131\u015f seriyam\u0131zdan se\u00e7in:<\/p>\n<table class=\"table table-striped table-bordered\">\n<thead>\n<tr>\n<th>Seriya<\/th>\n<th>Paket Stili \/ Forma Faktoru<\/th>\n<th>Qur\u011fu\u015fun Konfiqurasiyas\u0131<\/th>\n<th>F\u0259rql\u0259ndirici X\u00fcsusiyy\u0259tl\u0259r &amp; T\u0259tbiql\u0259r<\/th>\n<\/tr>\n<\/thead>\n<tbody>\n<tr>\n<td><strong>KBP<\/strong><\/td>\n<td>Kompakt D\u00fczbucaql\u0131<\/td>\n<td>Bir X\u0259ttli Qur\u011fu\u015funlar<\/td>\n<td>Daxili PCB dayaq ayaqlar\u0131; M\u0259hdud m\u0259kanda PCB qura\u015fd\u0131rmas\u0131 \u00fc\u00e7\u00fcn y\u00fcks\u0259k d\u0259r\u0259c\u0259d\u0259 kompakt ideal.<\/td>\n<\/tr>\n<tr>\n<td><strong>KBL<\/strong><\/td>\n<td>Standart D\u00fczbucaql\u0131<\/td>\n<td>Bir X\u0259ttli Qur\u011fu\u015funlar<\/td>\n<td>Daxili PCB dayaq ayaqlar\u0131; Yax\u015f\u0131la\u015fd\u0131r\u0131lm\u0131\u015f elektrik izolyasiyas\u0131 \u00fc\u00e7\u00fcn y\u00fcks\u0259k g\u00f6vd\u0259 dielektrik g\u00fcc\u00fc.<\/td>\n<\/tr>\n<tr>\n<td><strong>KBU<\/strong><\/td>\n<td>D\u00fcz D\u00fczbucaql\u0131 Delikli<\/td>\n<td>Bir X\u0259ttli Qur\u011fu\u015funlar<\/td>\n<td>\u0130stilik radiatorlar\u0131 \u00fc\u00e7\u00fcn x\u00fcsusi qura\u015fd\u0131rma deliyi x\u00fcsusiyy\u0259ti; G\u00f6vd\u0259d\u0259 ayd\u0131n \u015f\u0259kild\u0259 q\u0259libl\u0259nmi\u015f q\u00fctbl\u00fcl\u00fck simvollar\u0131.<\/td>\n<\/tr>\n<tr>\n<td><strong>6GBJ<\/strong><\/td>\n<td>\u0130nc\u0259 \/ D\u00fcz Profil<\/td>\n<td>Bir X\u0259ttli Qur\u011fu\u015funlar<\/td>\n<td>1500VRMS istisnai y\u00fcks\u0259k g\u00f6vd\u0259 dielektrik g\u00fcc\u00fc; \u0130nc\u0259 x\u0259ttli PCB dizaynlar\u0131 \u00fc\u00e7\u00fcn ideal.<\/td>\n<\/tr>\n<tr>\n<td><strong>4GBJ<\/strong><\/td>\n<td>\u0130nc\u0259 \/ D\u00fcz Profil<\/td>\n<td>Bir X\u0259ttli Qur\u011fu\u015funlar<\/td>\n<td>1000V PRV (Zirv\u0259 T\u0259rs G\u0259rginlik) d\u0259r\u0259c\u0259sin\u0259 q\u0259d\u0259r; Y\u00fcks\u0259k s\u0259m\u0259r\u0259lilik \u00fc\u00e7\u00fcn a\u015fa\u011f\u0131 ir\u0259li g\u0259rginlik d\u00fc\u015fm\u0259si t\u0259qdim edir.<\/td>\n<\/tr>\n<tr>\n<td><strong>K3<\/strong><\/td>\n<td>Kompakt Kvadrat<\/td>\n<td>Telli Qur\u011fu\u015funlar (\u015e\u0259b\u0259k\u0259)<\/td>\n<td>Ki\u00e7ik \u00f6l\u00e7\u00fcd\u0259 y\u00fcks\u0259k dal\u011fa qabiliyy\u0259ti t\u0259klif ed\u0259n bir fazal\u0131 tam k\u00f6rp\u00fc (KBPC seriya stili).<\/td>\n<\/tr>\n<tr>\n<td><strong>K6<\/strong><\/td>\n<td>Kompakt Kvadrat<\/td>\n<td>Telli Qur\u011fu\u015funlar (\u015e\u0259b\u0259k\u0259)<\/td>\n<td>RoHS direktivi 2002\/95\/EC il\u0259 tam uy\u011fun; Ekoloji c\u0259h\u0259td\u0259n t\u0259miz standart konstruksiya.<\/td>\n<\/tr>\n<tr>\n<td><strong>K8<\/strong><\/td>\n<td>Kompakt Kvadrat<\/td>\n<td>Telli Qur\u011fu\u015funlar (\u015e\u0259b\u0259k\u0259)<\/td>\n<td>Geni\u015f i\u015fl\u0259m\u0259 temperatur diapazonu il\u0259 tam xarakteriz\u0259 edilmi\u015f m\u0259lumat; PCB v\u0259 ya \u015fassi qura\u015fd\u0131rmas\u0131 \u00fc\u00e7\u00fcn uy\u011fundur.<\/td>\n<\/tr>\n<\/tbody>\n<\/table>\n","protected":false},"featured_media":569,"comment_status":"closed","ping_status":"closed","template":"","meta":[],"product_brand":[],"product_cat":[658],"product_tag":[],"class_list":{"0":"post-1178","1":"product","2":"type-product","3":"status-publish","4":"has-post-thumbnail","6":"product_cat-semiconductor-az","8":"first","9":"instock","10":"shipping-taxable","11":"product-type-simple","12":"prodpage-classic"},"aioseo_notices":[],"_links":{"self":[{"href":"https:\/\/www.pandaexo.com\/az\/wp-json\/wp\/v2\/product\/1178","targetHints":{"allow":["GET"]}}],"collection":[{"href":"https:\/\/www.pandaexo.com\/az\/wp-json\/wp\/v2\/product"}],"about":[{"href":"https:\/\/www.pandaexo.com\/az\/wp-json\/wp\/v2\/types\/product"}],"replies":[{"embeddable":true,"href":"https:\/\/www.pandaexo.com\/az\/wp-json\/wp\/v2\/comments?post=1178"}],"wp:featuredmedia":[{"embeddable":true,"href":"https:\/\/www.pandaexo.com\/az\/wp-json\/wp\/v2\/media\/569"}],"wp:attachment":[{"href":"https:\/\/www.pandaexo.com\/az\/wp-json\/wp\/v2\/media?parent=1178"}],"wp:term":[{"taxonomy":"product_brand","embeddable":true,"href":"https:\/\/www.pandaexo.com\/az\/wp-json\/wp\/v2\/product_brand?post=1178"},{"taxonomy":"product_cat","embeddable":true,"href":"https:\/\/www.pandaexo.com\/az\/wp-json\/wp\/v2\/product_cat?post=1178"},{"taxonomy":"product_tag","embeddable":true,"href":"https:\/\/www.pandaexo.com\/az\/wp-json\/wp\/v2\/product_tag?post=1178"}],"curies":[{"name":"wp","href":"https:\/\/api.w.org\/{rel}","templated":true}]}}