{"id":958,"date":"2026-03-10T05:40:17","date_gmt":"2026-03-09T21:40:17","guid":{"rendered":"https:\/\/www.pandaexo.com\/shop\/120-160-180kw-dc-ev-charger-ground-mounted\/"},"modified":"2026-03-18T19:39:21","modified_gmt":"2026-03-18T11:39:21","slug":"120-160-180kw-dc-ev-charger-ground-mounted","status":"publish","type":"product","link":"https:\/\/www.pandaexo.com\/az\/shop\/120-160-180kw-dc-ev-charger-ground-mounted\/","title":{"rendered":"120\/160\/180kW DC EV Y\u00fckl\u0259m\u0259 Qur\u011fusu (Yer\u0259 Qura\u015fd\u0131r\u0131lan)"},"content":{"rendered":"<h3>M\u0259hsul Model Adland\u0131rma Konvensiyas\u0131<\/h3>\n<p><img loading=\"lazy\" decoding=\"async\" src=\"https:\/\/www.pandaexo.com\/wp-content\/uploads\/2026\/03\/Product-Model-Naming-Convention.webp\" alt=\"Product Model Naming Convention\" width=\"771\" height=\"369\" \/><\/p>\n<h3>G\u00fcc Kabeli Se\u00e7imi<\/h3>\n<table class=\"table table-striped table-bordered\">\n<tbody>\n<tr>\n<td>\u00dcmumi Nominal \u00c7\u0131x\u0131\u015f G\u00fcc\u00fc<\/td>\n<td>Nominal Giri\u015f G\u0259rginliyi<\/td>\n<td>Nominal Giri\u015f C\u0259r\u0259yan\u0131<\/td>\n<td>T\u00f6vsiy\u0259 Edil\u0259n G\u00fcc Kabeli<\/td>\n<\/tr>\n<tr>\n<td height=\"50\">3.5KW<\/td>\n<td height=\"50\">AC220V<\/td>\n<td height=\"50\">16A<\/td>\n<td height=\"50\">ZR-YJV-3*6<\/td>\n<\/tr>\n<tr>\n<td height=\"50\">7KW<\/td>\n<td height=\"50\">AC220V<\/td>\n<td height=\"50\">32A<\/td>\n<td height=\"50\">ZR-YJV-3*10<\/td>\n<\/tr>\n<tr>\n<td height=\"50\">14KW<\/td>\n<td height=\"50\">AC220V<\/td>\n<td height=\"50\">64A<\/td>\n<td height=\"50\">ZR-YJV-3*16<\/td>\n<\/tr>\n<tr>\n<td height=\"50\">30KW<\/td>\n<td height=\"50\">AC380V<\/td>\n<td height=\"50\">45A<\/td>\n<td height=\"50\">ZR-YJV-4*25+1*16<\/td>\n<\/tr>\n<tr>\n<td height=\"50\">60KW<\/td>\n<td height=\"50\">AC380V<\/td>\n<td height=\"50\">91A<\/td>\n<td height=\"50\">ZR-YJV-4*35+1*16<\/td>\n<\/tr>\n<tr>\n<td height=\"50\">90KW<\/td>\n<td height=\"50\">AC380V<\/td>\n<td height=\"50\">136A<\/td>\n<td height=\"50\">ZR-YJV-4*70+1*35<\/td>\n<\/tr>\n<tr>\n<td height=\"50\">120KW<\/td>\n<td height=\"50\">AC380V<\/td>\n<td height=\"50\">182A<\/td>\n<td height=\"50\">ZR-YJV-4*95+1*50<\/td>\n<\/tr>\n<tr>\n<td height=\"50\">160KW<\/td>\n<td height=\"50\">AC380V<\/td>\n<td height=\"50\">243A<\/td>\n<td height=\"50\">ZR-YJV-4*120+1*70<\/td>\n<\/tr>\n<tr>\n<td height=\"50\">240KW<\/td>\n<td height=\"50\">AC380V<\/td>\n<td height=\"50\">365A<\/td>\n<td height=\"50\">ZR-YJV-4*185+1*95<\/td>\n<\/tr>\n<\/tbody>\n<\/table>\n<h3>Xarici Z\u0259man\u0259t M\u0259lumat\u0131<\/h3>\n<p>\u00c7in xaricind\u0259ki y\u00fckl\u0259m\u0259 saytlar\u0131 \u00fc\u00e7\u00fcn biz 1% k\u00f6vr\u0259k ehtiyat hiss\u0259l\u0259ri v\u0259 24 saatl\u0131q uzaqdan r\u0259hb\u0259rlik xidm\u0259ti t\u0259qdim edirik.<\/p>\n<h3>Arxa Plan \u0130dar\u0259etm\u0259 Sistemi<\/h3>\n<ul>\n<li><strong>\u0130yerarxik \u0130dar\u0259etm\u0259<\/strong><br \/>\nOperator s\u0259viyy\u0259si, y\u00fckl\u0259m\u0259 stansiyas\u0131 s\u0259viyy\u0259si v\u0259 y\u00fckl\u0259yici terminal s\u0259viyy\u0259si idar\u0259etm\u0259sini \u0259hat\u0259 ed\u0259n \u00fc\u00e7 s\u0259viyy\u0259li idar\u0259etm\u0259 sistemi h\u0259yata ke\u00e7irin. Bu, m\u00fcxt\u0259lif operatorlar\u0131 b\u00f6y\u00fck bir platformada birl\u0259\u015fdir\u0259r\u0259k y\u00fckl\u0259yicil\u0259rin v\u0259 \u0259m\u0259liyyat m\u0259lumatlar\u0131n\u0131n payla\u015f\u0131lmas\u0131n\u0131 t\u0259min edir.<\/li>\n<li><strong>Uzaqdan Monitorinq<\/strong><br \/>\nH\u0259r bir y\u00fckl\u0259yicinin v\u0259ziyy\u0259tini uzaqdan izl\u0259m\u0259yi, \u0259m\u0259liyyat m\u0259lumatlar\u0131n\u0131 toplama\u011f\u0131 v\u0259 \u0259m\u0259liyyat idar\u0259etm\u0259sini asanla\u015fd\u0131rmaq \u00fc\u00e7\u00fcn m\u00fcxt\u0259lif n\u00f6v istehsal hesabatlar\u0131 yaratma\u011f\u0131 t\u0259min edin.<\/li>\n<li><strong>\u0130stifad\u0259\u00e7i \u0130dar\u0259etm\u0259si<\/strong><br \/>\n\u018fsas y\u00fckl\u0259m\u0259 kartlar\u0131n\u0131 WeChat hesablar\u0131 il\u0259 problemsiz birl\u0259\u015fdirin. Y\u00fckl\u0259m\u0259 kartlar\u0131 h\u0259m onlayn, h\u0259m d\u0259 oflayn eyni vaxtda istifad\u0259 edil\u0259 bil\u0259r, bu da y\u00fckl\u0259m\u0259ni daha rahat edir.<\/li>\n<\/ul>\n<h3>Qura\u015fd\u0131r\u0131lm\u0131\u015f Elektrik Avtomobili Y\u00fckl\u0259m\u0259 Stansiyalar\u0131n\u0131n Yerind\u0259 \u00c7\u0259kilmi\u015f \u015e\u0259kill\u0259ri<\/h3>\n<p><img loading=\"lazy\" decoding=\"async\" class=\"alignnone size-full wp-image-618\" src=\"https:\/\/www.pandaexo.com\/wp-content\/uploads\/2026\/03\/On-site-photos-of-the-installed-EV-charging-stations-1.webp\" alt=\"On-site photos of the installed EV charging stations (1)\" width=\"1808\" height=\"1108\" srcset=\"https:\/\/www.pandaexo.com\/wp-content\/uploads\/2026\/03\/On-site-photos-of-the-installed-EV-charging-stations-1.webp 1808w, https:\/\/www.pandaexo.com\/wp-content\/uploads\/2026\/03\/On-site-photos-of-the-installed-EV-charging-stations-1-768x471.webp 768w, https:\/\/www.pandaexo.com\/wp-content\/uploads\/2026\/03\/On-site-photos-of-the-installed-EV-charging-stations-1-1536x941.webp 1536w, https:\/\/www.pandaexo.com\/wp-content\/uploads\/2026\/03\/On-site-photos-of-the-installed-EV-charging-stations-1-280x172.webp 280w, https:\/\/www.pandaexo.com\/wp-content\/uploads\/2026\/03\/On-site-photos-of-the-installed-EV-charging-stations-1-1170x717.webp 1170w, https:\/\/www.pandaexo.com\/wp-content\/uploads\/2026\/03\/On-site-photos-of-the-installed-EV-charging-stations-1-1500x919.webp 1500w\" sizes=\"auto, (max-width: 1808px) 100vw, 1808px\" \/> <img loading=\"lazy\" decoding=\"async\" class=\"alignnone size-full wp-image-619\" src=\"https:\/\/www.pandaexo.com\/wp-content\/uploads\/2026\/03\/On-site-photos-of-the-installed-EV-charging-stations-2.webp\" alt=\"On-site photos of the installed EV charging stations (2)\" width=\"1792\" height=\"1101\" srcset=\"https:\/\/www.pandaexo.com\/wp-content\/uploads\/2026\/03\/On-site-photos-of-the-installed-EV-charging-stations-2.webp 1792w, https:\/\/www.pandaexo.com\/wp-content\/uploads\/2026\/03\/On-site-photos-of-the-installed-EV-charging-stations-2-768x472.webp 768w, https:\/\/www.pandaexo.com\/wp-content\/uploads\/2026\/03\/On-site-photos-of-the-installed-EV-charging-stations-2-1536x944.webp 1536w, https:\/\/www.pandaexo.com\/wp-content\/uploads\/2026\/03\/On-site-photos-of-the-installed-EV-charging-stations-2-280x172.webp 280w, https:\/\/www.pandaexo.com\/wp-content\/uploads\/2026\/03\/On-site-photos-of-the-installed-EV-charging-stations-2-1170x719.webp 1170w, https:\/\/www.pandaexo.com\/wp-content\/uploads\/2026\/03\/On-site-photos-of-the-installed-EV-charging-stations-2-1500x922.webp 1500w\" sizes=\"auto, (max-width: 1792px) 100vw, 1792px\" \/><\/p>\n","protected":false},"excerpt":{"rendered":"<table class=\"table table-striped table-bordered\">\n<tbody>\n<tr>\n<td>M\u0259hsul Modeli<\/td>\n<td>INTEK-DC-120\/160\/180KW<\/td>\n<\/tr>\n<tr>\n<td>Giri\u015f G\u0259rginlik Aral\u0131\u011f\u0131<\/td>\n<td>380Vac\u00b120%<\/td>\n<\/tr>\n<tr>\n<td>Tezlik<\/td>\n<td>50Hz\/60Hz<\/td>\n<\/tr>\n<tr>\n<td>\u00c7\u0131x\u0131\u015f G\u0259rginlik Aral\u0131\u011f\u0131<\/td>\n<td>200-1000Vdc<\/td>\n<\/tr>\n<tr>\n<td>Nominal C\u0259r\u0259yan<\/td>\n<td>120\/160\/180Adc<\/td>\n<\/tr>\n<tr>\n<td>Maksimum \u00c7\u0131x\u0131\u015f G\u00fcc\u00fc<\/td>\n<td>120\/160\/180kW<\/td>\n<\/tr>\n<tr>\n<td>Doldurma Ba\u011flay\u0131c\u0131s\u0131<\/td>\n<td>\u0130kiqat ba\u011flay\u0131c\u0131lar<\/td>\n<\/tr>\n<tr>\n<td>Aktivasiya (Konfiqurasiya Se\u00e7iml\u0259ri)<\/td>\n<td>RFID\/QR Kodlar\u0131 Skan Etm\u0259k<\/td>\n<\/tr>\n<tr>\n<td>Qo\u015fulma<\/td>\n<td>Standart RJ45 Interfeysi\/4G<\/td>\n<\/tr>\n<tr>\n<td>\u0130stifad\u0259\u00e7i Interfeysi<\/td>\n<td>7 D\u00fcym<\/td>\n<\/tr>\n<tr>\n<td>S\u0259s-k\u00fcy<\/td>\n<td>&lt; 75dB<\/td>\n<\/tr>\n<tr>\n<td>C\u0259r\u0259yan T\u0259nziml\u0259m\u0259 D\u0259qiqliyi<\/td>\n<td>\u2264\u00b11%<\/td>\n<\/tr>\n<tr>\n<td>G\u0259rginlik T\u0259nziml\u0259m\u0259 D\u0259qiqliyi<\/td>\n<td>\u2264\u00b10.5%<\/td>\n<\/tr>\n<tr>\n<td>\u00c7\u0131x\u0131\u015f C\u0259r\u0259yan\u0131 X\u0259tas\u0131<\/td>\n<td>\u2264\u00b11%<\/td>\n<\/tr>\n<tr>\n<td>\u00c7\u0131x\u0131\u015f G\u0259rginliyi X\u0259tas\u0131<\/td>\n<td>\u2264\u00b10.5%<\/td>\n<\/tr>\n<tr>\n<td>Dielektrik M\u00f6hk\u0259mlik<\/td>\n<td>\u22652000V<\/td>\n<\/tr>\n<tr>\n<td>Qoruyucu G\u00f6vd\u0259 IP-Kodu<\/td>\n<td>IP54<\/td>\n<\/tr>\n<tr>\n<td>\u0130\u015fl\u0259m\u0259 Temperatur Aral\u0131\u011f\u0131<\/td>\n<td>-20~50\u00b0C<\/td>\n<\/tr>\n<tr>\n<td>Saxlama Temperatur Aral\u0131\u011f\u0131<\/td>\n<td>-20~70\u00b0C<\/td>\n<\/tr>\n<tr>\n<td>Ba\u011flay\u0131c\u0131 N\u00f6v\u00fc<\/td>\n<td>GB\/T20234.2-2015 C Tipi<\/td>\n<\/tr>\n<tr>\n<td>\u00d6l\u00e7m\u0259 Metodu<\/td>\n<td>Enerji Say\u011fac\u0131<\/td>\n<\/tr>\n<tr>\n<td>Etibarl\u0131l\u0131q<\/td>\n<td>50000 saat<\/td>\n<\/tr>\n<tr>\n<td>Qorunma Sistemi<\/td>\n<td>H\u0259dd\u0259n Art\u0131q\/A\u015fa\u011f\u0131 G\u0259rginlik, Q\u0131sa D\u00f6vr\u0259 H\u0259dd\u0259n Art\u0131q Y\u00fckl\u0259nm\u0259, S\u0131zma, Dal\u011fa Qorunmas\u0131<\/td>\n<\/tr>\n<tr>\n<td>Qura\u015fd\u0131rma<\/td>\n<td>Yer\u0259 Qura\u015fd\u0131r\u0131lm\u0131\u015f<\/td>\n<\/tr>\n<tr>\n<td>Qoruyucu G\u00f6vd\u0259 Material\u0131<\/td>\n<td>Sac Metal<\/td>\n<\/tr>\n<tr>\n<td>Doldurma Kabeli Uzunlu\u011fu<\/td>\n<td>5m (F\u0259rdil\u0259\u015fdirm\u0259 Q\u0259bul Edilir)<\/td>\n<\/tr>\n<\/tbody>\n<\/table>\n","protected":false},"featured_media":606,"comment_status":"closed","ping_status":"closed","template":"","meta":[],"product_brand":[],"product_cat":[687],"product_tag":[767],"class_list":{"0":"post-958","1":"product","2":"type-product","3":"status-publish","4":"has-post-thumbnail","6":"product_cat-charger-az","7":"product_tag-dc-charging-az","9":"first","10":"instock","11":"shipping-taxable","12":"product-type-simple","13":"prodpage-classic"},"aioseo_notices":[],"_links":{"self":[{"href":"https:\/\/www.pandaexo.com\/az\/wp-json\/wp\/v2\/product\/958","targetHints":{"allow":["GET"]}}],"collection":[{"href":"https:\/\/www.pandaexo.com\/az\/wp-json\/wp\/v2\/product"}],"about":[{"href":"https:\/\/www.pandaexo.com\/az\/wp-json\/wp\/v2\/types\/product"}],"replies":[{"embeddable":true,"href":"https:\/\/www.pandaexo.com\/az\/wp-json\/wp\/v2\/comments?post=958"}],"wp:featuredmedia":[{"embeddable":true,"href":"https:\/\/www.pandaexo.com\/az\/wp-json\/wp\/v2\/media\/606"}],"wp:attachment":[{"href":"https:\/\/www.pandaexo.com\/az\/wp-json\/wp\/v2\/media?parent=958"}],"wp:term":[{"taxonomy":"product_brand","embeddable":true,"href":"https:\/\/www.pandaexo.com\/az\/wp-json\/wp\/v2\/product_brand?post=958"},{"taxonomy":"product_cat","embeddable":true,"href":"https:\/\/www.pandaexo.com\/az\/wp-json\/wp\/v2\/product_cat?post=958"},{"taxonomy":"product_tag","embeddable":true,"href":"https:\/\/www.pandaexo.com\/az\/wp-json\/wp\/v2\/product_tag?post=958"}],"curies":[{"name":"wp","href":"https:\/\/api.w.org\/{rel}","templated":true}]}}