{"id":1041,"date":"2026-03-10T05:06:11","date_gmt":"2026-03-09T21:06:11","guid":{"rendered":"https:\/\/www.pandaexo.com\/shop\/20-30kw-dc-ev-charger-post-mounted\/"},"modified":"2026-03-18T19:37:49","modified_gmt":"2026-03-18T11:37:49","slug":"20-30kw-dc-ev-charger-post-mounted","status":"publish","type":"product","link":"https:\/\/www.pandaexo.com\/da\/shop\/20-30kw-dc-ev-charger-post-mounted\/","title":{"rendered":"20\/30kW DC EV-lader (stolpe-monteret)"},"content":{"rendered":"<h3>Produktmodelnavngivningskonvention<\/h3>\n<p><img loading=\"lazy\" decoding=\"async\" src=\"https:\/\/www.pandaexo.com\/wp-content\/uploads\/2026\/03\/Product-Model-Naming-Convention.webp\" alt=\"Product Model Naming Convention\" width=\"771\" height=\"369\" \/><\/p>\n<h3>Valg af str\u00f8mkabel<\/h3>\n<table class=\"table table-striped table-bordered\">\n<tbody>\n<tr>\n<td>Samlet nominel udgangseffekt<\/td>\n<td>Nominel indgangssp\u00e6nding<\/td>\n<td>Nominel indgangsstr\u00f8m<\/td>\n<td>Anbefalet str\u00f8mkabel<\/td>\n<\/tr>\n<tr>\n<td height=\"50\">3.5KW<\/td>\n<td height=\"50\">AC220V<\/td>\n<td height=\"50\">16A<\/td>\n<td height=\"50\">ZR-YJV-3*6<\/td>\n<\/tr>\n<tr>\n<td height=\"50\">7KW<\/td>\n<td height=\"50\">AC220V<\/td>\n<td height=\"50\">32A<\/td>\n<td height=\"50\">ZR-YJV-3*10<\/td>\n<\/tr>\n<tr>\n<td height=\"50\">14KW<\/td>\n<td height=\"50\">AC220V<\/td>\n<td height=\"50\">64A<\/td>\n<td height=\"50\">ZR-YJV-3*16<\/td>\n<\/tr>\n<tr>\n<td height=\"50\">30KW<\/td>\n<td height=\"50\">AC380V<\/td>\n<td height=\"50\">45A<\/td>\n<td height=\"50\">ZR-YJV-4*25+1*16<\/td>\n<\/tr>\n<tr>\n<td height=\"50\">60KW<\/td>\n<td height=\"50\">AC380V<\/td>\n<td height=\"50\">91A<\/td>\n<td height=\"50\">ZR-YJV-4*35+1*16<\/td>\n<\/tr>\n<tr>\n<td height=\"50\">90KW<\/td>\n<td height=\"50\">AC380V<\/td>\n<td height=\"50\">136A<\/td>\n<td height=\"50\">ZR-YJV-4*70+1*35<\/td>\n<\/tr>\n<tr>\n<td height=\"50\">120KW<\/td>\n<td height=\"50\">AC380V<\/td>\n<td height=\"50\">182A<\/td>\n<td height=\"50\">ZR-YJV-4*95+1*50<\/td>\n<\/tr>\n<tr>\n<td height=\"50\">160KW<\/td>\n<td height=\"50\">AC380V<\/td>\n<td height=\"50\">243A<\/td>\n<td height=\"50\">ZR-YJV-4*120+1*70<\/td>\n<\/tr>\n<tr>\n<td height=\"50\">240KW<\/td>\n<td height=\"50\">AC380V<\/td>\n<td height=\"50\">365A<\/td>\n<td height=\"50\">ZR-YJV-4*185+1*95<\/td>\n<\/tr>\n<\/tbody>\n<\/table>\n<h3>Information om udenlandsk garanti<\/h3>\n<p>For opladningssteder uden for Kina tilbyder vi 1% af s\u00e5rbare reservedele og 24-timers fjernvejledning.<\/p>\n<h3>Backend-styringssystem<\/h3>\n<ul>\n<li><strong>Hierarkisk styring<\/strong><br \/>\nImplementerer et trelags styringssystem, der omfatter operat\u00f8rniveau, ladestationsniveau og ladeterminalniveau. Dette integrerer forskellige operat\u00f8rer p\u00e5 en stor platform, hvilket muligg\u00f8r deling af ladere og driftsdata.<\/li>\n<li><strong>Fjernoverv\u00e5gning<\/strong><br \/>\nMuligg\u00f8r fjernoverv\u00e5gning af hver laders status, indsamling af driftsdata og generering af forskellige typer produktionsrapporter for at forenkle driftsstyringen.<\/li>\n<li><strong>Brugerstyring<\/strong><br \/>\nKombinerer problemfrit mainstream opladningskort med WeChat-konti. Opladningskort kan bruges b\u00e5de online og offline samtidigt, hvilket g\u00f8r opladning mere bekvem.<\/li>\n<\/ul>\n<h3>On-site billeder af de installerede elbil-ladestandere<\/h3>\n<p><img loading=\"lazy\" decoding=\"async\" class=\"alignnone size-full wp-image-618\" src=\"https:\/\/www.pandaexo.com\/wp-content\/uploads\/2026\/03\/On-site-photos-of-the-installed-EV-charging-stations-1.webp\" alt=\"On-site photos of the installed EV charging stations (1)\" width=\"1808\" height=\"1108\" srcset=\"https:\/\/www.pandaexo.com\/wp-content\/uploads\/2026\/03\/On-site-photos-of-the-installed-EV-charging-stations-1.webp 1808w, https:\/\/www.pandaexo.com\/wp-content\/uploads\/2026\/03\/On-site-photos-of-the-installed-EV-charging-stations-1-768x471.webp 768w, https:\/\/www.pandaexo.com\/wp-content\/uploads\/2026\/03\/On-site-photos-of-the-installed-EV-charging-stations-1-1536x941.webp 1536w, https:\/\/www.pandaexo.com\/wp-content\/uploads\/2026\/03\/On-site-photos-of-the-installed-EV-charging-stations-1-280x172.webp 280w, https:\/\/www.pandaexo.com\/wp-content\/uploads\/2026\/03\/On-site-photos-of-the-installed-EV-charging-stations-1-1170x717.webp 1170w, https:\/\/www.pandaexo.com\/wp-content\/uploads\/2026\/03\/On-site-photos-of-the-installed-EV-charging-stations-1-1500x919.webp 1500w\" sizes=\"auto, (max-width: 1808px) 100vw, 1808px\" \/> <img loading=\"lazy\" decoding=\"async\" class=\"alignnone size-full wp-image-619\" src=\"https:\/\/www.pandaexo.com\/wp-content\/uploads\/2026\/03\/On-site-photos-of-the-installed-EV-charging-stations-2.webp\" alt=\"On-site photos of the installed EV charging stations (2)\" width=\"1792\" height=\"1101\" srcset=\"https:\/\/www.pandaexo.com\/wp-content\/uploads\/2026\/03\/On-site-photos-of-the-installed-EV-charging-stations-2.webp 1792w, https:\/\/www.pandaexo.com\/wp-content\/uploads\/2026\/03\/On-site-photos-of-the-installed-EV-charging-stations-2-768x472.webp 768w, https:\/\/www.pandaexo.com\/wp-content\/uploads\/2026\/03\/On-site-photos-of-the-installed-EV-charging-stations-2-1536x944.webp 1536w, https:\/\/www.pandaexo.com\/wp-content\/uploads\/2026\/03\/On-site-photos-of-the-installed-EV-charging-stations-2-280x172.webp 280w, https:\/\/www.pandaexo.com\/wp-content\/uploads\/2026\/03\/On-site-photos-of-the-installed-EV-charging-stations-2-1170x719.webp 1170w, https:\/\/www.pandaexo.com\/wp-content\/uploads\/2026\/03\/On-site-photos-of-the-installed-EV-charging-stations-2-1500x922.webp 1500w\" sizes=\"auto, (max-width: 1792px) 100vw, 1792px\" \/><\/p>\n","protected":false},"excerpt":{"rendered":"<table class=\"table table-striped table-bordered\">\n<tbody>\n<tr>\n<td>Produktmodel<\/td>\n<td>INTEK-DC-20KW\/30KW<\/td>\n<\/tr>\n<tr>\n<td>Indgangssp\u00e6ndingsomr\u00e5de<\/td>\n<td>380Vac\u00b120%<\/td>\n<\/tr>\n<tr>\n<td>Frekvens<\/td>\n<td>50Hz\/60Hz<\/td>\n<\/tr>\n<tr>\n<td>Udgangssp\u00e6ndingsomr\u00e5de<\/td>\n<td>200-1000Vdc<\/td>\n<\/tr>\n<tr>\n<td>Nominel str\u00f8m<\/td>\n<td>20Adc\/30Adc<\/td>\n<\/tr>\n<tr>\n<td>Maksimal udgangseffekt<\/td>\n<td>20kW\/30kW<\/td>\n<\/tr>\n<tr>\n<td>Opladningsstik<\/td>\n<td>Enkelt stik<\/td>\n<\/tr>\n<tr>\n<td>Aktivering (konfigurationsmuligheder)<\/td>\n<td>POS-maskine\/Scan QR-koder\/RFID-betalingsterminaler med OCPP<\/td>\n<\/tr>\n<tr>\n<td>Forbindelse<\/td>\n<td>Standard RJ45-gr\u00e6nseflade\/4G<\/td>\n<\/tr>\n<tr>\n<td>Brugergr\u00e6nseflade<\/td>\n<td>7 tommer<\/td>\n<\/tr>\n<tr>\n<td>St\u00f8j<\/td>\n<td>&lt; 75dB<\/td>\n<\/tr>\n<tr>\n<td>Str\u00f8mreguleringsn\u00f8jagtighed<\/td>\n<td>\u2264\u00b11%<\/td>\n<\/tr>\n<tr>\n<td>Sp\u00e6ndingsreguleringsn\u00f8jagtighed<\/td>\n<td>\u2264\u00b10.5%<\/td>\n<\/tr>\n<tr>\n<td>Udgangsstr\u00f8mfejl<\/td>\n<td>\u2264\u00b11%<\/td>\n<\/tr>\n<tr>\n<td>Udgangssp\u00e6ndingsfejl<\/td>\n<td>\u2264\u00b10.5%<\/td>\n<\/tr>\n<tr>\n<td>Dielektrisk styrke<\/td>\n<td>\u22652000V<\/td>\n<\/tr>\n<tr>\n<td>Kabinet IP-kode<\/td>\n<td>IP54<\/td>\n<\/tr>\n<tr>\n<td>Driftstemperaturomr\u00e5de<\/td>\n<td>-20~50\u00b0C<\/td>\n<\/tr>\n<tr>\n<td>Opbevaringstemperaturomr\u00e5de<\/td>\n<td>-20~70\u00b0C<\/td>\n<\/tr>\n<tr>\n<td>Stiktype<\/td>\n<td>GB\/T20234.2-2015 Type C CCS1\/CCS2<\/td>\n<\/tr>\n<tr>\n<td>M\u00e5lemetode<\/td>\n<td>Energim\u00e5ler<\/td>\n<\/tr>\n<tr>\n<td>P\u00e5lidelighed<\/td>\n<td>50000t<\/td>\n<\/tr>\n<tr>\n<td>Beskyttelsessystem<\/td>\n<td>Over-\/undervoltage, Kortslutning Overbelastning, L\u00e6kage, Oversp\u00e6ndingsbeskyttelse<\/td>\n<\/tr>\n<tr>\n<td>Installation<\/td>\n<td>P\u00e6l<\/td>\n<\/tr>\n<tr>\n<td>Kabinetmateriale<\/td>\n<td>Plademetal<\/td>\n<\/tr>\n<tr>\n<td>Opladningskabell\u00e6ngde<\/td>\n<td>5m (Tilpasning accepteres)<\/td>\n<\/tr>\n<\/tbody>\n<\/table>\n","protected":false},"featured_media":598,"comment_status":"closed","ping_status":"closed","template":"","meta":[],"product_brand":[],"product_cat":[695],"product_tag":[769],"class_list":{"0":"post-1041","1":"product","2":"type-product","3":"status-publish","4":"has-post-thumbnail","6":"product_cat-charger-da","7":"product_tag-dc-charging-da","9":"first","10":"instock","11":"shipping-taxable","12":"product-type-simple","13":"prodpage-classic"},"aioseo_notices":[],"_links":{"self":[{"href":"https:\/\/www.pandaexo.com\/da\/wp-json\/wp\/v2\/product\/1041","targetHints":{"allow":["GET"]}}],"collection":[{"href":"https:\/\/www.pandaexo.com\/da\/wp-json\/wp\/v2\/product"}],"about":[{"href":"https:\/\/www.pandaexo.com\/da\/wp-json\/wp\/v2\/types\/product"}],"replies":[{"embeddable":true,"href":"https:\/\/www.pandaexo.com\/da\/wp-json\/wp\/v2\/comments?post=1041"}],"wp:featuredmedia":[{"embeddable":true,"href":"https:\/\/www.pandaexo.com\/da\/wp-json\/wp\/v2\/media\/598"}],"wp:attachment":[{"href":"https:\/\/www.pandaexo.com\/da\/wp-json\/wp\/v2\/media?parent=1041"}],"wp:term":[{"taxonomy":"product_brand","embeddable":true,"href":"https:\/\/www.pandaexo.com\/da\/wp-json\/wp\/v2\/product_brand?post=1041"},{"taxonomy":"product_cat","embeddable":true,"href":"https:\/\/www.pandaexo.com\/da\/wp-json\/wp\/v2\/product_cat?post=1041"},{"taxonomy":"product_tag","embeddable":true,"href":"https:\/\/www.pandaexo.com\/da\/wp-json\/wp\/v2\/product_tag?post=1041"}],"curies":[{"name":"wp","href":"https:\/\/api.w.org\/{rel}","templated":true}]}}