{"id":1121,"date":"2026-03-10T04:19:48","date_gmt":"2026-03-09T20:19:48","guid":{"rendered":"https:\/\/www.pandaexo.com\/shop\/3-5kw-7kw-ac-ev-charger-wall-mounted\/"},"modified":"2026-03-18T19:36:15","modified_gmt":"2026-03-18T11:36:15","slug":"3-5kw-7kw-ac-ev-charger-wall-mounted","status":"publish","type":"product","link":"https:\/\/www.pandaexo.com\/da\/shop\/3-5kw-7kw-ac-ev-charger-wall-mounted\/","title":{"rendered":"3,5 kW\/7 kW AC EV-lader (v\u00e6gh\u00e6ngt)"},"content":{"rendered":"<h3>Produktmodelnavngivningskonvention<\/h3>\n<p><img loading=\"lazy\" decoding=\"async\" src=\"https:\/\/www.pandaexo.com\/wp-content\/uploads\/2026\/03\/Product-Model-Naming-Convention.webp\" alt=\"Produktmodelnavngivningskonvention\" width=\"771\" height=\"369\" \/><\/p>\n<h3>Valg af str\u00f8mkabel<\/h3>\n<table class=\"table table-striped table-bordered\">\n<tbody>\n<tr>\n<td>Samlet nominel udgangseffekt<\/td>\n<td>Nominel indgangssp\u00e6nding<\/td>\n<td>Nominel indgangsstr\u00f8m<\/td>\n<td>Anbefalet str\u00f8mkabel<\/td>\n<\/tr>\n<tr>\n<td height=\"50\">3,5KW<\/td>\n<td height=\"50\">AC220V<\/td>\n<td height=\"50\">16A<\/td>\n<td height=\"50\">ZR-YJV-3*6<\/td>\n<\/tr>\n<tr>\n<td height=\"50\">7KW<\/td>\n<td height=\"50\">AC220V<\/td>\n<td height=\"50\">32A<\/td>\n<td height=\"50\">ZR-YJV-3*10<\/td>\n<\/tr>\n<tr>\n<td height=\"50\">14KW<\/td>\n<td height=\"50\">AC220V<\/td>\n<td height=\"50\">64A<\/td>\n<td height=\"50\">ZR-YJV-3*16<\/td>\n<\/tr>\n<tr>\n<td height=\"50\">30KW<\/td>\n<td height=\"50\">AC380V<\/td>\n<td height=\"50\">45A<\/td>\n<td height=\"50\">ZR-YJV-4*25+1*16<\/td>\n<\/tr>\n<tr>\n<td height=\"50\">60KW<\/td>\n<td height=\"50\">AC380V<\/td>\n<td height=\"50\">91A<\/td>\n<td height=\"50\">ZR-YJV-4*35+1*16<\/td>\n<\/tr>\n<tr>\n<td height=\"50\">90KW<\/td>\n<td height=\"50\">AC380V<\/td>\n<td height=\"50\">136A<\/td>\n<td height=\"50\">ZR-YJV-4*70+1*35<\/td>\n<\/tr>\n<tr>\n<td height=\"50\">120KW<\/td>\n<td height=\"50\">AC380V<\/td>\n<td height=\"50\">182A<\/td>\n<td height=\"50\">ZR-YJV-4*95+1*50<\/td>\n<\/tr>\n<tr>\n<td height=\"50\">160KW<\/td>\n<td height=\"50\">AC380V<\/td>\n<td height=\"50\">243A<\/td>\n<td height=\"50\">ZR-YJV-4*120+1*70<\/td>\n<\/tr>\n<tr>\n<td height=\"50\">240KW<\/td>\n<td height=\"50\">AC380V<\/td>\n<td height=\"50\">365A<\/td>\n<td height=\"50\">ZR-YJV-4*185+1*95<\/td>\n<\/tr>\n<\/tbody>\n<\/table>\n<h3>Information om udenlandsk garanti<\/h3>\n<p>For ladesteder uden for Kina leverer vi 1% s\u00e5rbare reservedele og 24-timers fjernvejledningstjeneste.<\/p>\n<h3>Backend-styringssystem<\/h3>\n<ul>\n<li><strong>Hierarkisk styring<\/strong><br \/>\nImplementerer et trelags styringssystem, der omfatter operat\u00f8rniveau, ladestationsniveau og ladeenhedsniveau. Dette integrerer forskellige operat\u00f8rer p\u00e5 en stor platform, hvilket muligg\u00f8r deling af ladere og driftsdata.<\/li>\n<li><strong>Fjernoverv\u00e5gning<\/strong><br \/>\nMuligg\u00f8r fjernoverv\u00e5gning af hver laders status, indsamling af driftsdata og generering af forskellige typer produktionsrapporter for at forenkle driftsstyringen.<\/li>\n<li><strong>Brugerstyring<\/strong><br \/>\nKombinerer problemfrit mainstream-ladekort med WeChat-konti. Ladekort kan bruges b\u00e5de online og offline samtidigt, hvilket g\u00f8r opladningen mere bekvem.<\/li>\n<\/ul>\n<p>&nbsp;<\/p>\n<p>&nbsp;<\/p>\n<h3>Fotos fra stedet af de installerede elbil-ladestationer<\/h3>\n<p><img loading=\"lazy\" decoding=\"async\" class=\"alignnone size-full wp-image-618\" src=\"https:\/\/www.pandaexo.com\/wp-content\/uploads\/2026\/03\/On-site-photos-of-the-installed-EV-charging-stations-1.webp\" alt=\"Fotos fra stedet af de installerede elbil-ladestationer (1)\" width=\"1808\" height=\"1108\" srcset=\"https:\/\/www.pandaexo.com\/wp-content\/uploads\/2026\/03\/On-site-photos-of-the-installed-EV-charging-stations-1.webp 1808w, https:\/\/www.pandaexo.com\/wp-content\/uploads\/2026\/03\/On-site-photos-of-the-installed-EV-charging-stations-1-768x471.webp 768w, https:\/\/www.pandaexo.com\/wp-content\/uploads\/2026\/03\/On-site-photos-of-the-installed-EV-charging-stations-1-1536x941.webp 1536w, https:\/\/www.pandaexo.com\/wp-content\/uploads\/2026\/03\/On-site-photos-of-the-installed-EV-charging-stations-1-280x172.webp 280w, https:\/\/www.pandaexo.com\/wp-content\/uploads\/2026\/03\/On-site-photos-of-the-installed-EV-charging-stations-1-1170x717.webp 1170w, https:\/\/www.pandaexo.com\/wp-content\/uploads\/2026\/03\/On-site-photos-of-the-installed-EV-charging-stations-1-1500x919.webp 1500w\" sizes=\"auto, (max-width: 1808px) 100vw, 1808px\" \/> <img loading=\"lazy\" decoding=\"async\" class=\"alignnone size-full wp-image-619\" src=\"https:\/\/www.pandaexo.com\/wp-content\/uploads\/2026\/03\/On-site-photos-of-the-installed-EV-charging-stations-2.webp\" alt=\"Fotos fra stedet af de installerede elbil-ladestationer (2)\" width=\"1792\" height=\"1101\" srcset=\"https:\/\/www.pandaexo.com\/wp-content\/uploads\/2026\/03\/On-site-photos-of-the-installed-EV-charging-stations-2.webp 1792w, https:\/\/www.pandaexo.com\/wp-content\/uploads\/2026\/03\/On-site-photos-of-the-installed-EV-charging-stations-2-768x472.webp 768w, https:\/\/www.pandaexo.com\/wp-content\/uploads\/2026\/03\/On-site-photos-of-the-installed-EV-charging-stations-2-1536x944.webp 1536w, https:\/\/www.pandaexo.com\/wp-content\/uploads\/2026\/03\/On-site-photos-of-the-installed-EV-charging-stations-2-280x172.webp 280w, https:\/\/www.pandaexo.com\/wp-content\/uploads\/2026\/03\/On-site-photos-of-the-installed-EV-charging-stations-2-1170x719.webp 1170w, https:\/\/www.pandaexo.com\/wp-content\/uploads\/2026\/03\/On-site-photos-of-the-installed-EV-charging-stations-2-1500x922.webp 1500w\" sizes=\"auto, (max-width: 1792px) 100vw, 1792px\" \/><\/p>\n","protected":false},"excerpt":{"rendered":"<table class=\"table table-striped table-bordered\">\n<tbody>\n<tr>\n<td>Produktmodel<\/td>\n<td>INTEK-AC-3.5KW\/7KW<\/td>\n<\/tr>\n<tr>\n<td>Indgang\/Udgang Sp\u00e6ndingsomr\u00e5de<\/td>\n<td>220Vac \u00b1 20%<\/td>\n<\/tr>\n<tr>\n<td>Frekvens<\/td>\n<td>50Hz \/ 60Hz<\/td>\n<\/tr>\n<tr>\n<td>Nominel Str\u00f8m<\/td>\n<td>16Aac \/ 32Aac<\/td>\n<\/tr>\n<tr>\n<td>Maksimal Udgangseffekt<\/td>\n<td>3,5kW \/ 7kW<\/td>\n<\/tr>\n<tr>\n<td>Opladningsstik<\/td>\n<td>Enkelt stik<\/td>\n<\/tr>\n<tr>\n<td>Aktivering (Konfiguration)<\/td>\n<td>RFID \/ Scan QR-koder<\/td>\n<\/tr>\n<tr>\n<td>Tilslutning<\/td>\n<td>Standard RJ45 Interface \/ 4G<\/td>\n<\/tr>\n<tr>\n<td>Brugergr\u00e6nseflade<\/td>\n<td>4,3 tommer \/ Ingen sk\u00e6rm<\/td>\n<\/tr>\n<tr>\n<td>Styringssystem<\/td>\n<td>Offline-styringsv\u00e6rkt\u00f8jer \/ Driftsmonitoreringsplatform<\/td>\n<\/tr>\n<tr>\n<td>Dielektrisk styrke<\/td>\n<td>\u2265 2000V<\/td>\n<\/tr>\n<tr>\n<td>Kabinet IP-Kode<\/td>\n<td>IP54<\/td>\n<\/tr>\n<tr>\n<td>Driftstemperatur<\/td>\n<td>-20\u00b0C til 50\u00b0C<\/td>\n<\/tr>\n<tr>\n<td>Opbevaringstemperatur<\/td>\n<td>-20\u00b0C til 70\u00b0C<\/td>\n<\/tr>\n<tr>\n<td>Stiktype<\/td>\n<td>GB\/T20234.2-2015 Type C<\/td>\n<\/tr>\n<tr>\n<td>M\u00e5lemetode<\/td>\n<td>Integreret energim\u00e5ler<\/td>\n<\/tr>\n<tr>\n<td>P\u00e5lidelighed<\/td>\n<td>50.000 timer<\/td>\n<\/tr>\n<tr>\n<td>Beskyttelsessystem<\/td>\n<td>Over\/Undersp\u00e6nding, Kortslutning, Overbelastning, L\u00e6kage, Oversp\u00e6ndingsbeskyttelse<\/td>\n<\/tr>\n<tr>\n<td>Kabinetmateriale<\/td>\n<td>Metall\u00e6g<\/td>\n<\/tr>\n<tr>\n<td>Opladningskabel l\u00e6ngde<\/td>\n<td>3,5m (Tilpasning mulig)<\/td>\n<\/tr>\n<\/tbody>\n<\/table>\n","protected":false},"featured_media":586,"comment_status":"closed","ping_status":"closed","template":"","meta":[],"product_brand":[],"product_cat":[695],"product_tag":[795],"class_list":{"0":"post-1121","1":"product","2":"type-product","3":"status-publish","4":"has-post-thumbnail","6":"product_cat-charger-da","7":"product_tag-ac-charging-da","9":"first","10":"instock","11":"shipping-taxable","12":"product-type-simple","13":"prodpage-classic"},"aioseo_notices":[],"_links":{"self":[{"href":"https:\/\/www.pandaexo.com\/da\/wp-json\/wp\/v2\/product\/1121","targetHints":{"allow":["GET"]}}],"collection":[{"href":"https:\/\/www.pandaexo.com\/da\/wp-json\/wp\/v2\/product"}],"about":[{"href":"https:\/\/www.pandaexo.com\/da\/wp-json\/wp\/v2\/types\/product"}],"replies":[{"embeddable":true,"href":"https:\/\/www.pandaexo.com\/da\/wp-json\/wp\/v2\/comments?post=1121"}],"wp:featuredmedia":[{"embeddable":true,"href":"https:\/\/www.pandaexo.com\/da\/wp-json\/wp\/v2\/media\/586"}],"wp:attachment":[{"href":"https:\/\/www.pandaexo.com\/da\/wp-json\/wp\/v2\/media?parent=1121"}],"wp:term":[{"taxonomy":"product_brand","embeddable":true,"href":"https:\/\/www.pandaexo.com\/da\/wp-json\/wp\/v2\/product_brand?post=1121"},{"taxonomy":"product_cat","embeddable":true,"href":"https:\/\/www.pandaexo.com\/da\/wp-json\/wp\/v2\/product_cat?post=1121"},{"taxonomy":"product_tag","embeddable":true,"href":"https:\/\/www.pandaexo.com\/da\/wp-json\/wp\/v2\/product_tag?post=1121"}],"curies":[{"name":"wp","href":"https:\/\/api.w.org\/{rel}","templated":true}]}}