{"id":1425,"date":"2016-11-15T14:02:30","date_gmt":"2016-11-15T06:02:30","guid":{"rendered":"https:\/\/www.pandaexo.com\/contact\/"},"modified":"2026-03-18T20:24:48","modified_gmt":"2026-03-18T12:24:48","slug":"contact","status":"publish","type":"page","link":"https:\/\/www.pandaexo.com\/de\/contact\/","title":{"rendered":"Kontaktieren Sie uns"},"content":{"rendered":"<p>Egal, ob Sie nach Halbleiterkomponenten in gro\u00dfen St\u00fcckzahlen oder einem umfassenden Ausbau der Ladeinfrastruktur f\u00fcr Elektrofahrzeuge suchen, unser technisches Team steht bereit, um zu unterst\u00fctzen.<\/p>\n","protected":false},"excerpt":{"rendered":"<p>Egal, ob Sie nach Halbleiterkomponenten in gro\u00dfen St\u00fcckzahlen oder einem umfassenden Ausbau der Ladeinfrastruktur f\u00fcr Elektrofahrzeuge suchen, unser technisches Team steht bereit, um zu unterst\u00fctzen.<\/p>\n","protected":false},"author":1,"featured_media":0,"parent":0,"menu_order":0,"comment_status":"closed","ping_status":"closed","template":"","meta":{"footnotes":""},"class_list":["post-1425","page","type-page","status-publish","hentry","prodpage-classic"],"aioseo_notices":[],"_links":{"self":[{"href":"https:\/\/www.pandaexo.com\/de\/wp-json\/wp\/v2\/pages\/1425","targetHints":{"allow":["GET"]}}],"collection":[{"href":"https:\/\/www.pandaexo.com\/de\/wp-json\/wp\/v2\/pages"}],"about":[{"href":"https:\/\/www.pandaexo.com\/de\/wp-json\/wp\/v2\/types\/page"}],"author":[{"embeddable":true,"href":"https:\/\/www.pandaexo.com\/de\/wp-json\/wp\/v2\/users\/1"}],"replies":[{"embeddable":true,"href":"https:\/\/www.pandaexo.com\/de\/wp-json\/wp\/v2\/comments?post=1425"}],"version-history":[{"count":0,"href":"https:\/\/www.pandaexo.com\/de\/wp-json\/wp\/v2\/pages\/1425\/revisions"}],"wp:attachment":[{"href":"https:\/\/www.pandaexo.com\/de\/wp-json\/wp\/v2\/media?parent=1425"}],"curies":[{"name":"wp","href":"https:\/\/api.w.org\/{rel}","templated":true}]}}