{"id":1085,"date":"2026-03-10T04:52:22","date_gmt":"2026-03-09T20:52:22","guid":{"rendered":"https:\/\/www.pandaexo.com\/shop\/7kw-14kw-ac-ev-charger-post-mounted\/"},"modified":"2026-03-18T19:36:57","modified_gmt":"2026-03-18T11:36:57","slug":"7kw-14kw-ac-ev-charger-post-mounted","status":"publish","type":"product","link":"https:\/\/www.pandaexo.com\/de\/shop\/7kw-14kw-ac-ev-charger-post-mounted\/","title":{"rendered":"7kW\/14kW AC EV-Ladeger\u00e4t (Pfostenmontiert)"},"content":{"rendered":"<h3>Produktmodell-Benennungskonvention<\/h3>\n<p><img loading=\"lazy\" decoding=\"async\" src=\"https:\/\/www.pandaexo.com\/wp-content\/uploads\/2026\/03\/Product-Model-Naming-Convention.webp\" alt=\"Produktmodell-Benennungskonvention\" width=\"771\" height=\"369\" \/><\/p>\n<h3>Auswahl des Stromkabels<\/h3>\n<table class=\"table table-striped table-bordered\">\n<tbody>\n<tr>\n<td>Gesamte Nennausgangsleistung<\/td>\n<td>Nenneingangsspannung<\/td>\n<td>Nenneingangsstrom<\/td>\n<td>Empfohlenes Stromkabel<\/td>\n<\/tr>\n<tr>\n<td height=\"50\">3,5 kW<\/td>\n<td height=\"50\">AC220V<\/td>\n<td height=\"50\">16 A<\/td>\n<td height=\"50\">ZR-YJV-3*6<\/td>\n<\/tr>\n<tr>\n<td height=\"50\">7 kW<\/td>\n<td height=\"50\">AC220V<\/td>\n<td height=\"50\">32 A<\/td>\n<td height=\"50\">ZR-YJV-3*10<\/td>\n<\/tr>\n<tr>\n<td height=\"50\">14 kW<\/td>\n<td height=\"50\">AC220V<\/td>\n<td height=\"50\">64 A<\/td>\n<td height=\"50\">ZR-YJV-3*16<\/td>\n<\/tr>\n<tr>\n<td height=\"50\">30 kW<\/td>\n<td height=\"50\">AC380V<\/td>\n<td height=\"50\">45 A<\/td>\n<td height=\"50\">ZR-YJV-4*25+1*16<\/td>\n<\/tr>\n<tr>\n<td height=\"50\">60 kW<\/td>\n<td height=\"50\">AC380V<\/td>\n<td height=\"50\">91 A<\/td>\n<td height=\"50\">ZR-YJV-4*35+1*16<\/td>\n<\/tr>\n<tr>\n<td height=\"50\">90 kW<\/td>\n<td height=\"50\">AC380V<\/td>\n<td height=\"50\">136 A<\/td>\n<td height=\"50\">ZR-YJV-4*70+1*35<\/td>\n<\/tr>\n<tr>\n<td height=\"50\">120 kW<\/td>\n<td height=\"50\">AC380V<\/td>\n<td height=\"50\">182 A<\/td>\n<td height=\"50\">ZR-YJV-4*95+1*50<\/td>\n<\/tr>\n<tr>\n<td height=\"50\">160 kW<\/td>\n<td height=\"50\">AC380V<\/td>\n<td height=\"50\">243 A<\/td>\n<td height=\"50\">ZR-YJV-4*120+1*70<\/td>\n<\/tr>\n<tr>\n<td height=\"50\">240 kW<\/td>\n<td height=\"50\">AC380V<\/td>\n<td height=\"50\">365 A<\/td>\n<td height=\"50\">ZR-YJV-4*185+1*95<\/td>\n<\/tr>\n<\/tbody>\n<\/table>\n<h3>Garantieinformationen f\u00fcr das Ausland<\/h3>\n<p>F\u00fcr Ladestandorte au\u00dferhalb Chinas bieten wir 1 % anf\u00e4lliger Ersatzteile und einen 24-Stunden-Fernunterst\u00fctzungsservice.<\/p>\n<h3>Backend-Managementsystem<\/h3>\n<ul>\n<li><strong>Hierarchisches Management<\/strong><br \/>\nImplementierung eines dreistufigen Managementsystems, das Betreiberebene, Ladestationsebene und Ladeger\u00e4te-Endger\u00e4teebene umfasst. Dies integriert verschiedene Betreiber in eine gro\u00dfe Plattform und erm\u00f6glicht das Teilen von Ladeger\u00e4ten und Betriebsdaten.<\/li>\n<li><strong>Fern\u00fcberwachung<\/strong><br \/>\nErm\u00f6glicht die Fern\u00fcberwachung des Status jedes Ladeger\u00e4ts, sammelt Betriebsdaten und generiert verschiedene Arten von Produktionsberichten, um das Betriebsmanagement zu vereinfachen.<\/li>\n<li><strong>Benutzerverwaltung<\/strong><br \/>\nNahtlose Kombination von g\u00e4ngigen Ladekarten mit WeChat-Konten. Ladekarten k\u00f6nnen gleichzeitig online und offline verwendet werden, was das Laden bequemer macht.<\/li>\n<\/ul>\n<h3>Vor-Ort-Fotos der installierten EV-Ladestationen<\/h3>\n<p><img loading=\"lazy\" decoding=\"async\" class=\"alignnone size-full wp-image-618\" src=\"https:\/\/www.pandaexo.com\/wp-content\/uploads\/2026\/03\/On-site-photos-of-the-installed-EV-charging-stations-1.webp\" alt=\"Vor-Ort-Fotos der installierten EV-Ladestationen (1)\" width=\"1808\" height=\"1108\" srcset=\"https:\/\/www.pandaexo.com\/wp-content\/uploads\/2026\/03\/On-site-photos-of-the-installed-EV-charging-stations-1.webp 1808w, https:\/\/www.pandaexo.com\/wp-content\/uploads\/2026\/03\/On-site-photos-of-the-installed-EV-charging-stations-1-768x471.webp 768w, https:\/\/www.pandaexo.com\/wp-content\/uploads\/2026\/03\/On-site-photos-of-the-installed-EV-charging-stations-1-1536x941.webp 1536w, https:\/\/www.pandaexo.com\/wp-content\/uploads\/2026\/03\/On-site-photos-of-the-installed-EV-charging-stations-1-280x172.webp 280w, https:\/\/www.pandaexo.com\/wp-content\/uploads\/2026\/03\/On-site-photos-of-the-installed-EV-charging-stations-1-1170x717.webp 1170w, https:\/\/www.pandaexo.com\/wp-content\/uploads\/2026\/03\/On-site-photos-of-the-installed-EV-charging-stations-1-1500x919.webp 1500w\" sizes=\"auto, (max-width: 1808px) 100vw, 1808px\" \/> <img loading=\"lazy\" decoding=\"async\" class=\"alignnone size-full wp-image-619\" src=\"https:\/\/www.pandaexo.com\/wp-content\/uploads\/2026\/03\/On-site-photos-of-the-installed-EV-charging-stations-2.webp\" alt=\"Vor-Ort-Fotos der installierten EV-Ladestationen (2)\" width=\"1792\" height=\"1101\" srcset=\"https:\/\/www.pandaexo.com\/wp-content\/uploads\/2026\/03\/On-site-photos-of-the-installed-EV-charging-stations-2.webp 1792w, https:\/\/www.pandaexo.com\/wp-content\/uploads\/2026\/03\/On-site-photos-of-the-installed-EV-charging-stations-2-768x472.webp 768w, https:\/\/www.pandaexo.com\/wp-content\/uploads\/2026\/03\/On-site-photos-of-the-installed-EV-charging-stations-2-1536x944.webp 1536w, https:\/\/www.pandaexo.com\/wp-content\/uploads\/2026\/03\/On-site-photos-of-the-installed-EV-charging-stations-2-280x172.webp 280w, https:\/\/www.pandaexo.com\/wp-content\/uploads\/2026\/03\/On-site-photos-of-the-installed-EV-charging-stations-2-1170x719.webp 1170w, https:\/\/www.pandaexo.com\/wp-content\/uploads\/2026\/03\/On-site-photos-of-the-installed-EV-charging-stations-2-1500x922.webp 1500w\" sizes=\"auto, (max-width: 1792px) 100vw, 1792px\" \/><\/p>\n","protected":false},"excerpt":{"rendered":"<table class=\"table table-striped table-bordered\">\n<tbody>\n<tr>\n<td>Produktmodell<\/td>\n<td>INTEK-AC-7KW\/14KW<\/td>\n<\/tr>\n<tr>\n<td>Eingangsspannungsbereich<\/td>\n<td>220Vac\u00b120%<\/td>\n<\/tr>\n<tr>\n<td>Frequenz<\/td>\n<td>50Hz\/60Hz<\/td>\n<\/tr>\n<tr>\n<td>Ausgangsspannungsbereich<\/td>\n<td>220Vac\u00b120%<\/td>\n<\/tr>\n<tr>\n<td>Nennstrom<\/td>\n<td>16Aac2\/32Aac2<\/td>\n<\/tr>\n<tr>\n<td>Maximale Ausgangsleistung<\/td>\n<td>3.5kW2\/7kW2<\/td>\n<\/tr>\n<tr>\n<td>Ladeanschluss<\/td>\n<td>Doppelte Anschl\u00fcsse<\/td>\n<\/tr>\n<tr>\n<td>Aktivierung (Konfigurationsoptionen)<\/td>\n<td>RFID\/QR-Code scannen<\/td>\n<\/tr>\n<tr>\n<td>Konnektivit\u00e4t<\/td>\n<td>Standard RJ45-Schnittstelle\/4G<\/td>\n<\/tr>\n<tr>\n<td>Benutzeroberfl\u00e4che<\/td>\n<td>4,3 Zoll\/Kein Display<\/td>\n<\/tr>\n<tr>\n<td>Verwaltungssystem<\/td>\n<td>Offline-Verwaltungstools, Betriebs\u00fcberwachungsplattform<\/td>\n<\/tr>\n<tr>\n<td>Isolationsfestigkeit<\/td>\n<td>\u22652000V<\/td>\n<\/tr>\n<tr>\n<td>Geh\u00e4use IP-Code<\/td>\n<td>IP54<\/td>\n<\/tr>\n<tr>\n<td>Betriebstemperaturbereich<\/td>\n<td>-20~50\u00b0C<\/td>\n<\/tr>\n<tr>\n<td>Lagertemperaturbereich<\/td>\n<td>-20~70\u00b0C<\/td>\n<\/tr>\n<tr>\n<td>Anschlusstyp<\/td>\n<td>GB\/T20234.2-2015 Typ C<\/td>\n<\/tr>\n<tr>\n<td>Messmethode<\/td>\n<td>Integrierter Energiemesser<\/td>\n<\/tr>\n<tr>\n<td>Zuverl\u00e4ssigkeit<\/td>\n<td>50000h<\/td>\n<\/tr>\n<tr>\n<td>Schutzsystem<\/td>\n<td>\u00dcber-\/Unterspannung, Kurzschluss, \u00dcberlast, Leckstrom, \u00dcberspannungsschutz<\/td>\n<\/tr>\n<tr>\n<td>Installation<\/td>\n<td>Pfosten<\/td>\n<\/tr>\n<tr>\n<td>Geh\u00e4usematerial<\/td>\n<td>Blech<\/td>\n<\/tr>\n<tr>\n<td>Ladekabell\u00e4nge<\/td>\n<td>3.5m (Anpassung m\u00f6glich)<\/td>\n<\/tr>\n<\/tbody>\n<\/table>\n","protected":false},"featured_media":590,"comment_status":"closed","ping_status":"closed","template":"","meta":[],"product_brand":[],"product_cat":[685],"product_tag":[799],"class_list":{"0":"post-1085","1":"product","2":"type-product","3":"status-publish","4":"has-post-thumbnail","6":"product_cat-charger-de","7":"product_tag-ac-charging-de","9":"first","10":"instock","11":"shipping-taxable","12":"product-type-simple","13":"prodpage-classic"},"aioseo_notices":[],"_links":{"self":[{"href":"https:\/\/www.pandaexo.com\/de\/wp-json\/wp\/v2\/product\/1085","targetHints":{"allow":["GET"]}}],"collection":[{"href":"https:\/\/www.pandaexo.com\/de\/wp-json\/wp\/v2\/product"}],"about":[{"href":"https:\/\/www.pandaexo.com\/de\/wp-json\/wp\/v2\/types\/product"}],"replies":[{"embeddable":true,"href":"https:\/\/www.pandaexo.com\/de\/wp-json\/wp\/v2\/comments?post=1085"}],"wp:featuredmedia":[{"embeddable":true,"href":"https:\/\/www.pandaexo.com\/de\/wp-json\/wp\/v2\/media\/590"}],"wp:attachment":[{"href":"https:\/\/www.pandaexo.com\/de\/wp-json\/wp\/v2\/media?parent=1085"}],"wp:term":[{"taxonomy":"product_brand","embeddable":true,"href":"https:\/\/www.pandaexo.com\/de\/wp-json\/wp\/v2\/product_brand?post=1085"},{"taxonomy":"product_cat","embeddable":true,"href":"https:\/\/www.pandaexo.com\/de\/wp-json\/wp\/v2\/product_cat?post=1085"},{"taxonomy":"product_tag","embeddable":true,"href":"https:\/\/www.pandaexo.com\/de\/wp-json\/wp\/v2\/product_tag?post=1085"}],"curies":[{"name":"wp","href":"https:\/\/api.w.org\/{rel}","templated":true}]}}