{"id":1185,"date":"2026-03-08T18:27:57","date_gmt":"2026-03-08T10:27:57","guid":{"rendered":"https:\/\/www.pandaexo.com\/shop\/bridge-rectifier\/"},"modified":"2026-03-18T19:34:54","modified_gmt":"2026-03-18T11:34:54","slug":"bridge-rectifier","status":"publish","type":"product","link":"https:\/\/www.pandaexo.com\/de\/shop\/bridge-rectifier\/","title":{"rendered":"Br\u00fcckengleichrichter"},"content":{"rendered":"<style type=\"text\/css\">\r\n\t\t\t\t#gallery-1 {\r\n\t\t\t\t\tmargin: auto;\r\n\t\t\t\t}\r\n\t\t\t\t#gallery-1 .gallery-item {\r\n\t\t\t\t\tfloat: left;\r\n\t\t\t\t\tmargin-top: 10px;\r\n\t\t\t\t\ttext-align: center;\r\n\t\t\t\t\twidth: 25%;\r\n\t\t\t\t}\r\n\t\t\t\t#gallery-1 .gallery-caption {\r\n\t\t\t\t\tmargin-left: 0;\r\n\t\t\t\t}\r\n\t\t\t<\/style><!-- see gallery_shortcode() in wp-includes\/media.php -->\r\n\t\t\t\n\t\t<div id=\"gallery-1\" class=\"gallery galleryid-1185 mfp-gallery mfp-gallery--images gallery-columns-4 gallery-size-full\"><div class=\"row zn_image_gallery \"><div class=\"col-sm-6 col-md-4 col-lg-3\"><a href=\"https:\/\/www.pandaexo.com\/wp-content\/uploads\/2026\/03\/Bridge-Rectifier-KBU-Series.png\" title=\"\" class=\"hoverBorder\"><img loading=\"lazy\" decoding=\"async\" width=\"1268\" height=\"1751\" src=\"https:\/\/www.pandaexo.com\/wp-content\/uploads\/2026\/03\/Bridge-Rectifier-KBU-Series.png\" class=\"attachment-full size-full\" alt=\"Bridge Rectifier KBU Series\" link=\"file\" columns=\"4\" size=\"full\" ids=\"560,566,565,564,563,562,561,568\" orderby=\"post__in\" include=\"560,566,565,564,563,562,561,568\" srcset=\"https:\/\/www.pandaexo.com\/wp-content\/uploads\/2026\/03\/Bridge-Rectifier-KBU-Series.png 1268w, https:\/\/www.pandaexo.com\/wp-content\/uploads\/2026\/03\/Bridge-Rectifier-KBU-Series-768x1061.png 768w, https:\/\/www.pandaexo.com\/wp-content\/uploads\/2026\/03\/Bridge-Rectifier-KBU-Series-1112x1536.png 1112w, https:\/\/www.pandaexo.com\/wp-content\/uploads\/2026\/03\/Bridge-Rectifier-KBU-Series-135x187.png 135w, https:\/\/www.pandaexo.com\/wp-content\/uploads\/2026\/03\/Bridge-Rectifier-KBU-Series-1170x1616.png 1170w, https:\/\/www.pandaexo.com\/wp-content\/uploads\/2026\/03\/Bridge-Rectifier-KBU-Series-600x829.png 600w\" sizes=\"auto, (max-width: 1268px) 100vw, 1268px\" \/><span class=\"gallery_caption\"><\/span><\/a><\/div><div class=\"col-sm-6 col-md-4 col-lg-3\"><a href=\"https:\/\/www.pandaexo.com\/wp-content\/uploads\/2026\/03\/Bridge-Rectifier-KBP-Series.png\" title=\"\" class=\"hoverBorder\"><img loading=\"lazy\" decoding=\"async\" width=\"1268\" height=\"1751\" src=\"https:\/\/www.pandaexo.com\/wp-content\/uploads\/2026\/03\/Bridge-Rectifier-KBP-Series.png\" class=\"attachment-full size-full\" alt=\"Bridge Rectifier KBP Series\" link=\"file\" columns=\"4\" size=\"full\" ids=\"560,566,565,564,563,562,561,568\" orderby=\"post__in\" include=\"560,566,565,564,563,562,561,568\" srcset=\"https:\/\/www.pandaexo.com\/wp-content\/uploads\/2026\/03\/Bridge-Rectifier-KBP-Series.png 1268w, https:\/\/www.pandaexo.com\/wp-content\/uploads\/2026\/03\/Bridge-Rectifier-KBP-Series-768x1061.png 768w, https:\/\/www.pandaexo.com\/wp-content\/uploads\/2026\/03\/Bridge-Rectifier-KBP-Series-1112x1536.png 1112w, https:\/\/www.pandaexo.com\/wp-content\/uploads\/2026\/03\/Bridge-Rectifier-KBP-Series-135x187.png 135w, https:\/\/www.pandaexo.com\/wp-content\/uploads\/2026\/03\/Bridge-Rectifier-KBP-Series-1170x1616.png 1170w, https:\/\/www.pandaexo.com\/wp-content\/uploads\/2026\/03\/Bridge-Rectifier-KBP-Series-600x829.png 600w\" sizes=\"auto, (max-width: 1268px) 100vw, 1268px\" \/><span class=\"gallery_caption\"><\/span><\/a><\/div><div class=\"col-sm-6 col-md-4 col-lg-3\"><a href=\"https:\/\/www.pandaexo.com\/wp-content\/uploads\/2026\/03\/Bridge-Rectifier-KBL-Series.png\" title=\"\" class=\"hoverBorder\"><img loading=\"lazy\" decoding=\"async\" width=\"1268\" height=\"1751\" src=\"https:\/\/www.pandaexo.com\/wp-content\/uploads\/2026\/03\/Bridge-Rectifier-KBL-Series.png\" class=\"attachment-full size-full\" alt=\"Bridge Rectifier KBL Series\" link=\"file\" columns=\"4\" size=\"full\" ids=\"560,566,565,564,563,562,561,568\" orderby=\"post__in\" include=\"560,566,565,564,563,562,561,568\" srcset=\"https:\/\/www.pandaexo.com\/wp-content\/uploads\/2026\/03\/Bridge-Rectifier-KBL-Series.png 1268w, https:\/\/www.pandaexo.com\/wp-content\/uploads\/2026\/03\/Bridge-Rectifier-KBL-Series-768x1061.png 768w, https:\/\/www.pandaexo.com\/wp-content\/uploads\/2026\/03\/Bridge-Rectifier-KBL-Series-1112x1536.png 1112w, https:\/\/www.pandaexo.com\/wp-content\/uploads\/2026\/03\/Bridge-Rectifier-KBL-Series-135x187.png 135w, https:\/\/www.pandaexo.com\/wp-content\/uploads\/2026\/03\/Bridge-Rectifier-KBL-Series-1170x1616.png 1170w, https:\/\/www.pandaexo.com\/wp-content\/uploads\/2026\/03\/Bridge-Rectifier-KBL-Series-600x829.png 600w\" sizes=\"auto, (max-width: 1268px) 100vw, 1268px\" \/><span class=\"gallery_caption\"><\/span><\/a><\/div><div class=\"col-sm-6 col-md-4 col-lg-3\"><a href=\"https:\/\/www.pandaexo.com\/wp-content\/uploads\/2026\/03\/Bridge-Rectifier-K8-Series.png\" title=\"\" class=\"hoverBorder\"><img loading=\"lazy\" decoding=\"async\" width=\"1268\" height=\"1751\" src=\"https:\/\/www.pandaexo.com\/wp-content\/uploads\/2026\/03\/Bridge-Rectifier-K8-Series.png\" class=\"attachment-full size-full\" alt=\"Bridge Rectifier K8 Series\" link=\"file\" columns=\"4\" size=\"full\" ids=\"560,566,565,564,563,562,561,568\" orderby=\"post__in\" include=\"560,566,565,564,563,562,561,568\" srcset=\"https:\/\/www.pandaexo.com\/wp-content\/uploads\/2026\/03\/Bridge-Rectifier-K8-Series.png 1268w, https:\/\/www.pandaexo.com\/wp-content\/uploads\/2026\/03\/Bridge-Rectifier-K8-Series-768x1061.png 768w, https:\/\/www.pandaexo.com\/wp-content\/uploads\/2026\/03\/Bridge-Rectifier-K8-Series-1112x1536.png 1112w, https:\/\/www.pandaexo.com\/wp-content\/uploads\/2026\/03\/Bridge-Rectifier-K8-Series-135x187.png 135w, https:\/\/www.pandaexo.com\/wp-content\/uploads\/2026\/03\/Bridge-Rectifier-K8-Series-1170x1616.png 1170w, https:\/\/www.pandaexo.com\/wp-content\/uploads\/2026\/03\/Bridge-Rectifier-K8-Series-600x829.png 600w\" sizes=\"auto, (max-width: 1268px) 100vw, 1268px\" \/><span class=\"gallery_caption\"><\/span><\/a><\/div><\/div><div class=\"row zn_image_gallery \"><div class=\"col-sm-6 col-md-4 col-lg-3\"><a href=\"https:\/\/www.pandaexo.com\/wp-content\/uploads\/2026\/03\/Bridge-Rectifier-K6-Series.png\" title=\"\" class=\"hoverBorder\"><img loading=\"lazy\" decoding=\"async\" width=\"1268\" height=\"1751\" src=\"https:\/\/www.pandaexo.com\/wp-content\/uploads\/2026\/03\/Bridge-Rectifier-K6-Series.png\" class=\"attachment-full size-full\" alt=\"Bridge Rectifier K6 Series\" link=\"file\" columns=\"4\" size=\"full\" ids=\"560,566,565,564,563,562,561,568\" orderby=\"post__in\" include=\"560,566,565,564,563,562,561,568\" srcset=\"https:\/\/www.pandaexo.com\/wp-content\/uploads\/2026\/03\/Bridge-Rectifier-K6-Series.png 1268w, https:\/\/www.pandaexo.com\/wp-content\/uploads\/2026\/03\/Bridge-Rectifier-K6-Series-768x1061.png 768w, https:\/\/www.pandaexo.com\/wp-content\/uploads\/2026\/03\/Bridge-Rectifier-K6-Series-1112x1536.png 1112w, https:\/\/www.pandaexo.com\/wp-content\/uploads\/2026\/03\/Bridge-Rectifier-K6-Series-135x187.png 135w, https:\/\/www.pandaexo.com\/wp-content\/uploads\/2026\/03\/Bridge-Rectifier-K6-Series-1170x1616.png 1170w, https:\/\/www.pandaexo.com\/wp-content\/uploads\/2026\/03\/Bridge-Rectifier-K6-Series-600x829.png 600w\" sizes=\"auto, (max-width: 1268px) 100vw, 1268px\" \/><span class=\"gallery_caption\"><\/span><\/a><\/div><div class=\"col-sm-6 col-md-4 col-lg-3\"><a href=\"https:\/\/www.pandaexo.com\/wp-content\/uploads\/2026\/03\/Bridge-Rectifier-K3-Series.png\" title=\"\" class=\"hoverBorder\"><img loading=\"lazy\" decoding=\"async\" width=\"1268\" height=\"1751\" src=\"https:\/\/www.pandaexo.com\/wp-content\/uploads\/2026\/03\/Bridge-Rectifier-K3-Series.png\" class=\"attachment-full size-full\" alt=\"Bridge Rectifier K3 Series\" link=\"file\" columns=\"4\" size=\"full\" ids=\"560,566,565,564,563,562,561,568\" orderby=\"post__in\" include=\"560,566,565,564,563,562,561,568\" srcset=\"https:\/\/www.pandaexo.com\/wp-content\/uploads\/2026\/03\/Bridge-Rectifier-K3-Series.png 1268w, https:\/\/www.pandaexo.com\/wp-content\/uploads\/2026\/03\/Bridge-Rectifier-K3-Series-768x1061.png 768w, https:\/\/www.pandaexo.com\/wp-content\/uploads\/2026\/03\/Bridge-Rectifier-K3-Series-1112x1536.png 1112w, https:\/\/www.pandaexo.com\/wp-content\/uploads\/2026\/03\/Bridge-Rectifier-K3-Series-135x187.png 135w, https:\/\/www.pandaexo.com\/wp-content\/uploads\/2026\/03\/Bridge-Rectifier-K3-Series-1170x1616.png 1170w, https:\/\/www.pandaexo.com\/wp-content\/uploads\/2026\/03\/Bridge-Rectifier-K3-Series-600x829.png 600w\" sizes=\"auto, (max-width: 1268px) 100vw, 1268px\" \/><span class=\"gallery_caption\"><\/span><\/a><\/div><div class=\"col-sm-6 col-md-4 col-lg-3\"><a href=\"https:\/\/www.pandaexo.com\/wp-content\/uploads\/2026\/03\/Bridge-Rectifier-6GBJ-Series.png\" title=\"\" class=\"hoverBorder\"><img loading=\"lazy\" decoding=\"async\" width=\"1268\" height=\"1751\" src=\"https:\/\/www.pandaexo.com\/wp-content\/uploads\/2026\/03\/Bridge-Rectifier-6GBJ-Series.png\" class=\"attachment-full size-full\" alt=\"\" link=\"file\" columns=\"4\" size=\"full\" ids=\"560,566,565,564,563,562,561,568\" orderby=\"post__in\" include=\"560,566,565,564,563,562,561,568\" srcset=\"https:\/\/www.pandaexo.com\/wp-content\/uploads\/2026\/03\/Bridge-Rectifier-6GBJ-Series.png 1268w, https:\/\/www.pandaexo.com\/wp-content\/uploads\/2026\/03\/Bridge-Rectifier-6GBJ-Series-768x1061.png 768w, https:\/\/www.pandaexo.com\/wp-content\/uploads\/2026\/03\/Bridge-Rectifier-6GBJ-Series-1112x1536.png 1112w, https:\/\/www.pandaexo.com\/wp-content\/uploads\/2026\/03\/Bridge-Rectifier-6GBJ-Series-135x187.png 135w, https:\/\/www.pandaexo.com\/wp-content\/uploads\/2026\/03\/Bridge-Rectifier-6GBJ-Series-1170x1616.png 1170w, https:\/\/www.pandaexo.com\/wp-content\/uploads\/2026\/03\/Bridge-Rectifier-6GBJ-Series-600x829.png 600w\" sizes=\"auto, (max-width: 1268px) 100vw, 1268px\" \/><span class=\"gallery_caption\"><\/span><\/a><\/div><div class=\"col-sm-6 col-md-4 col-lg-3\"><a href=\"https:\/\/www.pandaexo.com\/wp-content\/uploads\/2026\/03\/Bridge-Rectifier-4GBJ-Series.png\" title=\"\" class=\"hoverBorder\"><img loading=\"lazy\" decoding=\"async\" width=\"1268\" height=\"1751\" src=\"https:\/\/www.pandaexo.com\/wp-content\/uploads\/2026\/03\/Bridge-Rectifier-4GBJ-Series.png\" class=\"attachment-full size-full\" alt=\"Bridge Rectifier 4GBJ Series\" link=\"file\" columns=\"4\" size=\"full\" ids=\"560,566,565,564,563,562,561,568\" orderby=\"post__in\" include=\"560,566,565,564,563,562,561,568\" srcset=\"https:\/\/www.pandaexo.com\/wp-content\/uploads\/2026\/03\/Bridge-Rectifier-4GBJ-Series.png 1268w, https:\/\/www.pandaexo.com\/wp-content\/uploads\/2026\/03\/Bridge-Rectifier-4GBJ-Series-768x1061.png 768w, https:\/\/www.pandaexo.com\/wp-content\/uploads\/2026\/03\/Bridge-Rectifier-4GBJ-Series-1112x1536.png 1112w, https:\/\/www.pandaexo.com\/wp-content\/uploads\/2026\/03\/Bridge-Rectifier-4GBJ-Series-135x187.png 135w, https:\/\/www.pandaexo.com\/wp-content\/uploads\/2026\/03\/Bridge-Rectifier-4GBJ-Series-1170x1616.png 1170w, https:\/\/www.pandaexo.com\/wp-content\/uploads\/2026\/03\/Bridge-Rectifier-4GBJ-Series-600x829.png 600w\" sizes=\"auto, (max-width: 1268px) 100vw, 1268px\" \/><span class=\"gallery_caption\"><\/span><\/a><\/div><\/div><\/div>\n","protected":false},"excerpt":{"rendered":"<p>Verbessern Sie Ihre elektronischen Leistungsdesigns mit unserer umfassenden Palette von hochleistungsf\u00e4higen Einphasen-Br\u00fcckengleichrichtern. Diese Gleichrichter sind f\u00fcr den universellen Einsatz in Industrie- und Verbraucherger\u00e4ten konzipiert und wandeln Wechselstrom (AC) effizient in Gleichstrom (DC) um, indem sie vier interne passivierte Silizium-\u00dcberg\u00e4nge in einer Vollbr\u00fcckenkonfiguration nutzen. Mit Fokus auf Langlebigkeit und Sicherheit konstruiert, zeichnen sich diese Bauteile durch eine zuverl\u00e4ssige, kosteng\u00fcnstige Bauweise mit Spritzguss-Kunststofftechnik aus. Das verwendete Kunststoffmaterial erf\u00fcllt die Entflammbarkeitsklassifizierung 94V-0 der Underwriters Laboratory (UL) und gew\u00e4hrleistet so maximale Sicherheit f\u00fcr Ihre Schaltungen. Egal, ob Sie Leiterplatten (PCBs) aufbauen oder eine Geh\u00e4usemontage ben\u00f6tigen \u2013 unsere Gleichrichter bieten hohe Sto\u00dfstromf\u00e4higkeit, geringen Durchlassspannungsabfall und hohe L\u00f6tbest\u00e4ndigkeit bei hohen Temperaturen (garantiert bis zu 265\u00b0C \/ 10 Sekunden).<\/p>\n<h3>Wesentliche Merkmale<\/h3>\n<ul>\n<li><strong>Hocheffiziente Wandlung:<\/strong> Vollbr\u00fcckenkonfiguration f\u00fcr stabile und zuverl\u00e4ssige AC-zu-DC-Leistungsgleichrichtung.<\/li>\n<li><strong>Robuste &amp; sichere Konstruktion:<\/strong> Spritzguss-Kunststoffgeh\u00e4use, das die UL-Entflammbarkeitsnorm 94V-0 erf\u00fcllt.<\/li>\n<li><strong>Hohe Sto\u00dfstromf\u00e4higkeit:<\/strong> Konzipiert, um hohe Einschaltstr\u00f6me zu bew\u00e4ltigen und Ihre nachgeschaltete Elektronik zu sch\u00fctzen.<\/li>\n<li><strong>Montagevielfalt:<\/strong> Ideal f\u00fcr Leiterplattenmontage (PCB) mit integrierten Abstandshaltern bei ausgew\u00e4hlten Modellen oder Geh\u00e4usemontageoptionen.<\/li>\n<li><strong>Thermische Belastbarkeit:<\/strong> Garantierte L\u00f6tleistung bei hohen Temperaturen f\u00fcr sichere und dauerhafte Verbindungen.<\/li>\n<\/ul>\n<h3>Serien-Vergleichsleitfaden<\/h3>\n<p>W\u00e4hlen Sie den perfekten Bauformfaktor und die Spezifikation f\u00fcr Ihre spezifischen Projektanforderungen aus unseren 8 spezialisierten Serien:<\/p>\n<table class=\"table table-striped table-bordered\">\n<thead>\n<tr>\n<th>Serie<\/th>\n<th>Geh\u00e4useart \/ Bauformfaktor<\/th>\n<th>Anschlusskonfiguration<\/th>\n<th>Besondere Merkmale &amp; Anwendungen<\/th>\n<\/tr>\n<\/thead>\n<tbody>\n<tr>\n<td><strong>KBP<\/strong><\/td>\n<td>Kompakt, rechteckig<\/td>\n<td>Gerade Anschl\u00fcsse<\/td>\n<td>Integrierte PCB-Abstandshalter; hochkompakt, ideal f\u00fcr platzbeschr\u00e4nkte PCB-Montage.<\/td>\n<\/tr>\n<tr>\n<td><strong>KBL<\/strong><\/td>\n<td>Standard, rechteckig<\/td>\n<td>Gerade Anschl\u00fcsse<\/td>\n<td>Integrierte PCB-Abstandshalter; Hohe Geh\u00e4usedielektrizit\u00e4tsfestigkeit f\u00fcr verbesserte elektrische Isolierung.<\/td>\n<\/tr>\n<tr>\n<td><strong>KBU<\/strong><\/td>\n<td>Flach, rechteckig mit Loch<\/td>\n<td>Gerade Anschl\u00fcsse<\/td>\n<td>Besitzt ein spezielles Montageloch f\u00fcr K\u00fchlk\u00f6rper; Polungssymbole klar auf dem Geh\u00e4use aufgespritzt.<\/td>\n<\/tr>\n<tr>\n<td><strong>6GBJ<\/strong><\/td>\n<td>Schlanke \/ flache Bauform<\/td>\n<td>Gerade Anschl\u00fcsse<\/td>\n<td>Au\u00dfergew\u00f6hnlich hohe Geh\u00e4usedielektrizit\u00e4tsfestigkeit von 1500VRMS; Ideal f\u00fcr schlanke PCB-Designs.<\/td>\n<\/tr>\n<tr>\n<td><strong>4GBJ<\/strong><\/td>\n<td>Schlanke \/ flache Bauform<\/td>\n<td>Gerade Anschl\u00fcsse<\/td>\n<td>Bewertung bis zu 1000V PRV (Peak Reverse Voltage); Bietet geringen Durchlassspannungsabfall f\u00fcr h\u00f6here Effizienz.<\/td>\n<\/tr>\n<tr>\n<td><strong>K3<\/strong><\/td>\n<td>Kompakt, quadratisch<\/td>\n<td>Drahtanschl\u00fcsse (Raster)<\/td>\n<td>Einphasen-Vollbr\u00fccke (KBPC-Serien-Stil) mit hoher Sto\u00dfstromf\u00e4higkeit auf kleinem Bauraum.<\/td>\n<\/tr>\n<tr>\n<td><strong>K6<\/strong><\/td>\n<td>Kompakt, quadratisch<\/td>\n<td>Drahtanschl\u00fcsse (Raster)<\/td>\n<td>Vollst\u00e4ndig konform mit der RoHS-Richtlinie 2002\/95\/EC; Umweltfreundliche Standardkonstruktion.<\/td>\n<\/tr>\n<tr>\n<td><strong>K8<\/strong><\/td>\n<td>Kompakt, quadratisch<\/td>\n<td>Drahtanschl\u00fcsse (Raster)<\/td>\n<td>Vollst\u00e4ndig charakterisierte Daten mit einem breiten Betriebstemperaturbereich; Geeignet f\u00fcr PCB- oder Geh\u00e4usemontage.<\/td>\n<\/tr>\n<\/tbody>\n<\/table>\n","protected":false},"featured_media":569,"comment_status":"closed","ping_status":"closed","template":"","meta":[],"product_brand":[],"product_cat":[671],"product_tag":[],"class_list":{"0":"post-1185","1":"product","2":"type-product","3":"status-publish","4":"has-post-thumbnail","6":"product_cat-semiconductor-de","8":"first","9":"instock","10":"shipping-taxable","11":"product-type-simple","12":"prodpage-classic"},"aioseo_notices":[],"_links":{"self":[{"href":"https:\/\/www.pandaexo.com\/de\/wp-json\/wp\/v2\/product\/1185","targetHints":{"allow":["GET"]}}],"collection":[{"href":"https:\/\/www.pandaexo.com\/de\/wp-json\/wp\/v2\/product"}],"about":[{"href":"https:\/\/www.pandaexo.com\/de\/wp-json\/wp\/v2\/types\/product"}],"replies":[{"embeddable":true,"href":"https:\/\/www.pandaexo.com\/de\/wp-json\/wp\/v2\/comments?post=1185"}],"wp:featuredmedia":[{"embeddable":true,"href":"https:\/\/www.pandaexo.com\/de\/wp-json\/wp\/v2\/media\/569"}],"wp:attachment":[{"href":"https:\/\/www.pandaexo.com\/de\/wp-json\/wp\/v2\/media?parent=1185"}],"wp:term":[{"taxonomy":"product_brand","embeddable":true,"href":"https:\/\/www.pandaexo.com\/de\/wp-json\/wp\/v2\/product_brand?post=1185"},{"taxonomy":"product_cat","embeddable":true,"href":"https:\/\/www.pandaexo.com\/de\/wp-json\/wp\/v2\/product_cat?post=1185"},{"taxonomy":"product_tag","embeddable":true,"href":"https:\/\/www.pandaexo.com\/de\/wp-json\/wp\/v2\/product_tag?post=1185"}],"curies":[{"name":"wp","href":"https:\/\/api.w.org\/{rel}","templated":true}]}}