{"id":925,"date":"2026-03-10T05:58:13","date_gmt":"2026-03-09T21:58:13","guid":{"rendered":"https:\/\/www.pandaexo.com\/shop\/240-1080kw-multi-connector-group-charging-system\/"},"modified":"2026-03-18T19:39:57","modified_gmt":"2026-03-18T11:39:57","slug":"240-1080kw-multi-connector-group-charging-system","status":"publish","type":"product","link":"https:\/\/www.pandaexo.com\/de\/shop\/240-1080kw-multi-connector-group-charging-system\/","title":{"rendered":"240-1080kW Multi-Stecker Gruppenladesystem"},"content":{"rendered":"<p><img loading=\"lazy\" decoding=\"async\" class=\"alignnone size-full wp-image-614\" src=\"https:\/\/www.pandaexo.com\/wp-content\/uploads\/2026\/03\/240-1080kW-Multi-connector-Group-Charging-System-1.webp\" alt=\"240-1080kW Multi-connector Group Charging System 1\" width=\"1000\" height=\"374\" srcset=\"https:\/\/www.pandaexo.com\/wp-content\/uploads\/2026\/03\/240-1080kW-Multi-connector-Group-Charging-System-1.webp 1000w, https:\/\/www.pandaexo.com\/wp-content\/uploads\/2026\/03\/240-1080kW-Multi-connector-Group-Charging-System-1-768x287.webp 768w, https:\/\/www.pandaexo.com\/wp-content\/uploads\/2026\/03\/240-1080kW-Multi-connector-Group-Charging-System-1-280x105.webp 280w\" sizes=\"auto, (max-width: 1000px) 100vw, 1000px\" \/><\/p>\n<h3>Produktmodell-Benennungskonvention<\/h3>\n<p><img loading=\"lazy\" decoding=\"async\" src=\"https:\/\/www.pandaexo.com\/wp-content\/uploads\/2026\/03\/Product-Model-Naming-Convention.webp\" alt=\"Product Model Naming Convention\" width=\"771\" height=\"369\" \/><\/p>\n<h3>Auswahl des Leistungskabels<\/h3>\n<table class=\"table table-striped table-bordered\">\n<tbody>\n<tr>\n<td>Gesamte Nennausgangsleistung<\/td>\n<td>Nenneingangsspannung<\/td>\n<td>Nenneingangsstrom<\/td>\n<td>Empfohlenes Leistungskabel<\/td>\n<\/tr>\n<tr>\n<td height=\"50\">3.5KW<\/td>\n<td height=\"50\">AC220V<\/td>\n<td height=\"50\">16A<\/td>\n<td height=\"50\">ZR-YJV-3*6<\/td>\n<\/tr>\n<tr>\n<td height=\"50\">7KW<\/td>\n<td height=\"50\">AC220V<\/td>\n<td height=\"50\">32A<\/td>\n<td height=\"50\">ZR-YJV-3*10<\/td>\n<\/tr>\n<tr>\n<td height=\"50\">14KW<\/td>\n<td height=\"50\">AC220V<\/td>\n<td height=\"50\">64A<\/td>\n<td height=\"50\">ZR-YJV-3*16<\/td>\n<\/tr>\n<tr>\n<td height=\"50\">30KW<\/td>\n<td height=\"50\">AC380V<\/td>\n<td height=\"50\">45A<\/td>\n<td height=\"50\">ZR-YJV-4*25+1*16<\/td>\n<\/tr>\n<tr>\n<td height=\"50\">60KW<\/td>\n<td height=\"50\">AC380V<\/td>\n<td height=\"50\">91A<\/td>\n<td height=\"50\">ZR-YJV-4*35+1*16<\/td>\n<\/tr>\n<tr>\n<td height=\"50\">90KW<\/td>\n<td height=\"50\">AC380V<\/td>\n<td height=\"50\">136A<\/td>\n<td height=\"50\">ZR-YJV-4*70+1*35<\/td>\n<\/tr>\n<tr>\n<td height=\"50\">120KW<\/td>\n<td height=\"50\">AC380V<\/td>\n<td height=\"50\">182A<\/td>\n<td height=\"50\">ZR-YJV-4*95+1*50<\/td>\n<\/tr>\n<tr>\n<td height=\"50\">160KW<\/td>\n<td height=\"50\">AC380V<\/td>\n<td height=\"50\">243A<\/td>\n<td height=\"50\">ZR-YJV-4*120+1*70<\/td>\n<\/tr>\n<tr>\n<td height=\"50\">240KW<\/td>\n<td height=\"50\">AC380V<\/td>\n<td height=\"50\">365A<\/td>\n<td height=\"50\">ZR-YJV-4*185+1*95<\/td>\n<\/tr>\n<\/tbody>\n<\/table>\n<h3>Informationen zur Auslandsgarantie<\/h3>\n<p>F\u00fcr Ladestandorte au\u00dferhalb Chinas bieten wir 1 % anf\u00e4llige Ersatzteile und einen 24-Stunden-Fernf\u00fchrungsservice.<\/p>\n<h3>Backend-Managementsystem<\/h3>\n<ul>\n<li><strong>Hierarchisches Management<\/strong><br \/>\nImplementierung eines dreistufigen Managementsystems, das Betreiber-, Ladestations- und Ladeger\u00e4teebenenmanagement umfasst. Dies integriert verschiedene Betreiber in eine gro\u00dfe Plattform und erm\u00f6glicht die gemeinsame Nutzung von Ladeger\u00e4ten und Betriebsdaten.<\/li>\n<li><strong>Fern\u00fcberwachung<\/strong><br \/>\nErm\u00f6glicht die Fern\u00fcberwachung des Status jedes Ladeger\u00e4ts, sammelt Betriebsdaten und erzeugt verschiedene Arten von Produktionsberichten, um das Betriebsmanagement zu vereinfachen.<\/li>\n<li><strong>Benutzerverwaltung<\/strong><br \/>\nNahtlose Kombination von Mainstream-Ladekarten mit WeChat-Konten. Ladekarten k\u00f6nnen gleichzeitig online und offline verwendet werden, was das Laden bequemer macht.<\/li>\n<\/ul>\n<h3>Vor-Ort-Fotos der installierten Elektrofahrzeug-Ladestationen<\/h3>\n<p><img loading=\"lazy\" decoding=\"async\" class=\"alignnone size-full wp-image-618\" src=\"https:\/\/www.pandaexo.com\/wp-content\/uploads\/2026\/03\/On-site-photos-of-the-installed-EV-charging-stations-1.webp\" alt=\"On-site photos of the installed EV charging stations (1)\" width=\"1808\" height=\"1108\" srcset=\"https:\/\/www.pandaexo.com\/wp-content\/uploads\/2026\/03\/On-site-photos-of-the-installed-EV-charging-stations-1.webp 1808w, https:\/\/www.pandaexo.com\/wp-content\/uploads\/2026\/03\/On-site-photos-of-the-installed-EV-charging-stations-1-768x471.webp 768w, https:\/\/www.pandaexo.com\/wp-content\/uploads\/2026\/03\/On-site-photos-of-the-installed-EV-charging-stations-1-1536x941.webp 1536w, https:\/\/www.pandaexo.com\/wp-content\/uploads\/2026\/03\/On-site-photos-of-the-installed-EV-charging-stations-1-280x172.webp 280w, https:\/\/www.pandaexo.com\/wp-content\/uploads\/2026\/03\/On-site-photos-of-the-installed-EV-charging-stations-1-1170x717.webp 1170w, https:\/\/www.pandaexo.com\/wp-content\/uploads\/2026\/03\/On-site-photos-of-the-installed-EV-charging-stations-1-1500x919.webp 1500w\" sizes=\"auto, (max-width: 1808px) 100vw, 1808px\" \/> <img loading=\"lazy\" decoding=\"async\" class=\"alignnone size-full wp-image-619\" src=\"https:\/\/www.pandaexo.com\/wp-content\/uploads\/2026\/03\/On-site-photos-of-the-installed-EV-charging-stations-2.webp\" alt=\"On-site photos of the installed EV charging stations (2)\" width=\"1792\" height=\"1101\" srcset=\"https:\/\/www.pandaexo.com\/wp-content\/uploads\/2026\/03\/On-site-photos-of-the-installed-EV-charging-stations-2.webp 1792w, https:\/\/www.pandaexo.com\/wp-content\/uploads\/2026\/03\/On-site-photos-of-the-installed-EV-charging-stations-2-768x472.webp 768w, https:\/\/www.pandaexo.com\/wp-content\/uploads\/2026\/03\/On-site-photos-of-the-installed-EV-charging-stations-2-1536x944.webp 1536w, https:\/\/www.pandaexo.com\/wp-content\/uploads\/2026\/03\/On-site-photos-of-the-installed-EV-charging-stations-2-280x172.webp 280w, https:\/\/www.pandaexo.com\/wp-content\/uploads\/2026\/03\/On-site-photos-of-the-installed-EV-charging-stations-2-1170x719.webp 1170w, https:\/\/www.pandaexo.com\/wp-content\/uploads\/2026\/03\/On-site-photos-of-the-installed-EV-charging-stations-2-1500x922.webp 1500w\" sizes=\"auto, (max-width: 1792px) 100vw, 1792px\" \/><\/p>\n","protected":false},"excerpt":{"rendered":"<table class=\"table table-striped table-bordered\">\n<tbody>\n<tr>\n<td>Produktmodell<\/td>\n<td>INTEK-DC-480kW<\/td>\n<\/tr>\n<tr>\n<td>Aktivierung (Konfigurationsoptionen)<\/td>\n<td>POS-Ger\u00e4t\/QR-Code-Scannen\/RFID-Zahlungsterminals mit OCPP<\/td>\n<\/tr>\n<tr>\n<td>Spannungsregelgenauigkeit<\/td>\n<td>\u2264\u00b10,5%<\/td>\n<\/tr>\n<tr>\n<td>Zuverl\u00e4ssigkeit<\/td>\n<td>50000h<\/td>\n<\/tr>\n<tr>\n<td>Eingangsspannungsbereich<\/td>\n<td>380Vac\u00b120%<\/td>\n<\/tr>\n<tr>\n<td>Konnektivit\u00e4t<\/td>\n<td>Standard RJ45-Schnittstelle\/4G<\/td>\n<\/tr>\n<tr>\n<td>Ausgangsstromfehler<\/td>\n<td>\u2264\u00b11%<\/td>\n<\/tr>\n<tr>\n<td>Schutzsystem<\/td>\n<td>\u00dcber-\/Unterspannung, Kurzschluss, \u00dcberlast, Ableitung, \u00dcberspannungsschutz<\/td>\n<\/tr>\n<tr>\n<td>Frequenz<\/td>\n<td>50Hz\/60Hz<\/td>\n<\/tr>\n<tr>\n<td>Benutzeroberfl\u00e4che<\/td>\n<td>7 Zoll<\/td>\n<\/tr>\n<tr>\n<td>Ausgangsspannungsfehler<\/td>\n<td>\u2264\u00b10,5%<\/td>\n<\/tr>\n<tr>\n<td>Installation<\/td>\n<td>Bodenmontage<\/td>\n<\/tr>\n<tr>\n<td>Ausgangsspannungsbereich<\/td>\n<td>200-1000Vdc<\/td>\n<\/tr>\n<tr>\n<td>Durchschlagfestigkeit<\/td>\n<td>\u22652000V<\/td>\n<\/tr>\n<tr>\n<td>Betriebstemperaturbereich<\/td>\n<td>-20~50\u2103<\/td>\n<\/tr>\n<tr>\n<td>Geh\u00e4usematerial<\/td>\n<td>Blech<\/td>\n<\/tr>\n<tr>\n<td>Nennstrom<\/td>\n<td>250Adc<\/td>\n<\/tr>\n<tr>\n<td>Geh\u00e4use-IP-Code<\/td>\n<td>IP54<\/td>\n<\/tr>\n<tr>\n<td>Lagertemperaturbereich<\/td>\n<td>-20~70\u2103<\/td>\n<\/tr>\n<tr>\n<td>Ladekabell\u00e4nge<\/td>\n<td>5m (Anpassung m\u00f6glich)<\/td>\n<\/tr>\n<tr>\n<td>Ausgangsmaximalleistung<\/td>\n<td>480kW<\/td>\n<\/tr>\n<tr>\n<td>Ger\u00e4uschpegel<\/td>\n<td>&lt; 75dB<\/td>\n<\/tr>\n<tr>\n<td>Steckertyp<\/td>\n<td>GB\/T20234.2-2015 Typ C\/CCS1\/CCS2<\/td>\n<\/tr>\n<tr>\n<td>Ladestecker<\/td>\n<td>7\/8 Stecker<\/td>\n<\/tr>\n<tr>\n<td>Stromregelgenauigkeit<\/td>\n<td>\u2264\u00b11%<\/td>\n<\/tr>\n<tr>\n<td>Messmethode<\/td>\n<td>Energiez\u00e4hler<\/td>\n<\/tr>\n<\/tbody>\n<\/table>\n","protected":false},"featured_media":615,"comment_status":"closed","ping_status":"closed","template":"","meta":[],"product_brand":[],"product_cat":[685],"product_tag":[],"class_list":{"0":"post-925","1":"product","2":"type-product","3":"status-publish","4":"has-post-thumbnail","6":"product_cat-charger-de","8":"first","9":"instock","10":"shipping-taxable","11":"product-type-simple","12":"prodpage-classic"},"aioseo_notices":[],"_links":{"self":[{"href":"https:\/\/www.pandaexo.com\/de\/wp-json\/wp\/v2\/product\/925","targetHints":{"allow":["GET"]}}],"collection":[{"href":"https:\/\/www.pandaexo.com\/de\/wp-json\/wp\/v2\/product"}],"about":[{"href":"https:\/\/www.pandaexo.com\/de\/wp-json\/wp\/v2\/types\/product"}],"replies":[{"embeddable":true,"href":"https:\/\/www.pandaexo.com\/de\/wp-json\/wp\/v2\/comments?post=925"}],"wp:featuredmedia":[{"embeddable":true,"href":"https:\/\/www.pandaexo.com\/de\/wp-json\/wp\/v2\/media\/615"}],"wp:attachment":[{"href":"https:\/\/www.pandaexo.com\/de\/wp-json\/wp\/v2\/media?parent=925"}],"wp:term":[{"taxonomy":"product_brand","embeddable":true,"href":"https:\/\/www.pandaexo.com\/de\/wp-json\/wp\/v2\/product_brand?post=925"},{"taxonomy":"product_cat","embeddable":true,"href":"https:\/\/www.pandaexo.com\/de\/wp-json\/wp\/v2\/product_cat?post=925"},{"taxonomy":"product_tag","embeddable":true,"href":"https:\/\/www.pandaexo.com\/de\/wp-json\/wp\/v2\/product_tag?post=925"}],"curies":[{"name":"wp","href":"https:\/\/api.w.org\/{rel}","templated":true}]}}