{"id":1499,"date":"2025-11-15T14:00:49","date_gmt":"2025-11-15T06:00:49","guid":{"rendered":"https:\/\/www.pandaexo.com\/about-us\/"},"modified":"2026-03-18T20:23:47","modified_gmt":"2026-03-18T12:23:47","slug":"about-us","status":"publish","type":"page","link":"https:\/\/www.pandaexo.com\/es\/about-us\/","title":{"rendered":"Sobre Nosotros"},"content":{"rendered":"<p>Con m\u00e1s de una d\u00e9cada de experiencia industrial y una s\u00f3lida reputaci\u00f3n en la fabricaci\u00f3n de puentes rectificadores de silicio ultrarresistentes, PandaExo se traslad\u00f3 estrat\u00e9gicamente en 2019 al epicentro de la industria china de veh\u00edculos de nueva energ\u00eda (NEV): Hefei. Hoy, operando desde una instalaci\u00f3n de fabricaci\u00f3n de vanguardia de 28.000 metros cuadrados, nuestro equipo de 150 profesionales\u2014el 30% de los cuales se dedican exclusivamente a I+D\u2014impulsa nuestra misi\u00f3n. Hemos evolucionado con \u00e9xito de un fabricante especializado de componentes a un proveedor l\u00edder mundial de infraestructura de carga para veh\u00edculos el\u00e9ctricos de alto rendimiento y soluciones de energ\u00eda integrales.<\/p>\n<h3>Presencia Estrat\u00e9gica Global<\/h3>\n<p>Para satisfacer la creciente demanda global de energ\u00eda verde, hemos establecido centros regionales especializados para servir mejor a nuestros socios internacionales:<\/p>\n<ul>\n<li><strong>Sucursal Estrat\u00e9gica de Sichuan (Est. 2023):<\/strong> Ubicada en el distrito de Wuhou, Chengdu, este centro act\u00faa como nuestro motor principal para la expansi\u00f3n del mercado en Asia Central, \u00c1frica y Europa, ofreciendo soluciones energ\u00e9ticas altamente personalizadas para regiones de r\u00e1pido crecimiento.<\/li>\n<li><strong>Sucursal Internacional de Dub\u00e1i (Est. 2024):<\/strong> Sirviendo como un centro vital t\u00e9cnico y comercial, esta sucursal apoya a nuestros socios estrat\u00e9gicos en Am\u00e9rica del Norte, Oriente Medio y el Sudeste Asi\u00e1tico.<\/li>\n<li><strong>Escala y Fiabilidad Comprobadas:<\/strong> Demostrando nuestras capacidades log\u00edsticas y de ingenier\u00eda, fabricamos y entregamos con \u00e9xito m\u00e1s de 300 estaciones de carga para la red el\u00e9ctrica nacional en un plazo de solo dos meses.<\/li>\n<\/ul>\n<p><iframe loading=\"lazy\" title=\"Inside PandaExo&#039;s EV Charger Factory #evcharging\" width=\"500\" height=\"281\" src=\"https:\/\/www.youtube.com\/embed\/9bS9AHcoSIg?feature=oembed\" frameborder=\"0\" allow=\"accelerometer; autoplay; clipboard-write; encrypted-media; gyroscope; picture-in-picture; web-share\" referrerpolicy=\"strict-origin-when-cross-origin\" allowfullscreen><\/iframe><\/p>\n<h3>Innovaci\u00f3n e I+D<\/h3>\n<p>Creemos que la innovaci\u00f3n independiente es la piedra angular de un futuro sostenible. A trav\u00e9s de una asociaci\u00f3n estrat\u00e9gica a largo plazo con el Instituto de Energ\u00eda de una destacada Universidad Nacional de Tecnolog\u00eda, estamos perfeccionando continuamente el ecosistema de carga de veh\u00edculos el\u00e9ctricos:<\/p>\n<ul>\n<li><strong>Plataformas de Energ\u00eda Inteligente:<\/strong> Integramos hardware robusto con software basado en la nube para permitir una gesti\u00f3n de energ\u00eda y carga en tiempo real y sin interrupciones.<\/li>\n<li><strong>Tecnolog\u00eda de Vanguardia:<\/strong> Somos pioneros en sistemas de energ\u00eda de circuito cerrado, explorando metodolog\u00edas de \u00abCableado vs. Inal\u00e1mbrico\u00bb y \u00abCarga vs. Intercambio de Bater\u00edas\u00bb para maximizar la eficiencia operativa.<\/li>\n<li><strong>Propiedad Intelectual:<\/strong> Nuestra ventaja tecnol\u00f3gica est\u00e1 protegida por decenas de patentes de modelo de utilidad y derechos de autor de software, garantizando que nuestros clientes se beneficien de innovaciones patentadas de clase mundial.<\/li>\n<\/ul>\n<h3>La Evoluci\u00f3n Verde<\/h3>\n<p>Los veh\u00edculos el\u00e9ctricos son el futuro indiscutible de la movilidad global. Como una fuerza impulsora en la moderna \u00abNueva Infraestructura\u00bb, PandaExo suministra los sistemas cr\u00edticos de carga inteligente en CA y carga r\u00e1pida en CC necesarios para acelerar la transici\u00f3n desde los combustibles f\u00f3siles.<\/p>\n<p>A trav\u00e9s de nuestros modelos de colaboraci\u00f3n EPCO, OEM y ODM altamente flexibles, ofrecemos soluciones profesionales y orientadas al servicio, adaptadas a diversos sitios y aplicaciones en todo el mundo. Hacemos m\u00e1s que suministrar equipos; empoderamos la transici\u00f3n hacia un planeta m\u00e1s limpio y electrificado.<\/p>\n<h3>\u00bfPor Qu\u00e9 Elegir PandaExo?<\/h3>\n<ul>\n<li><strong>Ecosistema de Carga Integrado:<\/strong> M\u00e1s all\u00e1 del hardware, colaboramos con institutos de investigaci\u00f3n energ\u00e9tica de primer nivel para desarrollar software inteligente cohesivo y plataformas en la nube para el equilibrio de carga en tiempo real y la gesti\u00f3n de energ\u00eda.<\/li>\n<li><strong>Escala y Precisi\u00f3n Directa de F\u00e1brica:<\/strong> Con ra\u00edces en nuestra herencia de semiconductores de potencia, nuestra instalaci\u00f3n de fabricaci\u00f3n avanzada de 28.000 m\u00b2 garantiza que cada cargador ofrezca una fiabilidad de grado industrial.<\/li>\n<li><strong>Rendimiento Comprobado a Escala de Red:<\/strong> Respaldados por redes el\u00e9ctricas nacionales, nuestras capacidades de despliegue r\u00e1pido se demostraron al entregar m\u00e1s de 300 estaciones de carga activas en solo 60 d\u00edas.<\/li>\n<li><strong>Soluciones Adaptativas Globales:<\/strong> A trav\u00e9s de nuestros modelos integrales EPCO, OEM y ODM\u2014respaldados por centros internacionales dedicados\u2014adaptamos la infraestructura de carga a las demandas espec\u00edficas del mercado regional.<\/li>\n<li><strong>Seguridad y Durabilidad Certificadas:<\/strong> Dise\u00f1ados para entornos extremos, nuestros equipos cuentan con clasificaciones de protecci\u00f3n exterior <strong>IP54\/IP67<\/strong> y utilizan materiales ign\u00edfugos <strong>UL 94V-0<\/strong> para la m\u00e1xima seguridad.<\/li>\n<\/ul>\n<h3>Nuestras Soluciones Principales<\/h3>\n<table class=\"table table-striped table-bordered\">\n<thead>\n<tr>\n<th>Soluci\u00f3n<\/th>\n<th>Descripci\u00f3n<\/th>\n<th>Ideal Para<\/th>\n<\/tr>\n<\/thead>\n<tbody>\n<tr>\n<td><a href=\"https:\/\/www.pandaexo.com\/product-tag\/dc-charging\/\"><strong>Carga R\u00e1pida en CC<\/strong><\/a><\/td>\n<td>Estaciones de alta potencia dise\u00f1adas para entrega r\u00e1pida de energ\u00eda y uso intensivo.<\/td>\n<td>Centros comerciales, estaciones de servicio en autopistas<\/td>\n<\/tr>\n<tr>\n<td><a href=\"https:\/\/www.pandaexo.com\/product-tag\/ac-charging\/\"><strong>Carga Inteligente en CA<\/strong><\/a><\/td>\n<td>Puntos de carga fiables, altamente eficientes y con dise\u00f1o est\u00e9tico, con conectividad inteligente.<\/td>\n<td>Complejos residenciales, aparcamientos de oficinas<\/td>\n<\/tr>\n<tr>\n<td><strong>Plataformas de Software<\/strong><\/td>\n<td>Sistemas de gesti\u00f3n basados en la nube para monitorizaci\u00f3n remota, facturaci\u00f3n sin interrupciones y equilibrio de carga inteligente.<\/td>\n<td>Operadores de flotas, proveedores de servicios p\u00fablicos<\/td>\n<\/tr>\n<tr>\n<td><strong>OEM\/ODM Personalizado<\/strong><\/td>\n<td>Servicios de fabricaci\u00f3n y dise\u00f1o integrales adaptados a los requisitos t\u00e9cnicos espec\u00edficos de su marca.<\/td>\n<td>Marcas energ\u00e9ticas globales y socios de infraestructura<\/td>\n<\/tr>\n<\/tbody>\n<\/table>\n<p><strong>\u00bfListo para impulsar el futuro?<\/strong><br \/>\nYa sea que est\u00e9s desplegando una extensa red p\u00fablica de carga o actualizando una flota comercial privada, PandaExo proporciona el hardware robusto y el software inteligente para hacerlo realidad.<\/p>\n<p><img loading=\"lazy\" decoding=\"async\" src=\"https:\/\/www.pandaexo.com\/wp-content\/uploads\/2026\/03\/On-site-photos-of-the-installed-EV-charging-stations-2.webp\" alt=\"Fotos en el lugar de las estaciones de carga para veh\u00edculos el\u00e9ctricos instaladas (2)\" width=\"1792\" height=\"1101\" \/> <img loading=\"lazy\" decoding=\"async\" src=\"https:\/\/www.pandaexo.com\/wp-content\/uploads\/2026\/03\/On-site-photos-of-the-installed-EV-charging-stations-1.webp\" alt=\"Fotos en el lugar de las estaciones de carga para veh\u00edculos el\u00e9ctricos instaladas (1)\" width=\"1808\" height=\"1108\" \/><\/p>\n","protected":false},"excerpt":{"rendered":"<p>Con m\u00e1s de una d\u00e9cada de experiencia industrial y una s\u00f3lida reputaci\u00f3n en la fabricaci\u00f3n de puentes rectificadores de silicio ultrarresistentes, PandaExo se traslad\u00f3 estrat\u00e9gicamente en 2019 al epicentro de la industria china de veh\u00edculos de nueva energ\u00eda (NEV): Hefei. Hoy, operando desde una instalaci\u00f3n de fabricaci\u00f3n de vanguardia de 28.000 metros cuadrados, nuestro equipo<\/p>\n","protected":false},"author":1,"featured_media":0,"parent":0,"menu_order":0,"comment_status":"closed","ping_status":"closed","template":"","meta":{"footnotes":""},"class_list":["post-1499","page","type-page","status-publish","hentry","prodpage-classic"],"aioseo_notices":[],"_links":{"self":[{"href":"https:\/\/www.pandaexo.com\/es\/wp-json\/wp\/v2\/pages\/1499","targetHints":{"allow":["GET"]}}],"collection":[{"href":"https:\/\/www.pandaexo.com\/es\/wp-json\/wp\/v2\/pages"}],"about":[{"href":"https:\/\/www.pandaexo.com\/es\/wp-json\/wp\/v2\/types\/page"}],"author":[{"embeddable":true,"href":"https:\/\/www.pandaexo.com\/es\/wp-json\/wp\/v2\/users\/1"}],"replies":[{"embeddable":true,"href":"https:\/\/www.pandaexo.com\/es\/wp-json\/wp\/v2\/comments?post=1499"}],"version-history":[{"count":0,"href":"https:\/\/www.pandaexo.com\/es\/wp-json\/wp\/v2\/pages\/1499\/revisions"}],"wp:attachment":[{"href":"https:\/\/www.pandaexo.com\/es\/wp-json\/wp\/v2\/media?parent=1499"}],"curies":[{"name":"wp","href":"https:\/\/api.w.org\/{rel}","templated":true}]}}