{"id":1275,"date":"2026-03-10T03:42:07","date_gmt":"2026-03-09T19:42:07","guid":{"rendered":"https:\/\/www.pandaexo.com\/shop\/3-5kw-7kw-ac-ev-charger-post-mounted-plastic\/"},"modified":"2026-03-18T19:33:08","modified_gmt":"2026-03-18T11:33:08","slug":"3-5kw-7kw-ac-ev-charger-post-mounted-plastic","status":"publish","type":"product","link":"https:\/\/www.pandaexo.com\/es\/shop\/3-5kw-7kw-ac-ev-charger-post-mounted-plastic\/","title":{"rendered":"3.5kW\/7kW Cargador AC para Veh\u00edculos El\u00e9ctricos (Montado en Poste, Pl\u00e1stico)"},"content":{"rendered":"<h3>Convenci\u00f3n de Nomenclatura de Modelos de Producto<\/h3>\n<p><img loading=\"lazy\" decoding=\"async\" src=\"https:\/\/www.pandaexo.com\/wp-content\/uploads\/2026\/03\/Product-Model-Naming-Convention.webp\" alt=\"Product Model Naming Convention\" width=\"771\" height=\"369\" \/><\/p>\n<h3>Selecci\u00f3n del Cable de Alimentaci\u00f3n<\/h3>\n<table class=\"table table-striped table-bordered\">\n<tbody>\n<tr>\n<td>Potencia de Salida Nominal Total<\/td>\n<td>Tensi\u00f3n de Entrada Nominal<\/td>\n<td>Corriente de Entrada Nominal<\/td>\n<td>Cable de Alimentaci\u00f3n Recomendado<\/td>\n<\/tr>\n<tr>\n<td height=\"50\">3.5KW<\/td>\n<td height=\"50\">CA220V<\/td>\n<td height=\"50\">16A<\/td>\n<td height=\"50\">ZR-YJV-3*6<\/td>\n<\/tr>\n<tr>\n<td height=\"50\">7KW<\/td>\n<td height=\"50\">CA220V<\/td>\n<td height=\"50\">32A<\/td>\n<td height=\"50\">ZR-YJV-3*10<\/td>\n<\/tr>\n<tr>\n<td height=\"50\">14KW<\/td>\n<td height=\"50\">CA220V<\/td>\n<td height=\"50\">64A<\/td>\n<td height=\"50\">ZR-YJV-3*16<\/td>\n<\/tr>\n<tr>\n<td height=\"50\">30KW<\/td>\n<td height=\"50\">CA380V<\/td>\n<td height=\"50\">45A<\/td>\n<td height=\"50\">ZR-YJV-4*25+1*16<\/td>\n<\/tr>\n<tr>\n<td height=\"50\">60KW<\/td>\n<td height=\"50\">CA380V<\/td>\n<td height=\"50\">91A<\/td>\n<td height=\"50\">ZR-YJV-4*35+1*16<\/td>\n<\/tr>\n<tr>\n<td height=\"50\">90KW<\/td>\n<td height=\"50\">CA380V<\/td>\n<td height=\"50\">136A<\/td>\n<td height=\"50\">ZR-YJV-4*70+1*35<\/td>\n<\/tr>\n<tr>\n<td height=\"50\">120KW<\/td>\n<td height=\"50\">CA380V<\/td>\n<td height=\"50\">182A<\/td>\n<td height=\"50\">ZR-YJV-4*95+1*50<\/td>\n<\/tr>\n<tr>\n<td height=\"50\">160KW<\/td>\n<td height=\"50\">CA380V<\/td>\n<td height=\"50\">243A<\/td>\n<td height=\"50\">ZR-YJV-4*120+1*70<\/td>\n<\/tr>\n<tr>\n<td height=\"50\">240KW<\/td>\n<td height=\"50\">CA380V<\/td>\n<td height=\"50\">365A<\/td>\n<td height=\"50\">ZR-YJV-4*185+1*95<\/td>\n<\/tr>\n<\/tbody>\n<\/table>\n<h3>Informaci\u00f3n de Garant\u00eda en el Extranjero<\/h3>\n<p>Para sitios de carga fuera de China, proporcionamos un 1% de piezas de repuesto vulnerables y un servicio de orientaci\u00f3n remota las 24 horas.<\/p>\n<h3>Sistema de Gesti\u00f3n de Backend<\/h3>\n<ul>\n<li><strong>Gesti\u00f3n Jer\u00e1rquica<\/strong><br \/>\nImplementa un sistema de gesti\u00f3n de tres niveles que abarca la gesti\u00f3n a nivel de operador, a nivel de estaci\u00f3n de carga y a nivel de terminal de cargador. Esto integra a varios operadores en una gran plataforma, permitiendo el intercambio de cargadores y datos operativos.<\/li>\n<li><strong>Monitoreo Remoto<\/strong><br \/>\nPermite el monitoreo remoto del estado de cada cargador, recopila datos operativos y genera varios tipos de informes de producci\u00f3n para simplificar la gesti\u00f3n operativa.<\/li>\n<li><strong>Gesti\u00f3n de Usuarios<\/strong><br \/>\nCombina perfectamente las principales tarjetas de carga con las cuentas de WeChat. Las tarjetas de carga se pueden usar tanto en l\u00ednea como fuera de l\u00ednea simult\u00e1neamente, lo que hace que la carga sea m\u00e1s conveniente.<\/li>\n<\/ul>\n<h3>Fotos en el lugar de las estaciones de carga para veh\u00edculos el\u00e9ctricos instaladas<\/h3>\n<p><img loading=\"lazy\" decoding=\"async\" class=\"alignnone size-full wp-image-618\" src=\"https:\/\/www.pandaexo.com\/wp-content\/uploads\/2026\/03\/On-site-photos-of-the-installed-EV-charging-stations-1.webp\" alt=\"On-site photos of the installed EV charging stations (1)\" width=\"1808\" height=\"1108\" srcset=\"https:\/\/www.pandaexo.com\/wp-content\/uploads\/2026\/03\/On-site-photos-of-the-installed-EV-charging-stations-1.webp 1808w, https:\/\/www.pandaexo.com\/wp-content\/uploads\/2026\/03\/On-site-photos-of-the-installed-EV-charging-stations-1-768x471.webp 768w, https:\/\/www.pandaexo.com\/wp-content\/uploads\/2026\/03\/On-site-photos-of-the-installed-EV-charging-stations-1-1536x941.webp 1536w, https:\/\/www.pandaexo.com\/wp-content\/uploads\/2026\/03\/On-site-photos-of-the-installed-EV-charging-stations-1-280x172.webp 280w, https:\/\/www.pandaexo.com\/wp-content\/uploads\/2026\/03\/On-site-photos-of-the-installed-EV-charging-stations-1-1170x717.webp 1170w, https:\/\/www.pandaexo.com\/wp-content\/uploads\/2026\/03\/On-site-photos-of-the-installed-EV-charging-stations-1-1500x919.webp 1500w\" sizes=\"auto, (max-width: 1808px) 100vw, 1808px\" \/> <img loading=\"lazy\" decoding=\"async\" class=\"alignnone size-full wp-image-619\" src=\"https:\/\/www.pandaexo.com\/wp-content\/uploads\/2026\/03\/On-site-photos-of-the-installed-EV-charging-stations-2.webp\" alt=\"On-site photos of the installed EV charging stations (2)\" width=\"1792\" height=\"1101\" srcset=\"https:\/\/www.pandaexo.com\/wp-content\/uploads\/2026\/03\/On-site-photos-of-the-installed-EV-charging-stations-2.webp 1792w, https:\/\/www.pandaexo.com\/wp-content\/uploads\/2026\/03\/On-site-photos-of-the-installed-EV-charging-stations-2-768x472.webp 768w, https:\/\/www.pandaexo.com\/wp-content\/uploads\/2026\/03\/On-site-photos-of-the-installed-EV-charging-stations-2-1536x944.webp 1536w, https:\/\/www.pandaexo.com\/wp-content\/uploads\/2026\/03\/On-site-photos-of-the-installed-EV-charging-stations-2-280x172.webp 280w, https:\/\/www.pandaexo.com\/wp-content\/uploads\/2026\/03\/On-site-photos-of-the-installed-EV-charging-stations-2-1170x719.webp 1170w, https:\/\/www.pandaexo.com\/wp-content\/uploads\/2026\/03\/On-site-photos-of-the-installed-EV-charging-stations-2-1500x922.webp 1500w\" sizes=\"auto, (max-width: 1792px) 100vw, 1792px\" \/><\/p>\n","protected":false},"excerpt":{"rendered":"<table class=\"table table-striped table-bordered\">\n<tbody>\n<tr>\n<td>Modelo del Producto<\/td>\n<td>INTEK-AC-3.5KW\/7KW<\/td>\n<\/tr>\n<tr>\n<td>Rango de Voltaje de Entrada<\/td>\n<td>220Vac\u00b120%<\/td>\n<\/tr>\n<tr>\n<td>Frecuencia<\/td>\n<td>50Hz\/60Hz<\/td>\n<\/tr>\n<tr>\n<td>Rango de Voltaje de Salida<\/td>\n<td>220Vac\u00b120%<\/td>\n<\/tr>\n<tr>\n<td>Corriente Nominal<\/td>\n<td>16Aac\/32Aac<\/td>\n<\/tr>\n<tr>\n<td>Potencia M\u00e1xima de Salida<\/td>\n<td>3.5kW\/7kW<\/td>\n<\/tr>\n<tr>\n<td>Conector de Carga<\/td>\n<td>Conector \u00danico<\/td>\n<\/tr>\n<tr>\n<td>Activaci\u00f3n (Opciones de Configuraci\u00f3n)<\/td>\n<td>RFID\/Escanear C\u00f3digos QR<\/td>\n<\/tr>\n<tr>\n<td>Conectividad<\/td>\n<td>Interfaz RJ45 Est\u00e1ndar\/4G<\/td>\n<\/tr>\n<tr>\n<td>Interfaz de Usuario<\/td>\n<td>Pantalla de 4.3 Pulgadas\/Sin Pantalla<\/td>\n<\/tr>\n<tr>\n<td>Sistema de Gesti\u00f3n<\/td>\n<td>\n<p data-path-to-node=\"4,12,1,0\">Herramientas de Gesti\u00f3n sin Conexi\u00f3n<\/p>\n<p data-path-to-node=\"4,12,1,2\">Plataforma de Monitoreo Operativo<\/p>\n<\/td>\n<\/tr>\n<tr>\n<td>Resistencia Diel\u00e9ctrica<\/td>\n<td>\u22652000V<\/td>\n<\/tr>\n<tr>\n<td>C\u00f3digo IP de la Carcasa<\/td>\n<td>IP54<\/td>\n<\/tr>\n<tr>\n<td>Rango de Temperatura de Operaci\u00f3n<\/td>\n<td>-20~50\u00b0C<\/td>\n<\/tr>\n<tr>\n<td>Rango de Temperatura de Almacenamiento<\/td>\n<td>-20~70\u00b0C<\/td>\n<\/tr>\n<tr>\n<td>Tipo de Conector<\/td>\n<td>GB\/T20234.2-2015 Tipo C<\/td>\n<\/tr>\n<tr>\n<td>M\u00e9todo de Medici\u00f3n<\/td>\n<td>Medidor de Energ\u00eda Integrado<\/td>\n<\/tr>\n<tr>\n<td>Fiabilidad<\/td>\n<td>50000h<\/td>\n<\/tr>\n<tr>\n<td>Sistema de Protecci\u00f3n<\/td>\n<td>Sobretensi\u00f3n\/Subtensi\u00f3n, Cortocircuito, Sobrecarga, Fuga, Protecci\u00f3n contra Sobretensiones<\/td>\n<\/tr>\n<tr>\n<td>Instalaci\u00f3n<\/td>\n<td>Poste<\/td>\n<\/tr>\n<tr>\n<td>Material de la Carcasa<\/td>\n<td>Pl\u00e1stico<\/td>\n<\/tr>\n<tr>\n<td>Longitud del Cable de Carga<\/td>\n<td>3.5m (Personalizaci\u00f3n Aceptable)<\/td>\n<\/tr>\n<\/tbody>\n<\/table>\n","protected":false},"featured_media":581,"comment_status":"closed","ping_status":"closed","template":"","meta":[],"product_brand":[],"product_cat":[707],"product_tag":[812],"class_list":{"0":"post-1275","1":"product","2":"type-product","3":"status-publish","4":"has-post-thumbnail","6":"product_cat-charger-es","7":"product_tag-ac-charging-es","9":"first","10":"instock","11":"shipping-taxable","12":"product-type-simple","13":"prodpage-classic"},"aioseo_notices":[],"_links":{"self":[{"href":"https:\/\/www.pandaexo.com\/es\/wp-json\/wp\/v2\/product\/1275","targetHints":{"allow":["GET"]}}],"collection":[{"href":"https:\/\/www.pandaexo.com\/es\/wp-json\/wp\/v2\/product"}],"about":[{"href":"https:\/\/www.pandaexo.com\/es\/wp-json\/wp\/v2\/types\/product"}],"replies":[{"embeddable":true,"href":"https:\/\/www.pandaexo.com\/es\/wp-json\/wp\/v2\/comments?post=1275"}],"wp:featuredmedia":[{"embeddable":true,"href":"https:\/\/www.pandaexo.com\/es\/wp-json\/wp\/v2\/media\/581"}],"wp:attachment":[{"href":"https:\/\/www.pandaexo.com\/es\/wp-json\/wp\/v2\/media?parent=1275"}],"wp:term":[{"taxonomy":"product_brand","embeddable":true,"href":"https:\/\/www.pandaexo.com\/es\/wp-json\/wp\/v2\/product_brand?post=1275"},{"taxonomy":"product_cat","embeddable":true,"href":"https:\/\/www.pandaexo.com\/es\/wp-json\/wp\/v2\/product_cat?post=1275"},{"taxonomy":"product_tag","embeddable":true,"href":"https:\/\/www.pandaexo.com\/es\/wp-json\/wp\/v2\/product_tag?post=1275"}],"curies":[{"name":"wp","href":"https:\/\/api.w.org\/{rel}","templated":true}]}}