{"id":1343,"date":"2026-03-10T08:14:54","date_gmt":"2026-03-10T00:14:54","guid":{"rendered":"https:\/\/www.pandaexo.com\/disclaimer\/"},"modified":"2026-03-18T20:25:17","modified_gmt":"2026-03-18T12:25:17","slug":"disclaimer","status":"publish","type":"page","link":"https:\/\/www.pandaexo.com\/fi\/disclaimer\/","title":{"rendered":"Vastuuvapauslauseke"},"content":{"rendered":"<p>PandaExon t\u00e4ll\u00e4 verkkosivustolla tarjoama tieto on vain yleist\u00e4 informaatiota. Vaikka pyrimme yll\u00e4pit\u00e4m\u00e4\u00e4n sis\u00e4lt\u00f6mme tarkkuutta koskien suoraan tehtaalta tulevaa teknologiaa ja Hefeiss\u00e4 sijaitsevaa T&amp;K-innovaatiota, kaikki tiedot annetaan hyv\u00e4ll\u00e4 uskolla.<\/p>\n<hr \/>\n<h3>Tekniset ja tuotetiedot<\/h3>\n<p>Tekniset tiedot: Tekniset yksityiskohdat voimapuolijohteistamme, mukaan lukien KBP-, KBL-, KBU-, GBJ- ja KBPC-sarjat, perustuvat vakiovalmistustuotantoihin.<\/p>\n<p>Turvallisuusluokitukset: Vaikka tuotteemme sis\u00e4lt\u00e4v\u00e4t UL 94V-0 palonkestoluokituksen omaavia muoveja ja IP54\/IP67 ulkok\u00e4ytt\u00f6luokituksen omaavia koteloita, PandaExo ei ole vastuussa vahingoista, jotka johtuvat v\u00e4\u00e4r\u00e4st\u00e4 asennuksesta tai k\u00e4yt\u00f6st\u00e4 m\u00e4\u00e4riteltyjen ymp\u00e4rist\u00f6olosuhteiden ulkopuolella.<\/p>\n<p>Suorituskyky: AC-lataajien (3.5 kW &#8211; 22 kW) ja DC-pikalataajien (jopa 1080 kW) suorituskykytiedot edustavat teoreettisia kykyj\u00e4. Todelliset latausnopeudet ja hy\u00f6tysuhde voivat vaihdella paikallisen s\u00e4hk\u00f6infrastruktuurin ja ajoneuvon yhteensopivuuden perusteella.<\/p>\n<h3>Ammatilliset ja insin\u00f6\u00f6ritiedot<\/h3>\n<p>Ei ammattineuvontaa: T\u00e4m\u00e4n sivuston sis\u00e4lt\u00f6, mukaan lukien n\u00e4kemykset &#8221;Piidi&#8221; -teknologiasta ja tehonsiirrosta, ei muodosta ammatillista s\u00e4hk\u00f6tekniikan neuvontaa.<\/p>\n<p>Toteutus: Vaikka tarjoamme ammattimaisia ratkaisuja EPCO-, OEM- ja ODM-mallein, k\u00e4ytt\u00e4jien on konsultoitava sertifioitujen teknikkojen kanssa latauslaitteistojen k\u00e4ytt\u00f6\u00f6notossa.<\/p>\n<h3>Innovaatiot ja immateriaalioikeudet<\/h3>\n<p>T&amp;K-kumppanuudet: Tiedot strategisesta kumppanuudestamme Hefein Teknillisen Yliopiston Energiainstituutin kanssa kuvaavat yhteisty\u00f6t\u00e4mme \u00e4lykk\u00e4iden energia-alustojen rakentamisessa ja ne voivat muuttua teknologian kehittyess\u00e4.<\/p>\n<p>Omistusoikeudet: Kaikki omistusteknologia, mukaan lukien kymmenet hy\u00f6tymallipatentit ja ohjelmistokopioikeudet, ovat yksinomaan PandaExon omaisuutta. Luvaton k\u00e4ytt\u00f6 immateriaalioikeuksistamme on ehdottomasti kielletty.<\/p>\n<h3>Maailmanlaajuiset toiminnot ja logistiikka<\/h3>\n<p>Alueelliset keskukset: Tiedot Sichuanin strategisesta sivukonttoristamme ja Dubain kansainv\u00e4lisest\u00e4 sivukonttoristamme heijastavat nykyist\u00e4 organisaatiorakennettamme Keski-Aasian, Afrikan, Euroopan ja Pohjois-Amerikan palvelemiseksi.<\/p>\n<p>Toimitus: Logistiikkatiedot, kuten Kiina-Eurooppa-rautatieyhteyden k\u00e4ytt\u00f6, ovat alttiita kansainv\u00e4lisille kuljetuss\u00e4\u00e4nn\u00f6ille ja kolmannen osapuolen tarjoajien saatavuudelle.<\/p>\n<h3>Vastuunrajoitus<\/h3>\n<p>PandaExo, sen asiantuntijat ja sen T&amp;K-ydin eiv\u00e4t ole vastuussa mist\u00e4\u00e4n suorista, ep\u00e4suorista tai v\u00e4lillisist\u00e4 tappioista tai vahingoista, jotka johtuvat piirisillatasasuuntaajiemme tai s\u00e4hk\u00f6ajoneuvojen latausinfrastruktuurin k\u00e4yt\u00f6st\u00e4. K\u00e4ytt\u00e4j\u00e4t ottavat kaikki riskit, jotka liittyv\u00e4t n\u00e4iden komponenttien integrointiin heid\u00e4n vastaaviin tehoj\u00e4rjestelmiins\u00e4.<\/p>\n","protected":false},"excerpt":{"rendered":"<p>PandaExon t\u00e4ll\u00e4 verkkosivustolla tarjoama tieto on vain yleist\u00e4 informaatiota. Vaikka pyrimme yll\u00e4pit\u00e4m\u00e4\u00e4n sis\u00e4lt\u00f6mme tarkkuutta koskien suoraan tehtaalta tulevaa teknologiaa ja Hefeiss\u00e4 sijaitsevaa T&amp;K-innovaatiota, kaikki tiedot annetaan hyv\u00e4ll\u00e4 uskolla. Tekniset ja tuotetiedot Tekniset tiedot: Tekniset yksityiskohdat voimapuolijohteistamme, mukaan lukien KBP-, KBL-, KBU-, GBJ- ja KBPC-sarjat, perustuvat vakiovalmistustuotantoihin. Turvallisuusluokitukset: Vaikka tuotteemme sis\u00e4lt\u00e4v\u00e4t UL 94V-0 palonkestoluokituksen omaavia muoveja<\/p>\n","protected":false},"author":1,"featured_media":0,"parent":0,"menu_order":0,"comment_status":"closed","ping_status":"closed","template":"","meta":{"footnotes":""},"class_list":["post-1343","page","type-page","status-publish","hentry","prodpage-classic"],"aioseo_notices":[],"_links":{"self":[{"href":"https:\/\/www.pandaexo.com\/fi\/wp-json\/wp\/v2\/pages\/1343","targetHints":{"allow":["GET"]}}],"collection":[{"href":"https:\/\/www.pandaexo.com\/fi\/wp-json\/wp\/v2\/pages"}],"about":[{"href":"https:\/\/www.pandaexo.com\/fi\/wp-json\/wp\/v2\/types\/page"}],"author":[{"embeddable":true,"href":"https:\/\/www.pandaexo.com\/fi\/wp-json\/wp\/v2\/users\/1"}],"replies":[{"embeddable":true,"href":"https:\/\/www.pandaexo.com\/fi\/wp-json\/wp\/v2\/comments?post=1343"}],"version-history":[{"count":0,"href":"https:\/\/www.pandaexo.com\/fi\/wp-json\/wp\/v2\/pages\/1343\/revisions"}],"wp:attachment":[{"href":"https:\/\/www.pandaexo.com\/fi\/wp-json\/wp\/v2\/media?parent=1343"}],"curies":[{"name":"wp","href":"https:\/\/api.w.org\/{rel}","templated":true}]}}