{"id":1363,"date":"2025-11-15T14:00:49","date_gmt":"2025-11-15T06:00:49","guid":{"rendered":"https:\/\/www.pandaexo.com\/about-us\/"},"modified":"2026-03-18T20:24:01","modified_gmt":"2026-03-18T12:24:01","slug":"about-us","status":"publish","type":"page","link":"https:\/\/www.pandaexo.com\/fi\/about-us\/","title":{"rendered":"Tietoa meist\u00e4"},"content":{"rendered":"<p>Perustuen yli vuosikymmenen teolliseen asiantuntemukseen ja vankkaan maineeseen eritt\u00e4in luotettavien silikoni-siltasuoristimien valmistajana, PandaExo strategisesti keskittyi vuonna 2019 Kiinan uusien energial\u00e4hteiden ajoneuvojen (NEV) teollisuuden keskipisteeseen &#8211; Hefeiin. Nyky\u00e4\u00e4n toimien huipputeknisest\u00e4 28 000 neli\u00f6metrin valmistuslaitoksesta, 150 ammattilaisen tiimimme \u2013 joista 30 % on t\u00e4ysin omistautunut T&#038;K:lle \u2013 ajaa teht\u00e4v\u00e4\u00e4mme eteenp\u00e4in. Olemme onnistuneesti kehittyneet erikoistuneesta komponenttivalmistajasta johtavaksi maailmanlaajuiseksi suorituskykyisten s\u00e4hk\u00f6ajoneuvojen latausinfrastruktuurien ja t\u00e4yden pinon tehoratkaisujen tarjoajaksi.<\/p>\n<h3>Strateginen maailmanlaajuinen l\u00e4sn\u00e4olo<\/h3>\n<p>Vastataksemme kiihtyv\u00e4\u00e4n maailmanlaajuiseen kysynt\u00e4\u00e4n vihre\u00e4\u00e4 energiaa kohtaan, olemme perustaneet erikoistuneita alueellisia keskuksia palvellaksemme kansainv\u00e4lisi\u00e4 kumppaneitamme paremmin:<\/p>\n<ul>\n<li><strong>Sichuanin strateginen sivuliike (perustettu 2023):<\/strong> Sijaitsee Chengdun Wuhoun piirikunnassa, t\u00e4m\u00e4 keskus toimii ensisijaisena moottorina markkinoiden laajentamiselle Keski-Aasiassa, Afrikassa ja Euroopassa, tarjoten eritt\u00e4in r\u00e4\u00e4t\u00e4l\u00f6ityj\u00e4 energiaratkaisuja nopeasti kasvaville alueille.<\/li>\n<li><strong>Dubain kansainv\u00e4linen sivuliike (perustettu 2024):<\/strong> Toimien t\u00e4rke\u00e4n\u00e4 teknisen\u00e4 ja kaupallisena hermostokeskuksena, t\u00e4m\u00e4 sivuliike tukee strategisia kumppaneitamme kautta Pohjois-Amerikan, L\u00e4hi-id\u00e4n ja Kaakkois-Aasian.<\/li>\n<li><strong>Odotettu mittakaava &#038; luotettavuus:<\/strong> Esitellen logistiset ja tekniset kykymme, valmistimme ja toimitimme onnistuneesti yli 300 latausasemaa kansalliselle s\u00e4hk\u00f6verkolle nopeassa kahden kuukauden aikataulussa.<\/li>\n<\/ul>\n<p><iframe loading=\"lazy\" title=\"Inside PandaExo&#039;s EV Charger Factory #evcharging\" width=\"500\" height=\"281\" src=\"https:\/\/www.youtube.com\/embed\/9bS9AHcoSIg?feature=oembed\" frameborder=\"0\" allow=\"accelerometer; autoplay; clipboard-write; encrypted-media; gyroscope; picture-in-picture; web-share\" referrerpolicy=\"strict-origin-when-cross-origin\" allowfullscreen><\/iframe><\/p>\n<h3>Innovointi &#038; T&#038;K<\/h3>\n<p>Uskomme, ett\u00e4 itsen\u00e4inen innovointi on kest\u00e4v\u00e4n tulevaisuuden kulmakivi. Pitk\u00e4aikaisen strategisen kumppanuuden kautta johtavan kansallisen teknillisen yliopiston energia-instituutin kanssa, jatkuvasti t\u00e4ydellist\u00e4mme s\u00e4hk\u00f6ajoneuvojen latausekosysteemi\u00e4:<\/p>\n<ul>\n<li><strong>\u00c4lykk\u00e4\u00e4t energia-alustat:<\/strong> Yhdist\u00e4mme vankat laitteistot pilvipohjaiseen ohjelmistoon mahdollistaen saumattoman, reaaliaikaisen energian ja latauksen hallinnan.<\/li>\n<li><strong>Huipputeknologia:<\/strong> Olemme uranuurtajia suljetun silmukan energiasysteemeiss\u00e4 \u2014 tutkien &#8221;Johdotettu vs. Langaton&#8221; ja &#8221;Lataus vs. Virtal\u00e4hteen vaihto&#8221; -metodologioita maksimoidaksemme toiminnallisen tehokkuuden.<\/li>\n<li><strong>Immateriaalioikeudet:<\/strong> Teknologinen etumme on turvattu kymmenill\u00e4 hy\u00f6dyllisyysmallipatenteilla ja ohjelmistoaineiston tekij\u00e4noikeuksilla, taaten, ett\u00e4 asiakkaamme hy\u00f6tyv\u00e4t omista, maailmanluokan innovaatioista.<\/li>\n<\/ul>\n<h3>Vihre\u00e4 evoluutio<\/h3>\n<p>S\u00e4hk\u00f6ajoneuvot ovat kiistaton tulevaisuus maailmanlaajuiselle liikkuvuudelle. Modernin &#8221;Uuden infrastruktuurin&#8221; k\u00e4ytt\u00f6voimana, PandaExo toimittaa kriittiset \u00e4lykk\u00e4\u00e4t vaihtovirta- ja tasavirtanopealatausj\u00e4rjestelm\u00e4t, joita tarvitaan siirtym\u00e4n nopeuttamiseksi pois fossiilisista polttoaineista.<\/p>\n<p>Eritt\u00e4in joustavien EPCO-, OEM- ja ODM-yhteisty\u00f6malliemme kautta, toimitamme ammattimaisia, palvelukeskeisi\u00e4 ratkaisuja, jotka on sopeutettu erilaisiin paikkoihin ja sovelluksiin ymp\u00e4ri maailmaa. Emme vain toimita laitteita; mahdollistamme siirtym\u00e4n puhtaampaan, s\u00e4hk\u00f6istettyyn planeettaan.<\/p>\n<h3>Miksi valita PandaExo?<\/h3>\n<ul>\n<li><strong>Integroitu latausekosysteemi:<\/strong> Ylitt\u00e4en pelk\u00e4n laitteiston, kumppaneidumme huippuluokan energia tutkimusinstituuttien kanssa kehitt\u00e4\u00e4ksemme koherentteja \u00e4lykk\u00e4it\u00e4 ohjelmistoja ja pilvialustoja reaaliaikaista kuormantasaukseen ja energianhallintaan.<\/li>\n<li><strong>Tehtaasta suoraan mittakaava &#038; tarkkuus:<\/strong> Juurtuneina teho-puolijohdeperinteeseemme, 28 000 neli\u00f6metrin kehittynyt valmistuslaitoksemme varmistaa, ett\u00e4 jokainen latauslaite tarjoaa teollisuusluokan luotettavuuden.<\/li>\n<li><strong>Verkkomittakaavassa todistettu suorituskyky:<\/strong> Luotettuna kansallisten s\u00e4hk\u00f6verkkojen toimesta, nopeat k\u00e4ytt\u00f6\u00f6notto kykymme todistettiin toimittamalla yli 300 aktiivista latausasemaa vain 60 p\u00e4iv\u00e4ss\u00e4.<\/li>\n<li><strong>Maailmanlaajuisesti mukautuvat ratkaisut:<\/strong> Kattavien EPCO-, OEM- ja ODM-malliemme kautta \u2014 tuettuna omistautuneilla kansainv\u00e4lisill\u00e4 keskuksilla \u2014 r\u00e4\u00e4t\u00e4l\u00f6imme latausinfrastruktuurin erityisiin alueellisiin markkinatarpeisiin.<\/li>\n<li><strong>Sertifioitu turvallisuus &#038; kest\u00e4vyys:<\/strong> Suunniteltu \u00e4\u00e4riolosuhteisiin, laitteistomme sis\u00e4lt\u00e4v\u00e4t <strong>IP54\/IP67<\/strong> ulkosuojaluokitukset ja k\u00e4ytt\u00e4v\u00e4t <strong>UL 94V-0<\/strong> palonestoaineita maksimaalista turvallisuutta varten.<\/li>\n<\/ul>\n<h3>Ydintarjoamme<\/h3>\n<table class=\"table table-striped table-bordered\">\n<thead>\n<tr>\n<th>Ratkaisu<\/th>\n<th>Kuvaus<\/th>\n<th>Parhaiten sopii<\/th>\n<\/tr>\n<\/thead>\n<tbody>\n<tr>\n<td><a href=\"https:\/\/www.pandaexo.com\/product-tag\/dc-charging\/\"><strong>DC-nopealataus<\/strong><\/a><\/td>\n<td>Suurtehoiset asemat, suunniteltu nopeaan energian toimittamiseen ja raskaaseen k\u00e4ytt\u00f6\u00f6n.<\/td>\n<td>Kaupalliset keskukset, moottoritien huoltoasemat<\/td>\n<\/tr>\n<tr>\n<td><a href=\"https:\/\/www.pandaexo.com\/product-tag\/ac-charging\/\"><strong>AC-\u00e4lylataus<\/strong><\/a><\/td>\n<td>Luotettavat, eritt\u00e4in tehokkaat ja esteettisesti suunnitellut latauspisteet \u00e4lykk\u00e4\u00e4ll\u00e4 yhdistett\u00e4vyydell\u00e4.<\/td>\n<td>Asuinalueet, toimistopys\u00e4k\u00f6inti<\/td>\n<\/tr>\n<tr>\n<td><strong>Ohjelmistoalustat<\/strong><\/td>\n<td>Pilvipohjaiset hallintaj\u00e4rjestelm\u00e4t et\u00e4valvontaan, saumattomaan laskutukseen ja \u00e4lykk\u00e4\u00e4seen kuormantasaamiseen.<\/td>\n<td>Kalusto-operaattorit, s\u00e4hk\u00f6ntoimittajat<\/td>\n<\/tr>\n<tr>\n<td><strong>R\u00e4\u00e4t\u00e4l\u00f6idyt OEM\/ODM<\/strong><\/td>\n<td>Loppuun asti valmistus- ja suunnittelupalvelut, r\u00e4\u00e4t\u00e4l\u00f6ityn\u00e4 br\u00e4ndisi erityisiin teknisiin vaatimuksiin.<\/td>\n<td>Maailmanlaajuiset energia-br\u00e4ndit ja infrastruktuurikumppanit<\/td>\n<\/tr>\n<\/tbody>\n<\/table>\n<p><strong>Valmiina voittamaan tulevaisuuden?<\/strong><br \/>\nOletko rakentamassa laajaa julkista latausverkkoa vai p\u00e4ivitt\u00e4m\u00e4ss\u00e4 yksityist\u00e4 liikennekalustoa, PandaExo tarjoaa kest\u00e4v\u00e4n laitteiston ja \u00e4lykk\u00e4\u00e4n ohjelmiston, jotta se onnistuu.<\/p>\n<p><img loading=\"lazy\" decoding=\"async\" src=\"https:\/\/www.pandaexo.com\/wp-content\/uploads\/2026\/03\/On-site-photos-of-the-installed-EV-charging-stations-2.webp\" alt=\"Kuvia asennetuista s\u00e4hk\u00f6autojen latauspisteist\u00e4 paikan p\u00e4\u00e4ll\u00e4 (2)\" width=\"1792\" height=\"1101\" \/> <img loading=\"lazy\" decoding=\"async\" src=\"https:\/\/www.pandaexo.com\/wp-content\/uploads\/2026\/03\/On-site-photos-of-the-installed-EV-charging-stations-1.webp\" alt=\"Kuvia asennetuista s\u00e4hk\u00f6autojen latauspisteist\u00e4 paikan p\u00e4\u00e4ll\u00e4 (1)\" width=\"1808\" height=\"1108\" \/><\/p>\n","protected":false},"excerpt":{"rendered":"<p>Perustuen yli vuosikymmenen teolliseen asiantuntemukseen ja vankkaan maineeseen eritt\u00e4in luotettavien silikoni-siltasuoristimien valmistajana, PandaExo strategisesti keskittyi vuonna 2019 Kiinan uusien energial\u00e4hteiden ajoneuvojen (NEV) teollisuuden keskipisteeseen &#8211; Hefeiin. Nyky\u00e4\u00e4n toimien huipputeknisest\u00e4 28 000 neli\u00f6metrin valmistuslaitoksesta, 150 ammattilaisen tiimimme \u2013 joista 30 % on t\u00e4ysin omistautunut T&#038;K:lle \u2013 ajaa teht\u00e4v\u00e4\u00e4mme eteenp\u00e4in. Olemme onnistuneesti kehittyneet erikoistuneesta komponenttivalmistajasta johtavaksi maailmanlaajuiseksi<\/p>\n","protected":false},"author":1,"featured_media":0,"parent":0,"menu_order":0,"comment_status":"closed","ping_status":"closed","template":"","meta":{"footnotes":""},"class_list":["post-1363","page","type-page","status-publish","hentry","prodpage-classic"],"aioseo_notices":[],"_links":{"self":[{"href":"https:\/\/www.pandaexo.com\/fi\/wp-json\/wp\/v2\/pages\/1363","targetHints":{"allow":["GET"]}}],"collection":[{"href":"https:\/\/www.pandaexo.com\/fi\/wp-json\/wp\/v2\/pages"}],"about":[{"href":"https:\/\/www.pandaexo.com\/fi\/wp-json\/wp\/v2\/types\/page"}],"author":[{"embeddable":true,"href":"https:\/\/www.pandaexo.com\/fi\/wp-json\/wp\/v2\/users\/1"}],"replies":[{"embeddable":true,"href":"https:\/\/www.pandaexo.com\/fi\/wp-json\/wp\/v2\/comments?post=1363"}],"version-history":[{"count":0,"href":"https:\/\/www.pandaexo.com\/fi\/wp-json\/wp\/v2\/pages\/1363\/revisions"}],"wp:attachment":[{"href":"https:\/\/www.pandaexo.com\/fi\/wp-json\/wp\/v2\/media?parent=1363"}],"curies":[{"name":"wp","href":"https:\/\/api.w.org\/{rel}","templated":true}]}}