{"id":1063,"date":"2026-03-10T04:59:09","date_gmt":"2026-03-09T20:59:09","guid":{"rendered":"https:\/\/www.pandaexo.com\/shop\/11kw-22kw-ac-ev-charger-post-mounted\/"},"modified":"2026-03-18T19:37:23","modified_gmt":"2026-03-18T11:37:23","slug":"11kw-22kw-ac-ev-charger-post-mounted","status":"publish","type":"product","link":"https:\/\/www.pandaexo.com\/fi\/shop\/11kw-22kw-ac-ev-charger-post-mounted\/","title":{"rendered":"11kW\/22kW AC EV-laturi (pylv\u00e4smallinen)"},"content":{"rendered":"<h3>Tuotemallin Nime\u00e4misk\u00e4yt\u00e4nt\u00f6<\/h3>\n<p><img loading=\"lazy\" decoding=\"async\" src=\"https:\/\/www.pandaexo.com\/wp-content\/uploads\/2026\/03\/Product-Model-Naming-Convention.webp\" alt=\"Tuotemallin nime\u00e4misk\u00e4yt\u00e4nt\u00f6\" width=\"771\" height=\"369\" \/><\/p>\n<h3>Virtakaapelin Valinta<\/h3>\n<table class=\"table table-striped table-bordered\">\n<tbody>\n<tr>\n<td>Kokonaisnimituloteho<\/td>\n<td>Nimellissy\u00f6tt\u00f6j\u00e4nnite<\/td>\n<td>Nimellissy\u00f6tt\u00f6virta<\/td>\n<td>Suositeltu virtakaapeli<\/td>\n<\/tr>\n<tr>\n<td height=\"50\">3,5 kW<\/td>\n<td height=\"50\">AC220V<\/td>\n<td height=\"50\">16 A<\/td>\n<td height=\"50\">ZR-YJV-3*6<\/td>\n<\/tr>\n<tr>\n<td height=\"50\">7 kW<\/td>\n<td height=\"50\">AC220V<\/td>\n<td height=\"50\">32 A<\/td>\n<td height=\"50\">ZR-YJV-3*10<\/td>\n<\/tr>\n<tr>\n<td height=\"50\">14 kW<\/td>\n<td height=\"50\">AC220V<\/td>\n<td height=\"50\">64 A<\/td>\n<td height=\"50\">ZR-YJV-3*16<\/td>\n<\/tr>\n<tr>\n<td height=\"50\">30 kW<\/td>\n<td height=\"50\">AC380V<\/td>\n<td height=\"50\">45 A<\/td>\n<td height=\"50\">ZR-YJV-4*25+1*16<\/td>\n<\/tr>\n<tr>\n<td height=\"50\">60 kW<\/td>\n<td height=\"50\">AC380V<\/td>\n<td height=\"50\">91 A<\/td>\n<td height=\"50\">ZR-YJV-4*35+1*16<\/td>\n<\/tr>\n<tr>\n<td height=\"50\">90 kW<\/td>\n<td height=\"50\">AC380V<\/td>\n<td height=\"50\">136 A<\/td>\n<td height=\"50\">ZR-YJV-4*70+1*35<\/td>\n<\/tr>\n<tr>\n<td height=\"50\">120 kW<\/td>\n<td height=\"50\">AC380V<\/td>\n<td height=\"50\">182 A<\/td>\n<td height=\"50\">ZR-YJV-4*95+1*50<\/td>\n<\/tr>\n<tr>\n<td height=\"50\">160 kW<\/td>\n<td height=\"50\">AC380V<\/td>\n<td height=\"50\">243 A<\/td>\n<td height=\"50\">ZR-YJV-4*120+1*70<\/td>\n<\/tr>\n<tr>\n<td height=\"50\">240 kW<\/td>\n<td height=\"50\">AC380V<\/td>\n<td height=\"50\">365 A<\/td>\n<td height=\"50\">ZR-YJV-4*185+1*95<\/td>\n<\/tr>\n<\/tbody>\n<\/table>\n<h3>Ulkomainen Takuutieto<\/h3>\n<p>Kiinan ulkopuolisille latauspaikoille tarjoamme 1 % haavoittuvista varaosista ja 24 tunnin et\u00e4ohjauspalvelun.<\/p>\n<h3>Taustaj\u00e4rjestelm\u00e4<\/h3>\n<ul>\n<li><strong>Tasohallinta<\/strong><br \/>\nToteuta kolmitasoinen hallintaj\u00e4rjestelm\u00e4, joka kattaa operaattoritason, latausasematason ja latauslaitetason hallinnan. T\u00e4m\u00e4 integroi eri operaattorit suurelle alustalle, mahdollistaen latauslaitteiden ja toimintatietojen jakamisen.<\/li>\n<li><strong>Et\u00e4valvonta<\/strong><br \/>\nMahdollista jokaisen latauslaitteen tilan et\u00e4valvonnan, ker\u00e4\u00e4 toimintatietoja ja luo erityyppisi\u00e4 tuotantoraportteja yksinkertaistaaksesi toiminnan hallintaa.<\/li>\n<li><strong>K\u00e4ytt\u00e4j\u00e4hallinta<\/strong><br \/>\nYhdist\u00e4 saumattomasti valtavirran latauskortit WeChat-tileihin. Latauskortteja voidaan k\u00e4ytt\u00e4\u00e4 sek\u00e4 verkossa ett\u00e4 paikan p\u00e4\u00e4ll\u00e4 samanaikaisesti, mik\u00e4 tekee lataamisesta k\u00e4tev\u00e4mp\u00e4\u00e4.<\/li>\n<\/ul>\n<h3>Asennettujen s\u00e4hk\u00f6autojen latausasemien paikkakuvat<\/h3>\n<p><img loading=\"lazy\" decoding=\"async\" class=\"alignnone size-full wp-image-618\" src=\"https:\/\/www.pandaexo.com\/wp-content\/uploads\/2026\/03\/On-site-photos-of-the-installed-EV-charging-stations-1.webp\" alt=\"Asennettujen s\u00e4hk\u00f6autojen latausasemien paikkakuvat (1)\" width=\"1808\" height=\"1108\" srcset=\"https:\/\/www.pandaexo.com\/wp-content\/uploads\/2026\/03\/On-site-photos-of-the-installed-EV-charging-stations-1.webp 1808w, https:\/\/www.pandaexo.com\/wp-content\/uploads\/2026\/03\/On-site-photos-of-the-installed-EV-charging-stations-1-768x471.webp 768w, https:\/\/www.pandaexo.com\/wp-content\/uploads\/2026\/03\/On-site-photos-of-the-installed-EV-charging-stations-1-1536x941.webp 1536w, https:\/\/www.pandaexo.com\/wp-content\/uploads\/2026\/03\/On-site-photos-of-the-installed-EV-charging-stations-1-280x172.webp 280w, https:\/\/www.pandaexo.com\/wp-content\/uploads\/2026\/03\/On-site-photos-of-the-installed-EV-charging-stations-1-1170x717.webp 1170w, https:\/\/www.pandaexo.com\/wp-content\/uploads\/2026\/03\/On-site-photos-of-the-installed-EV-charging-stations-1-1500x919.webp 1500w\" sizes=\"auto, (max-width: 1808px) 100vw, 1808px\" \/> <img loading=\"lazy\" decoding=\"async\" class=\"alignnone size-full wp-image-619\" src=\"https:\/\/www.pandaexo.com\/wp-content\/uploads\/2026\/03\/On-site-photos-of-the-installed-EV-charging-stations-2.webp\" alt=\"Asennettujen s\u00e4hk\u00f6autojen latausasemien paikkakuvat (2)\" width=\"1792\" height=\"1101\" srcset=\"https:\/\/www.pandaexo.com\/wp-content\/uploads\/2026\/03\/On-site-photos-of-the-installed-EV-charging-stations-2.webp 1792w, https:\/\/www.pandaexo.com\/wp-content\/uploads\/2026\/03\/On-site-photos-of-the-installed-EV-charging-stations-2-768x472.webp 768w, https:\/\/www.pandaexo.com\/wp-content\/uploads\/2026\/03\/On-site-photos-of-the-installed-EV-charging-stations-2-1536x944.webp 1536w, https:\/\/www.pandaexo.com\/wp-content\/uploads\/2026\/03\/On-site-photos-of-the-installed-EV-charging-stations-2-280x172.webp 280w, https:\/\/www.pandaexo.com\/wp-content\/uploads\/2026\/03\/On-site-photos-of-the-installed-EV-charging-stations-2-1170x719.webp 1170w, https:\/\/www.pandaexo.com\/wp-content\/uploads\/2026\/03\/On-site-photos-of-the-installed-EV-charging-stations-2-1500x922.webp 1500w\" sizes=\"auto, (max-width: 1792px) 100vw, 1792px\" \/><\/p>\n","protected":false},"excerpt":{"rendered":"<table class=\"table table-striped table-bordered\">\n<tbody>\n<tr>\n<td>Tuotemalli<\/td>\n<td>INTEK-AC-11KW\/22KW<\/td>\n<\/tr>\n<tr>\n<td>Sis\u00e4\u00e4ntulon j\u00e4nnitealue<\/td>\n<td>380Vac\u00b120%<\/td>\n<\/tr>\n<tr>\n<td>Taajuus<\/td>\n<td>50Hz\/60Hz<\/td>\n<\/tr>\n<tr>\n<td>Ulostulon j\u00e4nnitealue<\/td>\n<td>380Vac\u00b120%<\/td>\n<\/tr>\n<tr>\n<td>Nimellisvirta<\/td>\n<td>32Aac<\/td>\n<\/tr>\n<tr>\n<td>Ulostulon maksimiteho<\/td>\n<td>22kW<\/td>\n<\/tr>\n<tr>\n<td>Latausliitin<\/td>\n<td>Yksi liitin<\/td>\n<\/tr>\n<tr>\n<td>Aktivointi (konfiguraatiovaihtoehdot)<\/td>\n<td>Skannaa QR-koodit\/RFID\/Maksup\u00e4\u00e4tteet OCPP:ll\u00e4<\/td>\n<\/tr>\n<tr>\n<td>Yhteys<\/td>\n<td>Vakio RJ45-liit\u00e4nt\u00e4\/4G<\/td>\n<\/tr>\n<tr>\n<td>K\u00e4ytt\u00f6liittym\u00e4<\/td>\n<td>4,3 tuumaa\/Ei n\u00e4ytt\u00f6\u00e4<\/td>\n<\/tr>\n<tr>\n<td>Hallintaj\u00e4rjestelm\u00e4<\/td>\n<td>Offline-hallintaty\u00f6kalut, Toiminnanvalvontaj\u00e4rjestelm\u00e4<\/td>\n<\/tr>\n<tr>\n<td>Eristyskyky<\/td>\n<td>\u22652000V<\/td>\n<\/tr>\n<tr>\n<td>Kotelon IP-luokitus<\/td>\n<td>IP54<\/td>\n<\/tr>\n<tr>\n<td>Toimintal\u00e4mp\u00f6tila-alue<\/td>\n<td>-20~50\u00b0C<\/td>\n<\/tr>\n<tr>\n<td>Varastointil\u00e4mp\u00f6tila-alue<\/td>\n<td>-20~70\u00b0C<\/td>\n<\/tr>\n<tr>\n<td>Liitintyyppi<\/td>\n<td>GB\/T20234.2-2015 Tyyppi C, IEC62196 TYPE2\/SAE J1772<\/td>\n<\/tr>\n<tr>\n<td>Mittausmenetelm\u00e4<\/td>\n<td>Integroitu energiamittari<\/td>\n<\/tr>\n<tr>\n<td>Luotettavuus<\/td>\n<td>50000h<\/td>\n<\/tr>\n<tr>\n<td>Suojaj\u00e4rjestelm\u00e4<\/td>\n<td>Ylij\u00e4nnite\/Alij\u00e4nnite, Oikosulku, Ylikuormitus, Vuoto, Ylij\u00e4nnitesuoja<\/td>\n<\/tr>\n<tr>\n<td>Asennus<\/td>\n<td>Pylv\u00e4s<\/td>\n<\/tr>\n<tr>\n<td>Kotelon materiaali<\/td>\n<td>Pelti<\/td>\n<\/tr>\n<tr>\n<td>Latauskaapelin pituus<\/td>\n<td>3,5m (Mukautus mahdollista)<\/td>\n<\/tr>\n<\/tbody>\n<\/table>\n","protected":false},"featured_media":592,"comment_status":"closed","ping_status":"closed","template":"","meta":[],"product_brand":[],"product_cat":[690],"product_tag":[797],"class_list":{"0":"post-1063","1":"product","2":"type-product","3":"status-publish","4":"has-post-thumbnail","6":"product_cat-charger-fi","7":"product_tag-ac-charging-fi","9":"first","10":"instock","11":"shipping-taxable","12":"product-type-simple","13":"prodpage-classic"},"aioseo_notices":[],"_links":{"self":[{"href":"https:\/\/www.pandaexo.com\/fi\/wp-json\/wp\/v2\/product\/1063","targetHints":{"allow":["GET"]}}],"collection":[{"href":"https:\/\/www.pandaexo.com\/fi\/wp-json\/wp\/v2\/product"}],"about":[{"href":"https:\/\/www.pandaexo.com\/fi\/wp-json\/wp\/v2\/types\/product"}],"replies":[{"embeddable":true,"href":"https:\/\/www.pandaexo.com\/fi\/wp-json\/wp\/v2\/comments?post=1063"}],"wp:featuredmedia":[{"embeddable":true,"href":"https:\/\/www.pandaexo.com\/fi\/wp-json\/wp\/v2\/media\/592"}],"wp:attachment":[{"href":"https:\/\/www.pandaexo.com\/fi\/wp-json\/wp\/v2\/media?parent=1063"}],"wp:term":[{"taxonomy":"product_brand","embeddable":true,"href":"https:\/\/www.pandaexo.com\/fi\/wp-json\/wp\/v2\/product_brand?post=1063"},{"taxonomy":"product_cat","embeddable":true,"href":"https:\/\/www.pandaexo.com\/fi\/wp-json\/wp\/v2\/product_cat?post=1063"},{"taxonomy":"product_tag","embeddable":true,"href":"https:\/\/www.pandaexo.com\/fi\/wp-json\/wp\/v2\/product_tag?post=1063"}],"curies":[{"name":"wp","href":"https:\/\/api.w.org\/{rel}","templated":true}]}}