{"id":1103,"date":"2026-03-10T04:32:02","date_gmt":"2026-03-09T20:32:02","guid":{"rendered":"https:\/\/www.pandaexo.com\/shop\/3-5kw-7kw-ac-ev-charger-post-mounted\/"},"modified":"2026-03-18T19:36:36","modified_gmt":"2026-03-18T11:36:36","slug":"3-5kw-7kw-ac-ev-charger-post-mounted","status":"publish","type":"product","link":"https:\/\/www.pandaexo.com\/fi\/shop\/3-5kw-7kw-ac-ev-charger-post-mounted\/","title":{"rendered":"3,5 kW\/7 kW vaihtovirran s\u00e4hk\u00f6auton latauspylv\u00e4s (maahan asennettava)"},"content":{"rendered":"<h3>Tuotemallin Nime\u00e4misk\u00e4yt\u00e4nt\u00f6<\/h3>\n<p><img loading=\"lazy\" decoding=\"async\" src=\"https:\/\/www.pandaexo.com\/wp-content\/uploads\/2026\/03\/Product-Model-Naming-Convention.webp\" alt=\"Tuotemallin Nime\u00e4misk\u00e4yt\u00e4nt\u00f6\" width=\"771\" height=\"369\" \/><\/p>\n<h3>Johdon Valinta<\/h3>\n<table class=\"table table-striped table-bordered\">\n<tbody>\n<tr>\n<td>Nimellisteho yhteens\u00e4<\/td>\n<td>Nimellissis\u00e4\u00e4nt\u00f6j\u00e4nnite<\/td>\n<td>Nimellissis\u00e4\u00e4nt\u00f6virta<\/td>\n<td>Suositeltu s\u00e4hk\u00f6johto<\/td>\n<\/tr>\n<tr>\n<td height=\"50\">3.5KW<\/td>\n<td height=\"50\">AC220V<\/td>\n<td height=\"50\">16A<\/td>\n<td height=\"50\">ZR-YJV-3*6<\/td>\n<\/tr>\n<tr>\n<td height=\"50\">7KW<\/td>\n<td height=\"50\">AC220V<\/td>\n<td height=\"50\">32A<\/td>\n<td height=\"50\">ZR-YJV-3*10<\/td>\n<\/tr>\n<tr>\n<td height=\"50\">14KW<\/td>\n<td height=\"50\">AC220V<\/td>\n<td height=\"50\">64A<\/td>\n<td height=\"50\">ZR-YJV-3*16<\/td>\n<\/tr>\n<tr>\n<td height=\"50\">30KW<\/td>\n<td height=\"50\">AC380V<\/td>\n<td height=\"50\">45A<\/td>\n<td height=\"50\">ZR-YJV-4*25+1*16<\/td>\n<\/tr>\n<tr>\n<td height=\"50\">60KW<\/td>\n<td height=\"50\">AC380V<\/td>\n<td height=\"50\">91A<\/td>\n<td height=\"50\">ZR-YJV-4*35+1*16<\/td>\n<\/tr>\n<tr>\n<td height=\"50\">90KW<\/td>\n<td height=\"50\">AC380V<\/td>\n<td height=\"50\">136A<\/td>\n<td height=\"50\">ZR-YJV-4*70+1*35<\/td>\n<\/tr>\n<tr>\n<td height=\"50\">120KW<\/td>\n<td height=\"50\">AC380V<\/td>\n<td height=\"50\">182A<\/td>\n<td height=\"50\">ZR-YJV-4*95+1*50<\/td>\n<\/tr>\n<tr>\n<td height=\"50\">160KW<\/td>\n<td height=\"50\">AC380V<\/td>\n<td height=\"50\">243A<\/td>\n<td height=\"50\">ZR-YJV-4*120+1*70<\/td>\n<\/tr>\n<tr>\n<td height=\"50\">240KW<\/td>\n<td height=\"50\">AC380V<\/td>\n<td height=\"50\">365A<\/td>\n<td height=\"50\">ZR-YJV-4*185+1*95<\/td>\n<\/tr>\n<\/tbody>\n<\/table>\n<h3>Takuutiedot Ulkomailla<\/h3>\n<p>Kiinan ulkopuolisilla latauspaikoilla tarjoamme 1 % haavoittuvista varaosista ja 24 tunnin et\u00e4ohjauspalvelun.<\/p>\n<h3>Taustaj\u00e4rjestelm\u00e4<\/h3>\n<ul>\n<li><strong>Tasoj\u00e4rjestelm\u00e4<\/strong><br \/>\nToteuta kolmitasoinen hallintaj\u00e4rjestelm\u00e4, joka kattaa operaattoritason, latausasematason ja latauslaitetason hallinnan. T\u00e4m\u00e4 integroi eri operaattorit suurelle alustalle, mahdollistaen latauslaitteiden ja k\u00e4ytt\u00f6tietojen jakamisen.<\/li>\n<li><strong>Et\u00e4valvonta<\/strong><br \/>\nMahdollista kunkin latauslaitteen tilan et\u00e4valvonta, ker\u00e4\u00e4 k\u00e4ytt\u00f6tietoja ja luo erityyppisi\u00e4 tuotantoraportteja yksinkertaistaaksesi toiminnan hallintaa.<\/li>\n<li><strong>K\u00e4ytt\u00e4j\u00e4hallinta<\/strong><br \/>\nYhdist\u00e4 saumattomasti valtavirran latauskortit WeChat-tileihin. Latauskortteja voidaan k\u00e4ytt\u00e4\u00e4 sek\u00e4 verkossa ett\u00e4 verkosta poissa yht\u00e4 aikaa, mik\u00e4 tekee lataamisesta k\u00e4tev\u00e4mp\u00e4\u00e4.<\/li>\n<\/ul>\n<h3>Asennettujen s\u00e4hk\u00f6autojen latausasemien paikkakuvat<\/h3>\n<p><img loading=\"lazy\" decoding=\"async\" class=\"alignnone size-full wp-image-618\" src=\"https:\/\/www.pandaexo.com\/wp-content\/uploads\/2026\/03\/On-site-photos-of-the-installed-EV-charging-stations-1.webp\" alt=\"Asennettujen s\u00e4hk\u00f6autojen latausasemien paikkakuvat (1)\" width=\"1808\" height=\"1108\" srcset=\"https:\/\/www.pandaexo.com\/wp-content\/uploads\/2026\/03\/On-site-photos-of-the-installed-EV-charging-stations-1.webp 1808w, https:\/\/www.pandaexo.com\/wp-content\/uploads\/2026\/03\/On-site-photos-of-the-installed-EV-charging-stations-1-768x471.webp 768w, https:\/\/www.pandaexo.com\/wp-content\/uploads\/2026\/03\/On-site-photos-of-the-installed-EV-charging-stations-1-1536x941.webp 1536w, https:\/\/www.pandaexo.com\/wp-content\/uploads\/2026\/03\/On-site-photos-of-the-installed-EV-charging-stations-1-280x172.webp 280w, https:\/\/www.pandaexo.com\/wp-content\/uploads\/2026\/03\/On-site-photos-of-the-installed-EV-charging-stations-1-1170x717.webp 1170w, https:\/\/www.pandaexo.com\/wp-content\/uploads\/2026\/03\/On-site-photos-of-the-installed-EV-charging-stations-1-1500x919.webp 1500w\" sizes=\"auto, (max-width: 1808px) 100vw, 1808px\" \/> <img loading=\"lazy\" decoding=\"async\" class=\"alignnone size-full wp-image-619\" src=\"https:\/\/www.pandaexo.com\/wp-content\/uploads\/2026\/03\/On-site-photos-of-the-installed-EV-charging-stations-2.webp\" alt=\"Asennettujen s\u00e4hk\u00f6autojen latausasemien paikkakuvat (2)\" width=\"1792\" height=\"1101\" srcset=\"https:\/\/www.pandaexo.com\/wp-content\/uploads\/2026\/03\/On-site-photos-of-the-installed-EV-charging-stations-2.webp 1792w, https:\/\/www.pandaexo.com\/wp-content\/uploads\/2026\/03\/On-site-photos-of-the-installed-EV-charging-stations-2-768x472.webp 768w, https:\/\/www.pandaexo.com\/wp-content\/uploads\/2026\/03\/On-site-photos-of-the-installed-EV-charging-stations-2-1536x944.webp 1536w, https:\/\/www.pandaexo.com\/wp-content\/uploads\/2026\/03\/On-site-photos-of-the-installed-EV-charging-stations-2-280x172.webp 280w, https:\/\/www.pandaexo.com\/wp-content\/uploads\/2026\/03\/On-site-photos-of-the-installed-EV-charging-stations-2-1170x719.webp 1170w, https:\/\/www.pandaexo.com\/wp-content\/uploads\/2026\/03\/On-site-photos-of-the-installed-EV-charging-stations-2-1500x922.webp 1500w\" sizes=\"auto, (max-width: 1792px) 100vw, 1792px\" \/><\/p>\n","protected":false},"excerpt":{"rendered":"<table class=\"table table-striped table-bordered\">\n<tbody>\n<tr>\n<td>Tuotemalli<\/td>\n<td>INTEK-AC-3.5kW\/7kW<\/td>\n<\/tr>\n<tr>\n<td>Sy\u00f6tt\u00f6j\u00e4nnitealue<\/td>\n<td>220Vac\u00b120%<\/td>\n<\/tr>\n<tr>\n<td>Taajuus<\/td>\n<td>50Hz\/60Hz<\/td>\n<\/tr>\n<tr>\n<td>L\u00e4ht\u00f6j\u00e4nnitealue<\/td>\n<td>220Vac\u00b120%<\/td>\n<\/tr>\n<tr>\n<td>Nimellisvirta<\/td>\n<td>16Aac\/32Aac<\/td>\n<\/tr>\n<tr>\n<td>L\u00e4ht\u00f6teho maksimi<\/td>\n<td>3.5kW\/7kW<\/td>\n<\/tr>\n<tr>\n<td>Latausliitin<\/td>\n<td>Yksi liitin<\/td>\n<\/tr>\n<tr>\n<td>Aktivointi (Asetusvaihtoehdot)<\/td>\n<td>RFID\/Skannaa QR-koodit<\/td>\n<\/tr>\n<tr>\n<td>Yhteys<\/td>\n<td>Standard RJ45-liit\u00e4nt\u00e4\/4G<\/td>\n<\/tr>\n<tr>\n<td>K\u00e4ytt\u00f6liittym\u00e4<\/td>\n<td>4.3 tuumaa\/Ei n\u00e4ytt\u00f6\u00e4<\/td>\n<\/tr>\n<tr>\n<td>Hallintaj\u00e4rjestelm\u00e4<\/td>\n<td>Offline-hallintaty\u00f6kalut, Toiminnanvalvontaplattforma<\/td>\n<\/tr>\n<tr>\n<td>Eristyskest\u00e4vyys<\/td>\n<td>\u22652000V<\/td>\n<\/tr>\n<tr>\n<td>Kotelon IP-luokitus<\/td>\n<td>IP54<\/td>\n<\/tr>\n<tr>\n<td>K\u00e4ytt\u00f6l\u00e4mp\u00f6tila-alue<\/td>\n<td>-20~50\u00b0C<\/td>\n<\/tr>\n<tr>\n<td>Varastointil\u00e4mp\u00f6tila-alue<\/td>\n<td>-20~70\u00b0C<\/td>\n<\/tr>\n<tr>\n<td>Liitintyyppi<\/td>\n<td>GB\/T20234.2-2015 Tyyppi C<\/td>\n<\/tr>\n<tr>\n<td>Mittausmenetelm\u00e4<\/td>\n<td>Integroitu energiamittari<\/td>\n<\/tr>\n<tr>\n<td>Luotettavuus<\/td>\n<td>50000h<\/td>\n<\/tr>\n<tr>\n<td>Suojaj\u00e4rjestelm\u00e4<\/td>\n<td>Ylij\u00e4nnite\/Alij\u00e4nnite, Oikosulku, Ylikuormitus, Vuoto, Ylij\u00e4nnitesuoja<\/td>\n<\/tr>\n<tr>\n<td>Asennus<\/td>\n<td>Pylv\u00e4s<\/td>\n<\/tr>\n<tr>\n<td>Kotelomateriaali<\/td>\n<td>Pelti<\/td>\n<\/tr>\n<tr>\n<td>Latauskaapelin pituus<\/td>\n<td>3.5m (Mukautus mahdollinen)<\/td>\n<\/tr>\n<\/tbody>\n<\/table>\n","protected":false},"featured_media":588,"comment_status":"closed","ping_status":"closed","template":"","meta":[],"product_brand":[],"product_cat":[690],"product_tag":[797],"class_list":{"0":"post-1103","1":"product","2":"type-product","3":"status-publish","4":"has-post-thumbnail","6":"product_cat-charger-fi","7":"product_tag-ac-charging-fi","9":"first","10":"instock","11":"shipping-taxable","12":"product-type-simple","13":"prodpage-classic"},"aioseo_notices":[],"_links":{"self":[{"href":"https:\/\/www.pandaexo.com\/fi\/wp-json\/wp\/v2\/product\/1103","targetHints":{"allow":["GET"]}}],"collection":[{"href":"https:\/\/www.pandaexo.com\/fi\/wp-json\/wp\/v2\/product"}],"about":[{"href":"https:\/\/www.pandaexo.com\/fi\/wp-json\/wp\/v2\/types\/product"}],"replies":[{"embeddable":true,"href":"https:\/\/www.pandaexo.com\/fi\/wp-json\/wp\/v2\/comments?post=1103"}],"wp:featuredmedia":[{"embeddable":true,"href":"https:\/\/www.pandaexo.com\/fi\/wp-json\/wp\/v2\/media\/588"}],"wp:attachment":[{"href":"https:\/\/www.pandaexo.com\/fi\/wp-json\/wp\/v2\/media?parent=1103"}],"wp:term":[{"taxonomy":"product_brand","embeddable":true,"href":"https:\/\/www.pandaexo.com\/fi\/wp-json\/wp\/v2\/product_brand?post=1103"},{"taxonomy":"product_cat","embeddable":true,"href":"https:\/\/www.pandaexo.com\/fi\/wp-json\/wp\/v2\/product_cat?post=1103"},{"taxonomy":"product_tag","embeddable":true,"href":"https:\/\/www.pandaexo.com\/fi\/wp-json\/wp\/v2\/product_tag?post=1103"}],"curies":[{"name":"wp","href":"https:\/\/api.w.org\/{rel}","templated":true}]}}