{"id":923,"date":"2026-03-10T05:58:13","date_gmt":"2026-03-09T21:58:13","guid":{"rendered":"https:\/\/www.pandaexo.com\/shop\/240-1080kw-multi-connector-group-charging-system\/"},"modified":"2026-03-18T19:39:59","modified_gmt":"2026-03-18T11:39:59","slug":"240-1080kw-multi-connector-group-charging-system","status":"publish","type":"product","link":"https:\/\/www.pandaexo.com\/fi\/shop\/240-1080kw-multi-connector-group-charging-system\/","title":{"rendered":"240-1080kW Moni-liitinryhm\u00e4n Latausj\u00e4rjestelm\u00e4"},"content":{"rendered":"<p><img loading=\"lazy\" decoding=\"async\" class=\"alignnone size-full wp-image-614\" src=\"https:\/\/www.pandaexo.com\/wp-content\/uploads\/2026\/03\/240-1080kW-Multi-connector-Group-Charging-System-1.webp\" alt=\"240-1080kW Moniliitinryhm\u00e4latausj\u00e4rjestelm\u00e4 1\" width=\"1000\" height=\"374\" srcset=\"https:\/\/www.pandaexo.com\/wp-content\/uploads\/2026\/03\/240-1080kW-Multi-connector-Group-Charging-System-1.webp 1000w, https:\/\/www.pandaexo.com\/wp-content\/uploads\/2026\/03\/240-1080kW-Multi-connector-Group-Charging-System-1-768x287.webp 768w, https:\/\/www.pandaexo.com\/wp-content\/uploads\/2026\/03\/240-1080kW-Multi-connector-Group-Charging-System-1-280x105.webp 280w\" sizes=\"auto, (max-width: 1000px) 100vw, 1000px\" \/><\/p>\n<h3>Tuotemallin Nime\u00e4missopimus<\/h3>\n<p><img loading=\"lazy\" decoding=\"async\" src=\"https:\/\/www.pandaexo.com\/wp-content\/uploads\/2026\/03\/Product-Model-Naming-Convention.webp\" alt=\"Tuotemallin Nime\u00e4missopimus\" width=\"771\" height=\"369\" \/><\/p>\n<h3>Tehokaapelin Valinta<\/h3>\n<table class=\"table table-striped table-bordered\">\n<tbody>\n<tr>\n<td>Kokonaisnimellisteho<\/td>\n<td>Nimellissis\u00e4\u00e4nt\u00f6j\u00e4nnite<\/td>\n<td>Nimellissis\u00e4\u00e4nt\u00f6virta<\/td>\n<td>Suositeltu Tehokaapeli<\/td>\n<\/tr>\n<tr>\n<td height=\"50\">3.5KW<\/td>\n<td height=\"50\">AC220V<\/td>\n<td height=\"50\">16A<\/td>\n<td height=\"50\">ZR-YJV-3*6<\/td>\n<\/tr>\n<tr>\n<td height=\"50\">7KW<\/td>\n<td height=\"50\">AC220V<\/td>\n<td height=\"50\">32A<\/td>\n<td height=\"50\">ZR-YJV-3*10<\/td>\n<\/tr>\n<tr>\n<td height=\"50\">14KW<\/td>\n<td height=\"50\">AC220V<\/td>\n<td height=\"50\">64A<\/td>\n<td height=\"50\">ZR-YJV-3*16<\/td>\n<\/tr>\n<tr>\n<td height=\"50\">30KW<\/td>\n<td height=\"50\">AC380V<\/td>\n<td height=\"50\">45A<\/td>\n<td height=\"50\">ZR-YJV-4*25+1*16<\/td>\n<\/tr>\n<tr>\n<td height=\"50\">60KW<\/td>\n<td height=\"50\">AC380V<\/td>\n<td height=\"50\">91A<\/td>\n<td height=\"50\">ZR-YJV-4*35+1*16<\/td>\n<\/tr>\n<tr>\n<td height=\"50\">90KW<\/td>\n<td height=\"50\">AC380V<\/td>\n<td height=\"50\">136A<\/td>\n<td height=\"50\">ZR-YJV-4*70+1*35<\/td>\n<\/tr>\n<tr>\n<td height=\"50\">120KW<\/td>\n<td height=\"50\">AC380V<\/td>\n<td height=\"50\">182A<\/td>\n<td height=\"50\">ZR-YJV-4*95+1*50<\/td>\n<\/tr>\n<tr>\n<td height=\"50\">160KW<\/td>\n<td height=\"50\">AC380V<\/td>\n<td height=\"50\">243A<\/td>\n<td height=\"50\">ZR-YJV-4*120+1*70<\/td>\n<\/tr>\n<tr>\n<td height=\"50\">240KW<\/td>\n<td height=\"50\">AC380V<\/td>\n<td height=\"50\">365A<\/td>\n<td height=\"50\">ZR-YJV-4*185+1*95<\/td>\n<\/tr>\n<\/tbody>\n<\/table>\n<h3>Ulkomainen Takuitieto<\/h3>\n<p>Kiinan ulkopuolisille latauspaikoille tarjoamme 1 % haavoittuvista varaosista ja 24 tunnin et\u00e4ohjauspalvelua.<\/p>\n<h3>Taustaj\u00e4rjestelm\u00e4<\/h3>\n<ul>\n<li><strong>Tasoj\u00e4rjestelm\u00e4<\/strong><br \/>\nToteuta kolmitasoinen hallintaj\u00e4rjestelm\u00e4, joka kattaa operaattoritason, latausasematason ja latausp\u00e4\u00e4telaitetason hallinnan. T\u00e4m\u00e4 integroi erilaiset operaattorit suurelle alustalle, mahdollistaen latauslaitteiden ja operatiivisten tietojen jakamisen.<\/li>\n<li><strong>Et\u00e4valvonta<\/strong><br \/>\nMahdollista kunkin latauslaitteen tilan et\u00e4valvonnan, ker\u00e4\u00e4 operatiivisia tietoja ja luo erityyppisi\u00e4 tuotantoraportteja yksinkertaistaaksesi operatiivista hallintaa.<\/li>\n<li><strong>K\u00e4ytt\u00e4j\u00e4hallinta<\/strong><br \/>\nYhdist\u00e4 saumattomasti valtavirran latauskortit WeChat-tileihin. Latauskortteja voidaan k\u00e4ytt\u00e4\u00e4 sek\u00e4 verkossa ett\u00e4 paikan p\u00e4\u00e4ll\u00e4 samanaikaisesti, mik\u00e4 tekee lataamisesta k\u00e4tev\u00e4mp\u00e4\u00e4.<\/li>\n<\/ul>\n<h3>Asennettujen s\u00e4hk\u00f6autojen latausasemien paikkakuvat<\/h3>\n<p><img loading=\"lazy\" decoding=\"async\" class=\"alignnone size-full wp-image-618\" src=\"https:\/\/www.pandaexo.com\/wp-content\/uploads\/2026\/03\/On-site-photos-of-the-installed-EV-charging-stations-1.webp\" alt=\"Asennettujen s\u00e4hk\u00f6autojen latausasemien paikkakuvat (1)\" width=\"1808\" height=\"1108\" srcset=\"https:\/\/www.pandaexo.com\/wp-content\/uploads\/2026\/03\/On-site-photos-of-the-installed-EV-charging-stations-1.webp 1808w, https:\/\/www.pandaexo.com\/wp-content\/uploads\/2026\/03\/On-site-photos-of-the-installed-EV-charging-stations-1-768x471.webp 768w, https:\/\/www.pandaexo.com\/wp-content\/uploads\/2026\/03\/On-site-photos-of-the-installed-EV-charging-stations-1-1536x941.webp 1536w, https:\/\/www.pandaexo.com\/wp-content\/uploads\/2026\/03\/On-site-photos-of-the-installed-EV-charging-stations-1-280x172.webp 280w, https:\/\/www.pandaexo.com\/wp-content\/uploads\/2026\/03\/On-site-photos-of-the-installed-EV-charging-stations-1-1170x717.webp 1170w, https:\/\/www.pandaexo.com\/wp-content\/uploads\/2026\/03\/On-site-photos-of-the-installed-EV-charging-stations-1-1500x919.webp 1500w\" sizes=\"auto, (max-width: 1808px) 100vw, 1808px\" \/> <img loading=\"lazy\" decoding=\"async\" class=\"alignnone size-full wp-image-619\" src=\"https:\/\/www.pandaexo.com\/wp-content\/uploads\/2026\/03\/On-site-photos-of-the-installed-EV-charging-stations-2.webp\" alt=\"Asennettujen s\u00e4hk\u00f6autojen latausasemien paikkakuvat (2)\" width=\"1792\" height=\"1101\" srcset=\"https:\/\/www.pandaexo.com\/wp-content\/uploads\/2026\/03\/On-site-photos-of-the-installed-EV-charging-stations-2.webp 1792w, https:\/\/www.pandaexo.com\/wp-content\/uploads\/2026\/03\/On-site-photos-of-the-installed-EV-charging-stations-2-768x472.webp 768w, https:\/\/www.pandaexo.com\/wp-content\/uploads\/2026\/03\/On-site-photos-of-the-installed-EV-charging-stations-2-1536x944.webp 1536w, https:\/\/www.pandaexo.com\/wp-content\/uploads\/2026\/03\/On-site-photos-of-the-installed-EV-charging-stations-2-280x172.webp 280w, https:\/\/www.pandaexo.com\/wp-content\/uploads\/2026\/03\/On-site-photos-of-the-installed-EV-charging-stations-2-1170x719.webp 1170w, https:\/\/www.pandaexo.com\/wp-content\/uploads\/2026\/03\/On-site-photos-of-the-installed-EV-charging-stations-2-1500x922.webp 1500w\" sizes=\"auto, (max-width: 1792px) 100vw, 1792px\" \/><\/p>\n","protected":false},"excerpt":{"rendered":"<table class=\"table table-striped table-bordered\">\n<tbody>\n<tr>\n<td>Tuotemalli<\/td>\n<td>INTEK-DC-480kW<\/td>\n<\/tr>\n<tr>\n<td>Aktivointi (Konfigurointivaihtoehdot)<\/td>\n<td>Kassakone\/QR-koodien skannaus\/RFID-maksup\u00e4\u00e4tteet OCPP:lla<\/td>\n<\/tr>\n<tr>\n<td>J\u00e4nnitteen s\u00e4\u00e4t\u00f6tarkkuus<\/td>\n<td>\u2264\u00b10,5 %<\/td>\n<\/tr>\n<tr>\n<td>Luotettavuus<\/td>\n<td>50000 h<\/td>\n<\/tr>\n<tr>\n<td>Sis\u00e4\u00e4ntuloj\u00e4nnitteen alue<\/td>\n<td>380 Vac \u00b120 %<\/td>\n<\/tr>\n<tr>\n<td>Yhteys<\/td>\n<td>Vakio RJ45-liitin\/4G<\/td>\n<\/tr>\n<tr>\n<td>L\u00e4ht\u00f6virheen virhe<\/td>\n<td>\u2264\u00b11 %<\/td>\n<\/tr>\n<tr>\n<td>Suojaj\u00e4rjestelm\u00e4<\/td>\n<td>Ylij\u00e4nnite\/alij\u00e4nnite, oikosulku, ylikuormitus, vuoto, ylij\u00e4nnitesuoja<\/td>\n<\/tr>\n<tr>\n<td>Taajuus<\/td>\n<td>50 Hz\/60 Hz<\/td>\n<\/tr>\n<tr>\n<td>K\u00e4ytt\u00f6liittym\u00e4<\/td>\n<td>7 tuumaa<\/td>\n<\/tr>\n<tr>\n<td>L\u00e4ht\u00f6j\u00e4nnitteen virhe<\/td>\n<td>\u2264\u00b10,5 %<\/td>\n<\/tr>\n<tr>\n<td>Asennus<\/td>\n<td>Maahan asennettava<\/td>\n<\/tr>\n<tr>\n<td>L\u00e4ht\u00f6j\u00e4nnitteen alue<\/td>\n<td>200\u20131000 Vdc<\/td>\n<\/tr>\n<tr>\n<td>Eristyslujuus<\/td>\n<td>\u22652000 V<\/td>\n<\/tr>\n<tr>\n<td>Toimintal\u00e4mp\u00f6tila-alue<\/td>\n<td>\u201320\u201350 \u00b0C<\/td>\n<\/tr>\n<tr>\n<td>Kotelomateriaali<\/td>\n<td>Peltimetalli<\/td>\n<\/tr>\n<tr>\n<td>Nimellisvirta<\/td>\n<td>250 Adc<\/td>\n<\/tr>\n<tr>\n<td>Kotelo IP-luokitus<\/td>\n<td>IP54<\/td>\n<\/tr>\n<tr>\n<td>Varastointil\u00e4mp\u00f6tila-alue<\/td>\n<td>\u201320\u201370 \u00b0C<\/td>\n<\/tr>\n<tr>\n<td>Latauskaapelin pituus<\/td>\n<td>5 m (mukautus mahdollinen)<\/td>\n<\/tr>\n<tr>\n<td>L\u00e4ht\u00f6teho enint\u00e4\u00e4n<\/td>\n<td>480 kW<\/td>\n<\/tr>\n<tr>\n<td>Melu<\/td>\n<td>&lt; 75 dB<\/td>\n<\/tr>\n<tr>\n<td>Liitintyyppi<\/td>\n<td>GB\/T20234.2-2015 Tyyppi C\/CCS1\/CCS2<\/td>\n<\/tr>\n<tr>\n<td>Latausliitin<\/td>\n<td>7\/8-liitint\u00e4<\/td>\n<\/tr>\n<tr>\n<td>Virran s\u00e4\u00e4t\u00f6tarkkuus<\/td>\n<td>\u2264\u00b11 %<\/td>\n<\/tr>\n<tr>\n<td>Mittausmenetelm\u00e4<\/td>\n<td>Energiamittari<\/td>\n<\/tr>\n<\/tbody>\n<\/table>\n","protected":false},"featured_media":615,"comment_status":"closed","ping_status":"closed","template":"","meta":[],"product_brand":[],"product_cat":[690],"product_tag":[],"class_list":{"0":"post-923","1":"product","2":"type-product","3":"status-publish","4":"has-post-thumbnail","6":"product_cat-charger-fi","8":"first","9":"instock","10":"shipping-taxable","11":"product-type-simple","12":"prodpage-classic"},"aioseo_notices":[],"_links":{"self":[{"href":"https:\/\/www.pandaexo.com\/fi\/wp-json\/wp\/v2\/product\/923","targetHints":{"allow":["GET"]}}],"collection":[{"href":"https:\/\/www.pandaexo.com\/fi\/wp-json\/wp\/v2\/product"}],"about":[{"href":"https:\/\/www.pandaexo.com\/fi\/wp-json\/wp\/v2\/types\/product"}],"replies":[{"embeddable":true,"href":"https:\/\/www.pandaexo.com\/fi\/wp-json\/wp\/v2\/comments?post=923"}],"wp:featuredmedia":[{"embeddable":true,"href":"https:\/\/www.pandaexo.com\/fi\/wp-json\/wp\/v2\/media\/615"}],"wp:attachment":[{"href":"https:\/\/www.pandaexo.com\/fi\/wp-json\/wp\/v2\/media?parent=923"}],"wp:term":[{"taxonomy":"product_brand","embeddable":true,"href":"https:\/\/www.pandaexo.com\/fi\/wp-json\/wp\/v2\/product_brand?post=923"},{"taxonomy":"product_cat","embeddable":true,"href":"https:\/\/www.pandaexo.com\/fi\/wp-json\/wp\/v2\/product_cat?post=923"},{"taxonomy":"product_tag","embeddable":true,"href":"https:\/\/www.pandaexo.com\/fi\/wp-json\/wp\/v2\/product_tag?post=923"}],"curies":[{"name":"wp","href":"https:\/\/api.w.org\/{rel}","templated":true}]}}