{"id":1364,"date":"2025-11-15T14:00:49","date_gmt":"2025-11-15T06:00:49","guid":{"rendered":"https:\/\/www.pandaexo.com\/about-us\/"},"modified":"2026-03-18T20:23:58","modified_gmt":"2026-03-18T12:23:58","slug":"about-us","status":"publish","type":"page","link":"https:\/\/www.pandaexo.com\/fr\/about-us\/","title":{"rendered":"\u00c0 Propos de Nous"},"content":{"rendered":"<p>Fond\u00e9e sur plus d&rsquo;une d\u00e9cennie d&rsquo;expertise industrielle et une solide r\u00e9putation dans la fabrication de redresseurs en pont au silicium ultra-fiables, PandaExo a op\u00e9r\u00e9 un virage strat\u00e9gique en 2019 vers l&rsquo;\u00e9picentre de l&rsquo;industrie chinoise des v\u00e9hicules \u00e0 \u00e9nergie nouvelle (NEV) &#8211; Hefei. Aujourd&rsquo;hui, op\u00e9rant depuis une installation de fabrication ultramoderne de 28 000 m\u00e8tres carr\u00e9s, notre \u00e9quipe de 150 professionnels &#8211; dont 30 % sont enti\u00e8rement d\u00e9di\u00e9s \u00e0 la R&amp;D &#8211; fait avancer notre mission. Nous avons \u00e9volu\u00e9 avec succ\u00e8s d&rsquo;un fabricant de composants sp\u00e9cialis\u00e9 vers un fournisseur mondial de premier plan d&rsquo;infrastructures de recharge pour v\u00e9hicules \u00e9lectriques hautes performances et de solutions \u00e9nerg\u00e9tiques compl\u00e8tes.<\/p>\n<h3>Pr\u00e9sence mondiale strat\u00e9gique<\/h3>\n<p>Pour r\u00e9pondre \u00e0 la demande mondiale croissante d&rsquo;\u00e9nergie verte, nous avons \u00e9tabli des centres r\u00e9gionaux sp\u00e9cialis\u00e9s pour mieux servir nos partenaires internationaux :<\/p>\n<ul>\n<li><strong>Succursale strat\u00e9gique du Sichuan (cr\u00e9\u00e9e en 2023) :<\/strong> Bas\u00e9e dans le district de Wuhou \u00e0 Chengdu, ce centre agit comme notre principal moteur d&rsquo;expansion commerciale en Asie centrale, en Afrique et en Europe, fournissant des solutions \u00e9nerg\u00e9tiques hautement personnalis\u00e9es aux r\u00e9gions \u00e0 croissance rapide.<\/li>\n<li><strong>Succursale internationale de Duba\u00ef (cr\u00e9\u00e9e en 2024) :<\/strong> Servant de centre nerveux technique et commercial vital, cette succursale soutient nos partenaires strat\u00e9giques \u00e0 travers l&rsquo;Am\u00e9rique du Nord, le Moyen-Orient et l&rsquo;Asie du Sud-Est.<\/li>\n<li><strong>Envergure et fiabilit\u00e9 \u00e9prouv\u00e9es :<\/strong> D\u00e9montrant nos capacit\u00e9s logistiques et techniques, nous avons fabriqu\u00e9 et livr\u00e9 avec succ\u00e8s plus de 300 stations de recharge pour le r\u00e9seau \u00e9lectrique national en un d\u00e9lai rapide de deux mois.<\/li>\n<\/ul>\n<p><iframe loading=\"lazy\" title=\"Inside PandaExo&#039;s EV Charger Factory #evcharging\" width=\"500\" height=\"281\" src=\"https:\/\/www.youtube.com\/embed\/9bS9AHcoSIg?feature=oembed\" frameborder=\"0\" allow=\"accelerometer; autoplay; clipboard-write; encrypted-media; gyroscope; picture-in-picture; web-share\" referrerpolicy=\"strict-origin-when-cross-origin\" allowfullscreen><\/iframe><\/p>\n<h3>Innovation &amp; R&amp;D<\/h3>\n<p>Nous croyons que l&rsquo;innovation ind\u00e9pendante est la pierre angulaire d&rsquo;un avenir durable. Gr\u00e2ce \u00e0 un partenariat strat\u00e9gique \u00e0 long terme avec l&rsquo;Institut de l&rsquo;\u00c9nergie d&rsquo;une grande universit\u00e9 nationale de technologie, nous perfectionnons continuellement l&rsquo;\u00e9cosyst\u00e8me de recharge des v\u00e9hicules \u00e9lectriques :<\/p>\n<ul>\n<li><strong>Plateformes \u00e9nerg\u00e9tiques intelligentes :<\/strong> Nous int\u00e9grons un mat\u00e9riel robuste \u00e0 des logiciels bas\u00e9s sur le cloud pour permettre une gestion \u00e9nerg\u00e9tique et de recharge transparente et en temps r\u00e9el.<\/li>\n<li><strong>Technologie de pointe :<\/strong> Nous sommes pionniers dans les syst\u00e8mes \u00e9nerg\u00e9tiques en boucle ferm\u00e9e &#8211; explorant les m\u00e9thodologies \u00ab\u00a0Filaire vs. Sans fil\u00a0\u00bb et \u00ab\u00a0Recharge vs. \u00c9change de batterie\u00a0\u00bb pour maximiser l&rsquo;efficacit\u00e9 op\u00e9rationnelle.<\/li>\n<li><strong>Propri\u00e9t\u00e9 intellectuelle :<\/strong> Notre avantage technologique est prot\u00e9g\u00e9 par des dizaines de brevets de mod\u00e8le d&rsquo;utilit\u00e9 et de droits d&rsquo;auteur sur les logiciels, garantissant que nos clients b\u00e9n\u00e9ficient d&rsquo;innovations propri\u00e9taires de classe mondiale.<\/li>\n<\/ul>\n<h3>L&rsquo;\u00e9volution verte<\/h3>\n<p>Les v\u00e9hicules \u00e9lectriques sont l&rsquo;avenir incontestable de la mobilit\u00e9 mondiale. En tant que force motrice de la \u00ab\u00a0Nouvelle Infrastructure\u00a0\u00bb moderne, PandaExo fournit les syst\u00e8mes critiques de recharge intelligente en courant alternatif et de recharge rapide en courant continu n\u00e9cessaires pour acc\u00e9l\u00e9rer la transition vers l&rsquo;abandon des combustibles fossiles.<\/p>\n<p>Gr\u00e2ce \u00e0 nos mod\u00e8les de collaboration EPCO, OEM et ODM hautement flexibles, nous fournissons des solutions professionnelles et orient\u00e9es service, adapt\u00e9es \u00e0 divers sites et applications \u00e0 travers le monde. Nous faisons plus que fournir de l&rsquo;\u00e9quipement ; nous permettons la transition vers une plan\u00e8te plus propre et \u00e9lectrifi\u00e9e.<\/p>\n<h3>Pourquoi choisir PandaExo ?<\/h3>\n<ul>\n<li><strong>\u00c9cosyst\u00e8me de recharge int\u00e9gr\u00e9 :<\/strong> Allant au-del\u00e0 du simple mat\u00e9riel, nous nous associons \u00e0 des instituts de recherche \u00e9nerg\u00e9tique de premier plan pour d\u00e9velopper des logiciels intelligents coh\u00e9rents et des plateformes cloud pour l&rsquo;\u00e9quilibrage de charge en temps r\u00e9el et la gestion de l&rsquo;\u00e9nergie.<\/li>\n<li><strong>Envergure et pr\u00e9cision directes d&rsquo;usine :<\/strong> Enracin\u00e9s dans notre h\u00e9ritage des semi-conducteurs de puissance, notre installation de fabrication avanc\u00e9e de 28 000 m\u00e8tres carr\u00e9s garantit que chaque chargeur offre une fiabilit\u00e9 de qualit\u00e9 industrielle.<\/li>\n<li><strong>Performance \u00e9prouv\u00e9e \u00e0 l&rsquo;\u00e9chelle du r\u00e9seau :<\/strong> Approuv\u00e9es par les r\u00e9seaux \u00e9lectriques nationaux, nos capacit\u00e9s de d\u00e9ploiement rapide ont \u00e9t\u00e9 prouv\u00e9es par la livraison de plus de 300 stations de recharge actives en seulement 60 jours.<\/li>\n<li><strong>Solutions adaptatives mondiales :<\/strong> Gr\u00e2ce \u00e0 nos mod\u00e8les EPCO, OEM et ODM complets &#8211; soutenus par des centres internationaux d\u00e9di\u00e9s &#8211; nous adaptons l&rsquo;infrastructure de recharge aux demandes sp\u00e9cifiques des march\u00e9s r\u00e9gionaux.<\/li>\n<li><strong>S\u00e9curit\u00e9 et durabilit\u00e9 certifi\u00e9es :<\/strong> Con\u00e7us pour des environnements extr\u00eames, nos \u00e9quipements pr\u00e9sentent des indices de protection ext\u00e9rieure <strong>IP54\/IP67<\/strong> et utilisent des mat\u00e9riaux ignifuges <strong>UL 94V-0<\/strong> pour une s\u00e9curit\u00e9 ultime.<\/li>\n<\/ul>\n<h3>Nos solutions principales<\/h3>\n<table class=\"table table-striped table-bordered\">\n<thead>\n<tr>\n<th>Solution<\/th>\n<th>Description<\/th>\n<th>Id\u00e9al pour<\/th>\n<\/tr>\n<\/thead>\n<tbody>\n<tr>\n<td><a href=\"https:\/\/www.pandaexo.com\/product-tag\/dc-charging\/\"><strong>Recharge rapide en courant continu (DC)<\/strong><\/a><\/td>\n<td>Stations haute puissance con\u00e7ues pour une livraison rapide d&rsquo;\u00e9nergie et une utilisation intensive.<\/td>\n<td>Centres commerciaux, stations-service sur autoroute<\/td>\n<\/tr>\n<tr>\n<td><a href=\"https:\/\/www.pandaexo.com\/product-tag\/ac-charging\/\"><strong>Recharge intelligente en courant alternatif (AC)<\/strong><\/a><\/td>\n<td>Points de recharge fiables, tr\u00e8s efficaces et au design esth\u00e9tique, avec connectivit\u00e9 intelligente.<\/td>\n<td>Ensembles r\u00e9sidentiels, parkings de bureaux<\/td>\n<\/tr>\n<tr>\n<td><strong>Plateformes logicielles<\/strong><\/td>\n<td>Syst\u00e8mes de gestion bas\u00e9s sur le cloud pour la surveillance \u00e0 distance, la facturation transparente et l&rsquo;\u00e9quilibrage de charge intelligent.<\/td>\n<td>Op\u00e9rateurs de flottes, fournisseurs d&rsquo;\u00e9lectricit\u00e9<\/td>\n<\/tr>\n<tr>\n<td><strong>OEM\/ODM personnalis\u00e9<\/strong><\/td>\n<td>Services de fabrication et de conception de bout en bout adapt\u00e9s aux exigences techniques sp\u00e9cifiques de votre marque.<\/td>\n<td>Marques \u00e9nerg\u00e9tiques mondiales et partenaires d&rsquo;infrastructure<\/td>\n<\/tr>\n<\/tbody>\n<\/table>\n<p><strong>Pr\u00eat \u00e0 Alimenter l&rsquo;Avenir ?<\/strong><br \/>\nQue vous d\u00e9ployiez un vaste r\u00e9seau de recharge publique ou que vous modernisiez une flotte commerciale priv\u00e9e, PandaExo fournit le mat\u00e9riel robuste et les logiciels intelligents pour y parvenir.<\/p>\n<p><img loading=\"lazy\" decoding=\"async\" src=\"https:\/\/www.pandaexo.com\/wp-content\/uploads\/2026\/03\/On-site-photos-of-the-installed-EV-charging-stations-2.webp\" alt=\"Photos sur site des bornes de recharge pour v\u00e9hicules \u00e9lectriques install\u00e9es (2)\" width=\"1792\" height=\"1101\" \/> <img loading=\"lazy\" decoding=\"async\" src=\"https:\/\/www.pandaexo.com\/wp-content\/uploads\/2026\/03\/On-site-photos-of-the-installed-EV-charging-stations-1.webp\" alt=\"Photos sur site des bornes de recharge pour v\u00e9hicules \u00e9lectriques install\u00e9es (1)\" width=\"1808\" height=\"1108\" \/><\/p>\n","protected":false},"excerpt":{"rendered":"<p>Fond\u00e9e sur plus d&rsquo;une d\u00e9cennie d&rsquo;expertise industrielle et une solide r\u00e9putation dans la fabrication de redresseurs en pont au silicium ultra-fiables, PandaExo a op\u00e9r\u00e9 un virage strat\u00e9gique en 2019 vers l&rsquo;\u00e9picentre de l&rsquo;industrie chinoise des v\u00e9hicules \u00e0 \u00e9nergie nouvelle (NEV) &#8211; Hefei. Aujourd&rsquo;hui, op\u00e9rant depuis une installation de fabrication ultramoderne de 28 000 m\u00e8tres carr\u00e9s,<\/p>\n","protected":false},"author":1,"featured_media":0,"parent":0,"menu_order":0,"comment_status":"closed","ping_status":"closed","template":"","meta":{"footnotes":""},"class_list":["post-1364","page","type-page","status-publish","hentry","prodpage-classic"],"aioseo_notices":[],"_links":{"self":[{"href":"https:\/\/www.pandaexo.com\/fr\/wp-json\/wp\/v2\/pages\/1364","targetHints":{"allow":["GET"]}}],"collection":[{"href":"https:\/\/www.pandaexo.com\/fr\/wp-json\/wp\/v2\/pages"}],"about":[{"href":"https:\/\/www.pandaexo.com\/fr\/wp-json\/wp\/v2\/types\/page"}],"author":[{"embeddable":true,"href":"https:\/\/www.pandaexo.com\/fr\/wp-json\/wp\/v2\/users\/1"}],"replies":[{"embeddable":true,"href":"https:\/\/www.pandaexo.com\/fr\/wp-json\/wp\/v2\/comments?post=1364"}],"version-history":[{"count":0,"href":"https:\/\/www.pandaexo.com\/fr\/wp-json\/wp\/v2\/pages\/1364\/revisions"}],"wp:attachment":[{"href":"https:\/\/www.pandaexo.com\/fr\/wp-json\/wp\/v2\/media?parent=1364"}],"curies":[{"name":"wp","href":"https:\/\/api.w.org\/{rel}","templated":true}]}}