{"id":1424,"date":"2016-11-15T14:02:30","date_gmt":"2016-11-15T06:02:30","guid":{"rendered":"https:\/\/www.pandaexo.com\/contact\/"},"modified":"2026-03-18T20:24:48","modified_gmt":"2026-03-18T12:24:48","slug":"contact","status":"publish","type":"page","link":"https:\/\/www.pandaexo.com\/fr\/contact\/","title":{"rendered":"Contactez-nous"},"content":{"rendered":"<p>Que vous cherchiez des composants semi-conducteurs en grande quantit\u00e9 ou un d\u00e9ploiement complet d&rsquo;infrastructures de recharge pour v\u00e9hicules \u00e9lectriques, notre \u00e9quipe technique est pr\u00eate \u00e0 vous assister.<\/p>\n","protected":false},"excerpt":{"rendered":"<p>Que vous cherchiez des composants semi-conducteurs en grande quantit\u00e9 ou un d\u00e9ploiement complet d&rsquo;infrastructures de recharge pour v\u00e9hicules \u00e9lectriques, notre \u00e9quipe technique est pr\u00eate \u00e0 vous assister.<\/p>\n","protected":false},"author":1,"featured_media":0,"parent":0,"menu_order":0,"comment_status":"closed","ping_status":"closed","template":"","meta":{"footnotes":""},"class_list":["post-1424","page","type-page","status-publish","hentry","prodpage-classic"],"aioseo_notices":[],"_links":{"self":[{"href":"https:\/\/www.pandaexo.com\/fr\/wp-json\/wp\/v2\/pages\/1424","targetHints":{"allow":["GET"]}}],"collection":[{"href":"https:\/\/www.pandaexo.com\/fr\/wp-json\/wp\/v2\/pages"}],"about":[{"href":"https:\/\/www.pandaexo.com\/fr\/wp-json\/wp\/v2\/types\/page"}],"author":[{"embeddable":true,"href":"https:\/\/www.pandaexo.com\/fr\/wp-json\/wp\/v2\/users\/1"}],"replies":[{"embeddable":true,"href":"https:\/\/www.pandaexo.com\/fr\/wp-json\/wp\/v2\/comments?post=1424"}],"version-history":[{"count":0,"href":"https:\/\/www.pandaexo.com\/fr\/wp-json\/wp\/v2\/pages\/1424\/revisions"}],"wp:attachment":[{"href":"https:\/\/www.pandaexo.com\/fr\/wp-json\/wp\/v2\/media?parent=1424"}],"curies":[{"name":"wp","href":"https:\/\/api.w.org\/{rel}","templated":true}]}}