{"id":1064,"date":"2026-03-10T04:59:09","date_gmt":"2026-03-09T20:59:09","guid":{"rendered":"https:\/\/www.pandaexo.com\/shop\/11kw-22kw-ac-ev-charger-post-mounted\/"},"modified":"2026-03-18T19:37:22","modified_gmt":"2026-03-18T11:37:22","slug":"11kw-22kw-ac-ev-charger-post-mounted","status":"publish","type":"product","link":"https:\/\/www.pandaexo.com\/fr\/shop\/11kw-22kw-ac-ev-charger-post-mounted\/","title":{"rendered":"Chargeur de voiture \u00e9lectrique AC 11kW\/22kW (sur pied)"},"content":{"rendered":"<h3>Convention de d\u00e9nomination des mod\u00e8les de produits<\/h3>\n<p><img loading=\"lazy\" decoding=\"async\" src=\"https:\/\/www.pandaexo.com\/wp-content\/uploads\/2026\/03\/Product-Model-Naming-Convention.webp\" alt=\"Product Model Naming Convention\" width=\"771\" height=\"369\" \/><\/p>\n<h3>S\u00e9lection du c\u00e2ble d&rsquo;alimentation<\/h3>\n<table class=\"table table-striped table-bordered\">\n<tbody>\n<tr>\n<td>Puissance de sortie nominale totale<\/td>\n<td>Tension d&rsquo;entr\u00e9e nominale<\/td>\n<td>Courant d&rsquo;entr\u00e9e nominal<\/td>\n<td>C\u00e2ble d&rsquo;alimentation recommand\u00e9<\/td>\n<\/tr>\n<tr>\n<td height=\"50\">3,5 kW<\/td>\n<td height=\"50\">CA 220 V<\/td>\n<td height=\"50\">16 A<\/td>\n<td height=\"50\">ZR-YJV-3*6<\/td>\n<\/tr>\n<tr>\n<td height=\"50\">7 kW<\/td>\n<td height=\"50\">CA 220 V<\/td>\n<td height=\"50\">32 A<\/td>\n<td height=\"50\">ZR-YJV-3*10<\/td>\n<\/tr>\n<tr>\n<td height=\"50\">14 kW<\/td>\n<td height=\"50\">CA 220 V<\/td>\n<td height=\"50\">64 A<\/td>\n<td height=\"50\">ZR-YJV-3*16<\/td>\n<\/tr>\n<tr>\n<td height=\"50\">30 kW<\/td>\n<td height=\"50\">CA 380 V<\/td>\n<td height=\"50\">45 A<\/td>\n<td height=\"50\">ZR-YJV-4*25+1*16<\/td>\n<\/tr>\n<tr>\n<td height=\"50\">60 kW<\/td>\n<td height=\"50\">CA 380 V<\/td>\n<td height=\"50\">91 A<\/td>\n<td height=\"50\">ZR-YJV-4*35+1*16<\/td>\n<\/tr>\n<tr>\n<td height=\"50\">90 kW<\/td>\n<td height=\"50\">CA 380 V<\/td>\n<td height=\"50\">136 A<\/td>\n<td height=\"50\">ZR-YJV-4*70+1*35<\/td>\n<\/tr>\n<tr>\n<td height=\"50\">120 kW<\/td>\n<td height=\"50\">CA 380 V<\/td>\n<td height=\"50\">182 A<\/td>\n<td height=\"50\">ZR-YJV-4*95+1*50<\/td>\n<\/tr>\n<tr>\n<td height=\"50\">160 kW<\/td>\n<td height=\"50\">CA 380 V<\/td>\n<td height=\"50\">243 A<\/td>\n<td height=\"50\">ZR-YJV-4*120+1*70<\/td>\n<\/tr>\n<tr>\n<td height=\"50\">240 kW<\/td>\n<td height=\"50\">CA 380 V<\/td>\n<td height=\"50\">365 A<\/td>\n<td height=\"50\">ZR-YJV-4*185+1*95<\/td>\n<\/tr>\n<\/tbody>\n<\/table>\n<h3>Informations sur la garantie \u00e0 l&rsquo;\u00e9tranger<\/h3>\n<p>Pour les sites de recharge hors de Chine, nous fournissons 1 % de pi\u00e8ces de rechange vuln\u00e9rables et un service d&rsquo;assistance \u00e0 distance 24 heures sur 24.<\/p>\n<h3>Syst\u00e8me de gestion backend<\/h3>\n<ul>\n<li><strong>Gestion hi\u00e9rarchique<\/strong><br \/>\nMettre en \u0153uvre un syst\u00e8me de gestion \u00e0 trois niveaux englobant la gestion au niveau de l&rsquo;op\u00e9rateur, au niveau de la station de recharge et au niveau du terminal de recharge. Cela int\u00e8gre divers op\u00e9rateurs dans une grande plateforme, permettant le partage des chargeurs et des donn\u00e9es op\u00e9rationnelles.<\/li>\n<li><strong>Surveillance \u00e0 distance<\/strong><br \/>\nPermettre la surveillance \u00e0 distance de l&rsquo;\u00e9tat de chaque chargeur, collecter les donn\u00e9es op\u00e9rationnelles et g\u00e9n\u00e9rer divers types de rapports de production pour simplifier la gestion op\u00e9rationnelle.<\/li>\n<li><strong>Gestion des utilisateurs<\/strong><br \/>\nCombiner de mani\u00e8re transparente les principales cartes de recharge avec les comptes WeChat. Les cartes de recharge peuvent \u00eatre utilis\u00e9es simultan\u00e9ment en ligne et hors ligne, rendant la recharge plus pratique.<\/li>\n<\/ul>\n<h3>Photos sur site des bornes de recharge pour v\u00e9hicules \u00e9lectriques install\u00e9es<\/h3>\n<p><img loading=\"lazy\" decoding=\"async\" class=\"alignnone size-full wp-image-618\" src=\"https:\/\/www.pandaexo.com\/wp-content\/uploads\/2026\/03\/On-site-photos-of-the-installed-EV-charging-stations-1.webp\" alt=\"On-site photos of the installed EV charging stations (1)\" width=\"1808\" height=\"1108\" srcset=\"https:\/\/www.pandaexo.com\/wp-content\/uploads\/2026\/03\/On-site-photos-of-the-installed-EV-charging-stations-1.webp 1808w, https:\/\/www.pandaexo.com\/wp-content\/uploads\/2026\/03\/On-site-photos-of-the-installed-EV-charging-stations-1-768x471.webp 768w, https:\/\/www.pandaexo.com\/wp-content\/uploads\/2026\/03\/On-site-photos-of-the-installed-EV-charging-stations-1-1536x941.webp 1536w, https:\/\/www.pandaexo.com\/wp-content\/uploads\/2026\/03\/On-site-photos-of-the-installed-EV-charging-stations-1-280x172.webp 280w, https:\/\/www.pandaexo.com\/wp-content\/uploads\/2026\/03\/On-site-photos-of-the-installed-EV-charging-stations-1-1170x717.webp 1170w, https:\/\/www.pandaexo.com\/wp-content\/uploads\/2026\/03\/On-site-photos-of-the-installed-EV-charging-stations-1-1500x919.webp 1500w\" sizes=\"auto, (max-width: 1808px) 100vw, 1808px\" \/> <img loading=\"lazy\" decoding=\"async\" class=\"alignnone size-full wp-image-619\" src=\"https:\/\/www.pandaexo.com\/wp-content\/uploads\/2026\/03\/On-site-photos-of-the-installed-EV-charging-stations-2.webp\" alt=\"On-site photos of the installed EV charging stations (2)\" width=\"1792\" height=\"1101\" srcset=\"https:\/\/www.pandaexo.com\/wp-content\/uploads\/2026\/03\/On-site-photos-of-the-installed-EV-charging-stations-2.webp 1792w, https:\/\/www.pandaexo.com\/wp-content\/uploads\/2026\/03\/On-site-photos-of-the-installed-EV-charging-stations-2-768x472.webp 768w, https:\/\/www.pandaexo.com\/wp-content\/uploads\/2026\/03\/On-site-photos-of-the-installed-EV-charging-stations-2-1536x944.webp 1536w, https:\/\/www.pandaexo.com\/wp-content\/uploads\/2026\/03\/On-site-photos-of-the-installed-EV-charging-stations-2-280x172.webp 280w, https:\/\/www.pandaexo.com\/wp-content\/uploads\/2026\/03\/On-site-photos-of-the-installed-EV-charging-stations-2-1170x719.webp 1170w, https:\/\/www.pandaexo.com\/wp-content\/uploads\/2026\/03\/On-site-photos-of-the-installed-EV-charging-stations-2-1500x922.webp 1500w\" sizes=\"auto, (max-width: 1792px) 100vw, 1792px\" \/><\/p>\n","protected":false},"excerpt":{"rendered":"<table class=\"table table-striped table-bordered\">\n<tbody>\n<tr>\n<td>Mod\u00e8le de Produit<\/td>\n<td>INTEK-AC-11KW\/22KW<\/td>\n<\/tr>\n<tr>\n<td>Plage de Tension d&rsquo;Entr\u00e9e<\/td>\n<td>380Vac\u00b120%<\/td>\n<\/tr>\n<tr>\n<td>Fr\u00e9quence<\/td>\n<td>50Hz\/60Hz<\/td>\n<\/tr>\n<tr>\n<td>Plage de Tension de Sortie<\/td>\n<td>380Vac\u00b120%<\/td>\n<\/tr>\n<tr>\n<td>Courant Nominal<\/td>\n<td>32Aac<\/td>\n<\/tr>\n<tr>\n<td>Puissance Maximale de Sortie<\/td>\n<td>22kW<\/td>\n<\/tr>\n<tr>\n<td>Connecteur de Charge<\/td>\n<td>Connecteur Unique<\/td>\n<\/tr>\n<tr>\n<td>Activation (Options de Configuration)<\/td>\n<td>Scanner les Codes QR\/RFID\/Terminaux de Paiement avec OCPP<\/td>\n<\/tr>\n<tr>\n<td>Connectivit\u00e9<\/td>\n<td>Interface RJ45 Standard\/4G<\/td>\n<\/tr>\n<tr>\n<td>Interface Utilisateur<\/td>\n<td>4,3 Pouces\/Sans \u00c9cran<\/td>\n<\/tr>\n<tr>\n<td>Syst\u00e8me de Gestion<\/td>\n<td>Outils de Gestion Hors Ligne, Plateforme de Surveillance Op\u00e9rationnelle<\/td>\n<\/tr>\n<tr>\n<td>Rigidit\u00e9 Di\u00e9lectrique<\/td>\n<td>\u22652000V<\/td>\n<\/tr>\n<tr>\n<td>Indice de Protection du Bo\u00eetier<\/td>\n<td>IP54<\/td>\n<\/tr>\n<tr>\n<td>Plage de Temp\u00e9rature de Fonctionnement<\/td>\n<td>-20~50\u00b0C<\/td>\n<\/tr>\n<tr>\n<td>Plage de Temp\u00e9rature de Stockage<\/td>\n<td>-20~70\u00b0C<\/td>\n<\/tr>\n<tr>\n<td>Type de Connecteur<\/td>\n<td>GB\/T20234.2-2015 Type C, IEC62196 TYPE2\/SAE J1772<\/td>\n<\/tr>\n<tr>\n<td>M\u00e9thode de Mesure<\/td>\n<td>Compteur d&rsquo;\u00c9nergie Int\u00e9gr\u00e9<\/td>\n<\/tr>\n<tr>\n<td>Fiabilit\u00e9<\/td>\n<td>50000h<\/td>\n<\/tr>\n<tr>\n<td>Syst\u00e8me de Protection<\/td>\n<td>Surtension\/Sous-tension, Court-circuit, Surcharge, Fuite, Protection contre les Surtensions<\/td>\n<\/tr>\n<tr>\n<td>Installation<\/td>\n<td>Poteau<\/td>\n<\/tr>\n<tr>\n<td>Mat\u00e9riau du Bo\u00eetier<\/td>\n<td>T\u00f4le M\u00e9tallique<\/td>\n<\/tr>\n<tr>\n<td>Longueur du C\u00e2ble de Charge<\/td>\n<td>3,5m (Personnalisation Acceptable)<\/td>\n<\/tr>\n<\/tbody>\n<\/table>\n","protected":false},"featured_media":592,"comment_status":"closed","ping_status":"closed","template":"","meta":[],"product_brand":[],"product_cat":[689],"product_tag":[798],"class_list":{"0":"post-1064","1":"product","2":"type-product","3":"status-publish","4":"has-post-thumbnail","6":"product_cat-charger-fr","7":"product_tag-ac-charging-fr","9":"first","10":"instock","11":"shipping-taxable","12":"product-type-simple","13":"prodpage-classic"},"aioseo_notices":[],"_links":{"self":[{"href":"https:\/\/www.pandaexo.com\/fr\/wp-json\/wp\/v2\/product\/1064","targetHints":{"allow":["GET"]}}],"collection":[{"href":"https:\/\/www.pandaexo.com\/fr\/wp-json\/wp\/v2\/product"}],"about":[{"href":"https:\/\/www.pandaexo.com\/fr\/wp-json\/wp\/v2\/types\/product"}],"replies":[{"embeddable":true,"href":"https:\/\/www.pandaexo.com\/fr\/wp-json\/wp\/v2\/comments?post=1064"}],"wp:featuredmedia":[{"embeddable":true,"href":"https:\/\/www.pandaexo.com\/fr\/wp-json\/wp\/v2\/media\/592"}],"wp:attachment":[{"href":"https:\/\/www.pandaexo.com\/fr\/wp-json\/wp\/v2\/media?parent=1064"}],"wp:term":[{"taxonomy":"product_brand","embeddable":true,"href":"https:\/\/www.pandaexo.com\/fr\/wp-json\/wp\/v2\/product_brand?post=1064"},{"taxonomy":"product_cat","embeddable":true,"href":"https:\/\/www.pandaexo.com\/fr\/wp-json\/wp\/v2\/product_cat?post=1064"},{"taxonomy":"product_tag","embeddable":true,"href":"https:\/\/www.pandaexo.com\/fr\/wp-json\/wp\/v2\/product_tag?post=1064"}],"curies":[{"name":"wp","href":"https:\/\/api.w.org\/{rel}","templated":true}]}}