{"id":1184,"date":"2026-03-08T18:27:57","date_gmt":"2026-03-08T10:27:57","guid":{"rendered":"https:\/\/www.pandaexo.com\/shop\/bridge-rectifier\/"},"modified":"2026-03-18T19:34:55","modified_gmt":"2026-03-18T11:34:55","slug":"bridge-rectifier","status":"publish","type":"product","link":"https:\/\/www.pandaexo.com\/fr\/shop\/bridge-rectifier\/","title":{"rendered":"Pont redresseur"},"content":{"rendered":"<style type=\"text\/css\">\r\n\t\t\t\t#gallery-1 {\r\n\t\t\t\t\tmargin: auto;\r\n\t\t\t\t}\r\n\t\t\t\t#gallery-1 .gallery-item {\r\n\t\t\t\t\tfloat: left;\r\n\t\t\t\t\tmargin-top: 10px;\r\n\t\t\t\t\ttext-align: center;\r\n\t\t\t\t\twidth: 25%;\r\n\t\t\t\t}\r\n\t\t\t\t#gallery-1 .gallery-caption {\r\n\t\t\t\t\tmargin-left: 0;\r\n\t\t\t\t}\r\n\t\t\t<\/style><!-- see gallery_shortcode() in wp-includes\/media.php -->\r\n\t\t\t\n\t\t<div id=\"gallery-1\" class=\"gallery galleryid-1184 mfp-gallery mfp-gallery--images gallery-columns-4 gallery-size-full\"><div class=\"row zn_image_gallery \"><div class=\"col-sm-6 col-md-4 col-lg-3\"><a href=\"https:\/\/www.pandaexo.com\/wp-content\/uploads\/2026\/03\/Bridge-Rectifier-KBU-Series.png\" title=\"\" class=\"hoverBorder\"><img loading=\"lazy\" decoding=\"async\" width=\"1268\" height=\"1751\" src=\"https:\/\/www.pandaexo.com\/wp-content\/uploads\/2026\/03\/Bridge-Rectifier-KBU-Series.png\" class=\"attachment-full size-full\" alt=\"Bridge Rectifier KBU Series\" link=\"file\" columns=\"4\" size=\"full\" ids=\"560,566,565,564,563,562,561,568\" orderby=\"post__in\" include=\"560,566,565,564,563,562,561,568\" srcset=\"https:\/\/www.pandaexo.com\/wp-content\/uploads\/2026\/03\/Bridge-Rectifier-KBU-Series.png 1268w, https:\/\/www.pandaexo.com\/wp-content\/uploads\/2026\/03\/Bridge-Rectifier-KBU-Series-768x1061.png 768w, https:\/\/www.pandaexo.com\/wp-content\/uploads\/2026\/03\/Bridge-Rectifier-KBU-Series-1112x1536.png 1112w, https:\/\/www.pandaexo.com\/wp-content\/uploads\/2026\/03\/Bridge-Rectifier-KBU-Series-135x187.png 135w, https:\/\/www.pandaexo.com\/wp-content\/uploads\/2026\/03\/Bridge-Rectifier-KBU-Series-1170x1616.png 1170w, https:\/\/www.pandaexo.com\/wp-content\/uploads\/2026\/03\/Bridge-Rectifier-KBU-Series-600x829.png 600w\" sizes=\"auto, (max-width: 1268px) 100vw, 1268px\" \/><span class=\"gallery_caption\"><\/span><\/a><\/div><div class=\"col-sm-6 col-md-4 col-lg-3\"><a href=\"https:\/\/www.pandaexo.com\/wp-content\/uploads\/2026\/03\/Bridge-Rectifier-KBP-Series.png\" title=\"\" class=\"hoverBorder\"><img loading=\"lazy\" decoding=\"async\" width=\"1268\" height=\"1751\" src=\"https:\/\/www.pandaexo.com\/wp-content\/uploads\/2026\/03\/Bridge-Rectifier-KBP-Series.png\" class=\"attachment-full size-full\" alt=\"Bridge Rectifier KBP Series\" link=\"file\" columns=\"4\" size=\"full\" ids=\"560,566,565,564,563,562,561,568\" orderby=\"post__in\" include=\"560,566,565,564,563,562,561,568\" srcset=\"https:\/\/www.pandaexo.com\/wp-content\/uploads\/2026\/03\/Bridge-Rectifier-KBP-Series.png 1268w, https:\/\/www.pandaexo.com\/wp-content\/uploads\/2026\/03\/Bridge-Rectifier-KBP-Series-768x1061.png 768w, https:\/\/www.pandaexo.com\/wp-content\/uploads\/2026\/03\/Bridge-Rectifier-KBP-Series-1112x1536.png 1112w, https:\/\/www.pandaexo.com\/wp-content\/uploads\/2026\/03\/Bridge-Rectifier-KBP-Series-135x187.png 135w, https:\/\/www.pandaexo.com\/wp-content\/uploads\/2026\/03\/Bridge-Rectifier-KBP-Series-1170x1616.png 1170w, https:\/\/www.pandaexo.com\/wp-content\/uploads\/2026\/03\/Bridge-Rectifier-KBP-Series-600x829.png 600w\" sizes=\"auto, (max-width: 1268px) 100vw, 1268px\" \/><span class=\"gallery_caption\"><\/span><\/a><\/div><div class=\"col-sm-6 col-md-4 col-lg-3\"><a href=\"https:\/\/www.pandaexo.com\/wp-content\/uploads\/2026\/03\/Bridge-Rectifier-KBL-Series.png\" title=\"\" class=\"hoverBorder\"><img loading=\"lazy\" decoding=\"async\" width=\"1268\" height=\"1751\" src=\"https:\/\/www.pandaexo.com\/wp-content\/uploads\/2026\/03\/Bridge-Rectifier-KBL-Series.png\" class=\"attachment-full size-full\" alt=\"Bridge Rectifier KBL Series\" link=\"file\" columns=\"4\" size=\"full\" ids=\"560,566,565,564,563,562,561,568\" orderby=\"post__in\" include=\"560,566,565,564,563,562,561,568\" srcset=\"https:\/\/www.pandaexo.com\/wp-content\/uploads\/2026\/03\/Bridge-Rectifier-KBL-Series.png 1268w, https:\/\/www.pandaexo.com\/wp-content\/uploads\/2026\/03\/Bridge-Rectifier-KBL-Series-768x1061.png 768w, https:\/\/www.pandaexo.com\/wp-content\/uploads\/2026\/03\/Bridge-Rectifier-KBL-Series-1112x1536.png 1112w, https:\/\/www.pandaexo.com\/wp-content\/uploads\/2026\/03\/Bridge-Rectifier-KBL-Series-135x187.png 135w, https:\/\/www.pandaexo.com\/wp-content\/uploads\/2026\/03\/Bridge-Rectifier-KBL-Series-1170x1616.png 1170w, https:\/\/www.pandaexo.com\/wp-content\/uploads\/2026\/03\/Bridge-Rectifier-KBL-Series-600x829.png 600w\" sizes=\"auto, (max-width: 1268px) 100vw, 1268px\" \/><span class=\"gallery_caption\"><\/span><\/a><\/div><div class=\"col-sm-6 col-md-4 col-lg-3\"><a href=\"https:\/\/www.pandaexo.com\/wp-content\/uploads\/2026\/03\/Bridge-Rectifier-K8-Series.png\" title=\"\" class=\"hoverBorder\"><img loading=\"lazy\" decoding=\"async\" width=\"1268\" height=\"1751\" src=\"https:\/\/www.pandaexo.com\/wp-content\/uploads\/2026\/03\/Bridge-Rectifier-K8-Series.png\" class=\"attachment-full size-full\" alt=\"Bridge Rectifier K8 Series\" link=\"file\" columns=\"4\" size=\"full\" ids=\"560,566,565,564,563,562,561,568\" orderby=\"post__in\" include=\"560,566,565,564,563,562,561,568\" srcset=\"https:\/\/www.pandaexo.com\/wp-content\/uploads\/2026\/03\/Bridge-Rectifier-K8-Series.png 1268w, https:\/\/www.pandaexo.com\/wp-content\/uploads\/2026\/03\/Bridge-Rectifier-K8-Series-768x1061.png 768w, https:\/\/www.pandaexo.com\/wp-content\/uploads\/2026\/03\/Bridge-Rectifier-K8-Series-1112x1536.png 1112w, https:\/\/www.pandaexo.com\/wp-content\/uploads\/2026\/03\/Bridge-Rectifier-K8-Series-135x187.png 135w, https:\/\/www.pandaexo.com\/wp-content\/uploads\/2026\/03\/Bridge-Rectifier-K8-Series-1170x1616.png 1170w, https:\/\/www.pandaexo.com\/wp-content\/uploads\/2026\/03\/Bridge-Rectifier-K8-Series-600x829.png 600w\" sizes=\"auto, (max-width: 1268px) 100vw, 1268px\" \/><span class=\"gallery_caption\"><\/span><\/a><\/div><\/div><div class=\"row zn_image_gallery \"><div class=\"col-sm-6 col-md-4 col-lg-3\"><a href=\"https:\/\/www.pandaexo.com\/wp-content\/uploads\/2026\/03\/Bridge-Rectifier-K6-Series.png\" title=\"\" class=\"hoverBorder\"><img loading=\"lazy\" decoding=\"async\" width=\"1268\" height=\"1751\" src=\"https:\/\/www.pandaexo.com\/wp-content\/uploads\/2026\/03\/Bridge-Rectifier-K6-Series.png\" class=\"attachment-full size-full\" alt=\"Bridge Rectifier K6 Series\" link=\"file\" columns=\"4\" size=\"full\" ids=\"560,566,565,564,563,562,561,568\" orderby=\"post__in\" include=\"560,566,565,564,563,562,561,568\" srcset=\"https:\/\/www.pandaexo.com\/wp-content\/uploads\/2026\/03\/Bridge-Rectifier-K6-Series.png 1268w, https:\/\/www.pandaexo.com\/wp-content\/uploads\/2026\/03\/Bridge-Rectifier-K6-Series-768x1061.png 768w, https:\/\/www.pandaexo.com\/wp-content\/uploads\/2026\/03\/Bridge-Rectifier-K6-Series-1112x1536.png 1112w, https:\/\/www.pandaexo.com\/wp-content\/uploads\/2026\/03\/Bridge-Rectifier-K6-Series-135x187.png 135w, https:\/\/www.pandaexo.com\/wp-content\/uploads\/2026\/03\/Bridge-Rectifier-K6-Series-1170x1616.png 1170w, https:\/\/www.pandaexo.com\/wp-content\/uploads\/2026\/03\/Bridge-Rectifier-K6-Series-600x829.png 600w\" sizes=\"auto, (max-width: 1268px) 100vw, 1268px\" \/><span class=\"gallery_caption\"><\/span><\/a><\/div><div class=\"col-sm-6 col-md-4 col-lg-3\"><a href=\"https:\/\/www.pandaexo.com\/wp-content\/uploads\/2026\/03\/Bridge-Rectifier-K3-Series.png\" title=\"\" class=\"hoverBorder\"><img loading=\"lazy\" decoding=\"async\" width=\"1268\" height=\"1751\" src=\"https:\/\/www.pandaexo.com\/wp-content\/uploads\/2026\/03\/Bridge-Rectifier-K3-Series.png\" class=\"attachment-full size-full\" alt=\"Bridge Rectifier K3 Series\" link=\"file\" columns=\"4\" size=\"full\" ids=\"560,566,565,564,563,562,561,568\" orderby=\"post__in\" include=\"560,566,565,564,563,562,561,568\" srcset=\"https:\/\/www.pandaexo.com\/wp-content\/uploads\/2026\/03\/Bridge-Rectifier-K3-Series.png 1268w, https:\/\/www.pandaexo.com\/wp-content\/uploads\/2026\/03\/Bridge-Rectifier-K3-Series-768x1061.png 768w, https:\/\/www.pandaexo.com\/wp-content\/uploads\/2026\/03\/Bridge-Rectifier-K3-Series-1112x1536.png 1112w, https:\/\/www.pandaexo.com\/wp-content\/uploads\/2026\/03\/Bridge-Rectifier-K3-Series-135x187.png 135w, https:\/\/www.pandaexo.com\/wp-content\/uploads\/2026\/03\/Bridge-Rectifier-K3-Series-1170x1616.png 1170w, https:\/\/www.pandaexo.com\/wp-content\/uploads\/2026\/03\/Bridge-Rectifier-K3-Series-600x829.png 600w\" sizes=\"auto, (max-width: 1268px) 100vw, 1268px\" \/><span class=\"gallery_caption\"><\/span><\/a><\/div><div class=\"col-sm-6 col-md-4 col-lg-3\"><a href=\"https:\/\/www.pandaexo.com\/wp-content\/uploads\/2026\/03\/Bridge-Rectifier-6GBJ-Series.png\" title=\"\" class=\"hoverBorder\"><img loading=\"lazy\" decoding=\"async\" width=\"1268\" height=\"1751\" src=\"https:\/\/www.pandaexo.com\/wp-content\/uploads\/2026\/03\/Bridge-Rectifier-6GBJ-Series.png\" class=\"attachment-full size-full\" alt=\"\" link=\"file\" columns=\"4\" size=\"full\" ids=\"560,566,565,564,563,562,561,568\" orderby=\"post__in\" include=\"560,566,565,564,563,562,561,568\" srcset=\"https:\/\/www.pandaexo.com\/wp-content\/uploads\/2026\/03\/Bridge-Rectifier-6GBJ-Series.png 1268w, https:\/\/www.pandaexo.com\/wp-content\/uploads\/2026\/03\/Bridge-Rectifier-6GBJ-Series-768x1061.png 768w, https:\/\/www.pandaexo.com\/wp-content\/uploads\/2026\/03\/Bridge-Rectifier-6GBJ-Series-1112x1536.png 1112w, https:\/\/www.pandaexo.com\/wp-content\/uploads\/2026\/03\/Bridge-Rectifier-6GBJ-Series-135x187.png 135w, https:\/\/www.pandaexo.com\/wp-content\/uploads\/2026\/03\/Bridge-Rectifier-6GBJ-Series-1170x1616.png 1170w, https:\/\/www.pandaexo.com\/wp-content\/uploads\/2026\/03\/Bridge-Rectifier-6GBJ-Series-600x829.png 600w\" sizes=\"auto, (max-width: 1268px) 100vw, 1268px\" \/><span class=\"gallery_caption\"><\/span><\/a><\/div><div class=\"col-sm-6 col-md-4 col-lg-3\"><a href=\"https:\/\/www.pandaexo.com\/wp-content\/uploads\/2026\/03\/Bridge-Rectifier-4GBJ-Series.png\" title=\"\" class=\"hoverBorder\"><img loading=\"lazy\" decoding=\"async\" width=\"1268\" height=\"1751\" src=\"https:\/\/www.pandaexo.com\/wp-content\/uploads\/2026\/03\/Bridge-Rectifier-4GBJ-Series.png\" class=\"attachment-full size-full\" alt=\"Bridge Rectifier 4GBJ Series\" link=\"file\" columns=\"4\" size=\"full\" ids=\"560,566,565,564,563,562,561,568\" orderby=\"post__in\" include=\"560,566,565,564,563,562,561,568\" srcset=\"https:\/\/www.pandaexo.com\/wp-content\/uploads\/2026\/03\/Bridge-Rectifier-4GBJ-Series.png 1268w, https:\/\/www.pandaexo.com\/wp-content\/uploads\/2026\/03\/Bridge-Rectifier-4GBJ-Series-768x1061.png 768w, https:\/\/www.pandaexo.com\/wp-content\/uploads\/2026\/03\/Bridge-Rectifier-4GBJ-Series-1112x1536.png 1112w, https:\/\/www.pandaexo.com\/wp-content\/uploads\/2026\/03\/Bridge-Rectifier-4GBJ-Series-135x187.png 135w, https:\/\/www.pandaexo.com\/wp-content\/uploads\/2026\/03\/Bridge-Rectifier-4GBJ-Series-1170x1616.png 1170w, https:\/\/www.pandaexo.com\/wp-content\/uploads\/2026\/03\/Bridge-Rectifier-4GBJ-Series-600x829.png 600w\" sizes=\"auto, (max-width: 1268px) 100vw, 1268px\" \/><span class=\"gallery_caption\"><\/span><\/a><\/div><\/div><\/div>\n","protected":false},"excerpt":{"rendered":"<p>Am\u00e9liorez vos conceptions d&rsquo;alimentation \u00e9lectronique avec notre gamme compl\u00e8te de redresseurs monophas\u00e9s en pont hautes performances. Con\u00e7us pour un usage g\u00e9n\u00e9ral dans les \u00e9quipements industriels et grand public, ces redresseurs convertissent efficacement le courant alternatif (CA) en courant continu (CC) gr\u00e2ce \u00e0 quatre jonctions de silicium passiv\u00e9es internes configur\u00e9es en pont complet. Pens\u00e9s pour la durabilit\u00e9 et la s\u00e9curit\u00e9, ces composants pr\u00e9sentent une construction fiable et \u00e9conomique utilisant des techniques de moulage plastique. Le mat\u00e9riau plastique d&rsquo;encapsulation poss\u00e8de la classification d&rsquo;inflammabilit\u00e9 94V-0 de l&rsquo;Underwriters Laboratory (UL), garantissant une s\u00e9curit\u00e9 maximale pour vos circuits. Que vous construisiez des cartes de circuits imprim\u00e9s (PCB) ou ayez besoin d&rsquo;un montage sur ch\u00e2ssis, nos redresseurs offrent une capacit\u00e9 de courant de surtension \u00e9lev\u00e9e, une faible chute de tension directe et une endurance au soudage \u00e0 haute temp\u00e9rature (garantie jusqu&rsquo;\u00e0 265\u00b0C \/ 10 secondes).<\/p>\n<h3>Caract\u00e9ristiques principales<\/h3>\n<ul>\n<li><strong>Conversion haute efficacit\u00e9 :<\/strong> Configuration en pont complet pour une rectification de puissance CA\/CC stable et fiable.<\/li>\n<li><strong>Construction robuste et s\u00fbre :<\/strong> Bo\u00eetier plastique moul\u00e9 r\u00e9pondant aux normes d&rsquo;inflammabilit\u00e9 UL 94V-0.<\/li>\n<li><strong>Haute capacit\u00e9 de courant de surtension :<\/strong> Con\u00e7u pour supporter les courants d&rsquo;appel \u00e9lev\u00e9s, prot\u00e9geant vos composants \u00e9lectroniques en aval.<\/li>\n<li><strong>Polyvalence de montage :<\/strong> Id\u00e9al pour le montage sur carte de circuit imprim\u00e9 (PCB) avec entretoises int\u00e9gr\u00e9es sur certains mod\u00e8les, ou options de montage sur ch\u00e2ssis.<\/li>\n<li><strong>Endurance thermique :<\/strong> Performance de soudage \u00e0 haute temp\u00e9rature garantie pour des connexions s\u00fbres et durables.<\/li>\n<\/ul>\n<h3>Guide de comparaison des s\u00e9ries<\/h3>\n<p>Choisissez le facteur de forme et les sp\u00e9cifications parfaits pour les besoins sp\u00e9cifiques de votre projet parmi nos 8 s\u00e9ries sp\u00e9cialis\u00e9es :<\/p>\n<table class=\"table table-striped table-bordered\">\n<thead>\n<tr>\n<th>S\u00e9rie<\/th>\n<th>Style de bo\u00eetier \/ Facteur de forme<\/th>\n<th>Configuration des broches<\/th>\n<th>Caract\u00e9ristiques et applications principales<\/th>\n<\/tr>\n<\/thead>\n<tbody>\n<tr>\n<td><strong>KBP<\/strong><\/td>\n<td>Rectangulaire compact<\/td>\n<td>Broches en ligne<\/td>\n<td>Entretoises PCB int\u00e9gr\u00e9es ; Tr\u00e8s compact, id\u00e9al pour le montage sur PCB avec espace limit\u00e9.<\/td>\n<\/tr>\n<tr>\n<td><strong>KBL<\/strong><\/td>\n<td>Rectangulaire standard<\/td>\n<td>Broches en ligne<\/td>\n<td>Entretoises PCB int\u00e9gr\u00e9es ; Haute rigidit\u00e9 di\u00e9lectrique du bo\u00eetier pour une isolation \u00e9lectrique am\u00e9lior\u00e9e.<\/td>\n<\/tr>\n<tr>\n<td><strong>KBU<\/strong><\/td>\n<td>Rectangulaire plat avec trou<\/td>\n<td>Broches en ligne<\/td>\n<td>Comporte un trou de montage d\u00e9di\u00e9 pour dissipateurs thermiques ; Symboles de polarit\u00e9 clairement moul\u00e9s sur le bo\u00eetier.<\/td>\n<\/tr>\n<tr>\n<td><strong>6GBJ<\/strong><\/td>\n<td>Profil fin \/ plat<\/td>\n<td>Broches en ligne<\/td>\n<td>Rigidit\u00e9 di\u00e9lectrique exceptionnelle du bo\u00eetier de 1500 VRMS ; Id\u00e9al pour les conceptions PCB minces.<\/td>\n<\/tr>\n<tr>\n<td><strong>4GBJ<\/strong><\/td>\n<td>Profil fin \/ plat<\/td>\n<td>Broches en ligne<\/td>\n<td>Calibr\u00e9 jusqu&rsquo;\u00e0 1000 V PRV (Tension inverse de cr\u00eate) ; Offre une faible chute de tension directe pour une efficacit\u00e9 accrue.<\/td>\n<\/tr>\n<tr>\n<td><strong>K3<\/strong><\/td>\n<td>Carr\u00e9 compact<\/td>\n<td>Broches filaires (grille)<\/td>\n<td>Pont complet monophas\u00e9 (style s\u00e9rie KBPC) offrant une capacit\u00e9 de surtension \u00e9lev\u00e9e dans un encombrement r\u00e9duit.<\/td>\n<\/tr>\n<tr>\n<td><strong>K6<\/strong><\/td>\n<td>Carr\u00e9 compact<\/td>\n<td>Broches filaires (grille)<\/td>\n<td>Enti\u00e8rement conforme \u00e0 la directive RoHS 2002\/95\/EC ; Construction standard \u00e9cologique.<\/td>\n<\/tr>\n<tr>\n<td><strong>K8<\/strong><\/td>\n<td>Carr\u00e9 compact<\/td>\n<td>Broches filaires (grille)<\/td>\n<td>Donn\u00e9es enti\u00e8rement caract\u00e9ris\u00e9es avec une large plage de temp\u00e9ratures de fonctionnement ; Convient pour montage sur PCB ou ch\u00e2ssis.<\/td>\n<\/tr>\n<\/tbody>\n<\/table>\n","protected":false},"featured_media":569,"comment_status":"closed","ping_status":"closed","template":"","meta":[],"product_brand":[],"product_cat":[662],"product_tag":[],"class_list":{"0":"post-1184","1":"product","2":"type-product","3":"status-publish","4":"has-post-thumbnail","6":"product_cat-semiconductor-fr","8":"first","9":"instock","10":"shipping-taxable","11":"product-type-simple","12":"prodpage-classic"},"aioseo_notices":[],"_links":{"self":[{"href":"https:\/\/www.pandaexo.com\/fr\/wp-json\/wp\/v2\/product\/1184","targetHints":{"allow":["GET"]}}],"collection":[{"href":"https:\/\/www.pandaexo.com\/fr\/wp-json\/wp\/v2\/product"}],"about":[{"href":"https:\/\/www.pandaexo.com\/fr\/wp-json\/wp\/v2\/types\/product"}],"replies":[{"embeddable":true,"href":"https:\/\/www.pandaexo.com\/fr\/wp-json\/wp\/v2\/comments?post=1184"}],"wp:featuredmedia":[{"embeddable":true,"href":"https:\/\/www.pandaexo.com\/fr\/wp-json\/wp\/v2\/media\/569"}],"wp:attachment":[{"href":"https:\/\/www.pandaexo.com\/fr\/wp-json\/wp\/v2\/media?parent=1184"}],"wp:term":[{"taxonomy":"product_brand","embeddable":true,"href":"https:\/\/www.pandaexo.com\/fr\/wp-json\/wp\/v2\/product_brand?post=1184"},{"taxonomy":"product_cat","embeddable":true,"href":"https:\/\/www.pandaexo.com\/fr\/wp-json\/wp\/v2\/product_cat?post=1184"},{"taxonomy":"product_tag","embeddable":true,"href":"https:\/\/www.pandaexo.com\/fr\/wp-json\/wp\/v2\/product_tag?post=1184"}],"curies":[{"name":"wp","href":"https:\/\/api.w.org\/{rel}","templated":true}]}}