{"id":924,"date":"2026-03-10T05:58:13","date_gmt":"2026-03-09T21:58:13","guid":{"rendered":"https:\/\/www.pandaexo.com\/shop\/240-1080kw-multi-connector-group-charging-system\/"},"modified":"2026-03-18T19:39:58","modified_gmt":"2026-03-18T11:39:58","slug":"240-1080kw-multi-connector-group-charging-system","status":"publish","type":"product","link":"https:\/\/www.pandaexo.com\/fr\/shop\/240-1080kw-multi-connector-group-charging-system\/","title":{"rendered":"Syst\u00e8me de charge de groupe multi-connecteurs 240-1080kW"},"content":{"rendered":"<p><img loading=\"lazy\" decoding=\"async\" class=\"alignnone size-full wp-image-614\" src=\"https:\/\/www.pandaexo.com\/wp-content\/uploads\/2026\/03\/240-1080kW-Multi-connector-Group-Charging-System-1.webp\" alt=\"Syst\u00e8me de charge group\u00e9 multi-connecteurs 240-1080kW 1\" width=\"1000\" height=\"374\" srcset=\"https:\/\/www.pandaexo.com\/wp-content\/uploads\/2026\/03\/240-1080kW-Multi-connector-Group-Charging-System-1.webp 1000w, https:\/\/www.pandaexo.com\/wp-content\/uploads\/2026\/03\/240-1080kW-Multi-connector-Group-Charging-System-1-768x287.webp 768w, https:\/\/www.pandaexo.com\/wp-content\/uploads\/2026\/03\/240-1080kW-Multi-connector-Group-Charging-System-1-280x105.webp 280w\" sizes=\"auto, (max-width: 1000px) 100vw, 1000px\" \/><\/p>\n<h3>Convention de d\u00e9nomination des mod\u00e8les de produits<\/h3>\n<p><img loading=\"lazy\" decoding=\"async\" src=\"https:\/\/www.pandaexo.com\/wp-content\/uploads\/2026\/03\/Product-Model-Naming-Convention.webp\" alt=\"Convention de d\u00e9nomination des mod\u00e8les de produits\" width=\"771\" height=\"369\" \/><\/p>\n<h3>S\u00e9lection du c\u00e2ble d&rsquo;alimentation<\/h3>\n<table class=\"table table-striped table-bordered\">\n<tbody>\n<tr>\n<td>Puissance de sortie nominale totale<\/td>\n<td>Tension d&rsquo;entr\u00e9e nominale<\/td>\n<td>Courant d&rsquo;entr\u00e9e nominal<\/td>\n<td>C\u00e2ble d&rsquo;alimentation recommand\u00e9<\/td>\n<\/tr>\n<tr>\n<td height=\"50\">3.5KW<\/td>\n<td height=\"50\">AC220V<\/td>\n<td height=\"50\">16A<\/td>\n<td height=\"50\">ZR-YJV-3*6<\/td>\n<\/tr>\n<tr>\n<td height=\"50\">7KW<\/td>\n<td height=\"50\">AC220V<\/td>\n<td height=\"50\">32A<\/td>\n<td height=\"50\">ZR-YJV-3*10<\/td>\n<\/tr>\n<tr>\n<td height=\"50\">14KW<\/td>\n<td height=\"50\">AC220V<\/td>\n<td height=\"50\">64A<\/td>\n<td height=\"50\">ZR-YJV-3*16<\/td>\n<\/tr>\n<tr>\n<td height=\"50\">30KW<\/td>\n<td height=\"50\">AC380V<\/td>\n<td height=\"50\">45A<\/td>\n<td height=\"50\">ZR-YJV-4*25+1*16<\/td>\n<\/tr>\n<tr>\n<td height=\"50\">60KW<\/td>\n<td height=\"50\">AC380V<\/td>\n<td height=\"50\">91A<\/td>\n<td height=\"50\">ZR-YJV-4*35+1*16<\/td>\n<\/tr>\n<tr>\n<td height=\"50\">90KW<\/td>\n<td height=\"50\">AC380V<\/td>\n<td height=\"50\">136A<\/td>\n<td height=\"50\">ZR-YJV-4*70+1*35<\/td>\n<\/tr>\n<tr>\n<td height=\"50\">120KW<\/td>\n<td height=\"50\">AC380V<\/td>\n<td height=\"50\">182A<\/td>\n<td height=\"50\">ZR-YJV-4*95+1*50<\/td>\n<\/tr>\n<tr>\n<td height=\"50\">160KW<\/td>\n<td height=\"50\">AC380V<\/td>\n<td height=\"50\">243A<\/td>\n<td height=\"50\">ZR-YJV-4*120+1*70<\/td>\n<\/tr>\n<tr>\n<td height=\"50\">240KW<\/td>\n<td height=\"50\">AC380V<\/td>\n<td height=\"50\">365A<\/td>\n<td height=\"50\">ZR-YJV-4*185+1*95<\/td>\n<\/tr>\n<\/tbody>\n<\/table>\n<h3>Informations sur la garantie \u00e0 l&rsquo;\u00e9tranger<\/h3>\n<p>Pour les sites de recharge en dehors de la Chine, nous fournissons 1% de pi\u00e8ces de rechange vuln\u00e9rables et un service d&rsquo;assistance \u00e0 distance 24 heures sur 24.<\/p>\n<h3>Syst\u00e8me de gestion backend<\/h3>\n<ul>\n<li><strong>Gestion hi\u00e9rarchique<\/strong><br \/>\nMettre en \u0153uvre un syst\u00e8me de gestion \u00e0 trois niveaux englobant la gestion au niveau de l&rsquo;op\u00e9rateur, au niveau de la station de recharge et au niveau du terminal de chargeur. Cela int\u00e8gre divers op\u00e9rateurs dans une grande plateforme, permettant le partage des chargeurs et des donn\u00e9es op\u00e9rationnelles.<\/li>\n<li><strong>Surveillance \u00e0 distance<\/strong><br \/>\nPermettre la surveillance \u00e0 distance de l&rsquo;\u00e9tat de chaque chargeur, collecter les donn\u00e9es op\u00e9rationnelles et g\u00e9n\u00e9rer divers types de rapports de production pour simplifier la gestion op\u00e9rationnelle.<\/li>\n<li><strong>Gestion des utilisateurs<\/strong><br \/>\nCombiner de mani\u00e8re transparente les cartes de recharge principales avec les comptes WeChat. Les cartes de recharge peuvent \u00eatre utilis\u00e9es en ligne et hors ligne simultan\u00e9ment, rendant la recharge plus pratique.<\/li>\n<\/ul>\n<h3>Photos sur site des bornes de recharge pour v\u00e9hicules \u00e9lectriques install\u00e9es<\/h3>\n<p><img loading=\"lazy\" decoding=\"async\" class=\"alignnone size-full wp-image-618\" src=\"https:\/\/www.pandaexo.com\/wp-content\/uploads\/2026\/03\/On-site-photos-of-the-installed-EV-charging-stations-1.webp\" alt=\"Photos sur site des bornes de recharge pour v\u00e9hicules \u00e9lectriques install\u00e9es (1)\" width=\"1808\" height=\"1108\" srcset=\"https:\/\/www.pandaexo.com\/wp-content\/uploads\/2026\/03\/On-site-photos-of-the-installed-EV-charging-stations-1.webp 1808w, https:\/\/www.pandaexo.com\/wp-content\/uploads\/2026\/03\/On-site-photos-of-the-installed-EV-charging-stations-1-768x471.webp 768w, https:\/\/www.pandaexo.com\/wp-content\/uploads\/2026\/03\/On-site-photos-of-the-installed-EV-charging-stations-1-1536x941.webp 1536w, https:\/\/www.pandaexo.com\/wp-content\/uploads\/2026\/03\/On-site-photos-of-the-installed-EV-charging-stations-1-280x172.webp 280w, https:\/\/www.pandaexo.com\/wp-content\/uploads\/2026\/03\/On-site-photos-of-the-installed-EV-charging-stations-1-1170x717.webp 1170w, https:\/\/www.pandaexo.com\/wp-content\/uploads\/2026\/03\/On-site-photos-of-the-installed-EV-charging-stations-1-1500x919.webp 1500w\" sizes=\"auto, (max-width: 1808px) 100vw, 1808px\" \/> <img loading=\"lazy\" decoding=\"async\" class=\"alignnone size-full wp-image-619\" src=\"https:\/\/www.pandaexo.com\/wp-content\/uploads\/2026\/03\/On-site-photos-of-the-installed-EV-charging-stations-2.webp\" alt=\"Photos sur site des bornes de recharge pour v\u00e9hicules \u00e9lectriques install\u00e9es (2)\" width=\"1792\" height=\"1101\" srcset=\"https:\/\/www.pandaexo.com\/wp-content\/uploads\/2026\/03\/On-site-photos-of-the-installed-EV-charging-stations-2.webp 1792w, https:\/\/www.pandaexo.com\/wp-content\/uploads\/2026\/03\/On-site-photos-of-the-installed-EV-charging-stations-2-768x472.webp 768w, https:\/\/www.pandaexo.com\/wp-content\/uploads\/2026\/03\/On-site-photos-of-the-installed-EV-charging-stations-2-1536x944.webp 1536w, https:\/\/www.pandaexo.com\/wp-content\/uploads\/2026\/03\/On-site-photos-of-the-installed-EV-charging-stations-2-280x172.webp 280w, https:\/\/www.pandaexo.com\/wp-content\/uploads\/2026\/03\/On-site-photos-of-the-installed-EV-charging-stations-2-1170x719.webp 1170w, https:\/\/www.pandaexo.com\/wp-content\/uploads\/2026\/03\/On-site-photos-of-the-installed-EV-charging-stations-2-1500x922.webp 1500w\" sizes=\"auto, (max-width: 1792px) 100vw, 1792px\" \/><\/p>\n","protected":false},"excerpt":{"rendered":"<table class=\"table table-striped table-bordered\">\n<tbody>\n<tr>\n<td>Mod\u00e8le de produit<\/td>\n<td>INTEK-DC-480kW<\/td>\n<\/tr>\n<tr>\n<td>Activation (Options de configuration)<\/td>\n<td>Terminal de paiement par TPE\/Scan de codes QR\/RFID avec OCPP<\/td>\n<\/tr>\n<tr>\n<td>Pr\u00e9cision de r\u00e9gulation de tension<\/td>\n<td>\u2264\u00b10,5%<\/td>\n<\/tr>\n<tr>\n<td>Fiabilit\u00e9<\/td>\n<td>50000h<\/td>\n<\/tr>\n<tr>\n<td>Plage de tension d&rsquo;entr\u00e9e<\/td>\n<td>380Vac\u00b120%<\/td>\n<\/tr>\n<tr>\n<td>Connectivit\u00e9<\/td>\n<td>Interface RJ45 standard \/ 4G<\/td>\n<\/tr>\n<tr>\n<td>Erreur de courant de sortie<\/td>\n<td>\u2264\u00b11%<\/td>\n<\/tr>\n<tr>\n<td>Syst\u00e8me de protection<\/td>\n<td>Surtension\/sous-tension, court-circuit, surcharge, fuite, protection contre les surtensions<\/td>\n<\/tr>\n<tr>\n<td>Fr\u00e9quence<\/td>\n<td>50Hz\/60Hz<\/td>\n<\/tr>\n<tr>\n<td>Interface utilisateur<\/td>\n<td>7 pouces<\/td>\n<\/tr>\n<tr>\n<td>Erreur de tension de sortie<\/td>\n<td>\u2264\u00b10,5%<\/td>\n<\/tr>\n<tr>\n<td>Installation<\/td>\n<td>Au sol<\/td>\n<\/tr>\n<tr>\n<td>Plage de tension de sortie<\/td>\n<td>200-1000Vdc<\/td>\n<\/tr>\n<tr>\n<td>R\u00e9sistance di\u00e9lectrique<\/td>\n<td>\u22652000V<\/td>\n<\/tr>\n<tr>\n<td>Plage de temp\u00e9rature de fonctionnement<\/td>\n<td>-20~50\u2103<\/td>\n<\/tr>\n<tr>\n<td>Mat\u00e9riau de l&rsquo;enceinte<\/td>\n<td>T\u00f4le<\/td>\n<\/tr>\n<tr>\n<td>Courant nominal<\/td>\n<td>250Adc<\/td>\n<\/tr>\n<tr>\n<td>Indice de protection (IP)<\/td>\n<td>IP54<\/td>\n<\/tr>\n<tr>\n<td>Plage de temp\u00e9rature de stockage<\/td>\n<td>-20~70\u2103<\/td>\n<\/tr>\n<tr>\n<td>Longueur du c\u00e2ble de charge<\/td>\n<td>5m (Personnalisation possible)<\/td>\n<\/tr>\n<tr>\n<td>Puissance maximale de sortie<\/td>\n<td>480kW<\/td>\n<\/tr>\n<tr>\n<td>Bruit<\/td>\n<td>&lt; 75dB<\/td>\n<\/tr>\n<tr>\n<td>Type de connecteur<\/td>\n<td>GB\/T20234.2-2015 Type C\/CCS1\/CCS2<\/td>\n<\/tr>\n<tr>\n<td>Connecteur de charge<\/td>\n<td>7\/8 connecteurs<\/td>\n<\/tr>\n<tr>\n<td>Pr\u00e9cision de r\u00e9gulation du courant<\/td>\n<td>\u2264\u00b11%<\/td>\n<\/tr>\n<tr>\n<td>M\u00e9thode de mesure<\/td>\n<td>Compteur d&rsquo;\u00e9nergie<\/td>\n<\/tr>\n<\/tbody>\n<\/table>\n","protected":false},"featured_media":615,"comment_status":"closed","ping_status":"closed","template":"","meta":[],"product_brand":[],"product_cat":[689],"product_tag":[],"class_list":{"0":"post-924","1":"product","2":"type-product","3":"status-publish","4":"has-post-thumbnail","6":"product_cat-charger-fr","8":"first","9":"instock","10":"shipping-taxable","11":"product-type-simple","12":"prodpage-classic"},"aioseo_notices":[],"_links":{"self":[{"href":"https:\/\/www.pandaexo.com\/fr\/wp-json\/wp\/v2\/product\/924","targetHints":{"allow":["GET"]}}],"collection":[{"href":"https:\/\/www.pandaexo.com\/fr\/wp-json\/wp\/v2\/product"}],"about":[{"href":"https:\/\/www.pandaexo.com\/fr\/wp-json\/wp\/v2\/types\/product"}],"replies":[{"embeddable":true,"href":"https:\/\/www.pandaexo.com\/fr\/wp-json\/wp\/v2\/comments?post=924"}],"wp:featuredmedia":[{"embeddable":true,"href":"https:\/\/www.pandaexo.com\/fr\/wp-json\/wp\/v2\/media\/615"}],"wp:attachment":[{"href":"https:\/\/www.pandaexo.com\/fr\/wp-json\/wp\/v2\/media?parent=924"}],"wp:term":[{"taxonomy":"product_brand","embeddable":true,"href":"https:\/\/www.pandaexo.com\/fr\/wp-json\/wp\/v2\/product_brand?post=924"},{"taxonomy":"product_cat","embeddable":true,"href":"https:\/\/www.pandaexo.com\/fr\/wp-json\/wp\/v2\/product_cat?post=924"},{"taxonomy":"product_tag","embeddable":true,"href":"https:\/\/www.pandaexo.com\/fr\/wp-json\/wp\/v2\/product_tag?post=924"}],"curies":[{"name":"wp","href":"https:\/\/api.w.org\/{rel}","templated":true}]}}