{"id":1433,"date":"2016-11-15T14:02:30","date_gmt":"2016-11-15T06:02:30","guid":{"rendered":"https:\/\/www.pandaexo.com\/contact\/"},"modified":"2026-03-18T20:24:41","modified_gmt":"2026-03-18T12:24:41","slug":"contact","status":"publish","type":"page","link":"https:\/\/www.pandaexo.com\/no\/contact\/","title":{"rendered":"Kontakt Oss"},"content":{"rendered":"<p>Enten du leter etter halvlederkomponenter i stort volum eller en fullstendig utrulling av EV-ladeinfrastruktur, er v\u00e5rt tekniske team klart til \u00e5 bist\u00e5.<\/p>\n","protected":false},"excerpt":{"rendered":"<p>Enten du leter etter halvlederkomponenter i stort volum eller en fullstendig utrulling av EV-ladeinfrastruktur, er v\u00e5rt tekniske team klart til \u00e5 bist\u00e5.<\/p>\n","protected":false},"author":1,"featured_media":0,"parent":0,"menu_order":0,"comment_status":"closed","ping_status":"closed","template":"","meta":{"footnotes":""},"class_list":["post-1433","page","type-page","status-publish","hentry","prodpage-classic"],"aioseo_notices":[],"_links":{"self":[{"href":"https:\/\/www.pandaexo.com\/no\/wp-json\/wp\/v2\/pages\/1433","targetHints":{"allow":["GET"]}}],"collection":[{"href":"https:\/\/www.pandaexo.com\/no\/wp-json\/wp\/v2\/pages"}],"about":[{"href":"https:\/\/www.pandaexo.com\/no\/wp-json\/wp\/v2\/types\/page"}],"author":[{"embeddable":true,"href":"https:\/\/www.pandaexo.com\/no\/wp-json\/wp\/v2\/users\/1"}],"replies":[{"embeddable":true,"href":"https:\/\/www.pandaexo.com\/no\/wp-json\/wp\/v2\/comments?post=1433"}],"version-history":[{"count":0,"href":"https:\/\/www.pandaexo.com\/no\/wp-json\/wp\/v2\/pages\/1433\/revisions"}],"wp:attachment":[{"href":"https:\/\/www.pandaexo.com\/no\/wp-json\/wp\/v2\/media?parent=1433"}],"curies":[{"name":"wp","href":"https:\/\/api.w.org\/{rel}","templated":true}]}}