{"id":1073,"date":"2026-03-10T04:59:09","date_gmt":"2026-03-09T20:59:09","guid":{"rendered":"https:\/\/www.pandaexo.com\/shop\/11kw-22kw-ac-ev-charger-post-mounted\/"},"modified":"2026-03-18T19:37:13","modified_gmt":"2026-03-18T11:37:13","slug":"11kw-22kw-ac-ev-charger-post-mounted","status":"publish","type":"product","link":"https:\/\/www.pandaexo.com\/no\/shop\/11kw-22kw-ac-ev-charger-post-mounted\/","title":{"rendered":"11kW\/22kW AC EV-lader (p\u00e5 stolpe montert)"},"content":{"rendered":"<h3>Produktmodellnavngivningskonvensjon<\/h3>\n<p><img loading=\"lazy\" decoding=\"async\" src=\"https:\/\/www.pandaexo.com\/wp-content\/uploads\/2026\/03\/Product-Model-Naming-Convention.webp\" alt=\"Produktmodellnavngivningskonvensjon\" width=\"771\" height=\"369\" \/><\/p>\n<h3>Valg av str\u00f8mkabel<\/h3>\n<table class=\"table table-striped table-bordered\">\n<tbody>\n<tr>\n<td>Total nominell utgangseffekt<\/td>\n<td>Nominell inngangsspenning<\/td>\n<td>Nominell inngangsstr\u00f8m<\/td>\n<td>Anbefalt str\u00f8mkabel<\/td>\n<\/tr>\n<tr>\n<td height=\"50\">3,5KW<\/td>\n<td height=\"50\">AC220V<\/td>\n<td height=\"50\">16A<\/td>\n<td height=\"50\">ZR-YJV-3*6<\/td>\n<\/tr>\n<tr>\n<td height=\"50\">7KW<\/td>\n<td height=\"50\">AC220V<\/td>\n<td height=\"50\">32A<\/td>\n<td height=\"50\">ZR-YJV-3*10<\/td>\n<\/tr>\n<tr>\n<td height=\"50\">14KW<\/td>\n<td height=\"50\">AC220V<\/td>\n<td height=\"50\">64A<\/td>\n<td height=\"50\">ZR-YJV-3*16<\/td>\n<\/tr>\n<tr>\n<td height=\"50\">30KW<\/td>\n<td height=\"50\">AC380V<\/td>\n<td height=\"50\">45A<\/td>\n<td height=\"50\">ZR-YJV-4*25+1*16<\/td>\n<\/tr>\n<tr>\n<td height=\"50\">60KW<\/td>\n<td height=\"50\">AC380V<\/td>\n<td height=\"50\">91A<\/td>\n<td height=\"50\">ZR-YJV-4*35+1*16<\/td>\n<\/tr>\n<tr>\n<td height=\"50\">90KW<\/td>\n<td height=\"50\">AC380V<\/td>\n<td height=\"50\">136A<\/td>\n<td height=\"50\">ZR-YJV-4*70+1*35<\/td>\n<\/tr>\n<tr>\n<td height=\"50\">120KW<\/td>\n<td height=\"50\">AC380V<\/td>\n<td height=\"50\">182A<\/td>\n<td height=\"50\">ZR-YJV-4*95+1*50<\/td>\n<\/tr>\n<tr>\n<td height=\"50\">160KW<\/td>\n<td height=\"50\">AC380V<\/td>\n<td height=\"50\">243A<\/td>\n<td height=\"50\">ZR-YJV-4*120+1*70<\/td>\n<\/tr>\n<tr>\n<td height=\"50\">240KW<\/td>\n<td height=\"50\">AC380V<\/td>\n<td height=\"50\">365A<\/td>\n<td height=\"50\">ZR-YJV-4*185+1*95<\/td>\n<\/tr>\n<\/tbody>\n<\/table>\n<h3>Informasjon om utenlandsk garanti<\/h3>\n<p>For ladestasjoner utenfor Kina tilbyr vi 1 % av s\u00e5rbare reservedeler og 24-timers fjernveiledningstjeneste.<\/p>\n<h3>Backend-styringssystem<\/h3>\n<ul>\n<li><strong>Hierarkisk ledelse<\/strong><br \/>\nImplementer et tre-niv\u00e5 ledelsessystem som omfatter operat\u00f8rniv\u00e5, ladestasjonsniv\u00e5 og ladeterminalniv\u00e5. Dette integrerer ulike operat\u00f8rer i en stor plattform, noe som muliggj\u00f8r deling av ladebokser og operasjonsdata.<\/li>\n<li><strong>Fjernoverv\u00e5kning<\/strong><br \/>\nMuliggj\u00f8r fjernoverv\u00e5kning av hver ladestatus, samler inn driftsdata og genererer ulike typer produksjonsrapporter for \u00e5 forenkle driftsledelsen.<\/li>\n<li><strong>Brukerstyring<\/strong><br \/>\nKombiner s\u00f8ml\u00f8st hovedladekort med WeChat-kontoer. Ladekort kan brukes b\u00e5de online og offline samtidig, noe som gj\u00f8r lading mer praktisk.<\/li>\n<\/ul>\n<h3>Bilder fra installerte elbil-ladestasjoner<\/h3>\n<p><img loading=\"lazy\" decoding=\"async\" class=\"alignnone size-full wp-image-618\" src=\"https:\/\/www.pandaexo.com\/wp-content\/uploads\/2026\/03\/On-site-photos-of-the-installed-EV-charging-stations-1.webp\" alt=\"Bilder fra installerte elbil-ladestasjoner (1)\" width=\"1808\" height=\"1108\" srcset=\"https:\/\/www.pandaexo.com\/wp-content\/uploads\/2026\/03\/On-site-photos-of-the-installed-EV-charging-stations-1.webp 1808w, https:\/\/www.pandaexo.com\/wp-content\/uploads\/2026\/03\/On-site-photos-of-the-installed-EV-charging-stations-1-768x471.webp 768w, https:\/\/www.pandaexo.com\/wp-content\/uploads\/2026\/03\/On-site-photos-of-the-installed-EV-charging-stations-1-1536x941.webp 1536w, https:\/\/www.pandaexo.com\/wp-content\/uploads\/2026\/03\/On-site-photos-of-the-installed-EV-charging-stations-1-280x172.webp 280w, https:\/\/www.pandaexo.com\/wp-content\/uploads\/2026\/03\/On-site-photos-of-the-installed-EV-charging-stations-1-1170x717.webp 1170w, https:\/\/www.pandaexo.com\/wp-content\/uploads\/2026\/03\/On-site-photos-of-the-installed-EV-charging-stations-1-1500x919.webp 1500w\" sizes=\"auto, (max-width: 1808px) 100vw, 1808px\" \/> <img loading=\"lazy\" decoding=\"async\" class=\"alignnone size-full wp-image-619\" src=\"https:\/\/www.pandaexo.com\/wp-content\/uploads\/2026\/03\/On-site-photos-of-the-installed-EV-charging-stations-2.webp\" alt=\"Bilder fra installerte elbil-ladestasjoner (2)\" width=\"1792\" height=\"1101\" srcset=\"https:\/\/www.pandaexo.com\/wp-content\/uploads\/2026\/03\/On-site-photos-of-the-installed-EV-charging-stations-2.webp 1792w, https:\/\/www.pandaexo.com\/wp-content\/uploads\/2026\/03\/On-site-photos-of-the-installed-EV-charging-stations-2-768x472.webp 768w, https:\/\/www.pandaexo.com\/wp-content\/uploads\/2026\/03\/On-site-photos-of-the-installed-EV-charging-stations-2-1536x944.webp 1536w, https:\/\/www.pandaexo.com\/wp-content\/uploads\/2026\/03\/On-site-photos-of-the-installed-EV-charging-stations-2-280x172.webp 280w, https:\/\/www.pandaexo.com\/wp-content\/uploads\/2026\/03\/On-site-photos-of-the-installed-EV-charging-stations-2-1170x719.webp 1170w, https:\/\/www.pandaexo.com\/wp-content\/uploads\/2026\/03\/On-site-photos-of-the-installed-EV-charging-stations-2-1500x922.webp 1500w\" sizes=\"auto, (max-width: 1792px) 100vw, 1792px\" \/><\/p>\n","protected":false},"excerpt":{"rendered":"<table class=\"table table-striped table-bordered\">\n<tbody>\n<tr>\n<td>Produktmodell<\/td>\n<td>INTEK-AC-11KW\/22KW<\/td>\n<\/tr>\n<tr>\n<td>Inngangsspenningsomr\u00e5de<\/td>\n<td>380Vac\u00b120%<\/td>\n<\/tr>\n<tr>\n<td>Frekvens<\/td>\n<td>50Hz\/60Hz<\/td>\n<\/tr>\n<tr>\n<td>Utgangsspenningsomr\u00e5de<\/td>\n<td>380Vac\u00b120%<\/td>\n<\/tr>\n<tr>\n<td>Nominell str\u00f8m<\/td>\n<td>32Aac<\/td>\n<\/tr>\n<tr>\n<td>Maksimal utgangseffekt<\/td>\n<td>22kW<\/td>\n<\/tr>\n<tr>\n<td>Ladekontakt<\/td>\n<td>Enkelt kontakt<\/td>\n<\/tr>\n<tr>\n<td>Aktivering (Konfigurasjonsalternativer)<\/td>\n<td>Skann QR-koder\/RFID\/Betalingsterminaler med OCPP<\/td>\n<\/tr>\n<tr>\n<td>Tilkobling<\/td>\n<td>Standard RJ45-grensesnitt\/4G<\/td>\n<\/tr>\n<tr>\n<td>Brukergrensesnitt<\/td>\n<td>4,3 tommer\/Ingen skjerm<\/td>\n<\/tr>\n<tr>\n<td>Ledelsessystem<\/td>\n<td>Frakoblede administrasjonsverkt\u00f8y, Operasjonell overv\u00e5kingsplattform<\/td>\n<\/tr>\n<tr>\n<td>Isolasjonsstyrke<\/td>\n<td>\u22652000V<\/td>\n<\/tr>\n<tr>\n<td>Kabinetts IP-kode<\/td>\n<td>IP54<\/td>\n<\/tr>\n<tr>\n<td>Driftstemperaturomr\u00e5de<\/td>\n<td>-20~50\u00b0C<\/td>\n<\/tr>\n<tr>\n<td>Lagringstemperaturomr\u00e5de<\/td>\n<td>-20~70\u00b0C<\/td>\n<\/tr>\n<tr>\n<td>Kontakttype<\/td>\n<td>GB\/T20234.2-2015 Type C, IEC62196 TYPE2\/SAE J1772<\/td>\n<\/tr>\n<tr>\n<td>M\u00e5lemetode<\/td>\n<td>Integrert energim\u00e5ler<\/td>\n<\/tr>\n<tr>\n<td>P\u00e5litelighet<\/td>\n<td>50000t<\/td>\n<\/tr>\n<tr>\n<td>Beskyttelsessystem<\/td>\n<td>Over-\/Underspenning, Kortslutning, Overbelastning, Lekasje, Spenningsbeskyttelse<\/td>\n<\/tr>\n<tr>\n<td>Installasjon<\/td>\n<td>Stolpe<\/td>\n<\/tr>\n<tr>\n<td>Kabinettsmateriale<\/td>\n<td>Blech<\/td>\n<\/tr>\n<tr>\n<td>Ladekabellengde<\/td>\n<td>3,5 m (Tilpasning mulig)<\/td>\n<\/tr>\n<\/tbody>\n<\/table>\n","protected":false},"featured_media":592,"comment_status":"closed","ping_status":"closed","template":"","meta":[],"product_brand":[],"product_cat":[700],"product_tag":[807],"class_list":{"0":"post-1073","1":"product","2":"type-product","3":"status-publish","4":"has-post-thumbnail","6":"product_cat-charger-no","7":"product_tag-ac-charging-no","9":"first","10":"instock","11":"shipping-taxable","12":"product-type-simple","13":"prodpage-classic"},"aioseo_notices":[],"_links":{"self":[{"href":"https:\/\/www.pandaexo.com\/no\/wp-json\/wp\/v2\/product\/1073","targetHints":{"allow":["GET"]}}],"collection":[{"href":"https:\/\/www.pandaexo.com\/no\/wp-json\/wp\/v2\/product"}],"about":[{"href":"https:\/\/www.pandaexo.com\/no\/wp-json\/wp\/v2\/types\/product"}],"replies":[{"embeddable":true,"href":"https:\/\/www.pandaexo.com\/no\/wp-json\/wp\/v2\/comments?post=1073"}],"wp:featuredmedia":[{"embeddable":true,"href":"https:\/\/www.pandaexo.com\/no\/wp-json\/wp\/v2\/media\/592"}],"wp:attachment":[{"href":"https:\/\/www.pandaexo.com\/no\/wp-json\/wp\/v2\/media?parent=1073"}],"wp:term":[{"taxonomy":"product_brand","embeddable":true,"href":"https:\/\/www.pandaexo.com\/no\/wp-json\/wp\/v2\/product_brand?post=1073"},{"taxonomy":"product_cat","embeddable":true,"href":"https:\/\/www.pandaexo.com\/no\/wp-json\/wp\/v2\/product_cat?post=1073"},{"taxonomy":"product_tag","embeddable":true,"href":"https:\/\/www.pandaexo.com\/no\/wp-json\/wp\/v2\/product_tag?post=1073"}],"curies":[{"name":"wp","href":"https:\/\/api.w.org\/{rel}","templated":true}]}}