{"id":1193,"date":"2026-03-08T18:27:57","date_gmt":"2026-03-08T10:27:57","guid":{"rendered":"https:\/\/www.pandaexo.com\/shop\/bridge-rectifier\/"},"modified":"2026-03-18T19:34:46","modified_gmt":"2026-03-18T11:34:46","slug":"bridge-rectifier","status":"publish","type":"product","link":"https:\/\/www.pandaexo.com\/no\/shop\/bridge-rectifier\/","title":{"rendered":"Bro Rettfer"},"content":{"rendered":"<style type=\"text\/css\">\r\n\t\t\t\t#gallery-1 {\r\n\t\t\t\t\tmargin: auto;\r\n\t\t\t\t}\r\n\t\t\t\t#gallery-1 .gallery-item {\r\n\t\t\t\t\tfloat: left;\r\n\t\t\t\t\tmargin-top: 10px;\r\n\t\t\t\t\ttext-align: center;\r\n\t\t\t\t\twidth: 25%;\r\n\t\t\t\t}\r\n\t\t\t\t#gallery-1 .gallery-caption {\r\n\t\t\t\t\tmargin-left: 0;\r\n\t\t\t\t}\r\n\t\t\t<\/style><!-- see gallery_shortcode() in wp-includes\/media.php -->\r\n\t\t\t\n\t\t<div id=\"gallery-1\" class=\"gallery galleryid-1193 mfp-gallery mfp-gallery--images gallery-columns-4 gallery-size-full\"><div class=\"row zn_image_gallery \"><div class=\"col-sm-6 col-md-4 col-lg-3\"><a href=\"https:\/\/www.pandaexo.com\/wp-content\/uploads\/2026\/03\/Bridge-Rectifier-KBU-Series.png\" title=\"\" class=\"hoverBorder\"><img loading=\"lazy\" decoding=\"async\" width=\"1268\" height=\"1751\" src=\"https:\/\/www.pandaexo.com\/wp-content\/uploads\/2026\/03\/Bridge-Rectifier-KBU-Series.png\" class=\"attachment-full size-full\" alt=\"Bridge Rectifier KBU Series\" link=\"file\" columns=\"4\" size=\"full\" ids=\"560,566,565,564,563,562,561,568\" orderby=\"post__in\" include=\"560,566,565,564,563,562,561,568\" srcset=\"https:\/\/www.pandaexo.com\/wp-content\/uploads\/2026\/03\/Bridge-Rectifier-KBU-Series.png 1268w, https:\/\/www.pandaexo.com\/wp-content\/uploads\/2026\/03\/Bridge-Rectifier-KBU-Series-768x1061.png 768w, https:\/\/www.pandaexo.com\/wp-content\/uploads\/2026\/03\/Bridge-Rectifier-KBU-Series-1112x1536.png 1112w, https:\/\/www.pandaexo.com\/wp-content\/uploads\/2026\/03\/Bridge-Rectifier-KBU-Series-135x187.png 135w, https:\/\/www.pandaexo.com\/wp-content\/uploads\/2026\/03\/Bridge-Rectifier-KBU-Series-1170x1616.png 1170w, https:\/\/www.pandaexo.com\/wp-content\/uploads\/2026\/03\/Bridge-Rectifier-KBU-Series-600x829.png 600w\" sizes=\"auto, (max-width: 1268px) 100vw, 1268px\" \/><span class=\"gallery_caption\"><\/span><\/a><\/div><div class=\"col-sm-6 col-md-4 col-lg-3\"><a href=\"https:\/\/www.pandaexo.com\/wp-content\/uploads\/2026\/03\/Bridge-Rectifier-KBP-Series.png\" title=\"\" class=\"hoverBorder\"><img loading=\"lazy\" decoding=\"async\" width=\"1268\" height=\"1751\" src=\"https:\/\/www.pandaexo.com\/wp-content\/uploads\/2026\/03\/Bridge-Rectifier-KBP-Series.png\" class=\"attachment-full size-full\" alt=\"Bridge Rectifier KBP Series\" link=\"file\" columns=\"4\" size=\"full\" ids=\"560,566,565,564,563,562,561,568\" orderby=\"post__in\" include=\"560,566,565,564,563,562,561,568\" srcset=\"https:\/\/www.pandaexo.com\/wp-content\/uploads\/2026\/03\/Bridge-Rectifier-KBP-Series.png 1268w, https:\/\/www.pandaexo.com\/wp-content\/uploads\/2026\/03\/Bridge-Rectifier-KBP-Series-768x1061.png 768w, https:\/\/www.pandaexo.com\/wp-content\/uploads\/2026\/03\/Bridge-Rectifier-KBP-Series-1112x1536.png 1112w, https:\/\/www.pandaexo.com\/wp-content\/uploads\/2026\/03\/Bridge-Rectifier-KBP-Series-135x187.png 135w, https:\/\/www.pandaexo.com\/wp-content\/uploads\/2026\/03\/Bridge-Rectifier-KBP-Series-1170x1616.png 1170w, https:\/\/www.pandaexo.com\/wp-content\/uploads\/2026\/03\/Bridge-Rectifier-KBP-Series-600x829.png 600w\" sizes=\"auto, (max-width: 1268px) 100vw, 1268px\" \/><span class=\"gallery_caption\"><\/span><\/a><\/div><div class=\"col-sm-6 col-md-4 col-lg-3\"><a href=\"https:\/\/www.pandaexo.com\/wp-content\/uploads\/2026\/03\/Bridge-Rectifier-KBL-Series.png\" title=\"\" class=\"hoverBorder\"><img loading=\"lazy\" decoding=\"async\" width=\"1268\" height=\"1751\" src=\"https:\/\/www.pandaexo.com\/wp-content\/uploads\/2026\/03\/Bridge-Rectifier-KBL-Series.png\" class=\"attachment-full size-full\" alt=\"Bridge Rectifier KBL Series\" link=\"file\" columns=\"4\" size=\"full\" ids=\"560,566,565,564,563,562,561,568\" orderby=\"post__in\" include=\"560,566,565,564,563,562,561,568\" srcset=\"https:\/\/www.pandaexo.com\/wp-content\/uploads\/2026\/03\/Bridge-Rectifier-KBL-Series.png 1268w, https:\/\/www.pandaexo.com\/wp-content\/uploads\/2026\/03\/Bridge-Rectifier-KBL-Series-768x1061.png 768w, https:\/\/www.pandaexo.com\/wp-content\/uploads\/2026\/03\/Bridge-Rectifier-KBL-Series-1112x1536.png 1112w, https:\/\/www.pandaexo.com\/wp-content\/uploads\/2026\/03\/Bridge-Rectifier-KBL-Series-135x187.png 135w, https:\/\/www.pandaexo.com\/wp-content\/uploads\/2026\/03\/Bridge-Rectifier-KBL-Series-1170x1616.png 1170w, https:\/\/www.pandaexo.com\/wp-content\/uploads\/2026\/03\/Bridge-Rectifier-KBL-Series-600x829.png 600w\" sizes=\"auto, (max-width: 1268px) 100vw, 1268px\" \/><span class=\"gallery_caption\"><\/span><\/a><\/div><div class=\"col-sm-6 col-md-4 col-lg-3\"><a href=\"https:\/\/www.pandaexo.com\/wp-content\/uploads\/2026\/03\/Bridge-Rectifier-K8-Series.png\" title=\"\" class=\"hoverBorder\"><img loading=\"lazy\" decoding=\"async\" width=\"1268\" height=\"1751\" src=\"https:\/\/www.pandaexo.com\/wp-content\/uploads\/2026\/03\/Bridge-Rectifier-K8-Series.png\" class=\"attachment-full size-full\" alt=\"Bridge Rectifier K8 Series\" link=\"file\" columns=\"4\" size=\"full\" ids=\"560,566,565,564,563,562,561,568\" orderby=\"post__in\" include=\"560,566,565,564,563,562,561,568\" srcset=\"https:\/\/www.pandaexo.com\/wp-content\/uploads\/2026\/03\/Bridge-Rectifier-K8-Series.png 1268w, https:\/\/www.pandaexo.com\/wp-content\/uploads\/2026\/03\/Bridge-Rectifier-K8-Series-768x1061.png 768w, https:\/\/www.pandaexo.com\/wp-content\/uploads\/2026\/03\/Bridge-Rectifier-K8-Series-1112x1536.png 1112w, https:\/\/www.pandaexo.com\/wp-content\/uploads\/2026\/03\/Bridge-Rectifier-K8-Series-135x187.png 135w, https:\/\/www.pandaexo.com\/wp-content\/uploads\/2026\/03\/Bridge-Rectifier-K8-Series-1170x1616.png 1170w, https:\/\/www.pandaexo.com\/wp-content\/uploads\/2026\/03\/Bridge-Rectifier-K8-Series-600x829.png 600w\" sizes=\"auto, (max-width: 1268px) 100vw, 1268px\" \/><span class=\"gallery_caption\"><\/span><\/a><\/div><\/div><div class=\"row zn_image_gallery \"><div class=\"col-sm-6 col-md-4 col-lg-3\"><a href=\"https:\/\/www.pandaexo.com\/wp-content\/uploads\/2026\/03\/Bridge-Rectifier-K6-Series.png\" title=\"\" class=\"hoverBorder\"><img loading=\"lazy\" decoding=\"async\" width=\"1268\" height=\"1751\" src=\"https:\/\/www.pandaexo.com\/wp-content\/uploads\/2026\/03\/Bridge-Rectifier-K6-Series.png\" class=\"attachment-full size-full\" alt=\"Bridge Rectifier K6 Series\" link=\"file\" columns=\"4\" size=\"full\" ids=\"560,566,565,564,563,562,561,568\" orderby=\"post__in\" include=\"560,566,565,564,563,562,561,568\" srcset=\"https:\/\/www.pandaexo.com\/wp-content\/uploads\/2026\/03\/Bridge-Rectifier-K6-Series.png 1268w, https:\/\/www.pandaexo.com\/wp-content\/uploads\/2026\/03\/Bridge-Rectifier-K6-Series-768x1061.png 768w, https:\/\/www.pandaexo.com\/wp-content\/uploads\/2026\/03\/Bridge-Rectifier-K6-Series-1112x1536.png 1112w, https:\/\/www.pandaexo.com\/wp-content\/uploads\/2026\/03\/Bridge-Rectifier-K6-Series-135x187.png 135w, https:\/\/www.pandaexo.com\/wp-content\/uploads\/2026\/03\/Bridge-Rectifier-K6-Series-1170x1616.png 1170w, https:\/\/www.pandaexo.com\/wp-content\/uploads\/2026\/03\/Bridge-Rectifier-K6-Series-600x829.png 600w\" sizes=\"auto, (max-width: 1268px) 100vw, 1268px\" \/><span class=\"gallery_caption\"><\/span><\/a><\/div><div class=\"col-sm-6 col-md-4 col-lg-3\"><a href=\"https:\/\/www.pandaexo.com\/wp-content\/uploads\/2026\/03\/Bridge-Rectifier-K3-Series.png\" title=\"\" class=\"hoverBorder\"><img loading=\"lazy\" decoding=\"async\" width=\"1268\" height=\"1751\" src=\"https:\/\/www.pandaexo.com\/wp-content\/uploads\/2026\/03\/Bridge-Rectifier-K3-Series.png\" class=\"attachment-full size-full\" alt=\"Bridge Rectifier K3 Series\" link=\"file\" columns=\"4\" size=\"full\" ids=\"560,566,565,564,563,562,561,568\" orderby=\"post__in\" include=\"560,566,565,564,563,562,561,568\" srcset=\"https:\/\/www.pandaexo.com\/wp-content\/uploads\/2026\/03\/Bridge-Rectifier-K3-Series.png 1268w, https:\/\/www.pandaexo.com\/wp-content\/uploads\/2026\/03\/Bridge-Rectifier-K3-Series-768x1061.png 768w, https:\/\/www.pandaexo.com\/wp-content\/uploads\/2026\/03\/Bridge-Rectifier-K3-Series-1112x1536.png 1112w, https:\/\/www.pandaexo.com\/wp-content\/uploads\/2026\/03\/Bridge-Rectifier-K3-Series-135x187.png 135w, https:\/\/www.pandaexo.com\/wp-content\/uploads\/2026\/03\/Bridge-Rectifier-K3-Series-1170x1616.png 1170w, https:\/\/www.pandaexo.com\/wp-content\/uploads\/2026\/03\/Bridge-Rectifier-K3-Series-600x829.png 600w\" sizes=\"auto, (max-width: 1268px) 100vw, 1268px\" \/><span class=\"gallery_caption\"><\/span><\/a><\/div><div class=\"col-sm-6 col-md-4 col-lg-3\"><a href=\"https:\/\/www.pandaexo.com\/wp-content\/uploads\/2026\/03\/Bridge-Rectifier-6GBJ-Series.png\" title=\"\" class=\"hoverBorder\"><img loading=\"lazy\" decoding=\"async\" width=\"1268\" height=\"1751\" src=\"https:\/\/www.pandaexo.com\/wp-content\/uploads\/2026\/03\/Bridge-Rectifier-6GBJ-Series.png\" class=\"attachment-full size-full\" alt=\"\" link=\"file\" columns=\"4\" size=\"full\" ids=\"560,566,565,564,563,562,561,568\" orderby=\"post__in\" include=\"560,566,565,564,563,562,561,568\" srcset=\"https:\/\/www.pandaexo.com\/wp-content\/uploads\/2026\/03\/Bridge-Rectifier-6GBJ-Series.png 1268w, https:\/\/www.pandaexo.com\/wp-content\/uploads\/2026\/03\/Bridge-Rectifier-6GBJ-Series-768x1061.png 768w, https:\/\/www.pandaexo.com\/wp-content\/uploads\/2026\/03\/Bridge-Rectifier-6GBJ-Series-1112x1536.png 1112w, https:\/\/www.pandaexo.com\/wp-content\/uploads\/2026\/03\/Bridge-Rectifier-6GBJ-Series-135x187.png 135w, https:\/\/www.pandaexo.com\/wp-content\/uploads\/2026\/03\/Bridge-Rectifier-6GBJ-Series-1170x1616.png 1170w, https:\/\/www.pandaexo.com\/wp-content\/uploads\/2026\/03\/Bridge-Rectifier-6GBJ-Series-600x829.png 600w\" sizes=\"auto, (max-width: 1268px) 100vw, 1268px\" \/><span class=\"gallery_caption\"><\/span><\/a><\/div><div class=\"col-sm-6 col-md-4 col-lg-3\"><a href=\"https:\/\/www.pandaexo.com\/wp-content\/uploads\/2026\/03\/Bridge-Rectifier-4GBJ-Series.png\" title=\"\" class=\"hoverBorder\"><img loading=\"lazy\" decoding=\"async\" width=\"1268\" height=\"1751\" src=\"https:\/\/www.pandaexo.com\/wp-content\/uploads\/2026\/03\/Bridge-Rectifier-4GBJ-Series.png\" class=\"attachment-full size-full\" alt=\"Bridge Rectifier 4GBJ Series\" link=\"file\" columns=\"4\" size=\"full\" ids=\"560,566,565,564,563,562,561,568\" orderby=\"post__in\" include=\"560,566,565,564,563,562,561,568\" srcset=\"https:\/\/www.pandaexo.com\/wp-content\/uploads\/2026\/03\/Bridge-Rectifier-4GBJ-Series.png 1268w, https:\/\/www.pandaexo.com\/wp-content\/uploads\/2026\/03\/Bridge-Rectifier-4GBJ-Series-768x1061.png 768w, https:\/\/www.pandaexo.com\/wp-content\/uploads\/2026\/03\/Bridge-Rectifier-4GBJ-Series-1112x1536.png 1112w, https:\/\/www.pandaexo.com\/wp-content\/uploads\/2026\/03\/Bridge-Rectifier-4GBJ-Series-135x187.png 135w, https:\/\/www.pandaexo.com\/wp-content\/uploads\/2026\/03\/Bridge-Rectifier-4GBJ-Series-1170x1616.png 1170w, https:\/\/www.pandaexo.com\/wp-content\/uploads\/2026\/03\/Bridge-Rectifier-4GBJ-Series-600x829.png 600w\" sizes=\"auto, (max-width: 1268px) 100vw, 1268px\" \/><span class=\"gallery_caption\"><\/span><\/a><\/div><\/div><\/div>\n","protected":false},"excerpt":{"rendered":"<p>Forbedre dine elektroniske kraftdesign med v\u00e5rt omfattende utvalg av h\u00f8ytpresterende enfase brorettere. Utviklet for generell bruk i industrielt og forbrukerutstyr, konverterer disse retterne vekselstr\u00f8m (AC) effektivt til likestr\u00f8m (DC) ved hjelp av fire interne passiverte silisiumkryss konfigurert i en full bro. Designet med holdbarhet og sikkerhet i tankene, har disse komponentene en p\u00e5litelig, lavkostnads konstruksjon som bruker formplast-teknikker. Den innkapslende plastmaterialet har Underwriters Laboratory (UL) brannfarlighetsklassifisering 94V-0, noe som sikrer maksimal sikkerhet for kretsene dine. Enten du bygger trykte kretskort (PCB) eller trenger chassismontering, leverer retterne v\u00e5re h\u00f8y surge-str\u00f8mkapasitet, lav forspenning og h\u00f8y temperatur loddeutholdenhet (garantert opptil 265\u00b0C \/ 10 sekunder).<\/p>\n<h3>N\u00f8kkelegenskaper<\/h3>\n<ul>\n<li><strong>H\u00f8y effektivitet konvertering:<\/strong> Fullbrokonfigurasjon for stabil og p\u00e5litelig AC til DC kraftretting.<\/li>\n<li><strong>Robust &amp; Sikker konstruksjon:<\/strong> Formet plastkropp som oppfyller UL 94V-0 brannfarlighetsstandarder.<\/li>\n<li><strong>H\u00f8y surge-str\u00f8mkapasitet:<\/strong> Bygget for \u00e5 h\u00e5ndtere h\u00f8ye innstr\u00f8mningsstr\u00f8mmer, som beskytter din nedstr\u00f8ms elektronikk.<\/li>\n<li><strong>Monteringsversatilitet:<\/strong> Ideell for montering p\u00e5 trykte kretskort (PCB) med innebygde avstandsstykker p\u00e5 utvalgte modeller, eller chassismonteringsalternativer.<\/li>\n<li><strong>Termisk utholdenhet:<\/strong> Garantert h\u00f8ytemperatur loddeytelse for sikre og varige forbindelser.<\/li>\n<\/ul>\n<h3>Serie Sammenligningsguide<\/h3>\n<p>Velg den perfekte formfaktoren og spesifikasjonen for dine spesifikke prosjektbehov fra v\u00e5re 8 spesialiserte serier:<\/p>\n<table class=\"table table-striped table-bordered\">\n<thead>\n<tr>\n<th>Serie<\/th>\n<th>Pakke Stil \/ Formfaktor<\/th>\n<th>Blydkondigurasjon<\/th>\n<th>Fremtredende funksjoner &amp; Anvendelser<\/th>\n<\/tr>\n<\/thead>\n<tbody>\n<tr>\n<td><strong>KBP<\/strong><\/td>\n<td>Kompakt Rektangul\u00e6r<\/td>\n<td>Inn-linje blyd<\/td>\n<td>Innebygde PCB avstandsstykker; Sv\u00e6rt kompakt, ideell for PCB-montering med begrenset plass.<\/td>\n<\/tr>\n<tr>\n<td><strong>KBL<\/strong><\/td>\n<td>Standard Rektangul\u00e6r<\/td>\n<td>Inn-linje blyd<\/td>\n<td>Innebygde PCB avstandsstykker; H\u00f8y kassedielektrisk styrke for forbedret elektrisk isolasjon.<\/td>\n<\/tr>\n<tr>\n<td><strong>KBU<\/strong><\/td>\n<td>Flat Rektangul\u00e6r med Hull<\/td>\n<td>Inn-linje blyd<\/td>\n<td>Har et dedikert monteringshull for kj\u00f8lefinner; Polaritetssymboler tydelig formet p\u00e5 kroppen.<\/td>\n<\/tr>\n<tr>\n<td><strong>6GBJ<\/strong><\/td>\n<td>Smal \/ Flat Profil<\/td>\n<td>Inn-linje blyd<\/td>\n<td>Exceptionell h\u00f8y kassedielektrisk styrke p\u00e5 1500VRMS; Ideell for slanke PCB-design.<\/td>\n<\/tr>\n<tr>\n<td><strong>4GBJ<\/strong><\/td>\n<td>Smal \/ Flat Profil<\/td>\n<td>Inn-linje blyd<\/td>\n<td>Vurdering opptil 1000V PRV (Peak Reverse Voltage); Gir lav forspenning for h\u00f8yere effektivitet.<\/td>\n<\/tr>\n<tr>\n<td><strong>K3<\/strong><\/td>\n<td>Kompakt Firkantet<\/td>\n<td>Tr\u00e5dblyd (Rutenett)<\/td>\n<td>Enfase full bro (KBPC serie stil) som tilbyr h\u00f8y surge-kapasitet i et lite fotavtrykk.<\/td>\n<\/tr>\n<tr>\n<td><strong>K6<\/strong><\/td>\n<td>Kompakt Firkantet<\/td>\n<td>Tr\u00e5dblyd (Rutenett)<\/td>\n<td>Fullt samsvar med RoHS-direktiv 2002\/95\/EC; Milj\u00f8vennlig standardkonstruksjon.<\/td>\n<\/tr>\n<tr>\n<td><strong>K8<\/strong><\/td>\n<td>Kompakt Firkantet<\/td>\n<td>Tr\u00e5dblyd (Rutenett)<\/td>\n<td>Fullstendig karakterisert data med et bredt driftstemperaturomr\u00e5de; Egnet for PCB- eller chassismontering.<\/td>\n<\/tr>\n<\/tbody>\n<\/table>\n","protected":false},"featured_media":569,"comment_status":"closed","ping_status":"closed","template":"","meta":[],"product_brand":[],"product_cat":[678],"product_tag":[],"class_list":{"0":"post-1193","1":"product","2":"type-product","3":"status-publish","4":"has-post-thumbnail","6":"product_cat-semiconductor-no","8":"first","9":"instock","10":"shipping-taxable","11":"product-type-simple","12":"prodpage-classic"},"aioseo_notices":[],"_links":{"self":[{"href":"https:\/\/www.pandaexo.com\/no\/wp-json\/wp\/v2\/product\/1193","targetHints":{"allow":["GET"]}}],"collection":[{"href":"https:\/\/www.pandaexo.com\/no\/wp-json\/wp\/v2\/product"}],"about":[{"href":"https:\/\/www.pandaexo.com\/no\/wp-json\/wp\/v2\/types\/product"}],"replies":[{"embeddable":true,"href":"https:\/\/www.pandaexo.com\/no\/wp-json\/wp\/v2\/comments?post=1193"}],"wp:featuredmedia":[{"embeddable":true,"href":"https:\/\/www.pandaexo.com\/no\/wp-json\/wp\/v2\/media\/569"}],"wp:attachment":[{"href":"https:\/\/www.pandaexo.com\/no\/wp-json\/wp\/v2\/media?parent=1193"}],"wp:term":[{"taxonomy":"product_brand","embeddable":true,"href":"https:\/\/www.pandaexo.com\/no\/wp-json\/wp\/v2\/product_brand?post=1193"},{"taxonomy":"product_cat","embeddable":true,"href":"https:\/\/www.pandaexo.com\/no\/wp-json\/wp\/v2\/product_cat?post=1193"},{"taxonomy":"product_tag","embeddable":true,"href":"https:\/\/www.pandaexo.com\/no\/wp-json\/wp\/v2\/product_tag?post=1193"}],"curies":[{"name":"wp","href":"https:\/\/api.w.org\/{rel}","templated":true}]}}