{"id":1374,"date":"2025-11-15T14:00:49","date_gmt":"2025-11-15T06:00:49","guid":{"rendered":"https:\/\/www.pandaexo.com\/about-us\/"},"modified":"2026-03-18T20:23:50","modified_gmt":"2026-03-18T12:23:50","slug":"about-us","status":"publish","type":"page","link":"https:\/\/www.pandaexo.com\/pl\/about-us\/","title":{"rendered":"O Nas"},"content":{"rendered":"<p>Opieraj\u0105c si\u0119 na ponad dziesi\u0119cioletnim do\u015bwiadczeniu przemys\u0142owym i solidnej reputacji w produkcji ultra-niezawodnych krzemowych mostk\u00f3w prostowniczych, PandaExo strategicznie skierowa\u0142a swoj\u0105 uwag\u0119 w 2019 roku na epicentrum chi\u0144skiej bran\u017cy pojazd\u00f3w nowej energii (NEV) \u2013 Hefei. Dzi\u015b, dzia\u0142aj\u0105c z nowoczesnego zak\u0142adu produkcyjnego o powierzchni 28 000 metr\u00f3w kwadratowych, nasz zesp\u00f3\u0142 150 profesjonalist\u00f3w \u2013 z czego 30% w ca\u0142o\u015bci po\u015bwi\u0119ca si\u0119 dzia\u0142owi R&amp;D \u2013 nap\u0119dza nasz\u0105 misj\u0119. Z powodzeniem ewoluowali\u015bmy z wyspecjalizowanego producenta komponent\u00f3w w czo\u0142owego globalnego dostawc\u0119 wysokowydajnej infrastruktury \u0142adowania pojazd\u00f3w elektrycznych oraz kompleksowych rozwi\u0105za\u0144 energetycznych.<\/p>\n<h3>Strategiczna Globalna Obecno\u015b\u0107<\/h3>\n<p>Aby sprosta\u0107 rosn\u0105cemu globalnemu zapotrzebowaniu na zielon\u0105 energi\u0119, utworzyli\u015bmy wyspecjalizowane regionalne centra, aby lepiej s\u0142u\u017cy\u0107 naszym mi\u0119dzynarodowym partnerom:<\/p>\n<ul>\n<li><strong>Oddzia\u0142 Strategiczny w Syczuanie (za\u0142. 2023):<\/strong> Zlokalizowany w dzielnicy Wuhou w Chengdu, o\u015brodek ten dzia\u0142a jako nasz g\u0142\u00f3wny silnik ekspansji rynkowej w Azji \u015arodkowej, Afryce i Europie, dostarczaj\u0105c wysoce dopasowane rozwi\u0105zania energetyczne dla region\u00f3w szybkiego wzrostu.<\/li>\n<li><strong>Mi\u0119dzynarodowy Oddzia\u0142 w Dubaju (za\u0142. 2024):<\/strong> Pe\u0142ni\u0105c rol\u0119 kluczowego centrum technicznego i handlowego, oddzia\u0142 ten wspiera naszych partner\u00f3w strategicznych w ca\u0142ej Ameryce P\u00f3\u0142nocnej, na Bliskim Wschodzie i w Azji Po\u0142udniowo-Wschodniej.<\/li>\n<li><strong>Sprawdzona Skala i Niezawodno\u015b\u0107:<\/strong> Demonstruj\u0105c nasze zdolno\u015bci logistyczne i in\u017cynieryjne, z powodzeniem wyprodukowali\u015bmy i dostarczyli\u015bmy ponad 300 stacji \u0142adowania dla krajowej sieci energetycznej w ci\u0105gu zaledwie dw\u00f3ch miesi\u0119cy.<\/li>\n<\/ul>\n<p><iframe loading=\"lazy\" title=\"Inside PandaExo&#039;s EV Charger Factory #evcharging\" width=\"500\" height=\"281\" src=\"https:\/\/www.youtube.com\/embed\/9bS9AHcoSIg?feature=oembed\" frameborder=\"0\" allow=\"accelerometer; autoplay; clipboard-write; encrypted-media; gyroscope; picture-in-picture; web-share\" referrerpolicy=\"strict-origin-when-cross-origin\" allowfullscreen><\/iframe><\/p>\n<h3>Innowacje i Dzia\u0142 Bada\u0144 i Rozwoju<\/h3>\n<p>Wierzymy, \u017ce niezale\u017cna innowacja jest kamieniem w\u0119gielnym zr\u00f3wnowa\u017conej przysz\u0142o\u015bci. Dzi\u0119ki d\u0142ugoterminowemu partnerstwu strategicznemu z Instytutem Energetyki wiod\u0105cego krajowego Uniwersytetu Technologicznego, nieustannie udoskonalamy ekosystem \u0142adowania EV:<\/p>\n<ul>\n<li><strong>Inteligentne Platformy Energetyczne:<\/strong> Integrujemy solidny sprz\u0119t z oprogramowaniem opartym na chmurze, umo\u017cliwiaj\u0105c p\u0142ynne, rzeczywiste zarz\u0105dzanie energi\u0105 i \u0142adowaniem.<\/li>\n<li><strong>Nowoczesna Technologia:<\/strong> Jeste\u015bmy pionierami w dziedzinie system\u00f3w energetycznych w obiegu zamkni\u0119tym \u2014 badaj\u0105c metodologie &#8222;przewodowe vs. bezprzewodowe&#8221; oraz &#8222;\u0142adowanie vs. wymiana baterii&#8221;, aby zmaksymalizowa\u0107 efektywno\u015b\u0107 operacyjn\u0105.<\/li>\n<li><strong>W\u0142asno\u015b\u0107 Intelektualna:<\/strong> Nasza przewaga technologiczna jest chroniona przez dziesi\u0105tki patent\u00f3w u\u017cytkowych i praw autorskich do oprogramowania, gwarantuj\u0105c, \u017ce nasi klienci korzystaj\u0105 z zastrze\u017conych, \u015bwiatowej klasy innowacji.<\/li>\n<\/ul>\n<h3>Zielona Ewolucja<\/h3>\n<p>Pojazdy elektryczne s\u0105 niezaprzeczaln\u0105 przysz\u0142o\u015bci\u0105 globalnej mobilno\u015bci. Jako si\u0142a nap\u0119dowa wsp\u00f3\u0142czesnej &#8222;Nowej Infrastruktury&#8221;, PandaExo dostarcza kluczowe systemy inteligentnego \u0142adowania AC i szybkiego \u0142adowania DC niezb\u0119dne do przyspieszenia odej\u015bcia od paliw kopalnych.<\/p>\n<p>Dzi\u0119ki naszym wysoce elastycznym modelom wsp\u00f3\u0142pracy EPCO, OEM i ODM dostarczamy profesjonalne, zorientowane na us\u0142ugi rozwi\u0105zania dostosowane do r\u00f3\u017cnorodnych lokalizacji i zastosowa\u0144 na ca\u0142ym \u015bwiecie. Robimy wi\u0119cej ni\u017c tylko dostarczamy sprz\u0119t; umo\u017cliwiamy przej\u015bcie na czystsz\u0105, zelektryfikowan\u0105 planet\u0119.<\/p>\n<h3>Dlaczego warto wybra\u0107 PandaExo?<\/h3>\n<ul>\n<li><strong>Zintegrowany Ekosystem \u0141adowania:<\/strong> Wykraczaj\u0105c poza sam sprz\u0119t, wsp\u00f3\u0142pracujemy z czo\u0142owymi instytutami badawczymi w dziedzinie energii, aby rozwija\u0107 sp\u00f3jne inteligentne oprogramowanie i platformy chmurowe do zarz\u0105dzania obci\u0105\u017ceniem i energi\u0105 w czasie rzeczywistym.<\/li>\n<li><strong>Skala i Precyzja Bezpo\u015brednio z Fabryki:<\/strong> Zakorzenieni w dziedzictwie p\u00f3\u0142przewodnik\u00f3w mocy, nasz zaawansowany zak\u0142ad produkcyjny o powierzchni 28 000 m\u00b2 gwarantuje, \u017ce ka\u017cda \u0142adowarka oferuje niezawodno\u015b\u0107 na poziomie przemys\u0142owym.<\/li>\n<li><strong>Sprawdzona Wydajno\u015b\u0107 w Skali Sieciowej:<\/strong> Dzi\u0119ki zaufaniu krajowych sieci energetycznych, nasze zdolno\u015bci szybkiego wdra\u017cania zosta\u0142y potwierdzone przez dostarczenie ponad 300 aktywnych stacji \u0142adowania w zaledwie 60 dni.<\/li>\n<li><strong>Globalne, Adaptacyjne Rozwi\u0105zania:<\/strong> Dzi\u0119ki naszym kompleksowym modelom EPCO, OEM i ODM \u2014 wspieranym przez dedykowane mi\u0119dzynarodowe centra \u2014 dostosowujemy infrastruktur\u0119 \u0142adowania do specyficznych wymaga\u0144 regionalnych rynk\u00f3w.<\/li>\n<li><strong>Certyfikowane Bezpiecze\u0144stwo i Trwa\u0142o\u015b\u0107:<\/strong> Zaprojektowane dla ekstremalnych \u015brodowisk, nasze urz\u0105dzenia charakteryzuj\u0105 si\u0119 klasami ochrony na zewn\u0105trz <strong>IP54\/IP67<\/strong> i wykorzystuj\u0105 materia\u0142y ognioodporne <strong>UL 94V-0<\/strong> dla najwy\u017cszego bezpiecze\u0144stwa.<\/li>\n<\/ul>\n<h3>Nasze Kluczowe Rozwi\u0105zania<\/h3>\n<table class=\"table table-striped table-bordered\">\n<thead>\n<tr>\n<th>Rozwi\u0105zanie<\/th>\n<th>Opis<\/th>\n<th>Najlepsze dla<\/th>\n<\/tr>\n<\/thead>\n<tbody>\n<tr>\n<td><a href=\"https:\/\/www.pandaexo.com\/product-tag\/dc-charging\/\"><strong>Szybkie \u0141adowanie DC<\/strong><\/a><\/td>\n<td>Wysokowydajne stacje zaprojektowane do szybkiego dostarczania energii i intensywnego u\u017cytkowania.<\/td>\n<td>Centra handlowe, stacje benzynowe przy autostradach<\/td>\n<\/tr>\n<tr>\n<td><a href=\"https:\/\/www.pandaexo.com\/product-tag\/ac-charging\/\"><strong>Inteligentne \u0141adowanie AC<\/strong><\/a><\/td>\n<td>Niezawodne, wysoce wydajne i estetycznie zaprojektowane punkty \u0142adowania z inteligentn\u0105 \u0142\u0105czno\u015bci\u0105.<\/td>\n<td>Osiedla mieszkaniowe, parkingi biurowe<\/td>\n<\/tr>\n<tr>\n<td><strong>Platformy Oprogramowania<\/strong><\/td>\n<td>Systemy zarz\u0105dzania oparte na chmurze do zdalnego monitorowania, p\u0142ynnego rozliczania i inteligentnego bilansowania obci\u0105\u017cenia.<\/td>\n<td>Operatorzy flot, dostawcy medi\u00f3w<\/td>\n<\/tr>\n<tr>\n<td><strong>Niestandardowe OEM\/ODM<\/strong><\/td>\n<td>Kompleksowe us\u0142ugi produkcyjne i projektowe dostosowane do specyficznych wymaga\u0144 technicznych Twojej marki.<\/td>\n<td>Globalne marki energetyczne i partnerzy infrastrukturalni<\/td>\n<\/tr>\n<\/tbody>\n<\/table>\n<p><strong>Gotowy zasili\u0107 przysz\u0142o\u015b\u0107?<\/strong><br \/>\nNiezale\u017cnie od tego, czy wdra\u017casz rozleg\u0142\u0105 publiczn\u0105 sie\u0107 \u0142adowania, czy modernizujesz prywatn\u0105 flot\u0119 komercyjn\u0105, PandaExo dostarcza solidny sprz\u0119t i inteligentne oprogramowanie, aby to umo\u017cliwi\u0107.<\/p>\n<p><img loading=\"lazy\" decoding=\"async\" src=\"https:\/\/www.pandaexo.com\/wp-content\/uploads\/2026\/03\/On-site-photos-of-the-installed-EV-charging-stations-2.webp\" alt=\"Zdj\u0119cia na miejscu zainstalowanych stacji \u0142adowania pojazd\u00f3w elektrycznych (2)\" width=\"1792\" height=\"1101\" \/> <img loading=\"lazy\" decoding=\"async\" src=\"https:\/\/www.pandaexo.com\/wp-content\/uploads\/2026\/03\/On-site-photos-of-the-installed-EV-charging-stations-1.webp\" alt=\"Zdj\u0119cia na miejscu zainstalowanych stacji \u0142adowania pojazd\u00f3w elektrycznych (1)\" width=\"1808\" height=\"1108\" \/><\/p>\n","protected":false},"excerpt":{"rendered":"<p>Opieraj\u0105c si\u0119 na ponad dziesi\u0119cioletnim do\u015bwiadczeniu przemys\u0142owym i solidnej reputacji w produkcji ultra-niezawodnych krzemowych mostk\u00f3w prostowniczych, PandaExo strategicznie skierowa\u0142a swoj\u0105 uwag\u0119 w 2019 roku na epicentrum chi\u0144skiej bran\u017cy pojazd\u00f3w nowej energii (NEV) \u2013 Hefei. Dzi\u015b, dzia\u0142aj\u0105c z nowoczesnego zak\u0142adu produkcyjnego o powierzchni 28 000 metr\u00f3w kwadratowych, nasz zesp\u00f3\u0142 150 profesjonalist\u00f3w \u2013 z czego 30% w<\/p>\n","protected":false},"author":1,"featured_media":0,"parent":0,"menu_order":0,"comment_status":"closed","ping_status":"closed","template":"","meta":{"footnotes":""},"class_list":["post-1374","page","type-page","status-publish","hentry","prodpage-classic"],"aioseo_notices":[],"_links":{"self":[{"href":"https:\/\/www.pandaexo.com\/pl\/wp-json\/wp\/v2\/pages\/1374","targetHints":{"allow":["GET"]}}],"collection":[{"href":"https:\/\/www.pandaexo.com\/pl\/wp-json\/wp\/v2\/pages"}],"about":[{"href":"https:\/\/www.pandaexo.com\/pl\/wp-json\/wp\/v2\/types\/page"}],"author":[{"embeddable":true,"href":"https:\/\/www.pandaexo.com\/pl\/wp-json\/wp\/v2\/users\/1"}],"replies":[{"embeddable":true,"href":"https:\/\/www.pandaexo.com\/pl\/wp-json\/wp\/v2\/comments?post=1374"}],"version-history":[{"count":0,"href":"https:\/\/www.pandaexo.com\/pl\/wp-json\/wp\/v2\/pages\/1374\/revisions"}],"wp:attachment":[{"href":"https:\/\/www.pandaexo.com\/pl\/wp-json\/wp\/v2\/media?parent=1374"}],"curies":[{"name":"wp","href":"https:\/\/api.w.org\/{rel}","templated":true}]}}