{"id":1414,"date":"2025-09-02T08:07:33","date_gmt":"2025-09-02T00:07:33","guid":{"rendered":"https:\/\/www.pandaexo.com\/privacy-policy\/"},"modified":"2026-03-18T20:25:59","modified_gmt":"2026-03-18T12:25:59","slug":"privacy-policy","status":"publish","type":"page","link":"https:\/\/www.pandaexo.com\/pl\/privacy-policy\/","title":{"rendered":"Polityka prywatno\u015bci"},"content":{"rendered":"<p>Data obowi\u0105zywania: 10 stycznia 2026 r. W PandaExo jeste\u015bmy zaanga\u017cowani w zasilanie bardziej ekologicznej przysz\u0142o\u015bci poprzez innowacje i transparentno\u015b\u0107. Niniejsza Polityka Prywatno\u015bci opisuje, w jaki spos\u00f3b zbieramy, wykorzystujemy i chronimy Twoje informacje podczas interakcji z nasz\u0105 stron\u0105 internetow\u0105, zakupu naszych stacji \u0142adowania EV bezpo\u015brednio od producenta lub pozyskiwania naszych komponent\u00f3w p\u00f3\u0142przewodnikowych mocy.<\/p>\n<hr \/>\n<h3>1. Informacje, kt\u00f3re zbieramy<\/h3>\n<p>Aby zapewni\u0107 rozwi\u0105zania energetyczne klasy profesjonalnej i utrzyma\u0107 nasze wysokie standardy innowacji w zakresie bada\u0144 i rozwoju, zbieramy kilka rodzaj\u00f3w informacji:<\/p>\n<ul>\n<li>Dane identyfikacyjne: Imi\u0119 i nazwisko, adres e-mail, numer telefonu i stanowisko (zw\u0142aszcza dla naszych partner\u00f3w B2B oraz zapyta\u0144 OEM\/ODM).<\/li>\n<li>Szczeg\u00f3\u0142y dotycz\u0105ce firmy: Nazwa firmy, bran\u017ca i lokalizacja geograficzna, aby lepiej s\u0142u\u017cy\u0107 potrzebom regionalnym poprzez nasze o\u015brodki w Hefei, Chengdu i Dubaju.<\/li>\n<li>Dane techniczne: Adresy IP, typy przegl\u0105darek i wzorce korzystania zbierane za pomoc\u0105 plik\u00f3w cookie w celu optymalizacji naszych &#8222;Inteligentnych Platform Energetycznych&#8221; i wydajno\u015bci strony internetowej.<\/li>\n<li>Dane transakcyjne: Szczeg\u00f3\u0142y dotycz\u0105ce zam\u00f3wie\u0144 na mostki prostownicze, stacje \u0142adowania AC\/DC oraz spersonalizowane rozwi\u0105zania energetyczne.<\/li>\n<\/ul>\n<h3>2. Jak wykorzystujemy Twoje informacje<\/h3>\n<p>Wykorzystujemy zebrane dane, aby zapewni\u0107 p\u0142ynne przej\u015bcie na zielon\u0105 mobilno\u015b\u0107:<\/p>\n<ul>\n<li>Realizacja zam\u00f3wie\u0144: Aby przetwarza\u0107 i dostarcza\u0107 zam\u00f3wienia p\u00f3\u0142przewodnik\u00f3w w du\u017cych ilo\u015bciach lub du\u017ce projekty infrastruktury \u0142adowania (takie jak nasze dostawy 300 stacji dla State Grid).<\/li>\n<li>Wsparcie klienta: Aby zapewni\u0107 pomoc techniczn\u0105 przy instalacji, rozwi\u0105zywaniu problem\u00f3w i integracji oprogramowania dla naszych inteligentnych wallbox\u00f3w i szybkich \u0142adowarek.<\/li>\n<li>Badania i rozw\u00f3j oraz innowacje: Zagregowane, nieidentyfikowalne dane pomagaj\u0105 naszemu g\u0142\u00f3wnemu zespo\u0142owi technicznemu oraz Instytutowi Energetyki Politechniki w Hefei ulepsza\u0107 nasz sprz\u0119t i oprogramowanie oparte na chmurze.<\/li>\n<li>Marketing i komunikacja: Aby informowa\u0107 Ci\u0119 o nowych produktach, takich jak wysokocz\u0119stotliwo\u015bciowe \u0142adowanie bezprzewodowe lub zaktualizowane serie mostk\u00f3w krzemowych.<\/li>\n<\/ul>\n<h3>3. Udost\u0119pnianie i ujawnianie danych<\/h3>\n<p>PandaExo nie sprzedaje Twoich danych osobowych. Udost\u0119pniamy informacje tylko zaufanym partnerom niezb\u0119dnym do naszych dzia\u0142a\u0144:<\/p>\n<ul>\n<li>Partnerzy logistyczni: Aby zarz\u0105dza\u0107 mi\u0119dzynarodowymi przesy\u0142kami za po\u015brednictwem Kolei Express Chiny-Europa lub transportu lotniczego.<\/li>\n<li>Oddzia\u0142y strategiczne: Informacje mog\u0105 by\u0107 udost\u0119pniane mi\u0119dzy nasz\u0105 siedzib\u0105 w Hefei, naszym strategicznym oddzia\u0142em w Syczuanie i naszym mi\u0119dzynarodowym o\u015brodkiem w Dubaju w celu zapewnienia zlokalizowanego wsparcia.<\/li>\n<li>Zgodno\u015b\u0107 z przepisami prawa: Mo\u017cemy ujawni\u0107 informacje, je\u015bli wymaga tego prawo, w celu ochrony naszych praw w\u0142asno\u015bci intelektualnej, w tym naszych 14 patent\u00f3w u\u017cytkowych i praw autorskich do oprogramowania.<\/li>\n<\/ul>\n<h3>4. Bezpiecze\u0144stwo Twoich informacji<\/h3>\n<p>Traktujemy Twoje dane cyfrowe z tak\u0105 sam\u0105 trosk\u0105, jak\u0105 stosujemy do naszego sprz\u0119tu. Podobnie jak nasze produkty posiadaj\u0105 plastiki o stopniu palno\u015bci UL 94V-0 i ochron\u0119 IP54\/IP67, nasza infrastruktura cyfrowa wykorzystuje standardowe w bran\u017cy szyfrowanie i protoko\u0142y bezpiecze\u0144stwa, aby zapobiec nieautoryzowanemu dost\u0119powi lub naruszeniom danych.<\/p>\n<h3>5. Mi\u0119dzynarodowe transfery danych<\/h3>\n<p>Jako globalny dostawca obecny w Chinach, na Bliskim Wschodzie, w Europie i Ameryce P\u00f3\u0142nocnej, Twoje dane mog\u0105 by\u0107 przetwarzane w r\u00f3\u017cnych regionach. Zapewniamy, \u017ce wszystkie transfery s\u0105 zgodne z mi\u0119dzynarodowymi standardami ochrony danych, aby Twoje informacje by\u0142y bezpieczne, niezale\u017cnie od miejsca ich przechowywania.<\/p>\n<h3>6. Pliki cookie i technologie \u015bledzenia<\/h3>\n<p>Nasza strona internetowa u\u017cywa plik\u00f3w cookie, aby poprawi\u0107 komfort przegl\u0105dania. Pozwalaj\u0105 nam one zapami\u0119ta\u0107 Twoje preferencje i zrozumie\u0107, kt\u00f3re z naszych rozwi\u0105za\u0144 \u2013 czy to domowe \u0142adowarki AC, czy ci\u0119\u017ckie szybkie \u0142adowarki DC \u2013 s\u0105 najbardziej odpowiednie dla Twoich potrzeb. Mo\u017cesz zarz\u0105dza\u0107 ustawieniami plik\u00f3w cookie w ustawieniach swojej przegl\u0105darki.<\/p>\n<h3>7. Twoje prawa<\/h3>\n<p>W zale\u017cno\u015bci od Twojej lokalizacji, mo\u017cesz mie\u0107 nast\u0119puj\u0105ce prawa w odniesieniu do swoich danych:<\/p>\n<ul>\n<li>Dost\u0119p: Prawo do \u017c\u0105dania kopii swoich danych osobowych.<\/li>\n<li>Poprawka: Prawo do \u017c\u0105dania poprawienia przez nas nieprawid\u0142owych informacji.<\/li>\n<li>Usuni\u0119cie: Prawo do \u017c\u0105dania usuni\u0119cia przez nas Twoich danych osobowych w okre\u015blonych warunkach.<\/li>\n<li>Sprzeciw: Prawo do sprzeciwu wobec przetwarzania przez nas Twoich danych w celach marketingowych.<\/li>\n<\/ul>\n<h3>8. Skontaktuj si\u0119 z nami<\/h3>\n<p>Je\u015bli masz jakiekolwiek pytania dotycz\u0105ce niniejszej Polityki Prywatno\u015bci lub sposobu, w jaki PandaExo przetwarza Twoje dane, skontaktuj si\u0119 z naszym globalnym zespo\u0142em wsparcia:<\/p>\n<ul>\n<li>Biuro PandaExo w Chengdu<\/li>\n<li>Chengdu, Sichuan, 610000<\/li>\n<li>E-mail: <a href=\"mailto:info@pandaexo.com\">info@pandaexo.com<\/a><\/li>\n<\/ul>\n<hr \/>\n","protected":false},"excerpt":{"rendered":"<p>Data obowi\u0105zywania: 10 stycznia 2026 r. W PandaExo jeste\u015bmy zaanga\u017cowani w zasilanie bardziej ekologicznej przysz\u0142o\u015bci poprzez innowacje i transparentno\u015b\u0107. Niniejsza Polityka Prywatno\u015bci opisuje, w jaki spos\u00f3b zbieramy, wykorzystujemy i chronimy Twoje informacje podczas interakcji z nasz\u0105 stron\u0105 internetow\u0105, zakupu naszych stacji \u0142adowania EV bezpo\u015brednio od producenta lub pozyskiwania naszych komponent\u00f3w p\u00f3\u0142przewodnikowych mocy. 1. Informacje, kt\u00f3re<\/p>\n","protected":false},"author":1,"featured_media":0,"parent":0,"menu_order":0,"comment_status":"closed","ping_status":"open","template":"","meta":{"footnotes":""},"class_list":["post-1414","page","type-page","status-publish","hentry","prodpage-classic"],"aioseo_notices":[],"_links":{"self":[{"href":"https:\/\/www.pandaexo.com\/pl\/wp-json\/wp\/v2\/pages\/1414","targetHints":{"allow":["GET"]}}],"collection":[{"href":"https:\/\/www.pandaexo.com\/pl\/wp-json\/wp\/v2\/pages"}],"about":[{"href":"https:\/\/www.pandaexo.com\/pl\/wp-json\/wp\/v2\/types\/page"}],"author":[{"embeddable":true,"href":"https:\/\/www.pandaexo.com\/pl\/wp-json\/wp\/v2\/users\/1"}],"replies":[{"embeddable":true,"href":"https:\/\/www.pandaexo.com\/pl\/wp-json\/wp\/v2\/comments?post=1414"}],"version-history":[{"count":0,"href":"https:\/\/www.pandaexo.com\/pl\/wp-json\/wp\/v2\/pages\/1414\/revisions"}],"wp:attachment":[{"href":"https:\/\/www.pandaexo.com\/pl\/wp-json\/wp\/v2\/media?parent=1414"}],"curies":[{"name":"wp","href":"https:\/\/api.w.org\/{rel}","templated":true}]}}