{"id":1434,"date":"2016-11-15T14:02:30","date_gmt":"2016-11-15T06:02:30","guid":{"rendered":"https:\/\/www.pandaexo.com\/contact\/"},"modified":"2026-03-18T20:24:41","modified_gmt":"2026-03-18T12:24:41","slug":"contact","status":"publish","type":"page","link":"https:\/\/www.pandaexo.com\/pl\/contact\/","title":{"rendered":"Skontaktuj si\u0119 z nami"},"content":{"rendered":"<p>Niezale\u017cnie od tego, czy potrzebujesz komponent\u00f3w p\u00f3\u0142przewodnikowych na du\u017c\u0105 skal\u0119, czy kompleksowego wdro\u017cenia infrastruktury do \u0142adowania pojazd\u00f3w elektrycznych, nasz zesp\u00f3\u0142 techniczny jest got\u00f3w pom\u00f3c.<\/p>\n","protected":false},"excerpt":{"rendered":"<p>Niezale\u017cnie od tego, czy potrzebujesz komponent\u00f3w p\u00f3\u0142przewodnikowych na du\u017c\u0105 skal\u0119, czy kompleksowego wdro\u017cenia infrastruktury do \u0142adowania pojazd\u00f3w elektrycznych, nasz zesp\u00f3\u0142 techniczny jest got\u00f3w pom\u00f3c.<\/p>\n","protected":false},"author":1,"featured_media":0,"parent":0,"menu_order":0,"comment_status":"closed","ping_status":"closed","template":"","meta":{"footnotes":""},"class_list":["post-1434","page","type-page","status-publish","hentry","prodpage-classic"],"aioseo_notices":[],"_links":{"self":[{"href":"https:\/\/www.pandaexo.com\/pl\/wp-json\/wp\/v2\/pages\/1434","targetHints":{"allow":["GET"]}}],"collection":[{"href":"https:\/\/www.pandaexo.com\/pl\/wp-json\/wp\/v2\/pages"}],"about":[{"href":"https:\/\/www.pandaexo.com\/pl\/wp-json\/wp\/v2\/types\/page"}],"author":[{"embeddable":true,"href":"https:\/\/www.pandaexo.com\/pl\/wp-json\/wp\/v2\/users\/1"}],"replies":[{"embeddable":true,"href":"https:\/\/www.pandaexo.com\/pl\/wp-json\/wp\/v2\/comments?post=1434"}],"version-history":[{"count":0,"href":"https:\/\/www.pandaexo.com\/pl\/wp-json\/wp\/v2\/pages\/1434\/revisions"}],"wp:attachment":[{"href":"https:\/\/www.pandaexo.com\/pl\/wp-json\/wp\/v2\/media?parent=1434"}],"curies":[{"name":"wp","href":"https:\/\/api.w.org\/{rel}","templated":true}]}}