{"id":1014,"date":"2026-03-10T05:28:44","date_gmt":"2026-03-09T21:28:44","guid":{"rendered":"https:\/\/www.pandaexo.com\/shop\/60kw-dc-ev-charger-ground-mounted\/"},"modified":"2026-03-18T19:38:21","modified_gmt":"2026-03-18T11:38:21","slug":"60kw-dc-ev-charger-ground-mounted","status":"publish","type":"product","link":"https:\/\/www.pandaexo.com\/pl\/shop\/60kw-dc-ev-charger-ground-mounted\/","title":{"rendered":"60kW \u0141adowarka pr\u0105du sta\u0142ego do pojazd\u00f3w elektrycznych (przytwierdzona do pod\u0142o\u017ca)"},"content":{"rendered":"<h3>Konwencja Nazewnictwa Modeli Produkt\u00f3w<\/h3>\n<p><img loading=\"lazy\" decoding=\"async\" src=\"https:\/\/www.pandaexo.com\/wp-content\/uploads\/2026\/03\/Product-Model-Naming-Convention.webp\" alt=\"Konwencja Nazewnictwa Modeli Produkt\u00f3w\" width=\"771\" height=\"369\" \/><\/p>\n<h3>Dob\u00f3r Kabla Zasilaj\u0105cego<\/h3>\n<table class=\"table table-striped table-bordered\">\n<tbody>\n<tr>\n<td>Ca\u0142kowita Moc Wyj\u015bciowa Znamionowa<\/td>\n<td>Napi\u0119cie Znamionowe Wej\u015bciowe<\/td>\n<td>Pr\u0105d Znamionowy Wej\u015bciowy<\/td>\n<td>Rekomendowany Kabel Zasilaj\u0105cy<\/td>\n<\/tr>\n<tr>\n<td height=\"50\">3.5KW<\/td>\n<td height=\"50\">AC220V<\/td>\n<td height=\"50\">16A<\/td>\n<td height=\"50\">ZR-YJV-3*6<\/td>\n<\/tr>\n<tr>\n<td height=\"50\">7KW<\/td>\n<td height=\"50\">AC220V<\/td>\n<td height=\"50\">32A<\/td>\n<td height=\"50\">ZR-YJV-3*10<\/td>\n<\/tr>\n<tr>\n<td height=\"50\">14KW<\/td>\n<td height=\"50\">AC220V<\/td>\n<td height=\"50\">64A<\/td>\n<td height=\"50\">ZR-YJV-3*16<\/td>\n<\/tr>\n<tr>\n<td height=\"50\">30KW<\/td>\n<td height=\"50\">AC380V<\/td>\n<td height=\"50\">45A<\/td>\n<td height=\"50\">ZR-YJV-4*25+1*16<\/td>\n<\/tr>\n<tr>\n<td height=\"50\">60KW<\/td>\n<td height=\"50\">AC380V<\/td>\n<td height=\"50\">91A<\/td>\n<td height=\"50\">ZR-YJV-4*35+1*16<\/td>\n<\/tr>\n<tr>\n<td height=\"50\">90KW<\/td>\n<td height=\"50\">AC380V<\/td>\n<td height=\"50\">136A<\/td>\n<td height=\"50\">ZR-YJV-4*70+1*35<\/td>\n<\/tr>\n<tr>\n<td height=\"50\">120KW<\/td>\n<td height=\"50\">AC380V<\/td>\n<td height=\"50\">182A<\/td>\n<td height=\"50\">ZR-YJV-4*95+1*50<\/td>\n<\/tr>\n<tr>\n<td height=\"50\">160KW<\/td>\n<td height=\"50\">AC380V<\/td>\n<td height=\"50\">243A<\/td>\n<td height=\"50\">ZR-YJV-4*120+1*70<\/td>\n<\/tr>\n<tr>\n<td height=\"50\">240KW<\/td>\n<td height=\"50\">AC380V<\/td>\n<td height=\"50\">365A<\/td>\n<td height=\"50\">ZR-YJV-4*185+1*95<\/td>\n<\/tr>\n<\/tbody>\n<\/table>\n<h3>Informacje o Gwarancji Zagranicznej<\/h3>\n<p>W przypadku punkt\u00f3w \u0142adowania poza Chinami, zapewniamy 1% cz\u0119\u015bci zamiennych wra\u017cliwych na zu\u017cycie oraz 24-godzinn\u0105 us\u0142ug\u0119 zdalnego wsparcia.<\/p>\n<h3>System Zarz\u0105dzania Backendowego<\/h3>\n<ul>\n<li><strong>Zarz\u0105dzanie Hierarchiczne<\/strong><br \/>\nWdro\u017cenie tr\u00f3jpoziomowego systemu zarz\u0105dzania obejmuj\u0105cego poziom operatora, poziom stacji \u0142adowania i poziom terminala \u0142adowarki. Integruje to r\u00f3\u017cnych operator\u00f3w w jedn\u0105 du\u017c\u0105 platform\u0119, umo\u017cliwiaj\u0105c udost\u0119pnianie \u0142adowarek i danych operacyjnych.<\/li>\n<li><strong>Monitorowanie Zdalne<\/strong><br \/>\nUmo\u017cliwia zdalne monitorowanie stanu ka\u017cdej \u0142adowarki, zbieranie danych operacyjnych oraz generowanie r\u00f3\u017cnych rodzaj\u00f3w raport\u00f3w produkcyjnych w celu uproszczenia zarz\u0105dzania operacyjnego.<\/li>\n<li><strong>Zarz\u0105dzanie U\u017cytkownikami<\/strong><br \/>\nBezproblemowe po\u0142\u0105czenie g\u0142\u00f3wnych kart \u0142adowania z kontami WeChat. Karty \u0142adowania mog\u0105 by\u0107 u\u017cywane jednocze\u015bnie online i offline, co sprawia, \u017ce \u0142adowanie jest wygodniejsze.<\/li>\n<\/ul>\n<h3>Zdj\u0119cia z miejsca monta\u017cu stacji \u0142adowania pojazd\u00f3w elektrycznych<\/h3>\n<p><img loading=\"lazy\" decoding=\"async\" class=\"alignnone size-full wp-image-618\" src=\"https:\/\/www.pandaexo.com\/wp-content\/uploads\/2026\/03\/On-site-photos-of-the-installed-EV-charging-stations-1.webp\" alt=\"Zdj\u0119cia z miejsca monta\u017cu stacji \u0142adowania pojazd\u00f3w elektrycznych (1)\" width=\"1808\" height=\"1108\" srcset=\"https:\/\/www.pandaexo.com\/wp-content\/uploads\/2026\/03\/On-site-photos-of-the-installed-EV-charging-stations-1.webp 1808w, https:\/\/www.pandaexo.com\/wp-content\/uploads\/2026\/03\/On-site-photos-of-the-installed-EV-charging-stations-1-768x471.webp 768w, https:\/\/www.pandaexo.com\/wp-content\/uploads\/2026\/03\/On-site-photos-of-the-installed-EV-charging-stations-1-1536x941.webp 1536w, https:\/\/www.pandaexo.com\/wp-content\/uploads\/2026\/03\/On-site-photos-of-the-installed-EV-charging-stations-1-280x172.webp 280w, https:\/\/www.pandaexo.com\/wp-content\/uploads\/2026\/03\/On-site-photos-of-the-installed-EV-charging-stations-1-1170x717.webp 1170w, https:\/\/www.pandaexo.com\/wp-content\/uploads\/2026\/03\/On-site-photos-of-the-installed-EV-charging-stations-1-1500x919.webp 1500w\" sizes=\"auto, (max-width: 1808px) 100vw, 1808px\" \/> <img loading=\"lazy\" decoding=\"async\" class=\"alignnone size-full wp-image-619\" src=\"https:\/\/www.pandaexo.com\/wp-content\/uploads\/2026\/03\/On-site-photos-of-the-installed-EV-charging-stations-2.webp\" alt=\"Zdj\u0119cia z miejsca monta\u017cu stacji \u0142adowania pojazd\u00f3w elektrycznych (2)\" width=\"1792\" height=\"1101\" srcset=\"https:\/\/www.pandaexo.com\/wp-content\/uploads\/2026\/03\/On-site-photos-of-the-installed-EV-charging-stations-2.webp 1792w, https:\/\/www.pandaexo.com\/wp-content\/uploads\/2026\/03\/On-site-photos-of-the-installed-EV-charging-stations-2-768x472.webp 768w, https:\/\/www.pandaexo.com\/wp-content\/uploads\/2026\/03\/On-site-photos-of-the-installed-EV-charging-stations-2-1536x944.webp 1536w, https:\/\/www.pandaexo.com\/wp-content\/uploads\/2026\/03\/On-site-photos-of-the-installed-EV-charging-stations-2-280x172.webp 280w, https:\/\/www.pandaexo.com\/wp-content\/uploads\/2026\/03\/On-site-photos-of-the-installed-EV-charging-stations-2-1170x719.webp 1170w, https:\/\/www.pandaexo.com\/wp-content\/uploads\/2026\/03\/On-site-photos-of-the-installed-EV-charging-stations-2-1500x922.webp 1500w\" sizes=\"auto, (max-width: 1792px) 100vw, 1792px\" \/><\/p>\n","protected":false},"excerpt":{"rendered":"<table class=\"table table-striped table-bordered\">\n<tbody>\n<tr>\n<td>Model Produktu<\/td>\n<td>INTEK-DC-60KW<\/td>\n<\/tr>\n<tr>\n<td>Zakres Napi\u0119cia Wej\u015bciowego<\/td>\n<td>380Vac\u00b120%<\/td>\n<\/tr>\n<tr>\n<td>Cz\u0119stotliwo\u015b\u0107<\/td>\n<td>50Hz\/60Hz<\/td>\n<\/tr>\n<tr>\n<td>Zakres Napi\u0119cia Wyj\u015bciowego<\/td>\n<td>200-1000Vdc<\/td>\n<\/tr>\n<tr>\n<td>Pr\u0105d Znamionowy<\/td>\n<td>60Adc<\/td>\n<\/tr>\n<tr>\n<td>Maksymalna Moc Wyj\u015bciowa<\/td>\n<td>60kW<\/td>\n<\/tr>\n<tr>\n<td>Z\u0142\u0105cze \u0141adowania<\/td>\n<td>Podw\u00f3jne z\u0142\u0105cza<\/td>\n<\/tr>\n<tr>\n<td>Aktywacja (Opcje Konfiguracyjne)<\/td>\n<td>Termina\u0142 P\u0142atniczy POS\/Skanowanie Kod\u00f3w QR\/RFID z OCPP<\/td>\n<\/tr>\n<tr>\n<td>\u0141\u0105czno\u015b\u0107<\/td>\n<td>Standardowy interfejs RJ45\/4G<\/td>\n<\/tr>\n<tr>\n<td>Interfejs U\u017cytkownika<\/td>\n<td>7 Cali<\/td>\n<\/tr>\n<tr>\n<td>Ha\u0142as<\/td>\n<td>&lt; 75dB<\/td>\n<\/tr>\n<tr>\n<td>Dok\u0142adno\u015b\u0107 Regulacji Pr\u0105du<\/td>\n<td>\u2264\u00b11%<\/td>\n<\/tr>\n<tr>\n<td>Dok\u0142adno\u015b\u0107 Regulacji Napi\u0119cia<\/td>\n<td>\u2264\u00b10.5%<\/td>\n<\/tr>\n<tr>\n<td>B\u0142\u0105d Pr\u0105du Wyj\u015bciowego<\/td>\n<td>\u2264\u00b11%<\/td>\n<\/tr>\n<tr>\n<td>B\u0142\u0105d Napi\u0119cia Wyj\u015bciowego<\/td>\n<td>\u2264\u00b10.5%<\/td>\n<\/tr>\n<tr>\n<td>Wytrzyma\u0142o\u015b\u0107 Dielektryczna<\/td>\n<td>\u22652000V<\/td>\n<\/tr>\n<tr>\n<td>Klasa Szczelno\u015bci Obudowy (IP)<\/td>\n<td>IP54<\/td>\n<\/tr>\n<tr>\n<td>Zakres Temperatury Pracy<\/td>\n<td>-20~50\u00b0C<\/td>\n<\/tr>\n<tr>\n<td>Zakres Temperatury Przechowywania<\/td>\n<td>-20~70\u00b0C<\/td>\n<\/tr>\n<tr>\n<td>Typ Z\u0142\u0105cza<\/td>\n<td>GB\/T20234.2-2015 Typ C CCS1\/CCS2<\/td>\n<\/tr>\n<tr>\n<td>Metoda Pomiaru<\/td>\n<td>Licznik Energii<\/td>\n<\/tr>\n<tr>\n<td>Niezawodno\u015b\u0107<\/td>\n<td>50000h<\/td>\n<\/tr>\n<tr>\n<td>System Zabezpiecze\u0144<\/td>\n<td>Zabezpieczenie przed Przepi\u0119ciem\/Niedopnapi\u0119ciem, Zwarcie, Przeci\u0105\u017cenie, Up\u0142yw, Ochrona Przepi\u0119ciowa<\/td>\n<\/tr>\n<tr>\n<td>Monta\u017c<\/td>\n<td>Monta\u017c Naziemny<\/td>\n<\/tr>\n<tr>\n<td>Materia\u0142 Obudowy<\/td>\n<td>Blacha<\/td>\n<\/tr>\n<tr>\n<td>D\u0142ugo\u015b\u0107 Kabla \u0141adowania<\/td>\n<td>5m (Mo\u017cliwo\u015b\u0107 Dostosowania)<\/td>\n<\/tr>\n<\/tbody>\n<\/table>\n","protected":false},"featured_media":603,"comment_status":"closed","ping_status":"closed","template":"","meta":[],"product_brand":[],"product_cat":[698],"product_tag":[782],"class_list":{"0":"post-1014","1":"product","2":"type-product","3":"status-publish","4":"has-post-thumbnail","6":"product_cat-charger-pl","7":"product_tag-dc-charging-pl","9":"first","10":"instock","11":"shipping-taxable","12":"product-type-simple","13":"prodpage-classic"},"aioseo_notices":[],"_links":{"self":[{"href":"https:\/\/www.pandaexo.com\/pl\/wp-json\/wp\/v2\/product\/1014","targetHints":{"allow":["GET"]}}],"collection":[{"href":"https:\/\/www.pandaexo.com\/pl\/wp-json\/wp\/v2\/product"}],"about":[{"href":"https:\/\/www.pandaexo.com\/pl\/wp-json\/wp\/v2\/types\/product"}],"replies":[{"embeddable":true,"href":"https:\/\/www.pandaexo.com\/pl\/wp-json\/wp\/v2\/comments?post=1014"}],"wp:featuredmedia":[{"embeddable":true,"href":"https:\/\/www.pandaexo.com\/pl\/wp-json\/wp\/v2\/media\/603"}],"wp:attachment":[{"href":"https:\/\/www.pandaexo.com\/pl\/wp-json\/wp\/v2\/media?parent=1014"}],"wp:term":[{"taxonomy":"product_brand","embeddable":true,"href":"https:\/\/www.pandaexo.com\/pl\/wp-json\/wp\/v2\/product_brand?post=1014"},{"taxonomy":"product_cat","embeddable":true,"href":"https:\/\/www.pandaexo.com\/pl\/wp-json\/wp\/v2\/product_cat?post=1014"},{"taxonomy":"product_tag","embeddable":true,"href":"https:\/\/www.pandaexo.com\/pl\/wp-json\/wp\/v2\/product_tag?post=1014"}],"curies":[{"name":"wp","href":"https:\/\/api.w.org\/{rel}","templated":true}]}}