{"id":1174,"date":"2026-03-08T20:02:58","date_gmt":"2026-03-08T12:02:58","guid":{"rendered":"https:\/\/www.pandaexo.com\/shop\/3-5kw-7kw-ac-ev-charger-wall-mounted-plastic\/"},"modified":"2026-03-19T21:14:19","modified_gmt":"2026-03-19T13:14:19","slug":"3-5kw-7kw-ac-ev-charger-wall-mounted-plastic","status":"publish","type":"product","link":"https:\/\/www.pandaexo.com\/pl\/shop\/3-5kw-7kw-ac-ev-charger-wall-mounted-plastic\/","title":{"rendered":"\u0141adowarka AC EV 3,5 kW\/7 kW (\u015bcienny, plastikowy)"},"content":{"rendered":"<h3>Konwencja Nazewnictwa Modeli Produkt\u00f3w<\/h3>\n<p><img loading=\"lazy\" decoding=\"async\" src=\"https:\/\/www.pandaexo.com\/wp-content\/uploads\/2026\/03\/Product-Model-Naming-Convention.webp\" alt=\"Product Model Naming Convention\" width=\"771\" height=\"369\" \/><\/p>\n<h3>Dob\u00f3r Kabla Zasilaj\u0105cego<\/h3>\n<table class=\"table table-striped table-bordered\">\n<tbody>\n<tr>\n<td>Ca\u0142kowita Znamionowa Moc Wyj\u015bciowa<\/td>\n<td>Znamionowe Napi\u0119cie Wej\u015bciowe<\/td>\n<td>Znamionowy Pr\u0105d Wej\u015bciowy<\/td>\n<td>Zalecany Kabel Zasilaj\u0105cy<\/td>\n<\/tr>\n<tr>\n<td height=\"50\">3.5KW<\/td>\n<td height=\"50\">AC220V<\/td>\n<td height=\"50\">16A<\/td>\n<td height=\"50\">ZR-YJV-3*6<\/td>\n<\/tr>\n<tr>\n<td height=\"50\">7KW<\/td>\n<td height=\"50\">AC220V<\/td>\n<td height=\"50\">32A<\/td>\n<td height=\"50\">ZR-YJV-3*10<\/td>\n<\/tr>\n<tr>\n<td height=\"50\">14KW<\/td>\n<td height=\"50\">AC220V<\/td>\n<td height=\"50\">64A<\/td>\n<td height=\"50\">ZR-YJV-3*16<\/td>\n<\/tr>\n<tr>\n<td height=\"50\">30KW<\/td>\n<td height=\"50\">AC380V<\/td>\n<td height=\"50\">45A<\/td>\n<td height=\"50\">ZR-YJV-4*25+1*16<\/td>\n<\/tr>\n<tr>\n<td height=\"50\">60KW<\/td>\n<td height=\"50\">AC380V<\/td>\n<td height=\"50\">91A<\/td>\n<td height=\"50\">ZR-YJV-4*35+1*16<\/td>\n<\/tr>\n<tr>\n<td height=\"50\">90KW<\/td>\n<td height=\"50\">AC380V<\/td>\n<td height=\"50\">136A<\/td>\n<td height=\"50\">ZR-YJV-4*70+1*35<\/td>\n<\/tr>\n<tr>\n<td height=\"50\">120KW<\/td>\n<td height=\"50\">AC380V<\/td>\n<td height=\"50\">182A<\/td>\n<td height=\"50\">ZR-YJV-4*95+1*50<\/td>\n<\/tr>\n<tr>\n<td height=\"50\">160KW<\/td>\n<td height=\"50\">AC380V<\/td>\n<td height=\"50\">243A<\/td>\n<td height=\"50\">ZR-YJV-4*120+1*70<\/td>\n<\/tr>\n<tr>\n<td height=\"50\">240KW<\/td>\n<td height=\"50\">AC380V<\/td>\n<td height=\"50\">365A<\/td>\n<td height=\"50\">ZR-YJV-4*185+1*95<\/td>\n<\/tr>\n<\/tbody>\n<\/table>\n<h3>Informacje o Gwarancji Zagranicznej<\/h3>\n<p>Dla stacji \u0142adowania poza Chinami zapewniamy 1% cz\u0119\u015bci zamiennych podatnych na awarie oraz 24-godzinn\u0105 us\u0142ug\u0119 zdalnego wsparcia.<\/p>\n<h3>System Zarz\u0105dzania Backend<\/h3>\n<ul>\n<li><strong>Zarz\u0105dzanie Hierarchiczne<\/strong><br \/>\nWdro\u017cenie tr\u00f3jpoziomowego systemu zarz\u0105dzania obejmuj\u0105cego poziom operatora, poziom stacji \u0142adowania i poziom terminala \u0142adowarki. Integruje to r\u00f3\u017cnych operator\u00f3w w jedn\u0105 du\u017c\u0105 platform\u0119, umo\u017cliwiaj\u0105c udost\u0119pnianie \u0142adowarek i danych operacyjnych.<\/li>\n<li><strong>Monitorowanie Zdalne<\/strong><br \/>\nUmo\u017cliwia zdalne monitorowanie stanu ka\u017cdej \u0142adowarki, zbieranie danych operacyjnych oraz generowanie r\u00f3\u017cnych rodzaj\u00f3w raport\u00f3w produkcyjnych w celu uproszczenia zarz\u0105dzania operacyjnego.<\/li>\n<li><strong>Zarz\u0105dzanie U\u017cytkownikami<\/strong><br \/>\nBezproblemowe po\u0142\u0105czenie g\u0142\u00f3wnych kart \u0142adowania z kontami WeChat. Karty \u0142adowania mog\u0105 by\u0107 u\u017cywane zar\u00f3wno online, jak i offline jednocze\u015bnie, co sprawia, \u017ce \u0142adowanie jest wygodniejsze.<\/li>\n<\/ul>\n<h3>Zdj\u0119cia z miejsca monta\u017cu stacji \u0142adowania pojazd\u00f3w elektrycznych<\/h3>\n<p><img loading=\"lazy\" decoding=\"async\" class=\"alignnone size-full wp-image-618\" src=\"https:\/\/www.pandaexo.com\/wp-content\/uploads\/2026\/03\/On-site-photos-of-the-installed-EV-charging-stations-1.webp\" alt=\"On-site photos of the installed EV charging stations (1)\" width=\"1808\" height=\"1108\" srcset=\"https:\/\/www.pandaexo.com\/wp-content\/uploads\/2026\/03\/On-site-photos-of-the-installed-EV-charging-stations-1.webp 1808w, https:\/\/www.pandaexo.com\/wp-content\/uploads\/2026\/03\/On-site-photos-of-the-installed-EV-charging-stations-1-768x471.webp 768w, https:\/\/www.pandaexo.com\/wp-content\/uploads\/2026\/03\/On-site-photos-of-the-installed-EV-charging-stations-1-1536x941.webp 1536w, https:\/\/www.pandaexo.com\/wp-content\/uploads\/2026\/03\/On-site-photos-of-the-installed-EV-charging-stations-1-280x172.webp 280w, https:\/\/www.pandaexo.com\/wp-content\/uploads\/2026\/03\/On-site-photos-of-the-installed-EV-charging-stations-1-1170x717.webp 1170w, https:\/\/www.pandaexo.com\/wp-content\/uploads\/2026\/03\/On-site-photos-of-the-installed-EV-charging-stations-1-1500x919.webp 1500w\" sizes=\"auto, (max-width: 1808px) 100vw, 1808px\" \/> <img loading=\"lazy\" decoding=\"async\" class=\"alignnone size-full wp-image-619\" src=\"https:\/\/www.pandaexo.com\/wp-content\/uploads\/2026\/03\/On-site-photos-of-the-installed-EV-charging-stations-2.webp\" alt=\"On-site photos of the installed EV charging stations (2)\" width=\"1792\" height=\"1101\" srcset=\"https:\/\/www.pandaexo.com\/wp-content\/uploads\/2026\/03\/On-site-photos-of-the-installed-EV-charging-stations-2.webp 1792w, https:\/\/www.pandaexo.com\/wp-content\/uploads\/2026\/03\/On-site-photos-of-the-installed-EV-charging-stations-2-768x472.webp 768w, https:\/\/www.pandaexo.com\/wp-content\/uploads\/2026\/03\/On-site-photos-of-the-installed-EV-charging-stations-2-1536x944.webp 1536w, https:\/\/www.pandaexo.com\/wp-content\/uploads\/2026\/03\/On-site-photos-of-the-installed-EV-charging-stations-2-280x172.webp 280w, https:\/\/www.pandaexo.com\/wp-content\/uploads\/2026\/03\/On-site-photos-of-the-installed-EV-charging-stations-2-1170x719.webp 1170w, https:\/\/www.pandaexo.com\/wp-content\/uploads\/2026\/03\/On-site-photos-of-the-installed-EV-charging-stations-2-1500x922.webp 1500w\" sizes=\"auto, (max-width: 1792px) 100vw, 1792px\" \/><\/p>\n","protected":false},"excerpt":{"rendered":"<table class=\"table table-striped table-bordered\">\n<tbody>\n<tr>\n<td>Model produktu<\/td>\n<td>INTEK-AC-3.5KW\/7KW<\/td>\n<\/tr>\n<tr>\n<td>Zakres napi\u0119cia wej\u015bciowego<\/td>\n<td>220Vac\u00b120%<\/td>\n<\/tr>\n<tr>\n<td>Cz\u0119stotliwo\u015b\u0107<\/td>\n<td>50Hz\/60Hz<\/td>\n<\/tr>\n<tr>\n<td>Zakres napi\u0119cia wyj\u015bciowego<\/td>\n<td>220Vac\u00b120%<\/td>\n<\/tr>\n<tr>\n<td>Pr\u0105d znamionowy<\/td>\n<td>16Aac\/32Aac<\/td>\n<\/tr>\n<tr>\n<td>Maksymalna moc wyj\u015bciowa<\/td>\n<td>3.5kW\/7kW<\/td>\n<\/tr>\n<tr>\n<td>Z\u0142\u0105cze \u0142adowania<\/td>\n<td>Pojedyncze z\u0142\u0105cze<\/td>\n<\/tr>\n<tr>\n<td>Aktywacja (Opcje konfiguracji)<\/td>\n<td>RFID\/Skanowanie kod\u00f3w QR<\/td>\n<\/tr>\n<tr>\n<td>\u0141\u0105czno\u015b\u0107<\/td>\n<td>Standardowy interfejs RJ45\/4G<\/td>\n<\/tr>\n<tr>\n<td>Interfejs u\u017cytkownika<\/td>\n<td>Ekran 4,3 cala\/Brak ekranu<\/td>\n<\/tr>\n<tr>\n<td>System zarz\u0105dzania<\/td>\n<td>Narz\u0119dzia zarz\u0105dzania offline \/ Platforma monitorowania operacyjnego<\/td>\n<\/tr>\n<tr>\n<td>Wytrzyma\u0142o\u015b\u0107 elektryczna<\/td>\n<td>\u22652000V<\/td>\n<\/tr>\n<tr>\n<td>Klasa ochrony obudowy (IP)<\/td>\n<td>IP54<\/td>\n<\/tr>\n<tr>\n<td>Zakres temperatury pracy<\/td>\n<td>-20~50\u00b0C<\/td>\n<\/tr>\n<tr>\n<td>Zakres temperatury przechowywania<\/td>\n<td>-20~70\u00b0C<\/td>\n<\/tr>\n<tr>\n<td>Typ z\u0142\u0105cza<\/td>\n<td>GB\/T20234.2-2015 Typ C<\/td>\n<\/tr>\n<tr>\n<td>Metoda pomiaru<\/td>\n<td>Zintegrowany licznik energii<\/td>\n<\/tr>\n<tr>\n<td>Niezawodno\u015b\u0107<\/td>\n<td>50000h<\/td>\n<\/tr>\n<tr>\n<td>System ochrony<\/td>\n<td>Ochrona przed przepi\u0119ciem\/niedopni\u0119ciem, zwarciem, przeci\u0105\u017ceniem, up\u0142ywem, przepi\u0119ciami<\/td>\n<\/tr>\n<tr>\n<td>Monta\u017c<\/td>\n<td>Na\u015bcienny<\/td>\n<\/tr>\n<tr>\n<td>Materia\u0142 obudowy<\/td>\n<td>Tworzywo sztuczne<\/td>\n<\/tr>\n<tr>\n<td>D\u0142ugo\u015b\u0107 kabla \u0142adowania<\/td>\n<td>3,5m (Mo\u017cliwo\u015b\u0107 personalizacji)<\/td>\n<\/tr>\n<\/tbody>\n<\/table>\n","protected":false},"featured_media":582,"comment_status":"closed","ping_status":"closed","template":"","meta":[],"product_brand":[],"product_cat":[698],"product_tag":[808],"class_list":{"0":"post-1174","1":"product","2":"type-product","3":"status-publish","4":"has-post-thumbnail","6":"product_cat-charger-pl","7":"product_tag-ac-charging-pl","9":"first","10":"instock","11":"shipping-taxable","12":"product-type-simple","13":"prodpage-classic"},"aioseo_notices":[],"_links":{"self":[{"href":"https:\/\/www.pandaexo.com\/pl\/wp-json\/wp\/v2\/product\/1174","targetHints":{"allow":["GET"]}}],"collection":[{"href":"https:\/\/www.pandaexo.com\/pl\/wp-json\/wp\/v2\/product"}],"about":[{"href":"https:\/\/www.pandaexo.com\/pl\/wp-json\/wp\/v2\/types\/product"}],"replies":[{"embeddable":true,"href":"https:\/\/www.pandaexo.com\/pl\/wp-json\/wp\/v2\/comments?post=1174"}],"wp:featuredmedia":[{"embeddable":true,"href":"https:\/\/www.pandaexo.com\/pl\/wp-json\/wp\/v2\/media\/582"}],"wp:attachment":[{"href":"https:\/\/www.pandaexo.com\/pl\/wp-json\/wp\/v2\/media?parent=1174"}],"wp:term":[{"taxonomy":"product_brand","embeddable":true,"href":"https:\/\/www.pandaexo.com\/pl\/wp-json\/wp\/v2\/product_brand?post=1174"},{"taxonomy":"product_cat","embeddable":true,"href":"https:\/\/www.pandaexo.com\/pl\/wp-json\/wp\/v2\/product_cat?post=1174"},{"taxonomy":"product_tag","embeddable":true,"href":"https:\/\/www.pandaexo.com\/pl\/wp-json\/wp\/v2\/product_tag?post=1174"}],"curies":[{"name":"wp","href":"https:\/\/api.w.org\/{rel}","templated":true}]}}