{"id":1375,"date":"2025-11-15T14:00:49","date_gmt":"2025-11-15T06:00:49","guid":{"rendered":"https:\/\/www.pandaexo.com\/about-us\/"},"modified":"2026-03-18T20:23:49","modified_gmt":"2026-03-18T12:23:49","slug":"about-us","status":"publish","type":"page","link":"https:\/\/www.pandaexo.com\/pt-br\/about-us\/","title":{"rendered":"Sobre N\u00f3s"},"content":{"rendered":"<p>Com mais de uma d\u00e9cada de expertise industrial e uma s\u00f3lida reputa\u00e7\u00e3o na fabrica\u00e7\u00e3o de retificadores de ponte de sil\u00edcio ultraconfi\u00e1veis, a PandaExo fez uma mudan\u00e7a estrat\u00e9gica em 2019 para o epicentro da ind\u00fastria chinesa de Ve\u00edculos de Nova Energia (NEV) &#8211; Hefei. Hoje, operando a partir de uma instala\u00e7\u00e3o de manufatura de \u00faltima gera\u00e7\u00e3o com 28.000 metros quadrados, nossa equipe de 150 profissionais\u201430% dos quais dedicados inteiramente a P&amp;D\u2014impulsiona nossa miss\u00e3o. Evolu\u00edmos com sucesso de um fabricante especializado em componentes para um provedor global l\u00edder em infraestrutura de carregamento de VE de alto desempenho e solu\u00e7\u00f5es completas de energia.<\/p>\n<h3>Presen\u00e7a Global Estrat\u00e9gica<\/h3>\n<p>Para atender \u00e0 crescente demanda global por energia verde, estabelecemos hubs regionais especializados para melhor servir nossos parceiros internacionais:<\/p>\n<ul>\n<li><strong>Filial Estrat\u00e9gica de Sichuan (Est. 2023):<\/strong> Com sede no Distrito de Wuhou, Chengdu, este hub atua como nosso principal motor para expans\u00e3o de mercado na \u00c1sia Central, \u00c1frica e Europa, fornecendo solu\u00e7\u00f5es de energia altamente personalizadas para regi\u00f5es de r\u00e1pido crescimento.<\/li>\n<li><strong>Filial Internacional de Dubai (Est. 2024):<\/strong> Atuando como um centro vital t\u00e9cnico e comercial, esta filial apoia nossos parceiros estrat\u00e9gicos em toda a Am\u00e9rica do Norte, Oriente M\u00e9dio e Sudeste Asi\u00e1tico.<\/li>\n<li><strong>Escala e Confiabilidade Comprovadas:<\/strong> Demonstrando nossas capacidades log\u00edsticas e de engenharia, fabricamos e entregamos com sucesso mais de 300 esta\u00e7\u00f5es de carregamento para a rede el\u00e9trica nacional em um curto prazo de dois meses.<\/li>\n<\/ul>\n<p><iframe loading=\"lazy\" title=\"Inside PandaExo&#039;s EV Charger Factory #evcharging\" width=\"500\" height=\"281\" src=\"https:\/\/www.youtube.com\/embed\/9bS9AHcoSIg?feature=oembed\" frameborder=\"0\" allow=\"accelerometer; autoplay; clipboard-write; encrypted-media; gyroscope; picture-in-picture; web-share\" referrerpolicy=\"strict-origin-when-cross-origin\" allowfullscreen><\/iframe><\/p>\n<h3>Inova\u00e7\u00e3o e P&amp;D<\/h3>\n<p>Acreditamos que a inova\u00e7\u00e3o independente \u00e9 a pedra angular de um futuro sustent\u00e1vel. Atrav\u00e9s de uma parceria estrat\u00e9gica de longo prazo com o Instituto de Energia de uma renomada Universidade Nacional de Tecnologia, estamos continuamente aperfei\u00e7oando o ecossistema de carregamento de VE:<\/p>\n<ul>\n<li><strong>Plataformas de Energia Inteligente:<\/strong> Integramos hardware robusto com software baseado em nuvem para permitir um gerenciamento de energia e carregamento cont\u00ednuo e em tempo real.<\/li>\n<li><strong>Tecnologia de Ponta:<\/strong> Estamos pioneirando sistemas de energia de circuito fechado\u2014explorando metodologias de &#8220;Com Fio vs. Sem Fio&#8221; e &#8220;Carregamento vs. Troca de Bateria&#8221; para maximizar a efici\u00eancia operacional.<\/li>\n<li><strong>Propriedade Intelectual:<\/strong> Nossa vantagem tecnol\u00f3gica \u00e9 protegida por dezenas de patentes de modelo de utilidade e direitos autorais de software, garantindo que nossos clientes se beneficiem de inova\u00e7\u00f5es propriet\u00e1rias de classe mundial.<\/li>\n<\/ul>\n<h3>A Evolu\u00e7\u00e3o Verde<\/h3>\n<p>Os ve\u00edculos el\u00e9tricos s\u00e3o o futuro ineg\u00e1vel da mobilidade global. Como uma for\u00e7a motriz na moderna &#8220;Nova Infraestrutura&#8221;, a PandaExo fornece os sistemas cr\u00edticos de carregamento inteligente CA e carregamento r\u00e1pido CC necess\u00e1rios para acelerar a transi\u00e7\u00e3o para longe dos combust\u00edveis f\u00f3sseis.<\/p>\n<p>Atrav\u00e9s de nossos modelos de colabora\u00e7\u00e3o altamente flex\u00edveis EPCO, OEM e ODM, entregamos solu\u00e7\u00f5es profissionais e orientadas a servi\u00e7os, adaptadas para diversos locais e aplica\u00e7\u00f5es em todo o mundo. Fazemos mais do que fornecer equipamentos; capacitamos a transi\u00e7\u00e3o para um planeta mais limpo e eletrificado.<\/p>\n<h3>Por Que Escolher a PandaExo?<\/h3>\n<ul>\n<li><strong>Ecossistema de Carregamento Integrado:<\/strong> Indo al\u00e9m do hardware, fazemos parceria com institutos de pesquisa de energia de primeira linha para desenvolver software inteligente coeso e plataformas em nuvem para balanceamento de carga em tempo real e gerenciamento de energia.<\/li>\n<li><strong>Escala e Precis\u00e3o Direto da F\u00e1brica:<\/strong> Enraizados em nossa heran\u00e7a de semicondutores de pot\u00eancia, nossa instala\u00e7\u00e3o de manufatura avan\u00e7ada de 28.000 metros quadrados garante que cada carregador ofere\u00e7a confiabilidade de n\u00edvel industrial.<\/li>\n<li><strong>Desempenho Comprovado em Escala de Rede:<\/strong> Confi\u00e1vel pelas redes el\u00e9tricas nacionais, nossas capacidades de implanta\u00e7\u00e3o r\u00e1pida foram comprovadas pela entrega de mais de 300 esta\u00e7\u00f5es de carregamento ativas em apenas 60 dias.<\/li>\n<li><strong>Solu\u00e7\u00f5es Globais Adaptativas:<\/strong> Atrav\u00e9s de nossos modelos abrangentes EPCO, OEM e ODM\u2014respaldados por hubs internacionais dedicados\u2014personalizamos a infraestrutura de carregamento para demandas espec\u00edficas do mercado regional.<\/li>\n<li><strong>Seguran\u00e7a e Durabilidade Certificadas:<\/strong> Projetados para ambientes extremos, nossos equipamentos possuem classifica\u00e7\u00f5es de prote\u00e7\u00e3o externa <strong>IP54\/IP67<\/strong> e utilizam materiais retardantes de chama <strong>UL 94V-0<\/strong> para m\u00e1xima seguran\u00e7a.<\/li>\n<\/ul>\n<h3>Nossas Solu\u00e7\u00f5es Principais<\/h3>\n<table class=\"table table-striped table-bordered\">\n<thead>\n<tr>\n<th>Solu\u00e7\u00e3o<\/th>\n<th>Descri\u00e7\u00e3o<\/th>\n<th>Melhor Para<\/th>\n<\/tr>\n<\/thead>\n<tbody>\n<tr>\n<td><a href=\"https:\/\/www.pandaexo.com\/product-tag\/dc-charging\/\"><strong>Carregamento R\u00e1pido CC<\/strong><\/a><\/td>\n<td>Esta\u00e7\u00f5es de alta pot\u00eancia projetadas para entrega r\u00e1pida de energia e uso pesado.<\/td>\n<td>Centros comerciais, postos de servi\u00e7o em rodovias<\/td>\n<\/tr>\n<tr>\n<td><a href=\"https:\/\/www.pandaexo.com\/product-tag\/ac-charging\/\"><strong>Carregamento Inteligente CA<\/strong><\/a><\/td>\n<td>Pontos de carregamento confi\u00e1veis, altamente eficientes e com design est\u00e9tico, com conectividade inteligente.<\/td>\n<td>Condom\u00ednios residenciais, estacionamentos de escrit\u00f3rios<\/td>\n<\/tr>\n<tr>\n<td><strong>Plataformas de Software<\/strong><\/td>\n<td>Sistemas de gerenciamento baseados em nuvem para monitoramento remoto, cobran\u00e7a integrada e balanceamento inteligente de carga.<\/td>\n<td>Operadores de frotas, provedores de servi\u00e7os p\u00fablicos<\/td>\n<\/tr>\n<tr>\n<td><strong>OEM\/ODM Personalizado<\/strong><\/td>\n<td>Servi\u00e7os de manufatura e design completos, adaptados aos requisitos t\u00e9cnicos espec\u00edficos da sua marca.<\/td>\n<td>Marcas globais de energia e parceiros de infraestrutura<\/td>\n<\/tr>\n<\/tbody>\n<\/table>\n<p><strong>Pronto para Alimentar o Futuro?<\/strong><br \/>\nSeja voc\u00ea implantando uma extensa rede p\u00fablica de carregamento ou atualizando uma frota comercial privada, a PandaExo fornece o hardware robusto e o software inteligente para tornar isso realidade.<\/p>\n<p><img loading=\"lazy\" decoding=\"async\" src=\"https:\/\/www.pandaexo.com\/wp-content\/uploads\/2026\/03\/On-site-photos-of-the-installed-EV-charging-stations-2.webp\" alt=\"Fotos no local das esta\u00e7\u00f5es de carregamento para ve\u00edculos el\u00e9tricos instaladas (2)\" width=\"1792\" height=\"1101\" \/> <img loading=\"lazy\" decoding=\"async\" src=\"https:\/\/www.pandaexo.com\/wp-content\/uploads\/2026\/03\/On-site-photos-of-the-installed-EV-charging-stations-1.webp\" alt=\"Fotos no local das esta\u00e7\u00f5es de carregamento para ve\u00edculos el\u00e9tricos instaladas (1)\" width=\"1808\" height=\"1108\" \/><\/p>\n","protected":false},"excerpt":{"rendered":"<p>Com mais de uma d\u00e9cada de expertise industrial e uma s\u00f3lida reputa\u00e7\u00e3o na fabrica\u00e7\u00e3o de retificadores de ponte de sil\u00edcio ultraconfi\u00e1veis, a PandaExo fez uma mudan\u00e7a estrat\u00e9gica em 2019 para o epicentro da ind\u00fastria chinesa de Ve\u00edculos de Nova Energia (NEV) &#8211; Hefei. Hoje, operando a partir de uma instala\u00e7\u00e3o de manufatura de \u00faltima gera\u00e7\u00e3o<\/p>\n","protected":false},"author":1,"featured_media":0,"parent":0,"menu_order":0,"comment_status":"closed","ping_status":"closed","template":"","meta":{"footnotes":""},"class_list":["post-1375","page","type-page","status-publish","hentry","prodpage-classic"],"aioseo_notices":[],"_links":{"self":[{"href":"https:\/\/www.pandaexo.com\/pt-br\/wp-json\/wp\/v2\/pages\/1375","targetHints":{"allow":["GET"]}}],"collection":[{"href":"https:\/\/www.pandaexo.com\/pt-br\/wp-json\/wp\/v2\/pages"}],"about":[{"href":"https:\/\/www.pandaexo.com\/pt-br\/wp-json\/wp\/v2\/types\/page"}],"author":[{"embeddable":true,"href":"https:\/\/www.pandaexo.com\/pt-br\/wp-json\/wp\/v2\/users\/1"}],"replies":[{"embeddable":true,"href":"https:\/\/www.pandaexo.com\/pt-br\/wp-json\/wp\/v2\/comments?post=1375"}],"version-history":[{"count":0,"href":"https:\/\/www.pandaexo.com\/pt-br\/wp-json\/wp\/v2\/pages\/1375\/revisions"}],"wp:attachment":[{"href":"https:\/\/www.pandaexo.com\/pt-br\/wp-json\/wp\/v2\/media?parent=1375"}],"curies":[{"name":"wp","href":"https:\/\/api.w.org\/{rel}","templated":true}]}}