{"id":1435,"date":"2016-11-15T14:02:30","date_gmt":"2016-11-15T06:02:30","guid":{"rendered":"https:\/\/www.pandaexo.com\/contact\/"},"modified":"2026-03-18T20:24:40","modified_gmt":"2026-03-18T12:24:40","slug":"contact","status":"publish","type":"page","link":"https:\/\/www.pandaexo.com\/pt-br\/contact\/","title":{"rendered":"Entre em Contato Conosco"},"content":{"rendered":"<p>Se voc\u00ea est\u00e1 procurando componentes de semicondutores de alto volume ou uma implementa\u00e7\u00e3o completa de infraestrutura de carregamento para ve\u00edculos el\u00e9tricos, nossa equipe t\u00e9cnica est\u00e1 pronta para ajudar.<\/p>\n","protected":false},"excerpt":{"rendered":"<p>Se voc\u00ea est\u00e1 procurando componentes de semicondutores de alto volume ou uma implementa\u00e7\u00e3o completa de infraestrutura de carregamento para ve\u00edculos el\u00e9tricos, nossa equipe t\u00e9cnica est\u00e1 pronta para ajudar.<\/p>\n","protected":false},"author":1,"featured_media":0,"parent":0,"menu_order":0,"comment_status":"closed","ping_status":"closed","template":"","meta":{"footnotes":""},"class_list":["post-1435","page","type-page","status-publish","hentry","prodpage-classic"],"aioseo_notices":[],"_links":{"self":[{"href":"https:\/\/www.pandaexo.com\/pt-br\/wp-json\/wp\/v2\/pages\/1435","targetHints":{"allow":["GET"]}}],"collection":[{"href":"https:\/\/www.pandaexo.com\/pt-br\/wp-json\/wp\/v2\/pages"}],"about":[{"href":"https:\/\/www.pandaexo.com\/pt-br\/wp-json\/wp\/v2\/types\/page"}],"author":[{"embeddable":true,"href":"https:\/\/www.pandaexo.com\/pt-br\/wp-json\/wp\/v2\/users\/1"}],"replies":[{"embeddable":true,"href":"https:\/\/www.pandaexo.com\/pt-br\/wp-json\/wp\/v2\/comments?post=1435"}],"version-history":[{"count":0,"href":"https:\/\/www.pandaexo.com\/pt-br\/wp-json\/wp\/v2\/pages\/1435\/revisions"}],"wp:attachment":[{"href":"https:\/\/www.pandaexo.com\/pt-br\/wp-json\/wp\/v2\/media?parent=1435"}],"curies":[{"name":"wp","href":"https:\/\/api.w.org\/{rel}","templated":true}]}}