{"id":1175,"date":"2026-03-08T20:02:58","date_gmt":"2026-03-08T12:02:58","guid":{"rendered":"https:\/\/www.pandaexo.com\/shop\/3-5kw-7kw-ac-ev-charger-wall-mounted-plastic\/"},"modified":"2026-03-18T19:35:06","modified_gmt":"2026-03-18T11:35:06","slug":"3-5kw-7kw-ac-ev-charger-wall-mounted-plastic","status":"publish","type":"product","link":"https:\/\/www.pandaexo.com\/pt-br\/shop\/3-5kw-7kw-ac-ev-charger-wall-mounted-plastic\/","title":{"rendered":"Carregador CA para VE de 3,5kW\/7kW (montado na parede, pl\u00e1stico)"},"content":{"rendered":"<h3>Conven\u00e7\u00e3o de Nomenclatura do Modelo do Produto<\/h3>\n<p><img loading=\"lazy\" decoding=\"async\" src=\"https:\/\/www.pandaexo.com\/wp-content\/uploads\/2026\/03\/Product-Model-Naming-Convention.webp\" alt=\"Conven\u00e7\u00e3o de Nomenclatura do Modelo do Produto\" width=\"771\" height=\"369\" \/><\/p>\n<h3>Sele\u00e7\u00e3o do Cabo de Energia<\/h3>\n<table class=\"table table-striped table-bordered\">\n<tbody>\n<tr>\n<td>Pot\u00eancia de Sa\u00edda Nominal Total<\/td>\n<td>Tens\u00e3o de Entrada Nominal<\/td>\n<td>Corrente de Entrada Nominal<\/td>\n<td>Cabo de Energia Recomendado<\/td>\n<\/tr>\n<tr>\n<td height=\"50\">3.5KW<\/td>\n<td height=\"50\">AC220V<\/td>\n<td height=\"50\">16A<\/td>\n<td height=\"50\">ZR-YJV-3*6<\/td>\n<\/tr>\n<tr>\n<td height=\"50\">7KW<\/td>\n<td height=\"50\">AC220V<\/td>\n<td height=\"50\">32A<\/td>\n<td height=\"50\">ZR-YJV-3*10<\/td>\n<\/tr>\n<tr>\n<td height=\"50\">14KW<\/td>\n<td height=\"50\">AC220V<\/td>\n<td height=\"50\">64A<\/td>\n<td height=\"50\">ZR-YJV-3*16<\/td>\n<\/tr>\n<tr>\n<td height=\"50\">30KW<\/td>\n<td height=\"50\">AC380V<\/td>\n<td height=\"50\">45A<\/td>\n<td height=\"50\">ZR-YJV-4*25+1*16<\/td>\n<\/tr>\n<tr>\n<td height=\"50\">60KW<\/td>\n<td height=\"50\">AC380V<\/td>\n<td height=\"50\">91A<\/td>\n<td height=\"50\">ZR-YJV-4*35+1*16<\/td>\n<\/tr>\n<tr>\n<td height=\"50\">90KW<\/td>\n<td height=\"50\">AC380V<\/td>\n<td height=\"50\">136A<\/td>\n<td height=\"50\">ZR-YJV-4*70+1*35<\/td>\n<\/tr>\n<tr>\n<td height=\"50\">120KW<\/td>\n<td height=\"50\">AC380V<\/td>\n<td height=\"50\">182A<\/td>\n<td height=\"50\">ZR-YJV-4*95+1*50<\/td>\n<\/tr>\n<tr>\n<td height=\"50\">160KW<\/td>\n<td height=\"50\">AC380V<\/td>\n<td height=\"50\">243A<\/td>\n<td height=\"50\">ZR-YJV-4*120+1*70<\/td>\n<\/tr>\n<tr>\n<td height=\"50\">240KW<\/td>\n<td height=\"50\">AC380V<\/td>\n<td height=\"50\">365A<\/td>\n<td height=\"50\">ZR-YJV-4*185+1*95<\/td>\n<\/tr>\n<\/tbody>\n<\/table>\n<h3>Informa\u00e7\u00f5es sobre Garantia no Exterior<\/h3>\n<p>Para locais de carregamento fora da China, fornecemos 1% de pe\u00e7as sobressalentes vulner\u00e1veis e servi\u00e7o de orienta\u00e7\u00e3o remota 24 horas.<\/p>\n<h3>Sistema de Gerenciamento de Backend<\/h3>\n<ul>\n<li><strong>Gest\u00e3o Hier\u00e1rquica<\/strong><br \/>\nImplementa um sistema de gest\u00e3o de tr\u00eas n\u00edveis, abrangendo o n\u00edvel do operador, o n\u00edvel do posto de carregamento e o n\u00edvel do terminal do carregador. Isso integra v\u00e1rios operadores em uma grande plataforma, permitindo o compartilhamento de carregadores e dados operacionais.<\/li>\n<li><strong>Monitoramento Remoto<\/strong><br \/>\nPermite o monitoramento remoto do status de cada carregador, coleta dados operacionais e gera v\u00e1rios tipos de relat\u00f3rios de produ\u00e7\u00e3o para simplificar a gest\u00e3o operacional.<\/li>\n<li><strong>Gest\u00e3o de Usu\u00e1rios<\/strong><br \/>\nCombina perfeitamente os principais cart\u00f5es de carregamento com contas do WeChat. Os cart\u00f5es de carregamento podem ser usados online e offline simultaneamente, tornando o carregamento mais conveniente.<\/li>\n<\/ul>\n<h3>Fotos no local das esta\u00e7\u00f5es de carregamento de ve\u00edculos el\u00e9tricos instaladas<\/h3>\n<p><img loading=\"lazy\" decoding=\"async\" class=\"alignnone size-full wp-image-618\" src=\"https:\/\/www.pandaexo.com\/wp-content\/uploads\/2026\/03\/On-site-photos-of-the-installed-EV-charging-stations-1.webp\" alt=\"Fotos no local das esta\u00e7\u00f5es de carregamento de ve\u00edculos el\u00e9tricos instaladas (1)\" width=\"1808\" height=\"1108\" srcset=\"https:\/\/www.pandaexo.com\/wp-content\/uploads\/2026\/03\/On-site-photos-of-the-installed-EV-charging-stations-1.webp 1808w, https:\/\/www.pandaexo.com\/wp-content\/uploads\/2026\/03\/On-site-photos-of-the-installed-EV-charging-stations-1-768x471.webp 768w, https:\/\/www.pandaexo.com\/wp-content\/uploads\/2026\/03\/On-site-photos-of-the-installed-EV-charging-stations-1-1536x941.webp 1536w, https:\/\/www.pandaexo.com\/wp-content\/uploads\/2026\/03\/On-site-photos-of-the-installed-EV-charging-stations-1-280x172.webp 280w, https:\/\/www.pandaexo.com\/wp-content\/uploads\/2026\/03\/On-site-photos-of-the-installed-EV-charging-stations-1-1170x717.webp 1170w, https:\/\/www.pandaexo.com\/wp-content\/uploads\/2026\/03\/On-site-photos-of-the-installed-EV-charging-stations-1-1500x919.webp 1500w\" sizes=\"auto, (max-width: 1808px) 100vw, 1808px\" \/> <img loading=\"lazy\" decoding=\"async\" class=\"alignnone size-full wp-image-619\" src=\"https:\/\/www.pandaexo.com\/wp-content\/uploads\/2026\/03\/On-site-photos-of-the-installed-EV-charging-stations-2.webp\" alt=\"Fotos no local das esta\u00e7\u00f5es de carregamento de ve\u00edculos el\u00e9tricos instaladas (2)\" width=\"1792\" height=\"1101\" srcset=\"https:\/\/www.pandaexo.com\/wp-content\/uploads\/2026\/03\/On-site-photos-of-the-installed-EV-charging-stations-2.webp 1792w, https:\/\/www.pandaexo.com\/wp-content\/uploads\/2026\/03\/On-site-photos-of-the-installed-EV-charging-stations-2-768x472.webp 768w, https:\/\/www.pandaexo.com\/wp-content\/uploads\/2026\/03\/On-site-photos-of-the-installed-EV-charging-stations-2-1536x944.webp 1536w, https:\/\/www.pandaexo.com\/wp-content\/uploads\/2026\/03\/On-site-photos-of-the-installed-EV-charging-stations-2-280x172.webp 280w, https:\/\/www.pandaexo.com\/wp-content\/uploads\/2026\/03\/On-site-photos-of-the-installed-EV-charging-stations-2-1170x719.webp 1170w, https:\/\/www.pandaexo.com\/wp-content\/uploads\/2026\/03\/On-site-photos-of-the-installed-EV-charging-stations-2-1500x922.webp 1500w\" sizes=\"auto, (max-width: 1792px) 100vw, 1792px\" \/><\/p>\n","protected":false},"excerpt":{"rendered":"<table class=\"table table-striped table-bordered\">\n<tbody>\n<tr>\n<td>Modelo do Produto<\/td>\n<td>INTEK-AC-3.5KW\/7KW<\/td>\n<\/tr>\n<tr>\n<td>Faixa de Tens\u00e3o de Entrada<\/td>\n<td>220Vac\u00b120%<\/td>\n<\/tr>\n<tr>\n<td>Frequ\u00eancia<\/td>\n<td>50Hz\/60Hz<\/td>\n<\/tr>\n<tr>\n<td>Faixa de Tens\u00e3o de Sa\u00edda<\/td>\n<td>220Vac\u00b120%<\/td>\n<\/tr>\n<tr>\n<td>Corrente Nominal<\/td>\n<td>16Aac\/32Aac<\/td>\n<\/tr>\n<tr>\n<td>Pot\u00eancia M\u00e1xima de Sa\u00edda<\/td>\n<td>3.5kW\/7kW<\/td>\n<\/tr>\n<tr>\n<td>Conector de Carregamento<\/td>\n<td>Conector \u00danico<\/td>\n<\/tr>\n<tr>\n<td>Ativa\u00e7\u00e3o (Op\u00e7\u00f5es de Configura\u00e7\u00e3o)<\/td>\n<td>RFID\/Ler C\u00f3digo QR<\/td>\n<\/tr>\n<tr>\n<td>Conectividade<\/td>\n<td>Interface RJ45 Padr\u00e3o\/4G<\/td>\n<\/tr>\n<tr>\n<td>Interface do Usu\u00e1rio<\/td>\n<td>Tela de 4.3 Polegadas\/Sem Tela<\/td>\n<\/tr>\n<tr>\n<td>Sistema de Gerenciamento<\/td>\n<td>Ferramentas de Gerenciamento Offline \/ Plataforma de Monitoramento Operacional<\/td>\n<\/tr>\n<tr>\n<td>Rigidez Diel\u00e9trica<\/td>\n<td>\u22652000V<\/td>\n<\/tr>\n<tr>\n<td>C\u00f3digo IP do Gabinete<\/td>\n<td>IP54<\/td>\n<\/tr>\n<tr>\n<td>Faixa de Temperatura de Opera\u00e7\u00e3o<\/td>\n<td>-20~50\u00b0C<\/td>\n<\/tr>\n<tr>\n<td>Faixa de Temperatura de Armazenamento<\/td>\n<td>-20~70\u00b0C<\/td>\n<\/tr>\n<tr>\n<td>Tipo de Conector<\/td>\n<td>GB\/T20234.2-2015 Tipo C<\/td>\n<\/tr>\n<tr>\n<td>M\u00e9todo de Medi\u00e7\u00e3o<\/td>\n<td>Medidor de Energia Integrado<\/td>\n<\/tr>\n<tr>\n<td>Confiabilidade<\/td>\n<td>50000h<\/td>\n<\/tr>\n<tr>\n<td>Sistema de Prote\u00e7\u00e3o<\/td>\n<td>Sobretens\u00e3o\/Subtens\u00e3o, Curto-circuito, Sobrecarga, Fuga, Prote\u00e7\u00e3o contra Surtos<\/td>\n<\/tr>\n<tr>\n<td>Instala\u00e7\u00e3o<\/td>\n<td>Montagem em Parede<\/td>\n<\/tr>\n<tr>\n<td>Material do Gabinete<\/td>\n<td>Pl\u00e1stico<\/td>\n<\/tr>\n<tr>\n<td>Comprimento do Cabo de Carregamento<\/td>\n<td>3.5m (Personaliza\u00e7\u00e3o Aceit\u00e1vel)<\/td>\n<\/tr>\n<\/tbody>\n<\/table>\n","protected":false},"featured_media":582,"comment_status":"closed","ping_status":"closed","template":"","meta":[],"product_brand":[],"product_cat":[699],"product_tag":[809],"class_list":{"0":"post-1175","1":"product","2":"type-product","3":"status-publish","4":"has-post-thumbnail","6":"product_cat-charger-pt-br","7":"product_tag-ac-charging-pt-br","9":"first","10":"instock","11":"shipping-taxable","12":"product-type-simple","13":"prodpage-classic"},"aioseo_notices":[],"_links":{"self":[{"href":"https:\/\/www.pandaexo.com\/pt-br\/wp-json\/wp\/v2\/product\/1175","targetHints":{"allow":["GET"]}}],"collection":[{"href":"https:\/\/www.pandaexo.com\/pt-br\/wp-json\/wp\/v2\/product"}],"about":[{"href":"https:\/\/www.pandaexo.com\/pt-br\/wp-json\/wp\/v2\/types\/product"}],"replies":[{"embeddable":true,"href":"https:\/\/www.pandaexo.com\/pt-br\/wp-json\/wp\/v2\/comments?post=1175"}],"wp:featuredmedia":[{"embeddable":true,"href":"https:\/\/www.pandaexo.com\/pt-br\/wp-json\/wp\/v2\/media\/582"}],"wp:attachment":[{"href":"https:\/\/www.pandaexo.com\/pt-br\/wp-json\/wp\/v2\/media?parent=1175"}],"wp:term":[{"taxonomy":"product_brand","embeddable":true,"href":"https:\/\/www.pandaexo.com\/pt-br\/wp-json\/wp\/v2\/product_brand?post=1175"},{"taxonomy":"product_cat","embeddable":true,"href":"https:\/\/www.pandaexo.com\/pt-br\/wp-json\/wp\/v2\/product_cat?post=1175"},{"taxonomy":"product_tag","embeddable":true,"href":"https:\/\/www.pandaexo.com\/pt-br\/wp-json\/wp\/v2\/product_tag?post=1175"}],"curies":[{"name":"wp","href":"https:\/\/api.w.org\/{rel}","templated":true}]}}