{"id":1500,"date":"2025-11-15T14:00:49","date_gmt":"2025-11-15T06:00:49","guid":{"rendered":"https:\/\/www.pandaexo.com\/about-us\/"},"modified":"2026-03-18T20:23:46","modified_gmt":"2026-03-18T12:23:46","slug":"about-us","status":"publish","type":"page","link":"https:\/\/www.pandaexo.com\/sv\/about-us\/","title":{"rendered":"Om oss"},"content":{"rendered":"<p>Med \u00f6ver ett decennium av industriell expertis och ett stabilt rykte f\u00f6r att tillverka extremt p\u00e5litliga kiselbrygglikriktare, gjorde PandaExo 2019 en strategisk sv\u00e4ng till mitten av Kinas industri f\u00f6r nya energifordon (NEV) &#8211; Hefei. Idag driver v\u00e5rt team p\u00e5 150 specialister \u2013 varav 30 % helt \u00e4gnar sig \u00e5t forskning och utveckling \u2013 v\u00e5r verksamhet fr\u00e5n en toppmodern produktionsanl\u00e4ggning p\u00e5 28 000 kvadratmeter. Vi har framg\u00e5ngsrikt utvecklats fr\u00e5n en specialiserad komponenttillverkare till en ledande global leverant\u00f6r av h\u00f6gpresterande laddinfrastruktur f\u00f6r elbilar och fullst\u00e4ndiga effektl\u00f6sningar.<\/p>\n<h3>Strategisk global n\u00e4rvaro<\/h3>\n<p>F\u00f6r att m\u00f6ta den accelererande globala efterfr\u00e5gan p\u00e5 gr\u00f6n energi har vi etablerat specialiserade regionala nav f\u00f6r att b\u00e4ttre betj\u00e4na v\u00e5ra internationella partner:<\/p>\n<ul>\n<li><strong>Strategisk avdelning i Sichuan (grundad 2023):<\/strong> Baserad i Wuhou-distriktet i Chengdu fungerar detta nav som v\u00e5r prim\u00e4ra motor f\u00f6r marknadsexpansion i Centralasien, Afrika och Europa, och levererar skr\u00e4ddarsydda energil\u00f6sningar till snabbv\u00e4xande regioner.<\/li>\n<li><strong>Internationell avdelning i Dubai (grundad 2024):<\/strong> Denna avdelning fungerar som ett viktigt tekniskt och kommersiellt nervcentrum som st\u00f6der v\u00e5ra strategiska partner i Nordamerika, Mellan\u00f6stern och Sydostasien.<\/li>\n<li><strong>Bepr\u00f6vad skala &amp; p\u00e5litlighet:<\/strong> Vi visade v\u00e5ra logistiska och tekniska f\u00f6rm\u00e5gor genom att framg\u00e5ngsrikt tillverka och leverera \u00f6ver 300 laddstationer till det nationella eln\u00e4tet inom en kort tidsram p\u00e5 tv\u00e5 m\u00e5nader.<\/li>\n<\/ul>\n<p><iframe loading=\"lazy\" title=\"Inside PandaExo&#039;s EV Charger Factory #evcharging\" width=\"500\" height=\"281\" src=\"https:\/\/www.youtube.com\/embed\/9bS9AHcoSIg?feature=oembed\" frameborder=\"0\" allow=\"accelerometer; autoplay; clipboard-write; encrypted-media; gyroscope; picture-in-picture; web-share\" referrerpolicy=\"strict-origin-when-cross-origin\" allowfullscreen><\/iframe><\/p>\n<h3>Innovation &amp; Forskning och utveckling<\/h3>\n<p>Vi tror att sj\u00e4lvst\u00e4ndig innovation \u00e4r h\u00f6rnstenen i en h\u00e5llbar framtid. Genom ett l\u00e5ngsiktigt strategiskt partnerskap med Energiinstitutet vid en ledande nationell tekniska universitet, perfektionerar vi kontinuerligt ekosystemet f\u00f6r laddning av elbilar:<\/p>\n<ul>\n<li><strong>Smarta energiplattformar:<\/strong> Vi integrerar robust h\u00e5rdvara med molnbaserad mjukvara f\u00f6r att m\u00f6jligg\u00f6ra s\u00f6ml\u00f6s, realtidsbaserad energi- och laddningshantering.<\/li>\n<li><strong>Banbrytande teknologi:<\/strong> Vi \u00e4r pionj\u00e4rer inom sluten energisystem \u2013 utforskar \u201dTr\u00e5dbunden vs. tr\u00e5dl\u00f6s\u201d och \u201dLaddning vs. batteribyte\u201d-metoder f\u00f6r att maximera drifteffektiviteten.<\/li>\n<li><strong>Immateriella r\u00e4ttigheter:<\/strong> V\u00e5r tekniska ledning skyddas av dussintals anv\u00e4ndbara modellpatent och upphovsr\u00e4tt f\u00f6r mjukvara, vilket garanterar att v\u00e5ra kunder drar nytta av propriet\u00e4ra, v\u00e4rldsklassiga innovationer.<\/li>\n<\/ul>\n<h3>Den gr\u00f6na evolutionen<\/h3>\n<p>Elbilar \u00e4r den obestridliga framtiden f\u00f6r global mobilitet. Som en drivkraft inom den moderna \u201dnya infrastrukturen\u201d levererar PandaExo de kritiska AC-smartladdnings- och DC-snabbladdningssystem som beh\u00f6vs f\u00f6r att p\u00e5skynda \u00f6verg\u00e5ngen fr\u00e5n fossila br\u00e4nslen.<\/p>\n<p>Genom v\u00e5ra mycket flexibla EPCO-, OEM- och ODM-samarbetsmodeller levererar vi professionella, serviceinriktade l\u00f6sningar anpassade f\u00f6r olika platser och applikationer v\u00e4rlden \u00f6ver. Vi g\u00f6r mer \u00e4n att leverera utrustning; vi m\u00f6jligg\u00f6r \u00f6verg\u00e5ngen till en renare, elektrifierad planet.<\/p>\n<h3>Varf\u00f6r v\u00e4lja PandaExo?<\/h3>\n<ul>\n<li><strong>Integrerat laddningsekosystem:<\/strong> Ut\u00f6ver h\u00e5rdvara samarbetar vi med topprankade energiforskningsinstitut f\u00f6r att utveckla sammanh\u00e4ngande smart mjukvara och molnplattformar f\u00f6r realtidsbaserad lastbalansering och energihantering.<\/li>\n<li><strong>Fabriksdirekt skala &amp; precision:<\/strong> Med r\u00f6tter i v\u00e5r arv inom effekthalvledare s\u00e4kerst\u00e4ller v\u00e5r avancerade produktionsanl\u00e4ggning p\u00e5 28 000 kvadratmeter att varje laddare levererar industriell p\u00e5litlighet.<\/li>\n<li><strong>Bepr\u00f6vad prestanda i eln\u00e4tsskala:<\/li>\n<li><strong>Globala anpassningsbara l\u00f6sningar:<\/strong> Genom v\u00e5ra omfattande EPCO-, OEM- och ODM-modeller \u2013 med st\u00f6d av dedikerade internationella nav \u2013 skr\u00e4ddarsyr vi laddningsinfrastrukturen efter specifika regionala marknadskrav.<\/li>\n<li><strong>Certifierad s\u00e4kerhet &amp; h\u00e5llbarhet:<\/strong> Konstruerad f\u00f6r extrema milj\u00f6er har v\u00e5r utrustning <strong>IP54\/IP67<\/strong> utomhus skyddsklassningar och anv\u00e4nder <strong>UL 94V-0<\/strong> flamskyddsmaterial f\u00f6r ultimat s\u00e4kerhet.<\/li>\n<\/ul>\n<h3>V\u00e5ra k\u00e4rnl\u00f6sningar<\/h3>\n<table class=\"table table-striped table-bordered\">\n<thead>\n<tr>\n<th>L\u00f6sning<\/th>\n<th>Beskrivning<\/th>\n<th>B\u00e4st f\u00f6r<\/th>\n<\/tr>\n<\/thead>\n<tbody>\n<tr>\n<td><a href=\"https:\/\/www.pandaexo.com\/product-tag\/dc-charging\/\"><strong>DC-snabbladdning<\/strong><\/a><\/td>\n<td>H\u00f6geffektstationer utformade f\u00f6r snabb energileverans och tunga anv\u00e4ndningsomr\u00e5den.<\/td>\n<td>Kommersiella nav, motorv\u00e4gsrastplatser<\/td>\n<\/tr>\n<tr>\n<td><a href=\"https:\/\/www.pandaexo.com\/product-tag\/ac-charging\/\"><strong>AC-smartladdning<\/strong><\/a><\/td>\n<td>P\u00e5litliga, mycket effektiva och estetiskt utformade laddpunkter med smart anslutning.<\/td>\n<td>Bostadskomplex, kontorsparkering<\/td>\n<\/tr>\n<tr>\n<td><strong>Mjukvaruplattformar<\/strong><\/td>\n<td>Molnbaserade hanteringssystem f\u00f6r fj\u00e4rr\u00f6vervakning, s\u00f6ml\u00f6s fakturering och intelligent lastbalansering.<\/td>\n<td>Flottoperat\u00f6rer, eln\u00e4tsleverant\u00f6rer<\/td>\n<\/tr>\n<tr>\n<td><strong>Skr\u00e4ddarsydd OEM\/ODM<\/strong><\/td>\n<td>Helhetsl\u00f6sningar f\u00f6r tillverkning och design skr\u00e4ddarsydda efter ditt varum\u00e4rkes specifika tekniska krav.<\/td>\n<td>Globala energivarum\u00e4rken och infrastrukturpartner<\/td>\n<\/tr>\n<\/tbody>\n<\/table>\n<p><strong>Redo att driva framtiden?<\/strong><br \/>\nOavsett om du utvecklar ett omfattande offentligt laddningsn\u00e4tverk eller uppgraderar en privat kommersiell fordonsflotta, levererar PandaExo den robusta h\u00e5rdvaran och intelligenta mjukvaran f\u00f6r att g\u00f6ra det m\u00f6jligt.<\/p>\n<p><img loading=\"lazy\" decoding=\"async\" src=\"https:\/\/www.pandaexo.com\/wp-content\/uploads\/2026\/03\/On-site-photos-of-the-installed-EV-charging-stations-2.webp\" alt=\"Bilder p\u00e5 plats av de installerade elbilsladdningsstationerna (2)\" width=\"1792\" height=\"1101\" \/> <img loading=\"lazy\" decoding=\"async\" src=\"https:\/\/www.pandaexo.com\/wp-content\/uploads\/2026\/03\/On-site-photos-of-the-installed-EV-charging-stations-1.webp\" alt=\"Bilder p\u00e5 plats av de installerade elbilsladdningsstationerna (1)\" width=\"1808\" height=\"1108\" \/><\/p>\n","protected":false},"excerpt":{"rendered":"<p>Med \u00f6ver ett decennium av industriell expertis och ett stabilt rykte f\u00f6r att tillverka extremt p\u00e5litliga kiselbrygglikriktare, gjorde PandaExo 2019 en strategisk sv\u00e4ng till mitten av Kinas industri f\u00f6r nya energifordon (NEV) &#8211; Hefei. Idag driver v\u00e5rt team p\u00e5 150 specialister \u2013 varav 30 % helt \u00e4gnar sig \u00e5t forskning och utveckling \u2013 v\u00e5r verksamhet<\/p>\n","protected":false},"author":1,"featured_media":0,"parent":0,"menu_order":0,"comment_status":"closed","ping_status":"closed","template":"","meta":{"footnotes":""},"class_list":["post-1500","page","type-page","status-publish","hentry","prodpage-classic"],"aioseo_notices":[],"_links":{"self":[{"href":"https:\/\/www.pandaexo.com\/sv\/wp-json\/wp\/v2\/pages\/1500","targetHints":{"allow":["GET"]}}],"collection":[{"href":"https:\/\/www.pandaexo.com\/sv\/wp-json\/wp\/v2\/pages"}],"about":[{"href":"https:\/\/www.pandaexo.com\/sv\/wp-json\/wp\/v2\/types\/page"}],"author":[{"embeddable":true,"href":"https:\/\/www.pandaexo.com\/sv\/wp-json\/wp\/v2\/users\/1"}],"replies":[{"embeddable":true,"href":"https:\/\/www.pandaexo.com\/sv\/wp-json\/wp\/v2\/comments?post=1500"}],"version-history":[{"count":0,"href":"https:\/\/www.pandaexo.com\/sv\/wp-json\/wp\/v2\/pages\/1500\/revisions"}],"wp:attachment":[{"href":"https:\/\/www.pandaexo.com\/sv\/wp-json\/wp\/v2\/media?parent=1500"}],"curies":[{"name":"wp","href":"https:\/\/api.w.org\/{rel}","templated":true}]}}