{"id":1521,"date":"2016-11-15T14:02:30","date_gmt":"2016-11-15T06:02:30","guid":{"rendered":"https:\/\/www.pandaexo.com\/contact\/"},"modified":"2026-03-18T20:24:36","modified_gmt":"2026-03-18T12:24:36","slug":"contact","status":"publish","type":"page","link":"https:\/\/www.pandaexo.com\/sv\/contact\/","title":{"rendered":"Kontakta oss"},"content":{"rendered":"<p>Oavsett om du letar efter halvledarkomponenter i stor volym eller en omfattande utrullning av infrastruktur f\u00f6r laddning av elbilar, \u00e4r v\u00e5rt tekniska team redo att hj\u00e4lpa till.<\/p>\n","protected":false},"excerpt":{"rendered":"<p>Oavsett om du letar efter halvledarkomponenter i stor volym eller en omfattande utrullning av infrastruktur f\u00f6r laddning av elbilar, \u00e4r v\u00e5rt tekniska team redo att hj\u00e4lpa till.<\/p>\n","protected":false},"author":1,"featured_media":0,"parent":0,"menu_order":0,"comment_status":"closed","ping_status":"closed","template":"","meta":{"footnotes":""},"class_list":["post-1521","page","type-page","status-publish","hentry","prodpage-classic"],"aioseo_notices":[],"_links":{"self":[{"href":"https:\/\/www.pandaexo.com\/sv\/wp-json\/wp\/v2\/pages\/1521","targetHints":{"allow":["GET"]}}],"collection":[{"href":"https:\/\/www.pandaexo.com\/sv\/wp-json\/wp\/v2\/pages"}],"about":[{"href":"https:\/\/www.pandaexo.com\/sv\/wp-json\/wp\/v2\/types\/page"}],"author":[{"embeddable":true,"href":"https:\/\/www.pandaexo.com\/sv\/wp-json\/wp\/v2\/users\/1"}],"replies":[{"embeddable":true,"href":"https:\/\/www.pandaexo.com\/sv\/wp-json\/wp\/v2\/comments?post=1521"}],"version-history":[{"count":0,"href":"https:\/\/www.pandaexo.com\/sv\/wp-json\/wp\/v2\/pages\/1521\/revisions"}],"wp:attachment":[{"href":"https:\/\/www.pandaexo.com\/sv\/wp-json\/wp\/v2\/media?parent=1521"}],"curies":[{"name":"wp","href":"https:\/\/api.w.org\/{rel}","templated":true}]}}