{"id":1262,"date":"2026-03-10T04:32:02","date_gmt":"2026-03-09T20:32:02","guid":{"rendered":"https:\/\/www.pandaexo.com\/shop\/3-5kw-7kw-ac-ev-charger-post-mounted\/"},"modified":"2026-03-18T19:33:25","modified_gmt":"2026-03-18T11:33:25","slug":"3-5kw-7kw-ac-ev-charger-post-mounted","status":"publish","type":"product","link":"https:\/\/www.pandaexo.com\/sv\/shop\/3-5kw-7kw-ac-ev-charger-post-mounted\/","title":{"rendered":"3,5 kW\/7 kW AC EV-laddare (p\u00e5 stolpe monterad)"},"content":{"rendered":"<h3>Produktmodells Namngivningskonvention<\/h3>\n<p><img loading=\"lazy\" decoding=\"async\" src=\"https:\/\/www.pandaexo.com\/wp-content\/uploads\/2026\/03\/Product-Model-Naming-Convention.webp\" alt=\"Produktmodells Namngivningskonvention\" width=\"771\" height=\"369\" \/><\/p>\n<h3>Val av Elkabel<\/h3>\n<table class=\"table table-striped table-bordered\">\n<tbody>\n<tr>\n<td>Total M\u00e4rkeffekt<\/td>\n<td>M\u00e4rksp\u00e4nning In<\/td>\n<td>M\u00e4rkstr\u00f6m In<\/td>\n<td>Rekommenderad Elkabel<\/td>\n<\/tr>\n<tr>\n<td height=\"50\">3.5KW<\/td>\n<td height=\"50\">AC220V<\/td>\n<td height=\"50\">16A<\/td>\n<td height=\"50\">ZR-YJV-3*6<\/td>\n<\/tr>\n<tr>\n<td height=\"50\">7KW<\/td>\n<td height=\"50\">AC220V<\/td>\n<td height=\"50\">32A<\/td>\n<td height=\"50\">ZR-YJV-3*10<\/td>\n<\/tr>\n<tr>\n<td height=\"50\">14KW<\/td>\n<td height=\"50\">AC220V<\/td>\n<td height=\"50\">64A<\/td>\n<td height=\"50\">ZR-YJV-3*16<\/td>\n<\/tr>\n<tr>\n<td height=\"50\">30KW<\/td>\n<td height=\"50\">AC380V<\/td>\n<td height=\"50\">45A<\/td>\n<td height=\"50\">ZR-YJV-4*25+1*16<\/td>\n<\/tr>\n<tr>\n<td height=\"50\">60KW<\/td>\n<td height=\"50\">AC380V<\/td>\n<td height=\"50\">91A<\/td>\n<td height=\"50\">ZR-YJV-4*35+1*16<\/td>\n<\/tr>\n<tr>\n<td height=\"50\">90KW<\/td>\n<td height=\"50\">AC380V<\/td>\n<td height=\"50\">136A<\/td>\n<td height=\"50\">ZR-YJV-4*70+1*35<\/td>\n<\/tr>\n<tr>\n<td height=\"50\">120KW<\/td>\n<td height=\"50\">AC380V<\/td>\n<td height=\"50\">182A<\/td>\n<td height=\"50\">ZR-YJV-4*95+1*50<\/td>\n<\/tr>\n<tr>\n<td height=\"50\">160KW<\/td>\n<td height=\"50\">AC380V<\/td>\n<td height=\"50\">243A<\/td>\n<td height=\"50\">ZR-YJV-4*120+1*70<\/td>\n<\/tr>\n<tr>\n<td height=\"50\">240KW<\/td>\n<td height=\"50\">AC380V<\/td>\n<td height=\"50\">365A<\/td>\n<td height=\"50\">ZR-YJV-4*185+1*95<\/td>\n<\/tr>\n<\/tbody>\n<\/table>\n<h3>Information om Garanti utomlands<\/h3>\n<p>F\u00f6r laddningsplatser utanf\u00f6r Kina tillhandah\u00e5ller vi 1% av utsatta reservdelar och en 24-timmars fj\u00e4rrst\u00f6dtj\u00e4nst.<\/p>\n<h3>Backend-hanteringssystem<\/h3>\n<ul>\n<li><strong>Hierarkisk Hantering<\/strong><br \/>\nImplementera ett tre-niv\u00e5ers hanteringssystem som omfattar operat\u00f6rsniv\u00e5, laddstationsniv\u00e5 och laddterminalniv\u00e5. Detta integrerar olika operat\u00f6rer i en stor plattform, vilket m\u00f6jligg\u00f6r delning av laddare och operativa data.<\/li>\n<li><strong>Fj\u00e4rr\u00f6vervakning<\/strong><br \/>\nM\u00f6jligg\u00f6r fj\u00e4rr\u00f6vervakning av varje ladares status, samla in operativa data och generera olika typer av produktionsrapporter f\u00f6r att f\u00f6renkla den operativa hanteringen.<\/li>\n<li><strong>Anv\u00e4ndarhantering<\/strong><br \/>\nKombinera s\u00f6ml\u00f6st huvudladdningskort med WeChat-konton. Laddningskort kan anv\u00e4ndas b\u00e5de online och offline samtidigt, vilket g\u00f6r laddningen bekv\u00e4mare.<\/li>\n<\/ul>\n<h3>F\u00e4ltbilder av installerade elbilsladdstationer<\/h3>\n<p><img loading=\"lazy\" decoding=\"async\" class=\"alignnone size-full wp-image-618\" src=\"https:\/\/www.pandaexo.com\/wp-content\/uploads\/2026\/03\/On-site-photos-of-the-installed-EV-charging-stations-1.webp\" alt=\"F\u00e4ltbilder av installerade elbilsladdstationer (1)\" width=\"1808\" height=\"1108\" srcset=\"https:\/\/www.pandaexo.com\/wp-content\/uploads\/2026\/03\/On-site-photos-of-the-installed-EV-charging-stations-1.webp 1808w, https:\/\/www.pandaexo.com\/wp-content\/uploads\/2026\/03\/On-site-photos-of-the-installed-EV-charging-stations-1-768x471.webp 768w, https:\/\/www.pandaexo.com\/wp-content\/uploads\/2026\/03\/On-site-photos-of-the-installed-EV-charging-stations-1-1536x941.webp 1536w, https:\/\/www.pandaexo.com\/wp-content\/uploads\/2026\/03\/On-site-photos-of-the-installed-EV-charging-stations-1-280x172.webp 280w, https:\/\/www.pandaexo.com\/wp-content\/uploads\/2026\/03\/On-site-photos-of-the-installed-EV-charging-stations-1-1170x717.webp 1170w, https:\/\/www.pandaexo.com\/wp-content\/uploads\/2026\/03\/On-site-photos-of-the-installed-EV-charging-stations-1-1500x919.webp 1500w\" sizes=\"auto, (max-width: 1808px) 100vw, 1808px\" \/> <img loading=\"lazy\" decoding=\"async\" class=\"alignnone size-full wp-image-619\" src=\"https:\/\/www.pandaexo.com\/wp-content\/uploads\/2026\/03\/On-site-photos-of-the-installed-EV-charging-stations-2.webp\" alt=\"F\u00e4ltbilder av installerade elbilsladdstationer (2)\" width=\"1792\" height=\"1101\" srcset=\"https:\/\/www.pandaexo.com\/wp-content\/uploads\/2026\/03\/On-site-photos-of-the-installed-EV-charging-stations-2.webp 1792w, https:\/\/www.pandaexo.com\/wp-content\/uploads\/2026\/03\/On-site-photos-of-the-installed-EV-charging-stations-2-768x472.webp 768w, https:\/\/www.pandaexo.com\/wp-content\/uploads\/2026\/03\/On-site-photos-of-the-installed-EV-charging-stations-2-1536x944.webp 1536w, https:\/\/www.pandaexo.com\/wp-content\/uploads\/2026\/03\/On-site-photos-of-the-installed-EV-charging-stations-2-280x172.webp 280w, https:\/\/www.pandaexo.com\/wp-content\/uploads\/2026\/03\/On-site-photos-of-the-installed-EV-charging-stations-2-1170x719.webp 1170w, https:\/\/www.pandaexo.com\/wp-content\/uploads\/2026\/03\/On-site-photos-of-the-installed-EV-charging-stations-2-1500x922.webp 1500w\" sizes=\"auto, (max-width: 1792px) 100vw, 1792px\" \/><\/p>\n","protected":false},"excerpt":{"rendered":"<table class=\"table table-striped table-bordered\">\n<tbody>\n<tr>\n<td>Produktmodell<\/td>\n<td>INTEK-AC-3.5kW\/7kW<\/td>\n<\/tr>\n<tr>\n<td>Ing\u00e5ngssp\u00e4nningsomr\u00e5de<\/td>\n<td>220Vac\u00b120%<\/td>\n<\/tr>\n<tr>\n<td>Frekvens<\/td>\n<td>50Hz\/60Hz<\/td>\n<\/tr>\n<tr>\n<td>Utg\u00e5ngssp\u00e4nningsomr\u00e5de<\/td>\n<td>220Vac\u00b120%<\/td>\n<\/tr>\n<tr>\n<td>Nominell str\u00f6m<\/td>\n<td>16Aac\/32Aac<\/td>\n<\/tr>\n<tr>\n<td>Maximal uteffekt<\/td>\n<td>3.5kW\/7kW<\/td>\n<\/tr>\n<tr>\n<td>Laddningskontakt<\/td>\n<td>Enkel kontakt<\/td>\n<\/tr>\n<tr>\n<td>Aktivering (Konfigurationsalternativ)<\/td>\n<td>RFID\/Scanna QR-koder<\/td>\n<\/tr>\n<tr>\n<td>Anslutning<\/td>\n<td>Standard RJ45-gr\u00e4nssnitt\/4G<\/td>\n<\/tr>\n<tr>\n<td>Anv\u00e4ndargr\u00e4nssnitt<\/td>\n<td>4.3 tum\/Utan sk\u00e4rm<\/td>\n<\/tr>\n<tr>\n<td>Hanteringssystem<\/td>\n<td>Offline-hanteringsverktyg, Drifts\u00f6vervakningsplattform<\/td>\n<\/tr>\n<tr>\n<td>Dielektrisk h\u00e5llfasthet<\/td>\n<td>\u22652000V<\/td>\n<\/tr>\n<tr>\n<td>K\u00e5pans IP-skydd<\/td>\n<td>IP54<\/td>\n<\/tr>\n<tr>\n<td>Driftstemperaturomr\u00e5de<\/td>\n<td>-20~50\u00b0C<\/td>\n<\/tr>\n<tr>\n<td>Lagringstemperaturomr\u00e5de<\/td>\n<td>-20~70\u00b0C<\/td>\n<\/tr>\n<tr>\n<td>Kontakttyp<\/td>\n<td>GB\/T20234.2-2015 Typ C<\/td>\n<\/tr>\n<tr>\n<td>M\u00e4tmetod<\/td>\n<td>Integrerat energim\u00e4tare<\/td>\n<\/tr>\n<tr>\n<td>Tillf\u00f6rlitlighet<\/td>\n<td>50000h<\/td>\n<\/tr>\n<tr>\n<td>Skyddssystem<\/td>\n<td>\u00d6ver-\/undersp\u00e4nning, Kortslutning, \u00d6verbelastning, L\u00e4ckage, \u00d6versp\u00e4nningsskydd<\/td>\n<\/tr>\n<tr>\n<td>Installation<\/td>\n<td>Stolpe<\/td>\n<\/tr>\n<tr>\n<td>K\u00e5pmaterial<\/td>\n<td>Pl\u00e5t<\/td>\n<\/tr>\n<tr>\n<td>Laddningskabell\u00e4ngd<\/td>\n<td>3.5m (Anpassning m\u00f6jlig)<\/td>\n<\/tr>\n<\/tbody>\n<\/table>\n","protected":false},"featured_media":588,"comment_status":"closed","ping_status":"closed","template":"","meta":[],"product_brand":[],"product_cat":[701],"product_tag":[813],"class_list":{"0":"post-1262","1":"product","2":"type-product","3":"status-publish","4":"has-post-thumbnail","6":"product_cat-charger-sv","7":"product_tag-ac-charging-sv","9":"first","10":"instock","11":"shipping-taxable","12":"product-type-simple","13":"prodpage-classic"},"aioseo_notices":[],"_links":{"self":[{"href":"https:\/\/www.pandaexo.com\/sv\/wp-json\/wp\/v2\/product\/1262","targetHints":{"allow":["GET"]}}],"collection":[{"href":"https:\/\/www.pandaexo.com\/sv\/wp-json\/wp\/v2\/product"}],"about":[{"href":"https:\/\/www.pandaexo.com\/sv\/wp-json\/wp\/v2\/types\/product"}],"replies":[{"embeddable":true,"href":"https:\/\/www.pandaexo.com\/sv\/wp-json\/wp\/v2\/comments?post=1262"}],"wp:featuredmedia":[{"embeddable":true,"href":"https:\/\/www.pandaexo.com\/sv\/wp-json\/wp\/v2\/media\/588"}],"wp:attachment":[{"href":"https:\/\/www.pandaexo.com\/sv\/wp-json\/wp\/v2\/media?parent=1262"}],"wp:term":[{"taxonomy":"product_brand","embeddable":true,"href":"https:\/\/www.pandaexo.com\/sv\/wp-json\/wp\/v2\/product_brand?post=1262"},{"taxonomy":"product_cat","embeddable":true,"href":"https:\/\/www.pandaexo.com\/sv\/wp-json\/wp\/v2\/product_cat?post=1262"},{"taxonomy":"product_tag","embeddable":true,"href":"https:\/\/www.pandaexo.com\/sv\/wp-json\/wp\/v2\/product_tag?post=1262"}],"curies":[{"name":"wp","href":"https:\/\/api.w.org\/{rel}","templated":true}]}}