{"id":1283,"date":"2026-03-08T20:02:58","date_gmt":"2026-03-08T12:02:58","guid":{"rendered":"https:\/\/www.pandaexo.com\/shop\/3-5kw-7kw-ac-ev-charger-wall-mounted-plastic\/"},"modified":"2026-03-18T19:32:59","modified_gmt":"2026-03-18T11:32:59","slug":"3-5kw-7kw-ac-ev-charger-wall-mounted-plastic","status":"publish","type":"product","link":"https:\/\/www.pandaexo.com\/sv\/shop\/3-5kw-7kw-ac-ev-charger-wall-mounted-plastic\/","title":{"rendered":"3,5 kW\/7 kW AC-laddare f\u00f6r elbil (v\u00e4ggmonterad, plast)"},"content":{"rendered":"<h3>Produktmodellens namngivningskonvention<\/h3>\n<p><img loading=\"lazy\" decoding=\"async\" src=\"https:\/\/www.pandaexo.com\/wp-content\/uploads\/2026\/03\/Product-Model-Naming-Convention.webp\" alt=\"Produktmodellens namngivningskonvention\" width=\"771\" height=\"369\" \/><\/p>\n<h3>Val av str\u00f6mkabel<\/h3>\n<table class=\"table table-striped table-bordered\">\n<tbody>\n<tr>\n<td>Total m\u00e4rkeffekt<\/td>\n<td>M\u00e4rksp\u00e4nning, ing\u00e5ende<\/td>\n<td>M\u00e4rkstr\u00f6m, ing\u00e5ende<\/td>\n<td>Rekommenderad str\u00f6mkabel<\/td>\n<\/tr>\n<tr>\n<td height=\"50\">3,5 kW<\/td>\n<td height=\"50\">AC 220 V<\/td>\n<td height=\"50\">16 A<\/td>\n<td height=\"50\">ZR-YJV-3*6<\/td>\n<\/tr>\n<tr>\n<td height=\"50\">7 kW<\/td>\n<td height=\"50\">AC 220 V<\/td>\n<td height=\"50\">32 A<\/td>\n<td height=\"50\">ZR-YJV-3*10<\/td>\n<\/tr>\n<tr>\n<td height=\"50\">14 kW<\/td>\n<td height=\"50\">AC 220 V<\/td>\n<td height=\"50\">64 A<\/td>\n<td height=\"50\">ZR-YJV-3*16<\/td>\n<\/tr>\n<tr>\n<td height=\"50\">30 kW<\/td>\n<td height=\"50\">AC 380 V<\/td>\n<td height=\"50\">45 A<\/td>\n<td height=\"50\">ZR-YJV-4*25+1*16<\/td>\n<\/tr>\n<tr>\n<td height=\"50\">60 kW<\/td>\n<td height=\"50\">AC 380 V<\/td>\n<td height=\"50\">91 A<\/td>\n<td height=\"50\">ZR-YJV-4*35+1*16<\/td>\n<\/tr>\n<tr>\n<td height=\"50\">90 kW<\/td>\n<td height=\"50\">AC 380 V<\/td>\n<td height=\"50\">136 A<\/td>\n<td height=\"50\">ZR-YJV-4*70+1*35<\/td>\n<\/tr>\n<tr>\n<td height=\"50\">120 kW<\/td>\n<td height=\"50\">AC 380 V<\/td>\n<td height=\"50\">182 A<\/td>\n<td height=\"50\">ZR-YJV-4*95+1*50<\/td>\n<\/tr>\n<tr>\n<td height=\"50\">160 kW<\/td>\n<td height=\"50\">AC 380 V<\/td>\n<td height=\"50\">243 A<\/td>\n<td height=\"50\">ZR-YJV-4*120+1*70<\/td>\n<\/tr>\n<tr>\n<td height=\"50\">240 kW<\/td>\n<td height=\"50\">AC 380 V<\/td>\n<td height=\"50\">365 A<\/td>\n<td height=\"50\">ZR-YJV-4*185+1*95<\/td>\n<\/tr>\n<\/tbody>\n<\/table>\n<h3>Information om internationell garanti<\/h3>\n<p>F\u00f6r laddplatser utanf\u00f6r Kina tillhandah\u00e5ller vi 1 % utbytesdelar f\u00f6r utsatta komponenter och en 24-timmars fj\u00e4rrguidingstj\u00e4nst.<\/p>\n<h3>Backend-hanteringssystem<\/h3>\n<ul>\n<li><strong>Hierarkisk hantering<\/strong><br \/>\nImplementera ett tre-niv\u00e5-hanteringssystem som omfattar operat\u00f6rsniv\u00e5, laddstationsniv\u00e5 och laddterminalniv\u00e5. Detta integrerar olika operat\u00f6rer i en stor plattform, vilket m\u00f6jligg\u00f6r delning av laddare och operativa data.<\/li>\n<li><strong>Fj\u00e4rr\u00f6vervakning<\/strong><br \/>\nM\u00f6jligg\u00f6r fj\u00e4rr\u00f6vervakning av varje laddares status, samla in driftsdata och generera olika typer av produktionsrapporter f\u00f6r att f\u00f6renkla driftshanteringen.<\/li>\n<li><strong>Anv\u00e4ndarhantering<\/strong><br \/>\nKombinera s\u00f6ml\u00f6st vanliga laddkort med WeChat-konton. Laddkort kan anv\u00e4ndas b\u00e5de online och offline samtidigt, vilket g\u00f6r laddningen bekv\u00e4mare.<\/li>\n<\/ul>\n<h3>F\u00e4lttagna bilder av installerade elbilsladdstationer<\/h3>\n<p><img loading=\"lazy\" decoding=\"async\" class=\"alignnone size-full wp-image-618\" src=\"https:\/\/www.pandaexo.com\/wp-content\/uploads\/2026\/03\/On-site-photos-of-the-installed-EV-charging-stations-1.webp\" alt=\"F\u00e4lttagna bilder av installerade elbilsladdstationer (1)\" width=\"1808\" height=\"1108\" srcset=\"https:\/\/www.pandaexo.com\/wp-content\/uploads\/2026\/03\/On-site-photos-of-the-installed-EV-charging-stations-1.webp 1808w, https:\/\/www.pandaexo.com\/wp-content\/uploads\/2026\/03\/On-site-photos-of-the-installed-EV-charging-stations-1-768x471.webp 768w, https:\/\/www.pandaexo.com\/wp-content\/uploads\/2026\/03\/On-site-photos-of-the-installed-EV-charging-stations-1-1536x941.webp 1536w, https:\/\/www.pandaexo.com\/wp-content\/uploads\/2026\/03\/On-site-photos-of-the-installed-EV-charging-stations-1-280x172.webp 280w, https:\/\/www.pandaexo.com\/wp-content\/uploads\/2026\/03\/On-site-photos-of-the-installed-EV-charging-stations-1-1170x717.webp 1170w, https:\/\/www.pandaexo.com\/wp-content\/uploads\/2026\/03\/On-site-photos-of-the-installed-EV-charging-stations-1-1500x919.webp 1500w\" sizes=\"auto, (max-width: 1808px) 100vw, 1808px\" \/> <img loading=\"lazy\" decoding=\"async\" class=\"alignnone size-full wp-image-619\" src=\"https:\/\/www.pandaexo.com\/wp-content\/uploads\/2026\/03\/On-site-photos-of-the-installed-EV-charging-stations-2.webp\" alt=\"F\u00e4lttagna bilder av installerade elbilsladdstationer (2)\" width=\"1792\" height=\"1101\" srcset=\"https:\/\/www.pandaexo.com\/wp-content\/uploads\/2026\/03\/On-site-photos-of-the-installed-EV-charging-stations-2.webp 1792w, https:\/\/www.pandaexo.com\/wp-content\/uploads\/2026\/03\/On-site-photos-of-the-installed-EV-charging-stations-2-768x472.webp 768w, https:\/\/www.pandaexo.com\/wp-content\/uploads\/2026\/03\/On-site-photos-of-the-installed-EV-charging-stations-2-1536x944.webp 1536w, https:\/\/www.pandaexo.com\/wp-content\/uploads\/2026\/03\/On-site-photos-of-the-installed-EV-charging-stations-2-280x172.webp 280w, https:\/\/www.pandaexo.com\/wp-content\/uploads\/2026\/03\/On-site-photos-of-the-installed-EV-charging-stations-2-1170x719.webp 1170w, https:\/\/www.pandaexo.com\/wp-content\/uploads\/2026\/03\/On-site-photos-of-the-installed-EV-charging-stations-2-1500x922.webp 1500w\" sizes=\"auto, (max-width: 1792px) 100vw, 1792px\" \/><\/p>\n","protected":false},"excerpt":{"rendered":"<table class=\"table table-striped table-bordered\">\n<tbody>\n<tr>\n<td>Produktmodell<\/td>\n<td>INTEK-AC-3.5KW\/7KW<\/td>\n<\/tr>\n<tr>\n<td>Ing\u00e5ngssp\u00e4nningsomr\u00e5de<\/td>\n<td>220Vac\u00b120%<\/td>\n<\/tr>\n<tr>\n<td>Frekvens<\/td>\n<td>50Hz\/60Hz<\/td>\n<\/tr>\n<tr>\n<td>Utg\u00e5ngssp\u00e4nningsomr\u00e5de<\/td>\n<td>220Vac\u00b120%<\/td>\n<\/tr>\n<tr>\n<td>Nominell str\u00f6m<\/td>\n<td>16Aac\/32Aac<\/td>\n<\/tr>\n<tr>\n<td>Maximal uteffekt<\/td>\n<td>3.5kW\/7kW<\/td>\n<\/tr>\n<tr>\n<td>Laddningskontakt<\/td>\n<td>Enkel kontakt<\/td>\n<\/tr>\n<tr>\n<td>Aktivering (konfigurationsalternativ)<\/td>\n<td>RFID\/Scanna QR-koder<\/td>\n<\/tr>\n<tr>\n<td>Anslutning<\/td>\n<td>Standard RJ45-gr\u00e4nssnitt\/4G<\/td>\n<\/tr>\n<tr>\n<td>Anv\u00e4ndargr\u00e4nssnitt<\/td>\n<td>4.3 tum\/Utan sk\u00e4rm<\/td>\n<\/tr>\n<tr>\n<td>Hanteringssystem<\/td>\n<td>Offline-hanteringsverktyg \/ Drifts\u00f6vervakningsplattform<\/td>\n<\/tr>\n<tr>\n<td>Dielektrisk h\u00e5llfasthet<\/td>\n<td>\u22652000V<\/td>\n<\/tr>\n<tr>\n<td>K\u00e5pans IP-skyddsklass<\/td>\n<td>IP54<\/td>\n<\/tr>\n<tr>\n<td>Driftstemperaturomr\u00e5de<\/td>\n<td>-20~50\u00b0C<\/td>\n<\/tr>\n<tr>\n<td>Lagringstemperaturomr\u00e5de<\/td>\n<td>-20~70\u00b0C<\/td>\n<\/tr>\n<tr>\n<td>Kontakttyp<\/td>\n<td>GB\/T20234.2-2015 Typ C<\/td>\n<\/tr>\n<tr>\n<td>M\u00e4tmetod<\/td>\n<td>Integrerad energim\u00e4tare<\/td>\n<\/tr>\n<tr>\n<td>Tillf\u00f6rlitlighet<\/td>\n<td>50000h<\/td>\n<\/tr>\n<tr>\n<td>Skyddssystem<\/td>\n<td>\u00d6ver-\/undersp\u00e4nning, kortslutning, \u00f6verbelastning, l\u00e4ckage, \u00f6versp\u00e4nningsskydd<\/td>\n<\/tr>\n<tr>\n<td>Installation<\/td>\n<td>V\u00e4ggmonterad<\/td>\n<\/tr>\n<tr>\n<td>K\u00e5pmaterial<\/td>\n<td>Plast<\/td>\n<\/tr>\n<tr>\n<td>Laddningskabell\u00e4ngd<\/td>\n<td>3.5m (Anpassning m\u00f6jlig)<\/td>\n<\/tr>\n<\/tbody>\n<\/table>\n","protected":false},"featured_media":582,"comment_status":"closed","ping_status":"closed","template":"","meta":[],"product_brand":[],"product_cat":[701],"product_tag":[813],"class_list":{"0":"post-1283","1":"product","2":"type-product","3":"status-publish","4":"has-post-thumbnail","6":"product_cat-charger-sv","7":"product_tag-ac-charging-sv","9":"first","10":"instock","11":"shipping-taxable","12":"product-type-simple","13":"prodpage-classic"},"aioseo_notices":[],"_links":{"self":[{"href":"https:\/\/www.pandaexo.com\/sv\/wp-json\/wp\/v2\/product\/1283","targetHints":{"allow":["GET"]}}],"collection":[{"href":"https:\/\/www.pandaexo.com\/sv\/wp-json\/wp\/v2\/product"}],"about":[{"href":"https:\/\/www.pandaexo.com\/sv\/wp-json\/wp\/v2\/types\/product"}],"replies":[{"embeddable":true,"href":"https:\/\/www.pandaexo.com\/sv\/wp-json\/wp\/v2\/comments?post=1283"}],"wp:featuredmedia":[{"embeddable":true,"href":"https:\/\/www.pandaexo.com\/sv\/wp-json\/wp\/v2\/media\/582"}],"wp:attachment":[{"href":"https:\/\/www.pandaexo.com\/sv\/wp-json\/wp\/v2\/media?parent=1283"}],"wp:term":[{"taxonomy":"product_brand","embeddable":true,"href":"https:\/\/www.pandaexo.com\/sv\/wp-json\/wp\/v2\/product_brand?post=1283"},{"taxonomy":"product_cat","embeddable":true,"href":"https:\/\/www.pandaexo.com\/sv\/wp-json\/wp\/v2\/product_cat?post=1283"},{"taxonomy":"product_tag","embeddable":true,"href":"https:\/\/www.pandaexo.com\/sv\/wp-json\/wp\/v2\/product_tag?post=1283"}],"curies":[{"name":"wp","href":"https:\/\/api.w.org\/{rel}","templated":true}]}}