{"id":1502,"date":"2025-11-15T14:00:49","date_gmt":"2025-11-15T06:00:49","guid":{"rendered":"https:\/\/www.pandaexo.com\/about-us\/"},"modified":"2026-03-18T20:23:44","modified_gmt":"2026-03-18T12:23:44","slug":"about-us","status":"publish","type":"page","link":"https:\/\/www.pandaexo.com\/tr\/about-us\/","title":{"rendered":"Hakk\u0131m\u0131zda"},"content":{"rendered":"<p>On y\u0131l\u0131 a\u015fk\u0131n end\u00fcstriyel uzmanl\u0131k ve ultra g\u00fcvenilir silikon k\u00f6pr\u00fc do\u011frultucu \u00fcretimindeki sa\u011flam itibar\u0131m\u0131z \u00fczerine in\u015fa edilen PandaExo, 2019 y\u0131l\u0131nda stratejik bir d\u00f6n\u00fc\u015f yaparak \u00c7in&#8217;in Yeni Enerjili Ara\u00e7 (NEV) end\u00fcstrisinin merkez \u00fcss\u00fc olan Hefei&#8217;ye ta\u015f\u0131nd\u0131. Bug\u00fcn, 28.000 metrekarelik son teknoloji \u00fcretim tesisimizde faaliyet g\u00f6steren 150 profesyonelden olu\u015fan ekibimiz\u2014ki bunlar\u0131n %30&#8217;u tamamen Ar-Ge&#8217;ye adanm\u0131\u015ft\u0131r\u2014misyonumuzu ileriye ta\u015f\u0131maktad\u0131r. Uzman bir bile\u015fen \u00fcreticisinden, y\u00fcksek performansl\u0131 EV \u015farj altyap\u0131s\u0131 ve tam y\u0131\u011f\u0131n g\u00fc\u00e7 \u00e7\u00f6z\u00fcmlerinde k\u00fcresel bir lider sa\u011flay\u0131c\u0131ya ba\u015far\u0131yla evrildik.<\/p>\n<h3>Stratejik K\u00fcresel Varl\u0131k<\/h3>\n<p>Ye\u015fil enerjiye y\u00f6nelik h\u0131zlanan k\u00fcresel talebi kar\u015f\u0131lamak i\u00e7in, uluslararas\u0131 ortaklar\u0131m\u0131za daha iyi hizmet verebilmek ad\u0131na \u00f6zel b\u00f6lgesel merkezler kurduk:<\/p>\n<ul>\n<li><strong>Sichuan Stratejik \u015eubesi (Kurulu\u015f: 2023):<\/strong> Chengdu&#8217;nun Wuhou B\u00f6lgesi&#8217;nde bulunan bu merkez, Orta Asya, Afrika ve Avrupa&#8217;daki pazar geni\u015flemesi i\u00e7in birincil motorumuz olarak hareket ederek, h\u0131zl\u0131 b\u00fcy\u00fcyen b\u00f6lgelere son derece \u00f6zelle\u015ftirilmi\u015f enerji \u00e7\u00f6z\u00fcmleri sunmaktad\u0131r.<\/li>\n<li><strong>Dubai Uluslararas\u0131 \u015eubesi (Kurulu\u015f: 2024):<\/strong> Hayati bir teknik ve ticari sinir merkezi olarak hizmet veren bu \u015fube, Kuzey Amerika, Orta Do\u011fu ve G\u00fcneydo\u011fu Asya&#8217;daki stratejik ortaklar\u0131m\u0131z\u0131 desteklemektedir.<\/li>\n<li><strong>Kan\u0131tlanm\u0131\u015f \u00d6l\u00e7ek &amp; G\u00fcvenilirlik:<\/strong> Lojistik ve m\u00fchendislik yeteneklerimizi sergileyerek, ulusal elektrik \u015febekesi i\u00e7in h\u0131zl\u0131 bir iki ayl\u0131k zaman dilimi i\u00e7inde 300&#8217;den fazla \u015farj istasyonunu ba\u015far\u0131yla \u00fcrettik ve teslim ettik.<\/li>\n<\/ul>\n<p><iframe loading=\"lazy\" title=\"Inside PandaExo&#039;s EV Charger Factory #evcharging\" width=\"500\" height=\"281\" src=\"https:\/\/www.youtube.com\/embed\/9bS9AHcoSIg?feature=oembed\" frameborder=\"0\" allow=\"accelerometer; autoplay; clipboard-write; encrypted-media; gyroscope; picture-in-picture; web-share\" referrerpolicy=\"strict-origin-when-cross-origin\" allowfullscreen><\/iframe><\/p>\n<h3>Yenilik &amp; Ar-Ge<\/h3>\n<p>Ba\u011f\u0131ms\u0131z inovasyonun s\u00fcrd\u00fcr\u00fclebilir bir gelece\u011fin temel ta\u015f\u0131 oldu\u011funa inan\u0131yoruz. \u00d6nde gelen bir ulusal Teknoloji \u00dcniversitesi&#8217;nin Enerji Enstit\u00fcs\u00fc ile uzun vadeli stratejik ortakl\u0131\u011f\u0131m\u0131z arac\u0131l\u0131\u011f\u0131yla, EV \u015farj ekosistemini s\u00fcrekli olarak m\u00fckemmelle\u015ftiriyoruz:<\/p>\n<ul>\n<li><strong>Ak\u0131ll\u0131 Enerji Platformlar\u0131:<\/strong> Sa\u011flam donan\u0131m\u0131 bulut tabanl\u0131 yaz\u0131l\u0131mla entegre ederek, sorunsuz, ger\u00e7ek zamanl\u0131 enerji ve \u015farj y\u00f6netimini m\u00fcmk\u00fcn k\u0131l\u0131yoruz.<\/li>\n<li><strong>En \u0130leri Teknoloji:<\/strong> Operasyonel verimlili\u011fi maksimize etmek i\u00e7in &#8220;Kablolu vs. Kablosuz&#8221; ve &#8220;\u015earj vs. Batarya De\u011fi\u015fim&#8221; metodolojilerini ara\u015ft\u0131rarak kapal\u0131 d\u00f6ng\u00fc enerji sistemlerine \u00f6nc\u00fcl\u00fck ediyoruz.<\/li>\n<li><strong>Fikri M\u00fclkiyet:<\/strong> Teknolojik avantaj\u0131m\u0131z, onlarca faydal\u0131 model patenti ve yaz\u0131l\u0131m telif hakk\u0131 ile korunmaktad\u0131r; bu da m\u00fc\u015fterilerimizin \u00f6zel, d\u00fcnya standartlar\u0131nda yeniliklerden faydalanmas\u0131n\u0131 garanti eder.<\/li>\n<\/ul>\n<h3>Ye\u015fil Evrim<\/h3>\n<p>Elektrikli ara\u00e7lar, k\u00fcresel ula\u015f\u0131m\u0131n tart\u0131\u015fmas\u0131z gelece\u011fidir. Modern &#8220;Yeni Altyap\u0131&#8221;n\u0131n itici g\u00fc\u00e7lerinden biri olarak PandaExo, fosil yak\u0131tlardan uzakla\u015fma ge\u00e7i\u015fini h\u0131zland\u0131rmak i\u00e7in gerekli olan kritik AC ak\u0131ll\u0131 \u015farj ve DC h\u0131zl\u0131 \u015farj sistemlerini tedarik etmektedir.<\/p>\n<p>Son derece esnek EPCO, OEM ve ODM i\u015fbirli\u011fi modellerimiz arac\u0131l\u0131\u011f\u0131yla, d\u00fcnya \u00e7ap\u0131ndaki \u00e7e\u015fitli yerler ve uygulamalar i\u00e7in uyarlanm\u0131\u015f, profesyonel, hizmet odakl\u0131 \u00e7\u00f6z\u00fcmler sunuyoruz. Biz sadece ekipman tedarik etmiyor; daha temiz, elektrikli bir gezegene ge\u00e7i\u015fi g\u00fc\u00e7lendiriyoruz.<\/p>\n<h3>Neden PandaExo&#8217;yu Se\u00e7melisiniz?<\/h3>\n<ul>\n<li><strong>Entegre \u015earj Ekosistemi:<\/strong> Sadece donan\u0131m\u0131n \u00f6tesine ge\u00e7erek, ger\u00e7ek zamanl\u0131 y\u00fck dengelemesi ve enerji y\u00f6netimi i\u00e7in tutarl\u0131 ak\u0131ll\u0131 yaz\u0131l\u0131m ve bulut platformlar\u0131 geli\u015ftirmek \u00fczere birinci s\u0131n\u0131f enerji ara\u015ft\u0131rma enstit\u00fcleri ile ortakl\u0131k kuruyoruz.<\/li>\n<li><strong>Fabrikadan Do\u011frudan \u00d6l\u00e7ek &amp; Hassasiyet:<\/strong> G\u00fc\u00e7 yar\u0131 iletkenlerindeki miras\u0131m\u0131za dayanan 28.000 metrekarelik ileri \u00fcretim tesisimiz, her \u015farj cihaz\u0131n\u0131n end\u00fcstriyel s\u0131n\u0131f g\u00fcvenilirlik sunmas\u0131n\u0131 sa\u011flar.<\/li>\n<li><strong>\u015eebeke \u00d6l\u00e7e\u011finde Kan\u0131tlanm\u0131\u015f Performans:<\/strong> Ulusal elektrik \u015febekeleri taraf\u0131ndan g\u00fcvenilen h\u0131zl\u0131 devreye alma yeteneklerimiz, sadece 60 g\u00fcn i\u00e7inde 300&#8217;den fazla aktif \u015farj istasyonu teslimat\u0131yla kan\u0131tlanm\u0131\u015ft\u0131r.<\/li>\n<li><strong>K\u00fcresel Uyarlanabilir \u00c7\u00f6z\u00fcmler:<\/strong> Kapsaml\u0131 EPCO, OEM ve ODM modellerimiz\u2014\u00f6zel uluslararas\u0131 merkezlerimizle desteklenen\u2014arac\u0131l\u0131\u011f\u0131yla, \u015farj altyap\u0131s\u0131n\u0131 belirli b\u00f6lgesel pazar taleplerine g\u00f6re uyarl\u0131yoruz.<\/li>\n<li><strong>Sertifikal\u0131 G\u00fcvenlik &amp; Dayan\u0131kl\u0131l\u0131k:<\/strong> A\u015f\u0131r\u0131 ortamlar i\u00e7in tasarlanan ekipmanlar\u0131m\u0131z, nihai g\u00fcvenlik i\u00e7in <strong>IP54\/IP67<\/strong> d\u0131\u015f mekan koruma derecelerine ve <strong>UL 94V-0<\/strong> alev geciktirici malzemelerin kullan\u0131m\u0131na sahiptir.<\/li>\n<\/ul>\n<h3>Temel \u00c7\u00f6z\u00fcmlerimiz<\/h3>\n<table class=\"table table-striped table-bordered\">\n<thead>\n<tr>\n<th>\u00c7\u00f6z\u00fcm<\/th>\n<th>A\u00e7\u0131klama<\/th>\n<th>En \u0130yi Kullan\u0131m Alan\u0131<\/th>\n<\/tr>\n<\/thead>\n<tbody>\n<tr>\n<td><a href=\"https:\/\/www.pandaexo.com\/product-tag\/dc-charging\/\"><strong>DC H\u0131zl\u0131 \u015earj<\/strong><\/a><\/td>\n<td>H\u0131zl\u0131 enerji teslimi ve a\u011f\u0131r kullan\u0131m i\u00e7in tasarlanm\u0131\u015f y\u00fcksek g\u00fc\u00e7l\u00fc istasyonlar.<\/td>\n<td>Ticari merkezler, otoyol dinlenme tesisleri<\/td>\n<\/tr>\n<tr>\n<td><a href=\"https:\/\/www.pandaexo.com\/product-tag\/ac-charging\/\"><strong>AC Ak\u0131ll\u0131 \u015earj<\/strong><\/a><\/td>\n<td>G\u00fcvenilir, y\u00fcksek verimli, estetik tasar\u0131ml\u0131 ve ak\u0131ll\u0131 ba\u011flant\u0131l\u0131 \u015farj noktalar\u0131.<\/td>\n<td>Konut siteleri, ofis otoparklar\u0131<\/td>\n<\/tr>\n<tr>\n<td><strong>Yaz\u0131l\u0131m Platformlar\u0131<\/strong><\/td>\n<td>Uzaktan izleme, sorunsuz faturaland\u0131rma ve ak\u0131ll\u0131 y\u00fck dengelemesi i\u00e7in bulut tabanl\u0131 y\u00f6netim sistemleri.<\/td>\n<td>Filoperat\u00f6rleri, kamu hizmeti sa\u011flay\u0131c\u0131lar\u0131<\/td>\n<\/tr>\n<tr>\n<td><strong>\u00d6zelle\u015ftirilmi\u015f OEM\/ODM<\/strong><\/td>\n<td>Markan\u0131z\u0131n \u00f6zel teknik gereksinimlerine g\u00f6re uyarlanm\u0131\u015f u\u00e7tan uca \u00fcretim ve tasar\u0131m hizmetleri.<\/td>\n<td>K\u00fcresel enerji markalar\u0131 ve altyap\u0131 ortaklar\u0131<\/td>\n<\/tr>\n<\/tbody>\n<\/table>\n<p><strong>Gelece\u011fi G\u00fc\u00e7lendirmeye Haz\u0131r m\u0131s\u0131n\u0131z?<\/strong><br \/>\nGeni\u015f bir kamu \u015farj a\u011f\u0131 kuruyor veya \u00f6zel bir ticari filoyu y\u00fckseltiyor olsan\u0131z da, PandaExo bunu ger\u00e7ekle\u015ftirmek i\u00e7in sa\u011flam donan\u0131m ve ak\u0131ll\u0131 yaz\u0131l\u0131m sunar.<\/p>\n<p><img loading=\"lazy\" decoding=\"async\" src=\"https:\/\/www.pandaexo.com\/wp-content\/uploads\/2026\/03\/On-site-photos-of-the-installed-EV-charging-stations-2.webp\" alt=\"Kurulu EV \u015farj istasyonlar\u0131n\u0131n yerinde \u00e7ekilmi\u015f foto\u011fraflar\u0131 (2)\" width=\"1792\" height=\"1101\" \/> <img loading=\"lazy\" decoding=\"async\" src=\"https:\/\/www.pandaexo.com\/wp-content\/uploads\/2026\/03\/On-site-photos-of-the-installed-EV-charging-stations-1.webp\" alt=\"Kurulu EV \u015farj istasyonlar\u0131n\u0131n yerinde \u00e7ekilmi\u015f foto\u011fraflar\u0131 (1)\" width=\"1808\" height=\"1108\" \/><\/p>\n","protected":false},"excerpt":{"rendered":"<p>On y\u0131l\u0131 a\u015fk\u0131n end\u00fcstriyel uzmanl\u0131k ve ultra g\u00fcvenilir silikon k\u00f6pr\u00fc do\u011frultucu \u00fcretimindeki sa\u011flam itibar\u0131m\u0131z \u00fczerine in\u015fa edilen PandaExo, 2019 y\u0131l\u0131nda stratejik bir d\u00f6n\u00fc\u015f yaparak \u00c7in&#8217;in Yeni Enerjili Ara\u00e7 (NEV) end\u00fcstrisinin merkez \u00fcss\u00fc olan Hefei&#8217;ye ta\u015f\u0131nd\u0131. Bug\u00fcn, 28.000 metrekarelik son teknoloji \u00fcretim tesisimizde faaliyet g\u00f6steren 150 profesyonelden olu\u015fan ekibimiz\u2014ki bunlar\u0131n %30&#8217;u tamamen Ar-Ge&#8217;ye adanm\u0131\u015ft\u0131r\u2014misyonumuzu ileriye ta\u015f\u0131maktad\u0131r.<\/p>\n","protected":false},"author":1,"featured_media":0,"parent":0,"menu_order":0,"comment_status":"closed","ping_status":"closed","template":"","meta":{"footnotes":""},"class_list":["post-1502","page","type-page","status-publish","hentry","prodpage-classic"],"aioseo_notices":[],"_links":{"self":[{"href":"https:\/\/www.pandaexo.com\/tr\/wp-json\/wp\/v2\/pages\/1502","targetHints":{"allow":["GET"]}}],"collection":[{"href":"https:\/\/www.pandaexo.com\/tr\/wp-json\/wp\/v2\/pages"}],"about":[{"href":"https:\/\/www.pandaexo.com\/tr\/wp-json\/wp\/v2\/types\/page"}],"author":[{"embeddable":true,"href":"https:\/\/www.pandaexo.com\/tr\/wp-json\/wp\/v2\/users\/1"}],"replies":[{"embeddable":true,"href":"https:\/\/www.pandaexo.com\/tr\/wp-json\/wp\/v2\/comments?post=1502"}],"version-history":[{"count":0,"href":"https:\/\/www.pandaexo.com\/tr\/wp-json\/wp\/v2\/pages\/1502\/revisions"}],"wp:attachment":[{"href":"https:\/\/www.pandaexo.com\/tr\/wp-json\/wp\/v2\/media?parent=1502"}],"curies":[{"name":"wp","href":"https:\/\/api.w.org\/{rel}","templated":true}]}}