{"id":1523,"date":"2016-11-15T14:02:30","date_gmt":"2016-11-15T06:02:30","guid":{"rendered":"https:\/\/www.pandaexo.com\/contact\/"},"modified":"2026-03-18T20:24:34","modified_gmt":"2026-03-18T12:24:34","slug":"contact","status":"publish","type":"page","link":"https:\/\/www.pandaexo.com\/tr\/contact\/","title":{"rendered":"Bize Ula\u015f\u0131n"},"content":{"rendered":"<p>\u0130ster y\u00fcksek hacimli yar\u0131 iletken bile\u015fenlere ihtiyac\u0131n\u0131z olsun, ister kapsaml\u0131 bir elektrikli ara\u00e7 \u015farj altyap\u0131s\u0131 devreye almak isteyin, teknik ekibimiz yard\u0131ma haz\u0131rd\u0131r.<\/p>\n","protected":false},"excerpt":{"rendered":"<p>\u0130ster y\u00fcksek hacimli yar\u0131 iletken bile\u015fenlere ihtiyac\u0131n\u0131z olsun, ister kapsaml\u0131 bir elektrikli ara\u00e7 \u015farj altyap\u0131s\u0131 devreye almak isteyin, teknik ekibimiz yard\u0131ma haz\u0131rd\u0131r.<\/p>\n","protected":false},"author":1,"featured_media":0,"parent":0,"menu_order":0,"comment_status":"closed","ping_status":"closed","template":"","meta":{"footnotes":""},"class_list":["post-1523","page","type-page","status-publish","hentry","prodpage-classic"],"aioseo_notices":[],"_links":{"self":[{"href":"https:\/\/www.pandaexo.com\/tr\/wp-json\/wp\/v2\/pages\/1523","targetHints":{"allow":["GET"]}}],"collection":[{"href":"https:\/\/www.pandaexo.com\/tr\/wp-json\/wp\/v2\/pages"}],"about":[{"href":"https:\/\/www.pandaexo.com\/tr\/wp-json\/wp\/v2\/types\/page"}],"author":[{"embeddable":true,"href":"https:\/\/www.pandaexo.com\/tr\/wp-json\/wp\/v2\/users\/1"}],"replies":[{"embeddable":true,"href":"https:\/\/www.pandaexo.com\/tr\/wp-json\/wp\/v2\/comments?post=1523"}],"version-history":[{"count":0,"href":"https:\/\/www.pandaexo.com\/tr\/wp-json\/wp\/v2\/pages\/1523\/revisions"}],"wp:attachment":[{"href":"https:\/\/www.pandaexo.com\/tr\/wp-json\/wp\/v2\/media?parent=1523"}],"curies":[{"name":"wp","href":"https:\/\/api.w.org\/{rel}","templated":true}]}}