{"id":1243,"date":"2026-03-10T05:06:11","date_gmt":"2026-03-09T21:06:11","guid":{"rendered":"https:\/\/www.pandaexo.com\/shop\/20-30kw-dc-ev-charger-post-mounted\/"},"modified":"2026-03-18T19:33:46","modified_gmt":"2026-03-18T11:33:46","slug":"20-30kw-dc-ev-charger-post-mounted","status":"publish","type":"product","link":"https:\/\/www.pandaexo.com\/tr\/shop\/20-30kw-dc-ev-charger-post-mounted\/","title":{"rendered":"20\/30kW DC EV \u015earj Cihaz\u0131 (Direk Montajl\u0131)"},"content":{"rendered":"<h3>\u00dcr\u00fcn Modeli Adland\u0131rma Kural\u0131<\/h3>\n<p><img loading=\"lazy\" decoding=\"async\" src=\"https:\/\/www.pandaexo.com\/wp-content\/uploads\/2026\/03\/Product-Model-Naming-Convention.webp\" alt=\"\u00dcr\u00fcn Modeli Adland\u0131rma Kural\u0131\" width=\"771\" height=\"369\" \/><\/p>\n<h3>G\u00fc\u00e7 Kablosu Se\u00e7imi<\/h3>\n<table class=\"table table-striped table-bordered\">\n<tbody>\n<tr>\n<td>Toplam Nominal \u00c7\u0131k\u0131\u015f G\u00fcc\u00fc<\/td>\n<td>Nominal Giri\u015f Gerilimi<\/td>\n<td>Nominal Giri\u015f Ak\u0131m\u0131<\/td>\n<td>\u00d6nerilen G\u00fc\u00e7 Kablosu<\/td>\n<\/tr>\n<tr>\n<td height=\"50\">3.5KW<\/td>\n<td height=\"50\">AC220V<\/td>\n<td height=\"50\">16A<\/td>\n<td height=\"50\">ZR-YJV-3*6<\/td>\n<\/tr>\n<tr>\n<td height=\"50\">7KW<\/td>\n<td height=\"50\">AC220V<\/td>\n<td height=\"50\">32A<\/td>\n<td height=\"50\">ZR-YJV-3*10<\/td>\n<\/tr>\n<tr>\n<td height=\"50\">14KW<\/td>\n<td height=\"50\">AC220V<\/td>\n<td height=\"50\">64A<\/td>\n<td height=\"50\">ZR-YJV-3*16<\/td>\n<\/tr>\n<tr>\n<td height=\"50\">30KW<\/td>\n<td height=\"50\">AC380V<\/td>\n<td height=\"50\">45A<\/td>\n<td height=\"50\">ZR-YJV-4*25+1*16<\/td>\n<\/tr>\n<tr>\n<td height=\"50\">60KW<\/td>\n<td height=\"50\">AC380V<\/td>\n<td height=\"50\">91A<\/td>\n<td height=\"50\">ZR-YJV-4*35+1*16<\/td>\n<\/tr>\n<tr>\n<td height=\"50\">90KW<\/td>\n<td height=\"50\">AC380V<\/td>\n<td height=\"50\">136A<\/td>\n<td height=\"50\">ZR-YJV-4*70+1*35<\/td>\n<\/tr>\n<tr>\n<td height=\"50\">120KW<\/td>\n<td height=\"50\">AC380V<\/td>\n<td height=\"50\">182A<\/td>\n<td height=\"50\">ZR-YJV-4*95+1*50<\/td>\n<\/tr>\n<tr>\n<td height=\"50\">160KW<\/td>\n<td height=\"50\">AC380V<\/td>\n<td height=\"50\">243A<\/td>\n<td height=\"50\">ZR-YJV-4*120+1*70<\/td>\n<\/tr>\n<tr>\n<td height=\"50\">240KW<\/td>\n<td height=\"50\">AC380V<\/td>\n<td height=\"50\">365A<\/td>\n<td height=\"50\">ZR-YJV-4*185+1*95<\/td>\n<\/tr>\n<\/tbody>\n<\/table>\n<h3>Yurt D\u0131\u015f\u0131 Garanti Bilgileri<\/h3>\n<p>\u00c7in d\u0131\u015f\u0131ndaki \u015farj istasyonlar\u0131 i\u00e7in, %1 oran\u0131nda hassas yedek par\u00e7a ve 7\/24 uzaktan rehberlik hizmeti sa\u011fl\u0131yoruz.<\/p>\n<h3>Arka Plan Y\u00f6netim Sistemi<\/h3>\n<ul>\n<li><strong>Hiyerar\u015fik Y\u00f6netim<\/strong><br \/>\nOperat\u00f6r seviyesi, \u015farj istasyonu seviyesi ve \u015farj cihaz\u0131 terminal seviyesini kapsayan \u00fc\u00e7 katmanl\u0131 bir y\u00f6netim sistemi uygulay\u0131n. Bu, \u00e7e\u015fitli operat\u00f6rleri b\u00fcy\u00fck bir platformda birle\u015ftirerek \u015farj cihazlar\u0131n\u0131n ve operasyonel verilerin payla\u015f\u0131lmas\u0131n\u0131 sa\u011flar.<\/li>\n<li><strong>Uzaktan \u0130zleme<\/strong><br \/>\nHer bir \u015farj cihaz\u0131n\u0131n durumunu uzaktan izleyin, operasyonel verileri toplay\u0131n ve operasyon y\u00f6netimini basitle\u015ftirmek i\u00e7in \u00e7e\u015fitli t\u00fcrlerde \u00fcretim raporlar\u0131 olu\u015fturun.<\/li>\n<li><strong>Kullan\u0131c\u0131 Y\u00f6netimi<\/strong><br \/>\nAna ak\u0131m \u015farj kartlar\u0131n\u0131 WeChat hesaplar\u0131yla sorunsuz bir \u015fekilde birle\u015ftirin. \u015earj kartlar\u0131 hem \u00e7evrimi\u00e7i hem de \u00e7evrimd\u0131\u015f\u0131 olarak ayn\u0131 anda kullan\u0131labilir, bu da \u015farj i\u015flemini daha uygun hale getirir.<\/li>\n<\/ul>\n<h3>Kurulu EV \u015farj istasyonlar\u0131n\u0131n saha foto\u011fraflar\u0131<\/h3>\n<p><img loading=\"lazy\" decoding=\"async\" class=\"alignnone size-full wp-image-618\" src=\"https:\/\/www.pandaexo.com\/wp-content\/uploads\/2026\/03\/On-site-photos-of-the-installed-EV-charging-stations-1.webp\" alt=\"Kurulu EV \u015farj istasyonlar\u0131n\u0131n saha foto\u011fraflar\u0131 (1)\" width=\"1808\" height=\"1108\" srcset=\"https:\/\/www.pandaexo.com\/wp-content\/uploads\/2026\/03\/On-site-photos-of-the-installed-EV-charging-stations-1.webp 1808w, https:\/\/www.pandaexo.com\/wp-content\/uploads\/2026\/03\/On-site-photos-of-the-installed-EV-charging-stations-1-768x471.webp 768w, https:\/\/www.pandaexo.com\/wp-content\/uploads\/2026\/03\/On-site-photos-of-the-installed-EV-charging-stations-1-1536x941.webp 1536w, https:\/\/www.pandaexo.com\/wp-content\/uploads\/2026\/03\/On-site-photos-of-the-installed-EV-charging-stations-1-280x172.webp 280w, https:\/\/www.pandaexo.com\/wp-content\/uploads\/2026\/03\/On-site-photos-of-the-installed-EV-charging-stations-1-1170x717.webp 1170w, https:\/\/www.pandaexo.com\/wp-content\/uploads\/2026\/03\/On-site-photos-of-the-installed-EV-charging-stations-1-1500x919.webp 1500w\" sizes=\"auto, (max-width: 1808px) 100vw, 1808px\" \/> <img loading=\"lazy\" decoding=\"async\" class=\"alignnone size-full wp-image-619\" src=\"https:\/\/www.pandaexo.com\/wp-content\/uploads\/2026\/03\/On-site-photos-of-the-installed-EV-charging-stations-2.webp\" alt=\"Kurulu EV \u015farj istasyonlar\u0131n\u0131n saha foto\u011fraflar\u0131 (2)\" width=\"1792\" height=\"1101\" srcset=\"https:\/\/www.pandaexo.com\/wp-content\/uploads\/2026\/03\/On-site-photos-of-the-installed-EV-charging-stations-2.webp 1792w, https:\/\/www.pandaexo.com\/wp-content\/uploads\/2026\/03\/On-site-photos-of-the-installed-EV-charging-stations-2-768x472.webp 768w, https:\/\/www.pandaexo.com\/wp-content\/uploads\/2026\/03\/On-site-photos-of-the-installed-EV-charging-stations-2-1536x944.webp 1536w, https:\/\/www.pandaexo.com\/wp-content\/uploads\/2026\/03\/On-site-photos-of-the-installed-EV-charging-stations-2-280x172.webp 280w, https:\/\/www.pandaexo.com\/wp-content\/uploads\/2026\/03\/On-site-photos-of-the-installed-EV-charging-stations-2-1170x719.webp 1170w, https:\/\/www.pandaexo.com\/wp-content\/uploads\/2026\/03\/On-site-photos-of-the-installed-EV-charging-stations-2-1500x922.webp 1500w\" sizes=\"auto, (max-width: 1792px) 100vw, 1792px\" \/><\/p>\n","protected":false},"excerpt":{"rendered":"<table class=\"table table-striped table-bordered\">\n<tbody>\n<tr>\n<td>\u00dcr\u00fcn Modeli<\/td>\n<td>INTEK-DC-20KW\/30KW<\/td>\n<\/tr>\n<tr>\n<td>Giri\u015f Gerilim Aral\u0131\u011f\u0131<\/td>\n<td>380Vac\u00b120%<\/td>\n<\/tr>\n<tr>\n<td>Frekans<\/td>\n<td>50Hz\/60Hz<\/td>\n<\/tr>\n<tr>\n<td>\u00c7\u0131k\u0131\u015f Gerilim Aral\u0131\u011f\u0131<\/td>\n<td>200-1000Vdc<\/td>\n<\/tr>\n<tr>\n<td>Anma Ak\u0131m\u0131<\/td>\n<td>20Adc\/30Adc<\/td>\n<\/tr>\n<tr>\n<td>\u00c7\u0131k\u0131\u015f Maksimum G\u00fcc\u00fc<\/td>\n<td>20kW\/30kW<\/td>\n<\/tr>\n<tr>\n<td>\u015earj Konnekt\u00f6r\u00fc<\/td>\n<td>Tek Konnekt\u00f6r<\/td>\n<\/tr>\n<tr>\n<td>Aktivasyon (Yap\u0131land\u0131rma Se\u00e7enekleri)<\/td>\n<td>POS Cihaz\u0131\/QR Kod Tara\/OCPP&#8217;li RFID \u00d6deme Terminali<\/td>\n<\/tr>\n<tr>\n<td>Ba\u011flant\u0131<\/td>\n<td>Standart RJ45 Aray\u00fcz\u00fc\/4G<\/td>\n<\/tr>\n<tr>\n<td>Kullan\u0131c\u0131 Aray\u00fcz\u00fc<\/td>\n<td>7 \u0130n\u00e7<\/td>\n<\/tr>\n<tr>\n<td>G\u00fcr\u00fclt\u00fc<\/td>\n<td>&lt; 75dB<\/td>\n<\/tr>\n<tr>\n<td>Ak\u0131m Reg\u00fclasyon Do\u011frulu\u011fu<\/td>\n<td>\u2264\u00b11%<\/td>\n<\/tr>\n<tr>\n<td>Gerilim Reg\u00fclasyon Do\u011frulu\u011fu<\/td>\n<td>\u2264\u00b10.5%<\/td>\n<\/tr>\n<tr>\n<td>\u00c7\u0131k\u0131\u015f Ak\u0131m Hatas\u0131<\/td>\n<td>\u2264\u00b11%<\/td>\n<\/tr>\n<tr>\n<td>\u00c7\u0131k\u0131\u015f Gerilim Hatas\u0131<\/td>\n<td>\u2264\u00b10.5%<\/td>\n<\/tr>\n<tr>\n<td>Dielektrik Dayan\u0131m\u0131<\/td>\n<td>\u22652000V<\/td>\n<\/tr>\n<tr>\n<td>Kasa IP Kodu<\/td>\n<td>IP54<\/td>\n<\/tr>\n<tr>\n<td>\u00c7al\u0131\u015fma S\u0131cakl\u0131\u011f\u0131 Aral\u0131\u011f\u0131<\/td>\n<td>-20~50\u00b0C<\/td>\n<\/tr>\n<tr>\n<td>Depolama S\u0131cakl\u0131\u011f\u0131 Aral\u0131\u011f\u0131<\/td>\n<td>-20~70\u00b0C<\/td>\n<\/tr>\n<tr>\n<td>Konnekt\u00f6r Tipi<\/td>\n<td>GB\/T20234.2-2015 Tip C CCS1\/CCS2<\/td>\n<\/tr>\n<tr>\n<td>\u00d6l\u00e7\u00fcm Y\u00f6ntemi<\/td>\n<td>Enerji Sayac\u0131<\/td>\n<\/tr>\n<tr>\n<td>G\u00fcvenilirlik<\/td>\n<td>50000s<\/td>\n<\/tr>\n<tr>\n<td>Koruma Sistemi<\/td>\n<td>A\u015f\u0131r\u0131\/D\u00fc\u015f\u00fck Gerilim, K\u0131sa Devre A\u015f\u0131r\u0131 Y\u00fck, Ka\u00e7ak, A\u015f\u0131r\u0131 Gerilim Korumas\u0131<\/td>\n<\/tr>\n<tr>\n<td>Kurulum<\/td>\n<td>Direk<\/td>\n<\/tr>\n<tr>\n<td>Kasa Malzemesi<\/td>\n<td>Sac Metal<\/td>\n<\/tr>\n<tr>\n<td>\u015earj Kablosu Uzunlu\u011fu<\/td>\n<td>5m (\u00d6zelle\u015ftirme Kabul Edilir)<\/td>\n<\/tr>\n<\/tbody>\n<\/table>\n","protected":false},"featured_media":598,"comment_status":"closed","ping_status":"closed","template":"","meta":[],"product_brand":[],"product_cat":[710],"product_tag":[789],"class_list":{"0":"post-1243","1":"product","2":"type-product","3":"status-publish","4":"has-post-thumbnail","6":"product_cat-charger-tr","7":"product_tag-dc-charging-tr","9":"first","10":"instock","11":"shipping-taxable","12":"product-type-simple","13":"prodpage-classic"},"aioseo_notices":[],"_links":{"self":[{"href":"https:\/\/www.pandaexo.com\/tr\/wp-json\/wp\/v2\/product\/1243","targetHints":{"allow":["GET"]}}],"collection":[{"href":"https:\/\/www.pandaexo.com\/tr\/wp-json\/wp\/v2\/product"}],"about":[{"href":"https:\/\/www.pandaexo.com\/tr\/wp-json\/wp\/v2\/types\/product"}],"replies":[{"embeddable":true,"href":"https:\/\/www.pandaexo.com\/tr\/wp-json\/wp\/v2\/comments?post=1243"}],"wp:featuredmedia":[{"embeddable":true,"href":"https:\/\/www.pandaexo.com\/tr\/wp-json\/wp\/v2\/media\/598"}],"wp:attachment":[{"href":"https:\/\/www.pandaexo.com\/tr\/wp-json\/wp\/v2\/media?parent=1243"}],"wp:term":[{"taxonomy":"product_brand","embeddable":true,"href":"https:\/\/www.pandaexo.com\/tr\/wp-json\/wp\/v2\/product_brand?post=1243"},{"taxonomy":"product_cat","embeddable":true,"href":"https:\/\/www.pandaexo.com\/tr\/wp-json\/wp\/v2\/product_cat?post=1243"},{"taxonomy":"product_tag","embeddable":true,"href":"https:\/\/www.pandaexo.com\/tr\/wp-json\/wp\/v2\/product_tag?post=1243"}],"curies":[{"name":"wp","href":"https:\/\/api.w.org\/{rel}","templated":true}]}}