{"id":1292,"date":"2026-03-08T18:27:57","date_gmt":"2026-03-08T10:27:57","guid":{"rendered":"https:\/\/www.pandaexo.com\/shop\/bridge-rectifier\/"},"modified":"2026-03-18T19:49:44","modified_gmt":"2026-03-18T11:49:44","slug":"bridge-rectifier","status":"publish","type":"product","link":"https:\/\/www.pandaexo.com\/tr\/shop\/bridge-rectifier\/","title":{"rendered":"K\u00f6pr\u00fc Do\u011frultucu"},"content":{"rendered":"<style type=\"text\/css\">\r\n\t\t\t\t#gallery-1 {\r\n\t\t\t\t\tmargin: auto;\r\n\t\t\t\t}\r\n\t\t\t\t#gallery-1 .gallery-item {\r\n\t\t\t\t\tfloat: left;\r\n\t\t\t\t\tmargin-top: 10px;\r\n\t\t\t\t\ttext-align: center;\r\n\t\t\t\t\twidth: 25%;\r\n\t\t\t\t}\r\n\t\t\t\t#gallery-1 .gallery-caption {\r\n\t\t\t\t\tmargin-left: 0;\r\n\t\t\t\t}\r\n\t\t\t<\/style><!-- see gallery_shortcode() in wp-includes\/media.php -->\r\n\t\t\t\n\t\t<div id=\"gallery-1\" class=\"gallery galleryid-1292 mfp-gallery mfp-gallery--images gallery-columns-4 gallery-size-full\"><div class=\"row zn_image_gallery \"><div class=\"col-sm-6 col-md-4 col-lg-3\"><a href=\"https:\/\/www.pandaexo.com\/wp-content\/uploads\/2026\/03\/Bridge-Rectifier-KBU-Series.png\" title=\"\" class=\"hoverBorder\"><img loading=\"lazy\" decoding=\"async\" width=\"1268\" height=\"1751\" src=\"https:\/\/www.pandaexo.com\/wp-content\/uploads\/2026\/03\/Bridge-Rectifier-KBU-Series.png\" class=\"attachment-full size-full\" alt=\"Bridge Rectifier KBU Series\" link=\"file\" columns=\"4\" size=\"full\" ids=\"560,566,565,564,563,562,561,568\" orderby=\"post__in\" include=\"560,566,565,564,563,562,561,568\" srcset=\"https:\/\/www.pandaexo.com\/wp-content\/uploads\/2026\/03\/Bridge-Rectifier-KBU-Series.png 1268w, https:\/\/www.pandaexo.com\/wp-content\/uploads\/2026\/03\/Bridge-Rectifier-KBU-Series-768x1061.png 768w, https:\/\/www.pandaexo.com\/wp-content\/uploads\/2026\/03\/Bridge-Rectifier-KBU-Series-1112x1536.png 1112w, https:\/\/www.pandaexo.com\/wp-content\/uploads\/2026\/03\/Bridge-Rectifier-KBU-Series-135x187.png 135w, https:\/\/www.pandaexo.com\/wp-content\/uploads\/2026\/03\/Bridge-Rectifier-KBU-Series-1170x1616.png 1170w, https:\/\/www.pandaexo.com\/wp-content\/uploads\/2026\/03\/Bridge-Rectifier-KBU-Series-600x829.png 600w\" sizes=\"auto, (max-width: 1268px) 100vw, 1268px\" \/><span class=\"gallery_caption\"><\/span><\/a><\/div><div class=\"col-sm-6 col-md-4 col-lg-3\"><a href=\"https:\/\/www.pandaexo.com\/wp-content\/uploads\/2026\/03\/Bridge-Rectifier-KBP-Series.png\" title=\"\" class=\"hoverBorder\"><img loading=\"lazy\" decoding=\"async\" width=\"1268\" height=\"1751\" src=\"https:\/\/www.pandaexo.com\/wp-content\/uploads\/2026\/03\/Bridge-Rectifier-KBP-Series.png\" class=\"attachment-full size-full\" alt=\"Bridge Rectifier KBP Series\" link=\"file\" columns=\"4\" size=\"full\" ids=\"560,566,565,564,563,562,561,568\" orderby=\"post__in\" include=\"560,566,565,564,563,562,561,568\" srcset=\"https:\/\/www.pandaexo.com\/wp-content\/uploads\/2026\/03\/Bridge-Rectifier-KBP-Series.png 1268w, https:\/\/www.pandaexo.com\/wp-content\/uploads\/2026\/03\/Bridge-Rectifier-KBP-Series-768x1061.png 768w, https:\/\/www.pandaexo.com\/wp-content\/uploads\/2026\/03\/Bridge-Rectifier-KBP-Series-1112x1536.png 1112w, https:\/\/www.pandaexo.com\/wp-content\/uploads\/2026\/03\/Bridge-Rectifier-KBP-Series-135x187.png 135w, https:\/\/www.pandaexo.com\/wp-content\/uploads\/2026\/03\/Bridge-Rectifier-KBP-Series-1170x1616.png 1170w, https:\/\/www.pandaexo.com\/wp-content\/uploads\/2026\/03\/Bridge-Rectifier-KBP-Series-600x829.png 600w\" sizes=\"auto, (max-width: 1268px) 100vw, 1268px\" \/><span class=\"gallery_caption\"><\/span><\/a><\/div><div class=\"col-sm-6 col-md-4 col-lg-3\"><a href=\"https:\/\/www.pandaexo.com\/wp-content\/uploads\/2026\/03\/Bridge-Rectifier-KBL-Series.png\" title=\"\" class=\"hoverBorder\"><img loading=\"lazy\" decoding=\"async\" width=\"1268\" height=\"1751\" src=\"https:\/\/www.pandaexo.com\/wp-content\/uploads\/2026\/03\/Bridge-Rectifier-KBL-Series.png\" class=\"attachment-full size-full\" alt=\"Bridge Rectifier KBL Series\" link=\"file\" columns=\"4\" size=\"full\" ids=\"560,566,565,564,563,562,561,568\" orderby=\"post__in\" include=\"560,566,565,564,563,562,561,568\" srcset=\"https:\/\/www.pandaexo.com\/wp-content\/uploads\/2026\/03\/Bridge-Rectifier-KBL-Series.png 1268w, https:\/\/www.pandaexo.com\/wp-content\/uploads\/2026\/03\/Bridge-Rectifier-KBL-Series-768x1061.png 768w, https:\/\/www.pandaexo.com\/wp-content\/uploads\/2026\/03\/Bridge-Rectifier-KBL-Series-1112x1536.png 1112w, https:\/\/www.pandaexo.com\/wp-content\/uploads\/2026\/03\/Bridge-Rectifier-KBL-Series-135x187.png 135w, https:\/\/www.pandaexo.com\/wp-content\/uploads\/2026\/03\/Bridge-Rectifier-KBL-Series-1170x1616.png 1170w, https:\/\/www.pandaexo.com\/wp-content\/uploads\/2026\/03\/Bridge-Rectifier-KBL-Series-600x829.png 600w\" sizes=\"auto, (max-width: 1268px) 100vw, 1268px\" \/><span class=\"gallery_caption\"><\/span><\/a><\/div><div class=\"col-sm-6 col-md-4 col-lg-3\"><a href=\"https:\/\/www.pandaexo.com\/wp-content\/uploads\/2026\/03\/Bridge-Rectifier-K8-Series.png\" title=\"\" class=\"hoverBorder\"><img loading=\"lazy\" decoding=\"async\" width=\"1268\" height=\"1751\" src=\"https:\/\/www.pandaexo.com\/wp-content\/uploads\/2026\/03\/Bridge-Rectifier-K8-Series.png\" class=\"attachment-full size-full\" alt=\"Bridge Rectifier K8 Series\" link=\"file\" columns=\"4\" size=\"full\" ids=\"560,566,565,564,563,562,561,568\" orderby=\"post__in\" include=\"560,566,565,564,563,562,561,568\" srcset=\"https:\/\/www.pandaexo.com\/wp-content\/uploads\/2026\/03\/Bridge-Rectifier-K8-Series.png 1268w, https:\/\/www.pandaexo.com\/wp-content\/uploads\/2026\/03\/Bridge-Rectifier-K8-Series-768x1061.png 768w, https:\/\/www.pandaexo.com\/wp-content\/uploads\/2026\/03\/Bridge-Rectifier-K8-Series-1112x1536.png 1112w, https:\/\/www.pandaexo.com\/wp-content\/uploads\/2026\/03\/Bridge-Rectifier-K8-Series-135x187.png 135w, https:\/\/www.pandaexo.com\/wp-content\/uploads\/2026\/03\/Bridge-Rectifier-K8-Series-1170x1616.png 1170w, https:\/\/www.pandaexo.com\/wp-content\/uploads\/2026\/03\/Bridge-Rectifier-K8-Series-600x829.png 600w\" sizes=\"auto, (max-width: 1268px) 100vw, 1268px\" \/><span class=\"gallery_caption\"><\/span><\/a><\/div><\/div><div class=\"row zn_image_gallery \"><div class=\"col-sm-6 col-md-4 col-lg-3\"><a href=\"https:\/\/www.pandaexo.com\/wp-content\/uploads\/2026\/03\/Bridge-Rectifier-K6-Series.png\" title=\"\" class=\"hoverBorder\"><img loading=\"lazy\" decoding=\"async\" width=\"1268\" height=\"1751\" src=\"https:\/\/www.pandaexo.com\/wp-content\/uploads\/2026\/03\/Bridge-Rectifier-K6-Series.png\" class=\"attachment-full size-full\" alt=\"Bridge Rectifier K6 Series\" link=\"file\" columns=\"4\" size=\"full\" ids=\"560,566,565,564,563,562,561,568\" orderby=\"post__in\" include=\"560,566,565,564,563,562,561,568\" srcset=\"https:\/\/www.pandaexo.com\/wp-content\/uploads\/2026\/03\/Bridge-Rectifier-K6-Series.png 1268w, https:\/\/www.pandaexo.com\/wp-content\/uploads\/2026\/03\/Bridge-Rectifier-K6-Series-768x1061.png 768w, https:\/\/www.pandaexo.com\/wp-content\/uploads\/2026\/03\/Bridge-Rectifier-K6-Series-1112x1536.png 1112w, https:\/\/www.pandaexo.com\/wp-content\/uploads\/2026\/03\/Bridge-Rectifier-K6-Series-135x187.png 135w, https:\/\/www.pandaexo.com\/wp-content\/uploads\/2026\/03\/Bridge-Rectifier-K6-Series-1170x1616.png 1170w, https:\/\/www.pandaexo.com\/wp-content\/uploads\/2026\/03\/Bridge-Rectifier-K6-Series-600x829.png 600w\" sizes=\"auto, (max-width: 1268px) 100vw, 1268px\" \/><span class=\"gallery_caption\"><\/span><\/a><\/div><div class=\"col-sm-6 col-md-4 col-lg-3\"><a href=\"https:\/\/www.pandaexo.com\/wp-content\/uploads\/2026\/03\/Bridge-Rectifier-K3-Series.png\" title=\"\" class=\"hoverBorder\"><img loading=\"lazy\" decoding=\"async\" width=\"1268\" height=\"1751\" src=\"https:\/\/www.pandaexo.com\/wp-content\/uploads\/2026\/03\/Bridge-Rectifier-K3-Series.png\" class=\"attachment-full size-full\" alt=\"Bridge Rectifier K3 Series\" link=\"file\" columns=\"4\" size=\"full\" ids=\"560,566,565,564,563,562,561,568\" orderby=\"post__in\" include=\"560,566,565,564,563,562,561,568\" srcset=\"https:\/\/www.pandaexo.com\/wp-content\/uploads\/2026\/03\/Bridge-Rectifier-K3-Series.png 1268w, https:\/\/www.pandaexo.com\/wp-content\/uploads\/2026\/03\/Bridge-Rectifier-K3-Series-768x1061.png 768w, https:\/\/www.pandaexo.com\/wp-content\/uploads\/2026\/03\/Bridge-Rectifier-K3-Series-1112x1536.png 1112w, https:\/\/www.pandaexo.com\/wp-content\/uploads\/2026\/03\/Bridge-Rectifier-K3-Series-135x187.png 135w, https:\/\/www.pandaexo.com\/wp-content\/uploads\/2026\/03\/Bridge-Rectifier-K3-Series-1170x1616.png 1170w, https:\/\/www.pandaexo.com\/wp-content\/uploads\/2026\/03\/Bridge-Rectifier-K3-Series-600x829.png 600w\" sizes=\"auto, (max-width: 1268px) 100vw, 1268px\" \/><span class=\"gallery_caption\"><\/span><\/a><\/div><div class=\"col-sm-6 col-md-4 col-lg-3\"><a href=\"https:\/\/www.pandaexo.com\/wp-content\/uploads\/2026\/03\/Bridge-Rectifier-6GBJ-Series.png\" title=\"\" class=\"hoverBorder\"><img loading=\"lazy\" decoding=\"async\" width=\"1268\" height=\"1751\" src=\"https:\/\/www.pandaexo.com\/wp-content\/uploads\/2026\/03\/Bridge-Rectifier-6GBJ-Series.png\" class=\"attachment-full size-full\" alt=\"\" link=\"file\" columns=\"4\" size=\"full\" ids=\"560,566,565,564,563,562,561,568\" orderby=\"post__in\" include=\"560,566,565,564,563,562,561,568\" srcset=\"https:\/\/www.pandaexo.com\/wp-content\/uploads\/2026\/03\/Bridge-Rectifier-6GBJ-Series.png 1268w, https:\/\/www.pandaexo.com\/wp-content\/uploads\/2026\/03\/Bridge-Rectifier-6GBJ-Series-768x1061.png 768w, https:\/\/www.pandaexo.com\/wp-content\/uploads\/2026\/03\/Bridge-Rectifier-6GBJ-Series-1112x1536.png 1112w, https:\/\/www.pandaexo.com\/wp-content\/uploads\/2026\/03\/Bridge-Rectifier-6GBJ-Series-135x187.png 135w, https:\/\/www.pandaexo.com\/wp-content\/uploads\/2026\/03\/Bridge-Rectifier-6GBJ-Series-1170x1616.png 1170w, https:\/\/www.pandaexo.com\/wp-content\/uploads\/2026\/03\/Bridge-Rectifier-6GBJ-Series-600x829.png 600w\" sizes=\"auto, (max-width: 1268px) 100vw, 1268px\" \/><span class=\"gallery_caption\"><\/span><\/a><\/div><div class=\"col-sm-6 col-md-4 col-lg-3\"><a href=\"https:\/\/www.pandaexo.com\/wp-content\/uploads\/2026\/03\/Bridge-Rectifier-4GBJ-Series.png\" title=\"\" class=\"hoverBorder\"><img loading=\"lazy\" decoding=\"async\" width=\"1268\" height=\"1751\" src=\"https:\/\/www.pandaexo.com\/wp-content\/uploads\/2026\/03\/Bridge-Rectifier-4GBJ-Series.png\" class=\"attachment-full size-full\" alt=\"Bridge Rectifier 4GBJ Series\" link=\"file\" columns=\"4\" size=\"full\" ids=\"560,566,565,564,563,562,561,568\" orderby=\"post__in\" include=\"560,566,565,564,563,562,561,568\" srcset=\"https:\/\/www.pandaexo.com\/wp-content\/uploads\/2026\/03\/Bridge-Rectifier-4GBJ-Series.png 1268w, https:\/\/www.pandaexo.com\/wp-content\/uploads\/2026\/03\/Bridge-Rectifier-4GBJ-Series-768x1061.png 768w, https:\/\/www.pandaexo.com\/wp-content\/uploads\/2026\/03\/Bridge-Rectifier-4GBJ-Series-1112x1536.png 1112w, https:\/\/www.pandaexo.com\/wp-content\/uploads\/2026\/03\/Bridge-Rectifier-4GBJ-Series-135x187.png 135w, https:\/\/www.pandaexo.com\/wp-content\/uploads\/2026\/03\/Bridge-Rectifier-4GBJ-Series-1170x1616.png 1170w, https:\/\/www.pandaexo.com\/wp-content\/uploads\/2026\/03\/Bridge-Rectifier-4GBJ-Series-600x829.png 600w\" sizes=\"auto, (max-width: 1268px) 100vw, 1268px\" \/><span class=\"gallery_caption\"><\/span><\/a><\/div><\/div><\/div>\n","protected":false},"excerpt":{"rendered":"<p>Elektronik g\u00fc\u00e7 tasar\u0131mlar\u0131n\u0131z\u0131, kapsaml\u0131 y\u00fcksek performansl\u0131 Tek Fazl\u0131 K\u00f6pr\u00fc Do\u011frultucu serimizle geli\u015ftirin. End\u00fcstriyel ve t\u00fcketici ekipmanlar\u0131nda genel kullan\u0131m i\u00e7in tasarlanan bu do\u011frultucular, tam k\u00f6pr\u00fc konfig\u00fcrasyonunda d\u00f6rt dahili pasiflenmi\u015f silisyum ba\u011flant\u0131 kullanarak alternatif ak\u0131m\u0131 (AC) do\u011fru ak\u0131ma (DC) verimli bir \u015fekilde d\u00f6n\u00fc\u015ft\u00fcr\u00fcr. Dayan\u0131kl\u0131l\u0131k ve g\u00fcvenlik g\u00f6z \u00f6n\u00fcnde bulundurularak tasarlanan bu bile\u015fenler, kal\u0131planm\u0131\u015f plastik teknikler kullan\u0131larak g\u00fcvenilir, d\u00fc\u015f\u00fck maliyetli bir yap\u0131ya sahiptir. Kaps\u00fclleyici plastik malzeme, Underwriters Laboratory (UL) yan\u0131c\u0131l\u0131k s\u0131n\u0131fland\u0131rmas\u0131 94V-0 ta\u015f\u0131r ve devreleriniz i\u00e7in maksimum g\u00fcvenli\u011fi sa\u011flar. Bask\u0131l\u0131 devre kartlar\u0131 (PCB) olu\u015fturuyor veya \u015fasi montaj\u0131 gerektiriyor olsan\u0131z da, do\u011frultucular\u0131m\u0131z y\u00fcksek darbe ak\u0131m\u0131 kapasitesi, d\u00fc\u015f\u00fck ileri voltaj d\u00fc\u015f\u00fc\u015f\u00fc ve y\u00fcksek s\u0131cakl\u0131k lehim dayan\u0131m\u0131 (265\u00b0C \/ 10 saniyeye kadar garanti) sunar.<\/p>\n<h3>\u00d6nemli \u00d6zellikler<\/h3>\n<ul>\n<li><strong>Y\u00fcksek Verimlilikte D\u00f6n\u00fc\u015f\u00fcm:<\/strong> Kararl\u0131 ve g\u00fcvenilir AC&#8217;den DC g\u00fc\u00e7 do\u011frultmas\u0131 i\u00e7in tam k\u00f6pr\u00fc konfig\u00fcrasyonu.<\/li>\n<li><strong>Sa\u011flam ve G\u00fcvenli Yap\u0131:<\/strong> UL 94V-0 yan\u0131c\u0131l\u0131k standartlar\u0131n\u0131 kar\u015f\u0131layan kal\u0131planm\u0131\u015f plastik g\u00f6vde.<\/li>\n<li><strong>Y\u00fcksek Darbe Ak\u0131m\u0131 Kapasitesi:<\/strong> Y\u00fcksek ba\u015flang\u0131\u00e7 ak\u0131mlar\u0131n\u0131 kar\u015f\u0131lamak i\u00e7in yap\u0131lm\u0131\u015ft\u0131r, a\u015fa\u011f\u0131 ak\u0131\u015f elektroni\u011finizi korur.<\/li>\n<li><strong>Montaj \u00c7ok Y\u00f6nl\u00fcl\u00fc\u011f\u00fc:<\/strong> Se\u00e7ili modellerde dahili mesafe ayaklar\u0131 ile Bask\u0131l\u0131 Devre Kart\u0131 (PCB) montaj\u0131 veya \u015fasi montaj se\u00e7enekleri i\u00e7in idealdir.<\/li>\n<li><strong>Termal Dayan\u0131kl\u0131l\u0131k:<\/strong> G\u00fcvenli ve kal\u0131c\u0131 ba\u011flant\u0131lar i\u00e7in garanti edilmi\u015f y\u00fcksek s\u0131cakl\u0131k lehim performans\u0131.<\/li>\n<\/ul>\n<h3>Seri Kar\u015f\u0131la\u015ft\u0131rma K\u0131lavuzu<\/h3>\n<p>\u00d6zel proje ihtiya\u00e7lar\u0131n\u0131z i\u00e7in m\u00fckemmel form fakt\u00f6r\u00fcn\u00fc ve spesifikasyonu 8 \u00f6zel serimizden se\u00e7in:<\/p>\n<table class=\"table table-striped table-bordered\">\n<thead>\n<tr>\n<th>Seri<\/th>\n<th>Paket Stili \/ Form Fakt\u00f6r\u00fc<\/th>\n<th>Bacak Konfig\u00fcrasyonu<\/th>\n<th>\u00d6ne \u00c7\u0131kan \u00d6zellikler ve Uygulamalar<\/th>\n<\/tr>\n<\/thead>\n<tbody>\n<tr>\n<td><strong>KBP<\/strong><\/td>\n<td>Kompakt Dikd\u00f6rtgen<\/td>\n<td>Hizal\u0131 Bacaklar<\/td>\n<td>Dahili PCB mesafe ayaklar\u0131; Alan k\u0131s\u0131tl\u0131 PCB montaj\u0131 i\u00e7in son derece kompakt, ideal.<\/td>\n<\/tr>\n<tr>\n<td><strong>KBL<\/strong><\/td>\n<td>Standart Dikd\u00f6rtgen<\/td>\n<td>Hizal\u0131 Bacaklar<\/td>\n<td>Dahili PCB mesafe ayaklar\u0131; Geli\u015fmi\u015f elektriksel yal\u0131t\u0131m i\u00e7in y\u00fcksek kasa dielektrik dayan\u0131m\u0131.<\/td>\n<\/tr>\n<tr>\n<td><strong>KBU<\/strong><\/td>\n<td>Delikli D\u00fcz Dikd\u00f6rtgen<\/td>\n<td>Hizal\u0131 Bacaklar<\/td>\n<td>Is\u0131 emiciler i\u00e7in \u00f6zel montaj deli\u011fi \u00f6zelli\u011fi; Polarite sembolleri g\u00f6vde \u00fczerinde net \u015fekilde kal\u0131planm\u0131\u015f.<\/td>\n<\/tr>\n<tr>\n<td><strong>6GBJ<\/strong><\/td>\n<td>\u0130nce \/ D\u00fcz Profil<\/td>\n<td>Hizal\u0131 Bacaklar<\/td>\n<td>1500VRMS ola\u011fan\u00fcst\u00fc y\u00fcksek kasa dielektrik dayan\u0131m\u0131; \u0130nce hat PCB tasar\u0131mlar\u0131 i\u00e7in ideal.<\/td>\n<\/tr>\n<tr>\n<td><strong>4GBJ<\/strong><\/td>\n<td>\u0130nce \/ D\u00fcz Profil<\/td>\n<td>Hizal\u0131 Bacaklar<\/td>\n<td>1000V PRV&#8217;ye (Tepe Ters Voltaj) kadar derecelendirme; Daha y\u00fcksek verimlilik i\u00e7in d\u00fc\u015f\u00fck ileri voltaj d\u00fc\u015f\u00fc\u015f\u00fc sa\u011flar.<\/td>\n<\/tr>\n<tr>\n<td><strong>K3<\/strong><\/td>\n<td>Kompakt Kare<\/td>\n<td>Tel Bacaklar (Izgara)<\/td>\n<td>K\u00fc\u00e7\u00fck bir ayak izinde y\u00fcksek darbe kapasitesi sunan tek fazl\u0131 tam k\u00f6pr\u00fc (KBPC serisi stili).<\/td>\n<\/tr>\n<tr>\n<td><strong>K6<\/strong><\/td>\n<td>Kompakt Kare<\/td>\n<td>Tel Bacaklar (Izgara)<\/td>\n<td>RoHS direktifi 2002\/95\/EC&#8217;ye tam uyumluluk; \u00c7evre dostu standart yap\u0131.<\/td>\n<\/tr>\n<tr>\n<td><strong>K8<\/strong><\/td>\n<td>Kompakt Kare<\/td>\n<td>Tel Bacaklar (Izgara)<\/td>\n<td>Geni\u015f bir \u00e7al\u0131\u015fma s\u0131cakl\u0131\u011f\u0131 aral\u0131\u011f\u0131na sahip tam karakterize edilmi\u015f veri; PCB veya \u015fasi montaj\u0131 i\u00e7in uygundur.<\/td>\n<\/tr>\n<\/tbody>\n<\/table>\n","protected":false},"featured_media":569,"comment_status":"closed","ping_status":"closed","template":"","meta":[],"product_brand":[],"product_cat":[679],"product_tag":[],"class_list":{"0":"post-1292","1":"product","2":"type-product","3":"status-publish","4":"has-post-thumbnail","6":"product_cat-semiconductor-tr","8":"first","9":"instock","10":"shipping-taxable","11":"product-type-simple","12":"prodpage-classic"},"aioseo_notices":[],"_links":{"self":[{"href":"https:\/\/www.pandaexo.com\/tr\/wp-json\/wp\/v2\/product\/1292","targetHints":{"allow":["GET"]}}],"collection":[{"href":"https:\/\/www.pandaexo.com\/tr\/wp-json\/wp\/v2\/product"}],"about":[{"href":"https:\/\/www.pandaexo.com\/tr\/wp-json\/wp\/v2\/types\/product"}],"replies":[{"embeddable":true,"href":"https:\/\/www.pandaexo.com\/tr\/wp-json\/wp\/v2\/comments?post=1292"}],"wp:featuredmedia":[{"embeddable":true,"href":"https:\/\/www.pandaexo.com\/tr\/wp-json\/wp\/v2\/media\/569"}],"wp:attachment":[{"href":"https:\/\/www.pandaexo.com\/tr\/wp-json\/wp\/v2\/media?parent=1292"}],"wp:term":[{"taxonomy":"product_brand","embeddable":true,"href":"https:\/\/www.pandaexo.com\/tr\/wp-json\/wp\/v2\/product_brand?post=1292"},{"taxonomy":"product_cat","embeddable":true,"href":"https:\/\/www.pandaexo.com\/tr\/wp-json\/wp\/v2\/product_cat?post=1292"},{"taxonomy":"product_tag","embeddable":true,"href":"https:\/\/www.pandaexo.com\/tr\/wp-json\/wp\/v2\/product_tag?post=1292"}],"curies":[{"name":"wp","href":"https:\/\/api.w.org\/{rel}","templated":true}]}}