{"id":1504,"date":"2025-11-15T14:00:49","date_gmt":"2025-11-15T06:00:49","guid":{"rendered":"https:\/\/www.pandaexo.com\/about-us\/"},"modified":"2026-03-18T20:23:42","modified_gmt":"2026-03-18T12:23:42","slug":"about-us","status":"publish","type":"page","link":"https:\/\/www.pandaexo.com\/vi\/about-us\/","title":{"rendered":"V\u1ec1 Ch\u00fang T\u00f4i"},"content":{"rendered":"<p>X\u00e2y d\u1ef1ng tr\u00ean h\u01a1n m\u1ed9t th\u1eadp k\u1ef7 chuy\u00ean m\u00f4n c\u00f4ng nghi\u1ec7p v\u00e0 danh ti\u1ebfng v\u1eefng ch\u1eafc v\u1ec1 s\u1ea3n xu\u1ea5t c\u1ea7u ch\u1ec9nh l\u01b0u silicon si\u00eau b\u1ec1n, PandaExo \u0111\u00e3 chuy\u1ec3n h\u01b0\u1edbng chi\u1ebfn l\u01b0\u1ee3c v\u00e0o n\u0103m 2019 \u0111\u1ebfn trung t\u00e2m c\u1ee7a ng\u00e0nh c\u00f4ng nghi\u1ec7p Xe N\u0103ng l\u01b0\u1ee3ng M\u1edbi (NEV) Trung Qu\u1ed1c &#8211; H\u1ee3p Ph\u00ec. Ng\u00e0y nay, ho\u1ea1t \u0111\u1ed9ng t\u1eeb m\u1ed9t c\u01a1 s\u1edf s\u1ea3n xu\u1ea5t hi\u1ec7n \u0111\u1ea1i r\u1ed9ng 28.000 m\u00e9t vu\u00f4ng, \u0111\u1ed9i ng\u0169 150 chuy\u00ean gia c\u1ee7a ch\u00fang t\u00f4i\u201430% trong s\u1ed1 \u0111\u00f3 ho\u00e0n to\u00e0n d\u00e0nh cho R&amp;D\u2014th\u00fac \u0111\u1ea9y s\u1ee9 m\u1ec7nh c\u1ee7a ch\u00fang t\u00f4i ti\u1ebfn l\u00ean. Ch\u00fang t\u00f4i \u0111\u00e3 ph\u00e1t tri\u1ec3n th\u00e0nh c\u00f4ng t\u1eeb m\u1ed9t nh\u00e0 s\u1ea3n xu\u1ea5t linh ki\u1ec7n chuy\u00ean bi\u1ec7t tr\u1edf th\u00e0nh nh\u00e0 cung c\u1ea5p h\u00e0ng \u0111\u1ea7u to\u00e0n c\u1ea7u v\u1ec1 c\u01a1 s\u1edf h\u1ea1 t\u1ea7ng s\u1ea1c EV hi\u1ec7u su\u1ea5t cao v\u00e0 c\u00e1c gi\u1ea3i ph\u00e1p ngu\u1ed3n \u0111i\u1ec7n to\u00e0n di\u1ec7n.<\/p>\n<h3>D\u1ea5u \u1ea4n To\u00e0n C\u1ea7u Chi\u1ebfn L\u01b0\u1ee3c<\/h3>\n<p>\u0110\u1ec3 \u0111\u00e1p \u1ee9ng nhu c\u1ea7u n\u0103ng l\u01b0\u1ee3ng xanh to\u00e0n c\u1ea7u ng\u00e0y c\u00e0ng t\u0103ng t\u1ed1c, ch\u00fang t\u00f4i \u0111\u00e3 thi\u1ebft l\u1eadp c\u00e1c trung t\u00e2m khu v\u1ef1c chuy\u00ean bi\u1ec7t \u0111\u1ec3 ph\u1ee5c v\u1ee5 t\u1ed1t h\u01a1n c\u00e1c \u0111\u1ed1i t\u00e1c qu\u1ed1c t\u1ebf:<\/p>\n<ul>\n<li><strong>Chi nh\u00e1nh Chi\u1ebfn l\u01b0\u1ee3c T\u1ee9 Xuy\u00ean (Th\u00e0nh l\u1eadp 2023):<\/strong> \u0110\u1eb7t t\u1ea1i qu\u1eadn V\u0169 H\u1ea7u, Th\u00e0nh \u0110\u00f4, trung t\u00e2m n\u00e0y \u0111\u00f3ng vai tr\u00f2 l\u00e0 \u0111\u1ed9ng c\u01a1 ch\u00ednh cho vi\u1ec7c m\u1edf r\u1ed9ng th\u1ecb tr\u01b0\u1eddng c\u1ee7a ch\u00fang t\u00f4i tr\u00ean kh\u1eafp Trung \u00c1, Ch\u00e2u Phi v\u00e0 Ch\u00e2u \u00c2u, cung c\u1ea5p c\u00e1c gi\u1ea3i ph\u00e1p n\u0103ng l\u01b0\u1ee3ng \u0111\u01b0\u1ee3c t\u00f9y ch\u1ec9nh cao cho c\u00e1c khu v\u1ef1c t\u0103ng tr\u01b0\u1edfng nhanh.<\/li>\n<li><strong>Chi nh\u00e1nh Qu\u1ed1c t\u1ebf Dubai (Th\u00e0nh l\u1eadp 2024):<\/strong> \u0110\u00f3ng vai tr\u00f2 l\u00e0 m\u1ed9t trung t\u00e2m k\u1ef9 thu\u1eadt v\u00e0 th\u01b0\u01a1ng m\u1ea1i quan tr\u1ecdng, chi nh\u00e1nh n\u00e0y h\u1ed7 tr\u1ee3 c\u00e1c \u0111\u1ed1i t\u00e1c chi\u1ebfn l\u01b0\u1ee3c c\u1ee7a ch\u00fang t\u00f4i tr\u00ean kh\u1eafp B\u1eafc M\u1ef9, Trung \u0110\u00f4ng v\u00e0 \u0110\u00f4ng Nam \u00c1.<\/li>\n<li><strong>Quy m\u00f4 &amp; \u0110\u1ed9 tin c\u1eady \u0110\u00e3 \u0111\u01b0\u1ee3c Ch\u1ee9ng minh:<\/strong> Th\u1ec3 hi\u1ec7n n\u0103ng l\u1ef1c h\u1eadu c\u1ea7n v\u00e0 k\u1ef9 thu\u1eadt c\u1ee7a ch\u00fang t\u00f4i, ch\u00fang t\u00f4i \u0111\u00e3 s\u1ea3n xu\u1ea5t v\u00e0 giao h\u00e0ng th\u00e0nh c\u00f4ng h\u01a1n 300 tr\u1ea1m s\u1ea1c cho l\u01b0\u1edbi \u0111i\u1ec7n qu\u1ed1c gia trong v\u00f2ng hai th\u00e1ng ng\u1eafn ng\u1ee7i.<\/li>\n<\/ul>\n<p><iframe loading=\"lazy\" title=\"Inside PandaExo&#039;s EV Charger Factory #evcharging\" width=\"500\" height=\"281\" src=\"https:\/\/www.youtube.com\/embed\/9bS9AHcoSIg?feature=oembed\" frameborder=\"0\" allow=\"accelerometer; autoplay; clipboard-write; encrypted-media; gyroscope; picture-in-picture; web-share\" referrerpolicy=\"strict-origin-when-cross-origin\" allowfullscreen><\/iframe><\/p>\n<h3>\u0110\u1ed5i m\u1edbi &amp; Nghi\u00ean c\u1ee9u &amp; Ph\u00e1t tri\u1ec3n<\/h3>\n<p>Ch\u00fang t\u00f4i tin r\u1eb1ng \u0111\u1ed5i m\u1edbi \u0111\u1ed9c l\u1eadp l\u00e0 n\u1ec1n t\u1ea3ng cho m\u1ed9t t\u01b0\u01a1ng lai b\u1ec1n v\u1eefng. Th\u00f4ng qua quan h\u1ec7 \u0111\u1ed1i t\u00e1c chi\u1ebfn l\u01b0\u1ee3c d\u00e0i h\u1ea1n v\u1edbi Vi\u1ec7n N\u0103ng l\u01b0\u1ee3ng c\u1ee7a m\u1ed9t tr\u01b0\u1eddng \u0110\u1ea1i h\u1ecdc C\u00f4ng ngh\u1ec7 h\u00e0ng \u0111\u1ea7u qu\u1ed1c gia, ch\u00fang t\u00f4i \u0111ang kh\u00f4ng ng\u1eebng ho\u00e0n thi\u1ec7n h\u1ec7 sinh th\u00e1i s\u1ea1c EV:<\/p>\n<ul>\n<li><strong>N\u1ec1n t\u1ea3ng N\u0103ng l\u01b0\u1ee3ng Th\u00f4ng minh:<\/strong> Ch\u00fang t\u00f4i t\u00edch h\u1ee3p ph\u1ea7n c\u1ee9ng m\u1ea1nh m\u1ebd v\u1edbi ph\u1ea7n m\u1ec1m d\u1ef1a tr\u00ean \u0111\u00e1m m\u00e2y \u0111\u1ec3 cho ph\u00e9p qu\u1ea3n l\u00fd n\u0103ng l\u01b0\u1ee3ng v\u00e0 s\u1ea1c li\u1ec1n m\u1ea1ch, theo th\u1eddi gian th\u1ef1c.<\/li>\n<li><strong>C\u00f4ng ngh\u1ec7 Ti\u00ean phong:<\/strong> Ch\u00fang t\u00f4i \u0111ang ti\u00ean phong trong c\u00e1c h\u1ec7 th\u1ed1ng n\u0103ng l\u01b0\u1ee3ng v\u00f2ng k\u00edn\u2014kh\u00e1m ph\u00e1 c\u00e1c ph\u01b0\u01a1ng ph\u00e1p &#8220;S\u1ea1c c\u00f3 d\u00e2y so v\u1edbi Kh\u00f4ng d\u00e2y&#8221; v\u00e0 &#8220;S\u1ea1c so v\u1edbi Ho\u00e1n \u0111\u1ed5i Pin&#8221; \u0111\u1ec3 t\u1ed1i \u0111a h\u00f3a hi\u1ec7u qu\u1ea3 ho\u1ea1t \u0111\u1ed9ng.<\/li>\n<li><strong>S\u1edf h\u1eefu Tr\u00ed tu\u1ec7:<\/strong> L\u1ee3i th\u1ebf c\u00f4ng ngh\u1ec7 c\u1ee7a ch\u00fang t\u00f4i \u0111\u01b0\u1ee3c b\u1ea3o v\u1ec7 b\u1edfi h\u00e0ng ch\u1ee5c b\u1eb1ng s\u00e1ng ch\u1ebf m\u00f4 h\u00ecnh h\u1eefu \u00edch v\u00e0 b\u1ea3n quy\u1ec1n ph\u1ea7n m\u1ec1m, \u0111\u1ea3m b\u1ea3o r\u1eb1ng kh\u00e1ch h\u00e0ng c\u1ee7a ch\u00fang t\u00f4i \u0111\u01b0\u1ee3c h\u01b0\u1edfng l\u1ee3i t\u1eeb nh\u1eefng \u0111\u1ed5i m\u1edbi \u0111\u1ed9c quy\u1ec1n, \u0111\u1eb3ng c\u1ea5p th\u1ebf gi\u1edbi.<\/li>\n<\/ul>\n<h3>Cu\u1ed9c C\u00e1ch m\u1ea1ng Xanh<\/h3>\n<p>Xe \u0111i\u1ec7n l\u00e0 t\u01b0\u01a1ng lai kh\u00f4ng th\u1ec3 ph\u1ee7 nh\u1eadn c\u1ee7a ng\u00e0nh di chuy\u1ec3n to\u00e0n c\u1ea7u. L\u00e0 m\u1ed9t \u0111\u1ed9ng l\u1ef1c trong &#8220;C\u01a1 s\u1edf h\u1ea1 t\u1ea7ng M\u1edbi&#8221; hi\u1ec7n \u0111\u1ea1i, PandaExo cung c\u1ea5p c\u00e1c h\u1ec7 th\u1ed1ng s\u1ea1c th\u00f4ng minh AC quan tr\u1ecdng v\u00e0 s\u1ea1c nhanh DC c\u1ea7n thi\u1ebft \u0111\u1ec3 th\u00fac \u0111\u1ea9y qu\u00e1 tr\u00ecnh chuy\u1ec3n \u0111\u1ed5i kh\u1ecfi nhi\u00ean li\u1ec7u h\u00f3a th\u1ea1ch.<\/p>\n<p>Th\u00f4ng qua c\u00e1c m\u00f4 h\u00ecnh h\u1ee3p t\u00e1c EPCO, OEM v\u00e0 ODM linh ho\u1ea1t cao, ch\u00fang t\u00f4i cung c\u1ea5p c\u00e1c gi\u1ea3i ph\u00e1p chuy\u00ean nghi\u1ec7p, h\u01b0\u1edbng d\u1ecbch v\u1ee5 \u0111\u01b0\u1ee3c \u0111i\u1ec1u ch\u1ec9nh cho nhi\u1ec1u \u0111\u1ecba \u0111i\u1ec3m v\u00e0 \u1ee9ng d\u1ee5ng tr\u00ean to\u00e0n th\u1ebf gi\u1edbi. Ch\u00fang t\u00f4i l\u00e0m nhi\u1ec1u h\u01a1n l\u00e0 cung c\u1ea5p thi\u1ebft b\u1ecb; ch\u00fang t\u00f4i trao quy\u1ec1n cho qu\u00e1 tr\u00ecnh chuy\u1ec3n \u0111\u1ed5i sang m\u1ed9t h\u00e0nh tinh s\u1ea1ch h\u01a1n, \u0111i\u1ec7n kh\u00ed h\u00f3a.<\/p>\n<h3>T\u1ea1i Sao Ch\u1ecdn PandaExo?<\/h3>\n<ul>\n<li><strong>H\u1ec7 Sinh th\u00e1i S\u1ea1c T\u00edch h\u1ee3p:<\/strong> V\u01b0\u1ee3t ra ngo\u00e0i ph\u1ea7n c\u1ee9ng, ch\u00fang t\u00f4i h\u1ee3p t\u00e1c v\u1edbi c\u00e1c vi\u1ec7n nghi\u00ean c\u1ee9u n\u0103ng l\u01b0\u1ee3ng h\u00e0ng \u0111\u1ea7u \u0111\u1ec3 ph\u00e1t tri\u1ec3n ph\u1ea7n m\u1ec1m th\u00f4ng minh g\u1eafn k\u1ebft v\u00e0 n\u1ec1n t\u1ea3ng \u0111\u00e1m m\u00e2y cho vi\u1ec7c c\u00e2n b\u1eb1ng t\u1ea3i v\u00e0 qu\u1ea3n l\u00fd n\u0103ng l\u01b0\u1ee3ng th\u1eddi gian th\u1ef1c.<\/li>\n<li><strong>Quy m\u00f4 &amp; \u0110\u1ed9 ch\u00ednh x\u00e1c Tr\u1ef1c ti\u1ebfp t\u1eeb Nh\u00e0 m\u00e1y:<\/strong> B\u1eaft ngu\u1ed3n t\u1eeb di s\u1ea3n ch\u1ea5t b\u00e1n d\u1eabn c\u00f4ng su\u1ea5t c\u1ee7a ch\u00fang t\u00f4i, c\u01a1 s\u1edf s\u1ea3n xu\u1ea5t ti\u00ean ti\u1ebfn r\u1ed9ng 28.000 m\u00e9t vu\u00f4ng \u0111\u1ea3m b\u1ea3o m\u1ed7i b\u1ed9 s\u1ea1c \u0111\u1ec1u mang l\u1ea1i \u0111\u1ed9 tin c\u1eady c\u1ea5p c\u00f4ng nghi\u1ec7p.<\/li>\n<li><strong>Hi\u1ec7u su\u1ea5t \u0110\u00e3 \u0111\u01b0\u1ee3c Ch\u1ee9ng minh \u1edf Quy m\u00f4 L\u01b0\u1edbi \u0111i\u1ec7n:<\/strong> \u0110\u01b0\u1ee3c c\u00e1c l\u01b0\u1edbi \u0111i\u1ec7n qu\u1ed1c gia tin t\u01b0\u1edfng, kh\u1ea3 n\u0103ng tri\u1ec3n khai nhanh ch\u00f3ng c\u1ee7a ch\u00fang t\u00f4i \u0111\u00e3 \u0111\u01b0\u1ee3c ch\u1ee9ng minh b\u1eb1ng vi\u1ec7c giao h\u00e0ng h\u01a1n 300 tr\u1ea1m s\u1ea1c ho\u1ea1t \u0111\u1ed9ng ch\u1ec9 trong 60 ng\u00e0y.<\/li>\n<li><strong>Gi\u1ea3i ph\u00e1p Th\u00edch \u1ee9ng To\u00e0n c\u1ea7u:<\/strong> Th\u00f4ng qua c\u00e1c m\u00f4 h\u00ecnh EPCO, OEM v\u00e0 ODM to\u00e0n di\u1ec7n c\u1ee7a ch\u00fang t\u00f4i\u2014\u0111\u01b0\u1ee3c h\u1ed7 tr\u1ee3 b\u1edfi c\u00e1c trung t\u00e2m qu\u1ed1c t\u1ebf chuy\u00ean bi\u1ec7t\u2014ch\u00fang t\u00f4i \u0111i\u1ec1u ch\u1ec9nh c\u01a1 s\u1edf h\u1ea1 t\u1ea7ng s\u1ea1c cho nhu c\u1ea7u th\u1ecb tr\u01b0\u1eddng khu v\u1ef1c c\u1ee5 th\u1ec3.<\/li>\n<li><strong>An to\u00e0n &amp; \u0110\u1ed9 b\u1ec1n \u0110\u01b0\u1ee3c Ch\u1ee9ng nh\u1eadn:<\/strong> \u0110\u01b0\u1ee3c thi\u1ebft k\u1ebf cho m\u00f4i tr\u01b0\u1eddng kh\u1eafc nghi\u1ec7t, thi\u1ebft b\u1ecb c\u1ee7a ch\u00fang t\u00f4i c\u00f3 x\u1ebfp h\u1ea1ng b\u1ea3o v\u1ec7 ngo\u00e0i tr\u1eddi <strong>IP54\/IP67<\/strong> v\u00e0 s\u1eed d\u1ee5ng v\u1eadt li\u1ec7u ch\u1ed1ng ch\u00e1y <strong>UL 94V-0<\/strong> \u0111\u1ec3 \u0111\u1ea3m b\u1ea3o an to\u00e0n t\u1ed1i \u0111a.<\/li>\n<\/ul>\n<h3>Gi\u1ea3i ph\u00e1p C\u1ed1t l\u00f5i c\u1ee7a Ch\u00fang t\u00f4i<\/h3>\n<table class=\"table table-striped table-bordered\">\n<thead>\n<tr>\n<th>Gi\u1ea3i ph\u00e1p<\/th>\n<th>M\u00f4 t\u1ea3<\/th>\n<th>Ph\u00f9 h\u1ee3p nh\u1ea5t cho<\/th>\n<\/tr>\n<\/thead>\n<tbody>\n<tr>\n<td><a href=\"https:\/\/www.pandaexo.com\/product-tag\/dc-charging\/\"><strong>S\u1ea1c Nhanh DC<\/strong><\/a><\/td>\n<td>Tr\u1ea1m c\u00f4ng su\u1ea5t cao \u0111\u01b0\u1ee3c thi\u1ebft k\u1ebf \u0111\u1ec3 cung c\u1ea5p n\u0103ng l\u01b0\u1ee3ng nhanh ch\u00f3ng v\u00e0 s\u1eed d\u1ee5ng n\u1eb7ng.<\/td>\n<td>Trung t\u00e2m th\u01b0\u01a1ng m\u1ea1i, tr\u1ea1m d\u1ecbch v\u1ee5 \u0111\u01b0\u1eddng cao t\u1ed1c<\/td>\n<\/tr>\n<tr>\n<td><a href=\"https:\/\/www.pandaexo.com\/product-tag\/ac-charging\/\"><strong>S\u1ea1c Th\u00f4ng minh AC<\/strong><\/a><\/td>\n<td>\u0110i\u1ec3m s\u1ea1c \u0111\u00e1ng tin c\u1eady, hi\u1ec7u qu\u1ea3 cao, thi\u1ebft k\u1ebf th\u1ea9m m\u1ef9 v\u1edbi k\u1ebft n\u1ed1i th\u00f4ng minh.<\/td>\n<td>Khu ph\u1ee9c h\u1ee3p d\u00e2n c\u01b0, b\u00e3i \u0111\u1eadu xe v\u0103n ph\u00f2ng<\/td>\n<\/tr>\n<tr>\n<td><strong>N\u1ec1n t\u1ea3ng Ph\u1ea7n m\u1ec1m<\/strong><\/td>\n<td>H\u1ec7 th\u1ed1ng qu\u1ea3n l\u00fd d\u1ef1a tr\u00ean \u0111\u00e1m m\u00e2y \u0111\u1ec3 gi\u00e1m s\u00e1t t\u1eeb xa, thanh to\u00e1n li\u1ec1n m\u1ea1ch v\u00e0 c\u00e2n b\u1eb1ng t\u1ea3i th\u00f4ng minh.<\/td>\n<td>\u0110\u01a1n v\u1ecb v\u1eadn h\u00e0nh \u0111\u1ed9i xe, nh\u00e0 cung c\u1ea5p ti\u1ec7n \u00edch<\/td>\n<\/tr>\n<tr>\n<td><strong>OEM\/ODM T\u00f9y ch\u1ec9nh<\/strong><\/td>\n<td>D\u1ecbch v\u1ee5 s\u1ea3n xu\u1ea5t v\u00e0 thi\u1ebft k\u1ebf end-to-end \u0111\u01b0\u1ee3c \u0111i\u1ec1u ch\u1ec9nh theo y\u00eau c\u1ea7u k\u1ef9 thu\u1eadt c\u1ee5 th\u1ec3 c\u1ee7a th\u01b0\u01a1ng hi\u1ec7u c\u1ee7a b\u1ea1n.<\/td>\n<td>Th\u01b0\u01a1ng hi\u1ec7u n\u0103ng l\u01b0\u1ee3ng v\u00e0 \u0111\u1ed1i t\u00e1c c\u01a1 s\u1edf h\u1ea1 t\u1ea7ng to\u00e0n c\u1ea7u<\/td>\n<\/tr>\n<\/tbody>\n<\/table>\n<p><strong>S\u1eb5n s\u00e0ng cung c\u1ea5p n\u0103ng l\u01b0\u1ee3ng cho t\u01b0\u01a1ng lai?<\/strong><br \/>\nCho d\u00f9 b\u1ea1n \u0111ang tri\u1ec3n khai m\u1ed9t m\u1ea1ng l\u01b0\u1edbi tr\u1ea1m s\u1ea1c c\u00f4ng c\u1ed9ng r\u1ed9ng kh\u1eafp hay n\u00e2ng c\u1ea5p \u0111\u1ed9i xe th\u01b0\u01a1ng m\u1ea1i t\u01b0 nh\u00e2n, PandaExo cung c\u1ea5p ph\u1ea7n c\u1ee9ng m\u1ea1nh m\u1ebd v\u00e0 ph\u1ea7n m\u1ec1m th\u00f4ng minh \u0111\u1ec3 hi\u1ec7n th\u1ef1c h\u00f3a \u0111i\u1ec1u \u0111\u00f3.<\/p>\n<p><img loading=\"lazy\" decoding=\"async\" src=\"https:\/\/www.pandaexo.com\/wp-content\/uploads\/2026\/03\/On-site-photos-of-the-installed-EV-charging-stations-2.webp\" alt=\"\u1ea2nh ch\u1ee5p th\u1ef1c t\u1ebf c\u00e1c tr\u1ea1m s\u1ea1c xe \u0111i\u1ec7n \u0111\u00e3 \u0111\u01b0\u1ee3c l\u1eafp \u0111\u1eb7t (2)\" width=\"1792\" height=\"1101\" \/> <img loading=\"lazy\" decoding=\"async\" src=\"https:\/\/www.pandaexo.com\/wp-content\/uploads\/2026\/03\/On-site-photos-of-the-installed-EV-charging-stations-1.webp\" alt=\"\u1ea2nh ch\u1ee5p th\u1ef1c t\u1ebf c\u00e1c tr\u1ea1m s\u1ea1c xe \u0111i\u1ec7n \u0111\u00e3 \u0111\u01b0\u1ee3c l\u1eafp \u0111\u1eb7t (1)\" width=\"1808\" height=\"1108\" \/><\/p>\n","protected":false},"excerpt":{"rendered":"<p>X\u00e2y d\u1ef1ng tr\u00ean h\u01a1n m\u1ed9t th\u1eadp k\u1ef7 chuy\u00ean m\u00f4n c\u00f4ng nghi\u1ec7p v\u00e0 danh ti\u1ebfng v\u1eefng ch\u1eafc v\u1ec1 s\u1ea3n xu\u1ea5t c\u1ea7u ch\u1ec9nh l\u01b0u silicon si\u00eau b\u1ec1n, PandaExo \u0111\u00e3 chuy\u1ec3n h\u01b0\u1edbng chi\u1ebfn l\u01b0\u1ee3c v\u00e0o n\u0103m 2019 \u0111\u1ebfn trung t\u00e2m c\u1ee7a ng\u00e0nh c\u00f4ng nghi\u1ec7p Xe N\u0103ng l\u01b0\u1ee3ng M\u1edbi (NEV) Trung Qu\u1ed1c &#8211; H\u1ee3p Ph\u00ec. Ng\u00e0y nay, ho\u1ea1t \u0111\u1ed9ng<\/p>\n","protected":false},"author":1,"featured_media":0,"parent":0,"menu_order":0,"comment_status":"closed","ping_status":"closed","template":"","meta":{"footnotes":""},"class_list":["post-1504","page","type-page","status-publish","hentry","prodpage-classic"],"aioseo_notices":[],"_links":{"self":[{"href":"https:\/\/www.pandaexo.com\/vi\/wp-json\/wp\/v2\/pages\/1504","targetHints":{"allow":["GET"]}}],"collection":[{"href":"https:\/\/www.pandaexo.com\/vi\/wp-json\/wp\/v2\/pages"}],"about":[{"href":"https:\/\/www.pandaexo.com\/vi\/wp-json\/wp\/v2\/types\/page"}],"author":[{"embeddable":true,"href":"https:\/\/www.pandaexo.com\/vi\/wp-json\/wp\/v2\/users\/1"}],"replies":[{"embeddable":true,"href":"https:\/\/www.pandaexo.com\/vi\/wp-json\/wp\/v2\/comments?post=1504"}],"version-history":[{"count":0,"href":"https:\/\/www.pandaexo.com\/vi\/wp-json\/wp\/v2\/pages\/1504\/revisions"}],"wp:attachment":[{"href":"https:\/\/www.pandaexo.com\/vi\/wp-json\/wp\/v2\/media?parent=1504"}],"curies":[{"name":"wp","href":"https:\/\/api.w.org\/{rel}","templated":true}]}}