{"id":1518,"date":"2025-09-02T08:07:33","date_gmt":"2025-09-02T00:07:33","guid":{"rendered":"https:\/\/www.pandaexo.com\/privacy-policy\/"},"modified":"2026-03-18T20:25:50","modified_gmt":"2026-03-18T12:25:50","slug":"privacy-policy","status":"publish","type":"page","link":"https:\/\/www.pandaexo.com\/vi\/privacy-policy\/","title":{"rendered":"Ch\u00ednh s\u00e1ch B\u1ea3o m\u1eadt"},"content":{"rendered":"<p>Ng\u00e0y hi\u1ec7u l\u1ef1c: 10 th\u00e1ng 1, 2026 T\u1ea1i PandaExo, ch\u00fang t\u00f4i cam k\u1ebft th\u00fac \u0111\u1ea9y m\u1ed9t t\u01b0\u01a1ng lai xanh h\u01a1n th\u00f4ng qua \u0111\u1ed5i m\u1edbi v\u00e0 minh b\u1ea1ch. Ch\u00ednh s\u00e1ch B\u1ea3o m\u1eadt n\u00e0y ph\u00e1c th\u1ea3o c\u00e1ch ch\u00fang t\u00f4i thu th\u1eadp, s\u1eed d\u1ee5ng v\u00e0 b\u1ea3o v\u1ec7 th\u00f4ng tin c\u1ee7a b\u1ea1n khi b\u1ea1n t\u01b0\u01a1ng t\u00e1c v\u1edbi trang web c\u1ee7a ch\u00fang t\u00f4i, mua tr\u1ea1m s\u1ea1c EV tr\u1ef1c ti\u1ebfp t\u1eeb nh\u00e0 m\u00e1y c\u1ee7a ch\u00fang t\u00f4i ho\u1eb7c t\u00ecm ngu\u1ed3n cung c\u1ea5p c\u00e1c linh ki\u1ec7n b\u00e1n d\u1eabn c\u00f4ng su\u1ea5t c\u1ee7a ch\u00fang t\u00f4i.<\/p>\n<hr \/>\n<h3>1. Th\u00f4ng Tin Ch\u00fang T\u00f4i Thu Th\u1eadp<\/h3>\n<p>\u0110\u1ec3 cung c\u1ea5p c\u00e1c gi\u1ea3i ph\u00e1p n\u0103ng l\u01b0\u1ee3ng chuy\u00ean nghi\u1ec7p v\u00e0 duy tr\u00ec ti\u00eau chu\u1ea9n cao v\u1ec1 \u0111\u1ed5i m\u1edbi R&amp;D, ch\u00fang t\u00f4i thu th\u1eadp m\u1ed9t s\u1ed1 lo\u1ea1i th\u00f4ng tin:<\/p>\n<ul>\n<li>Th\u00f4ng tin \u0110\u1ecbnh danh C\u00e1 nh\u00e2n: H\u1ecd t\u00ean, \u0111\u1ecba ch\u1ec9 email, s\u1ed1 \u0111i\u1ec7n tho\u1ea1i v\u00e0 ch\u1ee9c danh c\u00f4ng vi\u1ec7c (\u0111\u1eb7c bi\u1ec7t d\u00e0nh cho c\u00e1c \u0111\u1ed1i t\u00e1c B2B v\u00e0 c\u00e1c y\u00eau c\u1ea7u OEM\/ODM c\u1ee7a ch\u00fang t\u00f4i).<\/li>\n<li>Chi ti\u1ebft Kinh doanh: T\u00ean c\u00f4ng ty, ng\u00e0nh ngh\u1ec1 v\u00e0 v\u1ecb tr\u00ed \u0111\u1ecba l\u00fd \u0111\u1ec3 ph\u1ee5c v\u1ee5 t\u1ed1t h\u01a1n nhu c\u1ea7u khu v\u1ef1c th\u00f4ng qua c\u00e1c trung t\u00e2m c\u1ee7a ch\u00fang t\u00f4i t\u1ea1i H\u1ee3p Ph\u00ec, Th\u00e0nh \u0110\u00f4 v\u00e0 Dubai.<\/li>\n<li>D\u1eef li\u1ec7u K\u1ef9 thu\u1eadt: \u0110\u1ecba ch\u1ec9 IP, lo\u1ea1i tr\u00ecnh duy\u1ec7t v\u00e0 c\u00e1c m\u1eabu s\u1eed d\u1ee5ng \u0111\u01b0\u1ee3c thu th\u1eadp th\u00f4ng qua cookie \u0111\u1ec3 t\u1ed1i \u01b0u h\u00f3a &#8220;N\u1ec1n t\u1ea3ng N\u0103ng l\u01b0\u1ee3ng Th\u00f4ng minh&#8221; v\u00e0 hi\u1ec7u su\u1ea5t trang web c\u1ee7a ch\u00fang t\u00f4i.<\/li>\n<li>D\u1eef li\u1ec7u Giao d\u1ecbch: Chi ti\u1ebft li\u00ean quan \u0111\u1ebfn \u0111\u01a1n \u0111\u1eb7t h\u00e0ng cho b\u1ed9 ch\u1ec9nh l\u01b0u c\u1ea7u, tr\u1ea1m s\u1ea1c AC\/DC v\u00e0 c\u00e1c gi\u1ea3i ph\u00e1p c\u00f4ng su\u1ea5t t\u00f9y ch\u1ec9nh.<\/li>\n<\/ul>\n<h3>2. C\u00e1ch Ch\u00fang T\u00f4i S\u1eed D\u1ee5ng Th\u00f4ng Tin C\u1ee7a B\u1ea1n<\/h3>\n<p>Ch\u00fang t\u00f4i s\u1eed d\u1ee5ng d\u1eef li\u1ec7u thu th\u1eadp \u0111\u01b0\u1ee3c \u0111\u1ec3 \u0111\u1ea3m b\u1ea3o qu\u00e1 tr\u00ecnh chuy\u1ec3n \u0111\u1ed5i sang di chuy\u1ec3n xanh li\u1ec1n m\u1ea1ch:<\/p>\n<ul>\n<li>Th\u1ef1c hi\u1ec7n \u0110\u01a1n h\u00e0ng: \u0110\u1ec3 x\u1eed l\u00fd v\u00e0 giao h\u00e0ng c\u00e1c \u0111\u01a1n \u0111\u1eb7t h\u00e0ng b\u00e1n d\u1eabn s\u1ed1 l\u01b0\u1ee3ng l\u1edbn ho\u1eb7c c\u00e1c d\u1ef1 \u00e1n c\u01a1 s\u1edf h\u1ea1 t\u1ea7ng s\u1ea1c quy m\u00f4 l\u1edbn (ch\u1eb3ng h\u1ea1n nh\u01b0 c\u00e1c \u0111\u1ee3t giao h\u00e0ng 300 tr\u1ea1m cho State Grid c\u1ee7a ch\u00fang t\u00f4i).<\/li>\n<li>H\u1ed7 tr\u1ee3 Kh\u00e1ch h\u00e0ng: \u0110\u1ec3 cung c\u1ea5p h\u1ed7 tr\u1ee3 k\u1ef9 thu\u1eadt cho vi\u1ec7c l\u1eafp \u0111\u1eb7t, x\u1eed l\u00fd s\u1ef1 c\u1ed1 v\u00e0 t\u00edch h\u1ee3p ph\u1ea7n m\u1ec1m cho c\u00e1c tr\u1ea1m s\u1ea1c t\u01b0\u1eddng th\u00f4ng minh v\u00e0 b\u1ed9 s\u1ea1c nhanh c\u1ee7a ch\u00fang t\u00f4i.<\/li>\n<li>R&amp;D v\u00e0 \u0110\u1ed5i m\u1edbi: D\u1eef li\u1ec7u t\u1ed5ng h\u1ee3p, kh\u00f4ng \u0111\u1ecbnh danh gi\u00fap \u0111\u1ed9i ng\u0169 k\u1ef9 thu\u1eadt c\u1ed1t l\u00f5i c\u1ee7a ch\u00fang t\u00f4i v\u00e0 Vi\u1ec7n N\u0103ng l\u01b0\u1ee3ng c\u1ee7a \u0110\u1ea1i h\u1ecdc C\u00f4ng ngh\u1ec7 H\u1ee3p Ph\u00ec c\u1ea3i thi\u1ec7n ph\u1ea7n c\u1ee9ng v\u00e0 ph\u1ea7n m\u1ec1m d\u1ef1a tr\u00ean \u0111\u00e1m m\u00e2y c\u1ee7a ch\u00fang t\u00f4i.<\/li>\n<li>Ti\u1ebfp th\u1ecb &amp; Truy\u1ec1n th\u00f4ng: \u0110\u1ec3 c\u1eadp nh\u1eadt cho b\u1ea1n v\u1ec1 c\u00e1c s\u1ea3n ph\u1ea9m m\u1edbi ra m\u1eaft, ch\u1eb3ng h\u1ea1n nh\u01b0 s\u1ea1c kh\u00f4ng d\u00e2y t\u1ea7n s\u1ed1 cao ho\u1eb7c d\u00f2ng b\u1ed9 ch\u1ec9nh l\u01b0u c\u1ea7u b\u1eb1ng silicon \u0111\u01b0\u1ee3c c\u1eadp nh\u1eadt.<\/li>\n<\/ul>\n<h3>3. Chia s\u1ebb v\u00e0 Ti\u1ebft l\u1ed9 D\u1eef li\u1ec7u<\/h3>\n<p>PandaExo kh\u00f4ng b\u00e1n d\u1eef li\u1ec7u c\u00e1 nh\u00e2n c\u1ee7a b\u1ea1n. Ch\u00fang t\u00f4i ch\u1ec9 chia s\u1ebb th\u00f4ng tin v\u1edbi c\u00e1c \u0111\u1ed1i t\u00e1c \u0111\u00e1ng tin c\u1eady c\u1ea7n thi\u1ebft cho ho\u1ea1t \u0111\u1ed9ng c\u1ee7a ch\u00fang t\u00f4i:<\/p>\n<ul>\n<li>\u0110\u1ed1i t\u00e1c H\u1eadu c\u1ea7n: \u0110\u1ec3 qu\u1ea3n l\u00fd v\u1eadn chuy\u1ec3n qu\u1ed1c t\u1ebf th\u00f4ng qua Tuy\u1ebfn \u0111\u01b0\u1eddng s\u1eaft Trung-\u00c2u Express ho\u1eb7c v\u1eadn chuy\u1ec3n h\u00e0ng kh\u00f4ng.<\/li>\n<li>Chi nh\u00e1nh Chi\u1ebfn l\u01b0\u1ee3c: Th\u00f4ng tin c\u00f3 th\u1ec3 \u0111\u01b0\u1ee3c chia s\u1ebb gi\u1eefa tr\u1ee5 s\u1edf ch\u00ednh t\u1ea1i H\u1ee3p Ph\u00ec, chi nh\u00e1nh chi\u1ebfn l\u01b0\u1ee3c T\u1ee9 Xuy\u00ean v\u00e0 trung t\u00e2m qu\u1ed1c t\u1ebf Dubai c\u1ee7a ch\u00fang t\u00f4i \u0111\u1ec3 cung c\u1ea5p h\u1ed7 tr\u1ee3 theo khu v\u1ef1c.<\/li>\n<li>Tu\u00e2n th\u1ee7 Ph\u00e1p l\u00fd: Ch\u00fang t\u00f4i c\u00f3 th\u1ec3 ti\u1ebft l\u1ed9 th\u00f4ng tin n\u1ebfu \u0111\u01b0\u1ee3c lu\u1eadt ph\u00e1p y\u00eau c\u1ea7u \u0111\u1ec3 b\u1ea3o v\u1ec7 quy\u1ec1n s\u1edf h\u1eefu tr\u00ed tu\u1ec7 c\u1ee7a ch\u00fang t\u00f4i, bao g\u1ed3m 14 b\u1eb1ng s\u00e1ng ch\u1ebf ki\u1ec3u m\u1eabu h\u1eefu \u00edch v\u00e0 b\u1ea3n quy\u1ec1n ph\u1ea7n m\u1ec1m.<\/li>\n<\/ul>\n<h3>4. B\u1ea3o m\u1eadt Th\u00f4ng tin C\u1ee7a B\u1ea1n<\/h3>\n<p>Ch\u00fang t\u00f4i x\u1eed l\u00fd d\u1eef li\u1ec7u k\u1ef9 thu\u1eadt s\u1ed1 c\u1ee7a b\u1ea1n v\u1edbi c\u00f9ng m\u1ee9c \u0111\u1ed9 c\u1ea9n tr\u1ecdng nh\u01b0 ch\u00fang t\u00f4i \u00e1p d\u1ee5ng cho ph\u1ea7n c\u1ee9ng c\u1ee7a m\u00ecnh. Gi\u1ed1ng nh\u01b0 c\u00e1c s\u1ea3n ph\u1ea9m c\u1ee7a ch\u00fang t\u00f4i c\u00f3 t\u00ednh n\u0103ng nh\u1ef1a x\u1ebfp h\u1ea1ng ch\u00e1y UL 94V-0 v\u00e0 b\u1ea3o v\u1ec7 IP54\/IP67, c\u01a1 s\u1edf h\u1ea1 t\u1ea7ng k\u1ef9 thu\u1eadt s\u1ed1 c\u1ee7a ch\u00fang t\u00f4i s\u1eed d\u1ee5ng c\u00e1c giao th\u1ee9c m\u00e3 h\u00f3a v\u00e0 b\u1ea3o m\u1eadt ti\u00eau chu\u1ea9n ng\u00e0nh \u0111\u1ec3 ng\u0103n ch\u1eb7n truy c\u1eadp tr\u00e1i ph\u00e9p ho\u1eb7c vi ph\u1ea1m d\u1eef li\u1ec7u.<\/p>\n<h3>5. Chuy\u1ec3n Giao D\u1eef li\u1ec7u Qu\u1ed1c t\u1ebf<\/h3>\n<p>L\u00e0 nh\u00e0 cung c\u1ea5p to\u00e0n c\u1ea7u c\u00f3 s\u1ef1 hi\u1ec7n di\u1ec7n t\u1ea1i Trung Qu\u1ed1c, Trung \u0110\u00f4ng, Ch\u00e2u \u00c2u v\u00e0 B\u1eafc M\u1ef9, d\u1eef li\u1ec7u c\u1ee7a b\u1ea1n c\u00f3 th\u1ec3 \u0111\u01b0\u1ee3c x\u1eed l\u00fd \u1edf c\u00e1c khu v\u1ef1c kh\u00e1c nhau. Ch\u00fang t\u00f4i \u0111\u1ea3m b\u1ea3o m\u1ecdi vi\u1ec7c chuy\u1ec3n giao tu\u00e2n th\u1ee7 c\u00e1c ti\u00eau chu\u1ea9n b\u1ea3o v\u1ec7 d\u1eef li\u1ec7u qu\u1ed1c t\u1ebf \u0111\u1ec3 gi\u1eef th\u00f4ng tin c\u1ee7a b\u1ea1n an to\u00e0n b\u1ea5t k\u1ec3 n\u00f3 \u0111\u01b0\u1ee3c l\u01b0u tr\u1eef \u1edf \u0111\u00e2u.<\/p>\n<h3>6. Cookie v\u00e0 C\u00f4ng ngh\u1ec7 Theo d\u00f5i<\/h3>\n<p>Trang web c\u1ee7a ch\u00fang t\u00f4i s\u1eed d\u1ee5ng cookie \u0111\u1ec3 n\u00e2ng cao tr\u1ea3i nghi\u1ec7m duy\u1ec7t web c\u1ee7a b\u1ea1n. Ch\u00fang cho ph\u00e9p ch\u00fang t\u00f4i ghi nh\u1edb t\u00f9y ch\u1ecdn c\u1ee7a b\u1ea1n v\u00e0 hi\u1ec3u gi\u1ea3i ph\u00e1p n\u00e0o c\u1ee7a ch\u00fang t\u00f4i &#8211; d\u00f9 l\u00e0 b\u1ed9 s\u1ea1c AC d\u00e2n d\u1ee5ng hay b\u1ed9 s\u1ea1c nhanh DC c\u00f4ng su\u1ea5t l\u1edbn &#8211; l\u00e0 ph\u00f9 h\u1ee3p nh\u1ea5t v\u1edbi nhu c\u1ea7u c\u1ee7a b\u1ea1n. B\u1ea1n c\u00f3 th\u1ec3 qu\u1ea3n l\u00fd t\u00f9y ch\u1ecdn cookie c\u1ee7a m\u00ecnh th\u00f4ng qua c\u00e0i \u0111\u1eb7t tr\u00ecnh duy\u1ec7t.<\/p>\n<h3>7. Quy\u1ec1n c\u1ee7a B\u1ea1n<\/h3>\n<p>T\u00f9y thu\u1ed9c v\u00e0o v\u1ecb tr\u00ed c\u1ee7a b\u1ea1n, b\u1ea1n c\u00f3 th\u1ec3 c\u00f3 c\u00e1c quy\u1ec1n sau \u0111\u1ed1i v\u1edbi d\u1eef li\u1ec7u c\u1ee7a m\u00ecnh:<\/p>\n<ul>\n<li>Truy c\u1eadp: Quy\u1ec1n y\u00eau c\u1ea7u b\u1ea3n sao d\u1eef li\u1ec7u c\u00e1 nh\u00e2n c\u1ee7a b\u1ea1n.<\/li>\n<li>Ch\u1ec9nh s\u1eeda: Quy\u1ec1n y\u00eau c\u1ea7u ch\u00fang t\u00f4i s\u1eeda th\u00f4ng tin kh\u00f4ng ch\u00ednh x\u00e1c.<\/li>\n<li>X\u00f3a: Quy\u1ec1n y\u00eau c\u1ea7u ch\u00fang t\u00f4i x\u00f3a d\u1eef li\u1ec7u c\u00e1 nh\u00e2n c\u1ee7a b\u1ea1n trong m\u1ed9t s\u1ed1 \u0111i\u1ec1u ki\u1ec7n nh\u1ea5t \u0111\u1ecbnh.<\/li>\n<li>Ph\u1ea3n \u0111\u1ed1i: Quy\u1ec1n ph\u1ea3n \u0111\u1ed1i vi\u1ec7c ch\u00fang t\u00f4i x\u1eed l\u00fd d\u1eef li\u1ec7u c\u1ee7a b\u1ea1n cho m\u1ee5c \u0111\u00edch ti\u1ebfp th\u1ecb.<\/li>\n<\/ul>\n<h3>8. Li\u00ean h\u1ec7 v\u1edbi Ch\u00fang t\u00f4i<\/h3>\n<p>N\u1ebfu b\u1ea1n c\u00f3 b\u1ea5t k\u1ef3 c\u00e2u h\u1ecfi n\u00e0o v\u1ec1 Ch\u00ednh s\u00e1ch B\u1ea3o m\u1eadt n\u00e0y ho\u1eb7c c\u00e1ch PandaExo x\u1eed l\u00fd d\u1eef li\u1ec7u c\u1ee7a b\u1ea1n, vui l\u00f2ng li\u00ean h\u1ec7 v\u1edbi nh\u00f3m h\u1ed7 tr\u1ee3 to\u00e0n c\u1ea7u c\u1ee7a ch\u00fang t\u00f4i:<\/p>\n<ul>\n<li>V\u0103n ph\u00f2ng PandaExo Th\u00e0nh \u0110\u00f4<\/li>\n<li>Th\u00e0nh \u0110\u00f4, T\u1ee9 Xuy\u00ean, 610000<\/li>\n<li>Email: <a href=\"mailto:info@pandaexo.com\">info@pandaexo.com<\/a><\/li>\n<\/ul>\n","protected":false},"excerpt":{"rendered":"<p>Ng\u00e0y hi\u1ec7u l\u1ef1c: 10 th\u00e1ng 1, 2026 T\u1ea1i PandaExo, ch\u00fang t\u00f4i cam k\u1ebft th\u00fac \u0111\u1ea9y m\u1ed9t t\u01b0\u01a1ng lai xanh h\u01a1n th\u00f4ng qua \u0111\u1ed5i m\u1edbi v\u00e0 minh b\u1ea1ch. Ch\u00ednh s\u00e1ch B\u1ea3o m\u1eadt n\u00e0y ph\u00e1c th\u1ea3o c\u00e1ch ch\u00fang t\u00f4i thu th\u1eadp, s\u1eed d\u1ee5ng v\u00e0 b\u1ea3o v\u1ec7 th\u00f4ng tin c\u1ee7a b\u1ea1n khi b\u1ea1n t\u01b0\u01a1ng t\u00e1c v\u1edbi trang web<\/p>\n","protected":false},"author":1,"featured_media":0,"parent":0,"menu_order":0,"comment_status":"closed","ping_status":"open","template":"","meta":{"footnotes":""},"class_list":["post-1518","page","type-page","status-publish","hentry","prodpage-classic"],"aioseo_notices":[],"_links":{"self":[{"href":"https:\/\/www.pandaexo.com\/vi\/wp-json\/wp\/v2\/pages\/1518","targetHints":{"allow":["GET"]}}],"collection":[{"href":"https:\/\/www.pandaexo.com\/vi\/wp-json\/wp\/v2\/pages"}],"about":[{"href":"https:\/\/www.pandaexo.com\/vi\/wp-json\/wp\/v2\/types\/page"}],"author":[{"embeddable":true,"href":"https:\/\/www.pandaexo.com\/vi\/wp-json\/wp\/v2\/users\/1"}],"replies":[{"embeddable":true,"href":"https:\/\/www.pandaexo.com\/vi\/wp-json\/wp\/v2\/comments?post=1518"}],"version-history":[{"count":0,"href":"https:\/\/www.pandaexo.com\/vi\/wp-json\/wp\/v2\/pages\/1518\/revisions"}],"wp:attachment":[{"href":"https:\/\/www.pandaexo.com\/vi\/wp-json\/wp\/v2\/media?parent=1518"}],"curies":[{"name":"wp","href":"https:\/\/api.w.org\/{rel}","templated":true}]}}