{"id":1525,"date":"2016-11-15T14:02:30","date_gmt":"2016-11-15T06:02:30","guid":{"rendered":"https:\/\/www.pandaexo.com\/contact\/"},"modified":"2026-03-18T20:24:33","modified_gmt":"2026-03-18T12:24:33","slug":"contact","status":"publish","type":"page","link":"https:\/\/www.pandaexo.com\/vi\/contact\/","title":{"rendered":"Li\u00ean H\u1ec7 Ch\u00fang T\u00f4i"},"content":{"rendered":"<p>Cho d\u00f9 b\u1ea1n \u0111ang t\u00ecm ki\u1ebfm c\u00e1c linh ki\u1ec7n b\u00e1n d\u1eabn s\u1ed1 l\u01b0\u1ee3ng l\u1edbn hay tri\u1ec3n khai to\u00e0n di\u1ec7n c\u01a1 s\u1edf h\u1ea1 t\u1ea7ng tr\u1ea1m s\u1ea1c xe \u0111i\u1ec7n, \u0111\u1ed9i ng\u0169 k\u1ef9 thu\u1eadt c\u1ee7a ch\u00fang t\u00f4i lu\u00f4n s\u1eb5n s\u00e0ng h\u1ed7 tr\u1ee3.<\/p>\n","protected":false},"excerpt":{"rendered":"<p>Cho d\u00f9 b\u1ea1n \u0111ang t\u00ecm ki\u1ebfm c\u00e1c linh ki\u1ec7n b\u00e1n d\u1eabn s\u1ed1 l\u01b0\u1ee3ng l\u1edbn hay tri\u1ec3n khai to\u00e0n di\u1ec7n c\u01a1 s\u1edf h\u1ea1 t\u1ea7ng tr\u1ea1m s\u1ea1c xe \u0111i\u1ec7n, \u0111\u1ed9i ng\u0169 k\u1ef9 thu\u1eadt c\u1ee7a ch\u00fang t\u00f4i lu\u00f4n s\u1eb5n s\u00e0ng h\u1ed7 tr\u1ee3.<\/p>\n","protected":false},"author":1,"featured_media":0,"parent":0,"menu_order":0,"comment_status":"closed","ping_status":"closed","template":"","meta":{"footnotes":""},"class_list":["post-1525","page","type-page","status-publish","hentry","prodpage-classic"],"aioseo_notices":[],"_links":{"self":[{"href":"https:\/\/www.pandaexo.com\/vi\/wp-json\/wp\/v2\/pages\/1525","targetHints":{"allow":["GET"]}}],"collection":[{"href":"https:\/\/www.pandaexo.com\/vi\/wp-json\/wp\/v2\/pages"}],"about":[{"href":"https:\/\/www.pandaexo.com\/vi\/wp-json\/wp\/v2\/types\/page"}],"author":[{"embeddable":true,"href":"https:\/\/www.pandaexo.com\/vi\/wp-json\/wp\/v2\/users\/1"}],"replies":[{"embeddable":true,"href":"https:\/\/www.pandaexo.com\/vi\/wp-json\/wp\/v2\/comments?post=1525"}],"version-history":[{"count":0,"href":"https:\/\/www.pandaexo.com\/vi\/wp-json\/wp\/v2\/pages\/1525\/revisions"}],"wp:attachment":[{"href":"https:\/\/www.pandaexo.com\/vi\/wp-json\/wp\/v2\/media?parent=1525"}],"curies":[{"name":"wp","href":"https:\/\/api.w.org\/{rel}","templated":true}]}}