{"id":1203,"date":"2026-03-10T05:58:13","date_gmt":"2026-03-09T21:58:13","guid":{"rendered":"https:\/\/www.pandaexo.com\/shop\/240-1080kw-multi-connector-group-charging-system\/"},"modified":"2026-03-18T19:34:33","modified_gmt":"2026-03-18T11:34:33","slug":"240-1080kw-multi-connector-group-charging-system","status":"publish","type":"product","link":"https:\/\/www.pandaexo.com\/vi\/shop\/240-1080kw-multi-connector-group-charging-system\/","title":{"rendered":"H\u1ec7 th\u1ed1ng s\u1ea1c nh\u00f3m \u0111a c\u1ed5ng k\u1ebft n\u1ed1i 240-1080kW"},"content":{"rendered":"<p><img loading=\"lazy\" decoding=\"async\" class=\"alignnone size-full wp-image-614\" src=\"https:\/\/www.pandaexo.com\/wp-content\/uploads\/2026\/03\/240-1080kW-Multi-connector-Group-Charging-System-1.webp\" alt=\"240-1080kW Multi-connector Group Charging System 1\" width=\"1000\" height=\"374\" srcset=\"https:\/\/www.pandaexo.com\/wp-content\/uploads\/2026\/03\/240-1080kW-Multi-connector-Group-Charging-System-1.webp 1000w, https:\/\/www.pandaexo.com\/wp-content\/uploads\/2026\/03\/240-1080kW-Multi-connector-Group-Charging-System-1-768x287.webp 768w, https:\/\/www.pandaexo.com\/wp-content\/uploads\/2026\/03\/240-1080kW-Multi-connector-Group-Charging-System-1-280x105.webp 280w\" sizes=\"auto, (max-width: 1000px) 100vw, 1000px\" \/><\/p>\n<h3>Quy \u01b0\u1edbc \u0110\u1eb7t T\u00ean M\u1eabu S\u1ea3n Ph\u1ea9m<\/h3>\n<p><img loading=\"lazy\" decoding=\"async\" src=\"https:\/\/www.pandaexo.com\/wp-content\/uploads\/2026\/03\/Product-Model-Naming-Convention.webp\" alt=\"Product Model Naming Convention\" width=\"771\" height=\"369\" \/><\/p>\n<h3>L\u1ef1a Ch\u1ecdn C\u00e1p \u0110i\u1ec7n<\/h3>\n<table class=\"table table-striped table-bordered\">\n<tbody>\n<tr>\n<td>T\u1ed5ng C\u00f4ng Su\u1ea5t \u0110\u1ea7u Ra \u0110\u1ecbnh M\u1ee9c<\/td>\n<td>\u0110i\u1ec7n \u00c1p \u0110\u1ea7u V\u00e0o \u0110\u1ecbnh M\u1ee9c<\/td>\n<td>D\u00f2ng \u0110i\u1ec7n \u0110\u1ea7u V\u00e0o \u0110\u1ecbnh M\u1ee9c<\/td>\n<td>C\u00e1p \u0110i\u1ec7n \u0110\u1ec1 Xu\u1ea5t<\/td>\n<\/tr>\n<tr>\n<td height=\"50\">3.5KW<\/td>\n<td height=\"50\">AC220V<\/td>\n<td height=\"50\">16A<\/td>\n<td height=\"50\">ZR-YJV-3*6<\/td>\n<\/tr>\n<tr>\n<td height=\"50\">7KW<\/td>\n<td height=\"50\">AC220V<\/td>\n<td height=\"50\">32A<\/td>\n<td height=\"50\">ZR-YJV-3*10<\/td>\n<\/tr>\n<tr>\n<td height=\"50\">14KW<\/td>\n<td height=\"50\">AC220V<\/td>\n<td height=\"50\">64A<\/td>\n<td height=\"50\">ZR-YJV-3*16<\/td>\n<\/tr>\n<tr>\n<td height=\"50\">30KW<\/td>\n<td height=\"50\">AC380V<\/td>\n<td height=\"50\">45A<\/td>\n<td height=\"50\">ZR-YJV-4*25+1*16<\/td>\n<\/tr>\n<tr>\n<td height=\"50\">60KW<\/td>\n<td height=\"50\">AC380V<\/td>\n<td height=\"50\">91A<\/td>\n<td height=\"50\">ZR-YJV-4*35+1*16<\/td>\n<\/tr>\n<tr>\n<td height=\"50\">90KW<\/td>\n<td height=\"50\">AC380V<\/td>\n<td height=\"50\">136A<\/td>\n<td height=\"50\">ZR-YJV-4*70+1*35<\/td>\n<\/tr>\n<tr>\n<td height=\"50\">120KW<\/td>\n<td height=\"50\">AC380V<\/td>\n<td height=\"50\">182A<\/td>\n<td height=\"50\">ZR-YJV-4*95+1*50<\/td>\n<\/tr>\n<tr>\n<td height=\"50\">160KW<\/td>\n<td height=\"50\">AC380V<\/td>\n<td height=\"50\">243A<\/td>\n<td height=\"50\">ZR-YJV-4*120+1*70<\/td>\n<\/tr>\n<tr>\n<td height=\"50\">240KW<\/td>\n<td height=\"50\">AC380V<\/td>\n<td height=\"50\">365A<\/td>\n<td height=\"50\">ZR-YJV-4*185+1*95<\/td>\n<\/tr>\n<\/tbody>\n<\/table>\n<h3>Th\u00f4ng Tin B\u1ea3o H\u00e0nh N\u01b0\u1edbc Ngo\u00e0i<\/h3>\n<p>\u0110\u1ed1i v\u1edbi c\u00e1c \u0111i\u1ec3m s\u1ea1c ngo\u00e0i l\u00e3nh th\u1ed5 Trung Qu\u1ed1c, ch\u00fang t\u00f4i cung c\u1ea5p 1% ph\u1ee5 t\u00f9ng d\u1ec5 h\u1ecfng v\u00e0 d\u1ecbch v\u1ee5 h\u01b0\u1edbng d\u1eabn t\u1eeb xa 24 gi\u1edd.<\/p>\n<h3>H\u1ec7 Th\u1ed1ng Qu\u1ea3n L\u00fd Backend<\/h3>\n<ul>\n<li><strong>Qu\u1ea3n L\u00fd Ph\u00e2n C\u1ea5p<\/strong><br \/>\nTri\u1ec3n khai h\u1ec7 th\u1ed1ng qu\u1ea3n l\u00fd ba c\u1ea5p bao g\u1ed3m qu\u1ea3n l\u00fd c\u1ea5p nh\u00e0 \u0111i\u1ec1u h\u00e0nh, c\u1ea5p tr\u1ea1m s\u1ea1c v\u00e0 c\u1ea5p thi\u1ebft b\u1ecb \u0111\u1ea7u cu\u1ed1i s\u1ea1c. \u0110i\u1ec1u n\u00e0y t\u00edch h\u1ee3p nhi\u1ec1u nh\u00e0 \u0111i\u1ec1u h\u00e0nh kh\u00e1c nhau v\u00e0o m\u1ed9t n\u1ec1n t\u1ea3ng l\u1edbn, cho ph\u00e9p chia s\u1ebb thi\u1ebft b\u1ecb s\u1ea1c v\u00e0 d\u1eef li\u1ec7u v\u1eadn h\u00e0nh.<\/li>\n<li><strong>Gi\u00e1m S\u00e1t T\u1eeb Xa<\/strong><br \/>\nCho ph\u00e9p gi\u00e1m s\u00e1t t\u1eeb xa tr\u1ea1ng th\u00e1i c\u1ee7a t\u1eebng thi\u1ebft b\u1ecb s\u1ea1c, thu th\u1eadp d\u1eef li\u1ec7u v\u1eadn h\u00e0nh v\u00e0 t\u1ea1o ra nhi\u1ec1u lo\u1ea1i b\u00e1o c\u00e1o s\u1ea3n xu\u1ea5t \u0111\u1ec3 \u0111\u01a1n gi\u1ea3n h\u00f3a qu\u1ea3n l\u00fd v\u1eadn h\u00e0nh.<\/li>\n<li><strong>Qu\u1ea3n L\u00fd Ng\u01b0\u1eddi D\u00f9ng<\/strong><br \/>\nK\u1ebft h\u1ee3p li\u1ec1n m\u1ea1ch c\u00e1c th\u1ebb s\u1ea1c ph\u1ed5 bi\u1ebfn v\u1edbi t\u00e0i kho\u1ea3n WeChat. Th\u1ebb s\u1ea1c c\u00f3 th\u1ec3 \u0111\u01b0\u1ee3c s\u1eed d\u1ee5ng \u0111\u1ed3ng th\u1eddi tr\u1ef1c tuy\u1ebfn v\u00e0 ngo\u1ea1i tuy\u1ebfn, gi\u00fap vi\u1ec7c s\u1ea1c tr\u1edf n\u00ean thu\u1eadn ti\u1ec7n h\u01a1n.<\/li>\n<\/ul>\n<h3>\u1ea2nh th\u1ef1c t\u1ebf tr\u1ea1m s\u1ea1c xe \u0111i\u1ec7n \u0111\u00e3 l\u1eafp \u0111\u1eb7t<\/h3>\n<p><img loading=\"lazy\" decoding=\"async\" class=\"alignnone size-full wp-image-618\" src=\"https:\/\/www.pandaexo.com\/wp-content\/uploads\/2026\/03\/On-site-photos-of-the-installed-EV-charging-stations-1.webp\" alt=\"On-site photos of the installed EV charging stations (1)\" width=\"1808\" height=\"1108\" srcset=\"https:\/\/www.pandaexo.com\/wp-content\/uploads\/2026\/03\/On-site-photos-of-the-installed-EV-charging-stations-1.webp 1808w, https:\/\/www.pandaexo.com\/wp-content\/uploads\/2026\/03\/On-site-photos-of-the-installed-EV-charging-stations-1-768x471.webp 768w, https:\/\/www.pandaexo.com\/wp-content\/uploads\/2026\/03\/On-site-photos-of-the-installed-EV-charging-stations-1-1536x941.webp 1536w, https:\/\/www.pandaexo.com\/wp-content\/uploads\/2026\/03\/On-site-photos-of-the-installed-EV-charging-stations-1-280x172.webp 280w, https:\/\/www.pandaexo.com\/wp-content\/uploads\/2026\/03\/On-site-photos-of-the-installed-EV-charging-stations-1-1170x717.webp 1170w, https:\/\/www.pandaexo.com\/wp-content\/uploads\/2026\/03\/On-site-photos-of-the-installed-EV-charging-stations-1-1500x919.webp 1500w\" sizes=\"auto, (max-width: 1808px) 100vw, 1808px\" \/> <img loading=\"lazy\" decoding=\"async\" class=\"alignnone size-full wp-image-619\" src=\"https:\/\/www.pandaexo.com\/wp-content\/uploads\/2026\/03\/On-site-photos-of-the-installed-EV-charging-stations-2.webp\" alt=\"On-site photos of the installed EV charging stations (2)\" width=\"1792\" height=\"1101\" srcset=\"https:\/\/www.pandaexo.com\/wp-content\/uploads\/2026\/03\/On-site-photos-of-the-installed-EV-charging-stations-2.webp 1792w, https:\/\/www.pandaexo.com\/wp-content\/uploads\/2026\/03\/On-site-photos-of-the-installed-EV-charging-stations-2-768x472.webp 768w, https:\/\/www.pandaexo.com\/wp-content\/uploads\/2026\/03\/On-site-photos-of-the-installed-EV-charging-stations-2-1536x944.webp 1536w, https:\/\/www.pandaexo.com\/wp-content\/uploads\/2026\/03\/On-site-photos-of-the-installed-EV-charging-stations-2-280x172.webp 280w, https:\/\/www.pandaexo.com\/wp-content\/uploads\/2026\/03\/On-site-photos-of-the-installed-EV-charging-stations-2-1170x719.webp 1170w, https:\/\/www.pandaexo.com\/wp-content\/uploads\/2026\/03\/On-site-photos-of-the-installed-EV-charging-stations-2-1500x922.webp 1500w\" sizes=\"auto, (max-width: 1792px) 100vw, 1792px\" \/><\/p>\n","protected":false},"excerpt":{"rendered":"<table class=\"table table-striped table-bordered\">\n<tbody>\n<tr>\n<td>M\u1eabu S\u1ea3n Ph\u1ea9m<\/td>\n<td>INTEK-DC-480kW<\/td>\n<\/tr>\n<tr>\n<td>K\u00edch ho\u1ea1t (T\u00f9y ch\u1ecdn C\u1ea5u h\u00ecnh)<\/td>\n<td>M\u00e1y POS\/Qu\u00e9t M\u00e3 QR\/C\u1ed5ng Thanh to\u00e1n RFID v\u1edbi OCPP<\/td>\n<\/tr>\n<tr>\n<td>\u0110\u1ed9 ch\u00ednh x\u00e1c \u0110i\u1ec1u ch\u1ec9nh \u0110i\u1ec7n \u00e1p<\/td>\n<td>\u2264\u00b10.5%<\/td>\n<\/tr>\n<tr>\n<td>\u0110\u1ed9 tin c\u1eady<\/td>\n<td>50000h<\/td>\n<\/tr>\n<tr>\n<td>D\u1ea3i \u0110i\u1ec7n \u00e1p \u0110\u1ea7u v\u00e0o<\/td>\n<td>380Vac\u00b120%<\/td>\n<\/tr>\n<tr>\n<td>K\u1ebft n\u1ed1i<\/td>\n<td>Giao di\u1ec7n RJ45 Ti\u00eau chu\u1ea9n\/4G<\/td>\n<\/tr>\n<tr>\n<td>Sai s\u1ed1 D\u00f2ng \u0111i\u1ec7n \u0110\u1ea7u ra<\/td>\n<td>\u2264\u00b11%<\/td>\n<\/tr>\n<tr>\n<td>H\u1ec7 th\u1ed1ng B\u1ea3o v\u1ec7<\/td>\n<td>Qu\u00e1\/Th\u1ea5p \u00c1p, Ng\u1eafn m\u1ea1ch, Qu\u00e1 t\u1ea3i, R\u00f2 r\u1ec9, B\u1ea3o v\u1ec7 Xung<\/td>\n<\/tr>\n<tr>\n<td>T\u1ea7n s\u1ed1<\/td>\n<td>50Hz\/60Hz<\/td>\n<\/tr>\n<tr>\n<td>Giao di\u1ec7n Ng\u01b0\u1eddi d\u00f9ng<\/td>\n<td>7 Inch<\/td>\n<\/tr>\n<tr>\n<td>Sai s\u1ed1 \u0110i\u1ec7n \u00e1p \u0110\u1ea7u ra<\/td>\n<td>\u2264\u00b10.5%<\/td>\n<\/tr>\n<tr>\n<td>L\u1eafp \u0111\u1eb7t<\/td>\n<td>\u0110\u1eb7t tr\u00ean m\u1eb7t \u0111\u1ea5t<\/td>\n<\/tr>\n<tr>\n<td>D\u1ea3i \u0110i\u1ec7n \u00e1p \u0110\u1ea7u ra<\/td>\n<td>200-1000Vdc<\/td>\n<\/tr>\n<tr>\n<td>C\u01b0\u1eddng \u0111\u1ed9 \u0110i\u1ec7n m\u00f4i<\/td>\n<td>\u22652000V<\/td>\n<\/tr>\n<tr>\n<td>D\u1ea3i Nhi\u1ec7t \u0111\u1ed9 Ho\u1ea1t \u0111\u1ed9ng<\/td>\n<td>-20~50\u2103<\/td>\n<\/tr>\n<tr>\n<td>V\u1eadt li\u1ec7u V\u1ecf<\/td>\n<td>T\u1ea5m kim lo\u1ea1i<\/td>\n<\/tr>\n<tr>\n<td>D\u00f2ng \u0111i\u1ec7n \u0110\u1ecbnh m\u1ee9c<\/td>\n<td>250Adc<\/td>\n<\/tr>\n<tr>\n<td>M\u00e3 IP V\u1ecf<\/td>\n<td>IP54<\/td>\n<\/tr>\n<tr>\n<td>D\u1ea3i Nhi\u1ec7t \u0111\u1ed9 L\u01b0u tr\u1eef<\/td>\n<td>-20~70\u2103<\/td>\n<\/tr>\n<tr>\n<td>Chi\u1ec1u d\u00e0i C\u00e1p S\u1ea1c<\/td>\n<td>5m (C\u00f3 th\u1ec3 t\u00f9y ch\u1ec9nh)<\/td>\n<\/tr>\n<tr>\n<td>C\u00f4ng su\u1ea5t T\u1ed1i \u0111a \u0110\u1ea7u ra<\/td>\n<td>480kW<\/td>\n<\/tr>\n<tr>\n<td>Ti\u1ebfng \u1ed3n<\/td>\n<td>&lt; 75dB<\/td>\n<\/tr>\n<tr>\n<td>Lo\u1ea1i \u0110\u1ea7u n\u1ed1i<\/td>\n<td>GB\/T20234.2-2015 Lo\u1ea1i C\/CCS1\/CCS2<\/td>\n<\/tr>\n<tr>\n<td>\u0110\u1ea7u n\u1ed1i S\u1ea1c<\/td>\n<td>7\/8 \u0111\u1ea7u n\u1ed1i<\/td>\n<\/tr>\n<tr>\n<td>\u0110\u1ed9 ch\u00ednh x\u00e1c \u0110i\u1ec1u ch\u1ec9nh D\u00f2ng \u0111i\u1ec7n<\/td>\n<td>\u2264\u00b11%<\/td>\n<\/tr>\n<tr>\n<td>Ph\u01b0\u01a1ng ph\u00e1p \u0110o l\u01b0\u1eddng<\/td>\n<td>C\u00f4ng t\u01a1 \u0110i\u1ec7n<\/td>\n<\/tr>\n<\/tbody>\n<\/table>\n","protected":false},"featured_media":615,"comment_status":"closed","ping_status":"closed","template":"","meta":[],"product_brand":[],"product_cat":[708],"product_tag":[],"class_list":{"0":"post-1203","1":"product","2":"type-product","3":"status-publish","4":"has-post-thumbnail","6":"product_cat-charger-vi","8":"first","9":"instock","10":"shipping-taxable","11":"product-type-simple","12":"prodpage-classic"},"aioseo_notices":[],"_links":{"self":[{"href":"https:\/\/www.pandaexo.com\/vi\/wp-json\/wp\/v2\/product\/1203","targetHints":{"allow":["GET"]}}],"collection":[{"href":"https:\/\/www.pandaexo.com\/vi\/wp-json\/wp\/v2\/product"}],"about":[{"href":"https:\/\/www.pandaexo.com\/vi\/wp-json\/wp\/v2\/types\/product"}],"replies":[{"embeddable":true,"href":"https:\/\/www.pandaexo.com\/vi\/wp-json\/wp\/v2\/comments?post=1203"}],"wp:featuredmedia":[{"embeddable":true,"href":"https:\/\/www.pandaexo.com\/vi\/wp-json\/wp\/v2\/media\/615"}],"wp:attachment":[{"href":"https:\/\/www.pandaexo.com\/vi\/wp-json\/wp\/v2\/media?parent=1203"}],"wp:term":[{"taxonomy":"product_brand","embeddable":true,"href":"https:\/\/www.pandaexo.com\/vi\/wp-json\/wp\/v2\/product_brand?post=1203"},{"taxonomy":"product_cat","embeddable":true,"href":"https:\/\/www.pandaexo.com\/vi\/wp-json\/wp\/v2\/product_cat?post=1203"},{"taxonomy":"product_tag","embeddable":true,"href":"https:\/\/www.pandaexo.com\/vi\/wp-json\/wp\/v2\/product_tag?post=1203"}],"curies":[{"name":"wp","href":"https:\/\/api.w.org\/{rel}","templated":true}]}}