{"id":1238,"date":"2026-03-10T05:14:05","date_gmt":"2026-03-09T21:14:05","guid":{"rendered":"https:\/\/www.pandaexo.com\/shop\/40kw-dc-ev-charger-ground-mounted\/"},"modified":"2026-03-18T19:33:51","modified_gmt":"2026-03-18T11:33:51","slug":"40kw-dc-ev-charger-ground-mounted","status":"publish","type":"product","link":"https:\/\/www.pandaexo.com\/vi\/shop\/40kw-dc-ev-charger-ground-mounted\/","title":{"rendered":"B\u1ed9 s\u1ea1c EV DC 40kW (L\u1eafp \u0111\u1eb7t tr\u00ean m\u1eb7t \u0111\u1ea5t)"},"content":{"rendered":"<h3>Quy \u01af\u1edbc \u0110\u1eb7t T\u00ean M\u1eabu S\u1ea3n Ph\u1ea9m<\/h3>\n<p><img loading=\"lazy\" decoding=\"async\" src=\"https:\/\/www.pandaexo.com\/wp-content\/uploads\/2026\/03\/Product-Model-Naming-Convention.webp\" alt=\"Quy \u01af\u1edbc \u0110\u1eb7t T\u00ean M\u1eabu S\u1ea3n Ph\u1ea9m\" width=\"771\" height=\"369\" \/><\/p>\n<h3>L\u1ef1a Ch\u1ecdn C\u00e1p \u0110i\u1ec7n<\/h3>\n<table class=\"table table-striped table-bordered\">\n<tbody>\n<tr>\n<td>T\u1ed5ng C\u00f4ng Su\u1ea5t \u0110\u1ea7u Ra \u0110\u1ecbnh M\u1ee9c<\/td>\n<td>\u0110i\u1ec7n \u00c1p \u0110\u1ea7u V\u00e0o \u0110\u1ecbnh M\u1ee9c<\/td>\n<td>D\u00f2ng \u0110i\u1ec7n \u0110\u1ea7u V\u00e0o \u0110\u1ecbnh M\u1ee9c<\/td>\n<td>C\u00e1p \u0110i\u1ec7n \u0110\u1ec1 Xu\u1ea5t<\/td>\n<\/tr>\n<tr>\n<td height=\"50\">3.5KW<\/td>\n<td height=\"50\">AC220V<\/td>\n<td height=\"50\">16A<\/td>\n<td height=\"50\">ZR-YJV-3*6<\/td>\n<\/tr>\n<tr>\n<td height=\"50\">7KW<\/td>\n<td height=\"50\">AC220V<\/td>\n<td height=\"50\">32A<\/td>\n<td height=\"50\">ZR-YJV-3*10<\/td>\n<\/tr>\n<tr>\n<td height=\"50\">14KW<\/td>\n<td height=\"50\">AC220V<\/td>\n<td height=\"50\">64A<\/td>\n<td height=\"50\">ZR-YJV-3*16<\/td>\n<\/tr>\n<tr>\n<td height=\"50\">30KW<\/td>\n<td height=\"50\">AC380V<\/td>\n<td height=\"50\">45A<\/td>\n<td height=\"50\">ZR-YJV-4*25+1*16<\/td>\n<\/tr>\n<tr>\n<td height=\"50\">60KW<\/td>\n<td height=\"50\">AC380V<\/td>\n<td height=\"50\">91A<\/td>\n<td height=\"50\">ZR-YJV-4*35+1*16<\/td>\n<\/tr>\n<tr>\n<td height=\"50\">90KW<\/td>\n<td height=\"50\">AC380V<\/td>\n<td height=\"50\">136A<\/td>\n<td height=\"50\">ZR-YJV-4*70+1*35<\/td>\n<\/tr>\n<tr>\n<td height=\"50\">120KW<\/td>\n<td height=\"50\">AC380V<\/td>\n<td height=\"50\">182A<\/td>\n<td height=\"50\">ZR-YJV-4*95+1*50<\/td>\n<\/tr>\n<tr>\n<td height=\"50\">160KW<\/td>\n<td height=\"50\">AC380V<\/td>\n<td height=\"50\">243A<\/td>\n<td height=\"50\">ZR-YJV-4*120+1*70<\/td>\n<\/tr>\n<tr>\n<td height=\"50\">240KW<\/td>\n<td height=\"50\">AC380V<\/td>\n<td height=\"50\">365A<\/td>\n<td height=\"50\">ZR-YJV-4*185+1*95<\/td>\n<\/tr>\n<\/tbody>\n<\/table>\n<h3>Th\u00f4ng Tin B\u1ea3o H\u00e0nh Qu\u1ed1c T\u1ebf<\/h3>\n<p>\u0110\u1ed1i v\u1edbi c\u00e1c \u0111i\u1ec3m s\u1ea1c b\u00ean ngo\u00e0i Trung Qu\u1ed1c, ch\u00fang t\u00f4i cung c\u1ea5p 1% linh ki\u1ec7n d\u1ec5 h\u1ecfng d\u1ef1 ph\u00f2ng v\u00e0 d\u1ecbch v\u1ee5 h\u01b0\u1edbng d\u1eabn t\u1eeb xa 24 gi\u1edd.<\/p>\n<h3>H\u1ec7 Th\u1ed1ng Qu\u1ea3n L\u00fd H\u1eadu K\u1ef3<\/h3>\n<ul>\n<li><strong>Qu\u1ea3n L\u00fd Ph\u00e2n C\u1ea5p<\/strong><br \/>\nTri\u1ec3n khai h\u1ec7 th\u1ed1ng qu\u1ea3n l\u00fd ba c\u1ea5p bao g\u1ed3m qu\u1ea3n l\u00fd c\u1ea5p nh\u00e0 \u0111i\u1ec1u h\u00e0nh, c\u1ea5p tr\u1ea1m s\u1ea1c v\u00e0 c\u1ea5p thi\u1ebft b\u1ecb s\u1ea1c. \u0110i\u1ec1u n\u00e0y t\u00edch h\u1ee3p c\u00e1c nh\u00e0 \u0111i\u1ec1u h\u00e0nh kh\u00e1c nhau v\u00e0o m\u1ed9t n\u1ec1n t\u1ea3ng l\u1edbn, cho ph\u00e9p chia s\u1ebb thi\u1ebft b\u1ecb s\u1ea1c v\u00e0 d\u1eef li\u1ec7u v\u1eadn h\u00e0nh.<\/li>\n<li><strong>Gi\u00e1m S\u00e1t T\u1eeb Xa<\/strong><br \/>\nCho ph\u00e9p gi\u00e1m s\u00e1t t\u1eeb xa tr\u1ea1ng th\u00e1i c\u1ee7a t\u1eebng thi\u1ebft b\u1ecb s\u1ea1c, thu th\u1eadp d\u1eef li\u1ec7u v\u1eadn h\u00e0nh v\u00e0 t\u1ea1o ra c\u00e1c lo\u1ea1i b\u00e1o c\u00e1o s\u1ea3n xu\u1ea5t kh\u00e1c nhau \u0111\u1ec3 \u0111\u01a1n gi\u1ea3n h\u00f3a qu\u1ea3n l\u00fd v\u1eadn h\u00e0nh.<\/li>\n<li><strong>Qu\u1ea3n L\u00fd Ng\u01b0\u1eddi D\u00f9ng<\/strong><br \/>\nK\u1ebft h\u1ee3p li\u1ec1n m\u1ea1ch c\u00e1c th\u1ebb s\u1ea1c ph\u1ed5 bi\u1ebfn v\u1edbi t\u00e0i kho\u1ea3n WeChat. Th\u1ebb s\u1ea1c c\u00f3 th\u1ec3 \u0111\u01b0\u1ee3c s\u1eed d\u1ee5ng \u0111\u1ed3ng th\u1eddi c\u1ea3 tr\u1ef1c tuy\u1ebfn v\u00e0 ngo\u1ea1i tuy\u1ebfn, gi\u00fap vi\u1ec7c s\u1ea1c xe thu\u1eadn ti\u1ec7n h\u01a1n.<\/li>\n<\/ul>\n<h3>H\u00ecnh \u1ea3nh th\u1ef1c t\u1ebf t\u1ea1i hi\u1ec7n tr\u01b0\u1eddng c\u1ee7a c\u00e1c tr\u1ea1m s\u1ea1c xe \u0111i\u1ec7n \u0111\u00e3 \u0111\u01b0\u1ee3c l\u1eafp \u0111\u1eb7t<\/h3>\n<p><img loading=\"lazy\" decoding=\"async\" class=\"alignnone size-full wp-image-618\" src=\"https:\/\/www.pandaexo.com\/wp-content\/uploads\/2026\/03\/On-site-photos-of-the-installed-EV-charging-stations-1.webp\" alt=\"H\u00ecnh \u1ea3nh th\u1ef1c t\u1ebf t\u1ea1i hi\u1ec7n tr\u01b0\u1eddng c\u1ee7a c\u00e1c tr\u1ea1m s\u1ea1c xe \u0111i\u1ec7n \u0111\u00e3 \u0111\u01b0\u1ee3c l\u1eafp \u0111\u1eb7t (1)\" width=\"1808\" height=\"1108\" srcset=\"https:\/\/www.pandaexo.com\/wp-content\/uploads\/2026\/03\/On-site-photos-of-the-installed-EV-charging-stations-1.webp 1808w, https:\/\/www.pandaexo.com\/wp-content\/uploads\/2026\/03\/On-site-photos-of-the-installed-EV-charging-stations-1-768x471.webp 768w, https:\/\/www.pandaexo.com\/wp-content\/uploads\/2026\/03\/On-site-photos-of-the-installed-EV-charging-stations-1-1536x941.webp 1536w, https:\/\/www.pandaexo.com\/wp-content\/uploads\/2026\/03\/On-site-photos-of-the-installed-EV-charging-stations-1-280x172.webp 280w, https:\/\/www.pandaexo.com\/wp-content\/uploads\/2026\/03\/On-site-photos-of-the-installed-EV-charging-stations-1-1170x717.webp 1170w, https:\/\/www.pandaexo.com\/wp-content\/uploads\/2026\/03\/On-site-photos-of-the-installed-EV-charging-stations-1-1500x919.webp 1500w\" sizes=\"auto, (max-width: 1808px) 100vw, 1808px\" \/> <img loading=\"lazy\" decoding=\"async\" class=\"alignnone size-full wp-image-619\" src=\"https:\/\/www.pandaexo.com\/wp-content\/uploads\/2026\/03\/On-site-photos-of-the-installed-EV-charging-stations-2.webp\" alt=\"H\u00ecnh \u1ea3nh th\u1ef1c t\u1ebf t\u1ea1i hi\u1ec7n tr\u01b0\u1eddng c\u1ee7a c\u00e1c tr\u1ea1m s\u1ea1c xe \u0111i\u1ec7n \u0111\u00e3 \u0111\u01b0\u1ee3c l\u1eafp \u0111\u1eb7t (2)\" width=\"1792\" height=\"1101\" srcset=\"https:\/\/www.pandaexo.com\/wp-content\/uploads\/2026\/03\/On-site-photos-of-the-installed-EV-charging-stations-2.webp 1792w, https:\/\/www.pandaexo.com\/wp-content\/uploads\/2026\/03\/On-site-photos-of-the-installed-EV-charging-stations-2-768x472.webp 768w, https:\/\/www.pandaexo.com\/wp-content\/uploads\/2026\/03\/On-site-photos-of-the-installed-EV-charging-stations-2-1536x944.webp 1536w, https:\/\/www.pandaexo.com\/wp-content\/uploads\/2026\/03\/On-site-photos-of-the-installed-EV-charging-stations-2-280x172.webp 280w, https:\/\/www.pandaexo.com\/wp-content\/uploads\/2026\/03\/On-site-photos-of-the-installed-EV-charging-stations-2-1170x719.webp 1170w, https:\/\/www.pandaexo.com\/wp-content\/uploads\/2026\/03\/On-site-photos-of-the-installed-EV-charging-stations-2-1500x922.webp 1500w\" sizes=\"auto, (max-width: 1792px) 100vw, 1792px\" \/><\/p>\n","protected":false},"excerpt":{"rendered":"<table class=\"table table-striped table-bordered\">\n<tbody>\n<tr>\n<td>M\u1eabu s\u1ea3n ph\u1ea9m<\/td>\n<td>INTEK-DC-40KW<\/td>\n<\/tr>\n<tr>\n<td>Ph\u1ea1m vi \u0111i\u1ec7n \u00e1p \u0111\u1ea7u v\u00e0o<\/td>\n<td>380Vac\u00b120%<\/td>\n<\/tr>\n<tr>\n<td>T\u1ea7n s\u1ed1<\/td>\n<td>50Hz\/60Hz<\/td>\n<\/tr>\n<tr>\n<td>Ph\u1ea1m vi \u0111i\u1ec7n \u00e1p \u0111\u1ea7u ra<\/td>\n<td>200-1000Vdc<\/td>\n<\/tr>\n<tr>\n<td>D\u00f2ng \u0111i\u1ec7n \u0111\u1ecbnh m\u1ee9c<\/td>\n<td>40Adc<\/td>\n<\/tr>\n<tr>\n<td>C\u00f4ng su\u1ea5t t\u1ed1i \u0111a \u0111\u1ea7u ra<\/td>\n<td>40kW<\/td>\n<\/tr>\n<tr>\n<td>\u0110\u1ea7u n\u1ed1i s\u1ea1c<\/td>\n<td>\u0110\u1ea7u n\u1ed1i \u0111\u01a1n\/\u0110\u1ea7u n\u1ed1i k\u00e9p<\/td>\n<\/tr>\n<tr>\n<td>K\u00edch ho\u1ea1t (T\u00f9y ch\u1ecdn c\u1ea5u h\u00ecnh)<\/td>\n<td>M\u00e1y POS\/Qu\u00e9t m\u00e3 QR\/C\u1ed5ng thanh to\u00e1n RFID v\u1edbi OCPP<\/td>\n<\/tr>\n<tr>\n<td>K\u1ebft n\u1ed1i<\/td>\n<td>C\u1ed5ng RJ45 ti\u00eau chu\u1ea9n\/4G<\/td>\n<\/tr>\n<tr>\n<td>Giao di\u1ec7n ng\u01b0\u1eddi d\u00f9ng<\/td>\n<td>7 Inch<\/td>\n<\/tr>\n<tr>\n<td>Ti\u1ebfng \u1ed3n<\/td>\n<td>&lt; 75dB<\/td>\n<\/tr>\n<tr>\n<td>\u0110\u1ed9 ch\u00ednh x\u00e1c \u0111i\u1ec1u ch\u1ec9nh d\u00f2ng \u0111i\u1ec7n<\/td>\n<td>\u2264\u00b11%<\/td>\n<\/tr>\n<tr>\n<td>\u0110\u1ed9 ch\u00ednh x\u00e1c \u0111i\u1ec1u ch\u1ec9nh \u0111i\u1ec7n \u00e1p<\/td>\n<td>\u2264\u00b10.5%<\/td>\n<\/tr>\n<tr>\n<td>Sai s\u1ed1 d\u00f2ng \u0111i\u1ec7n \u0111\u1ea7u ra<\/td>\n<td>\u2264\u00b11%<\/td>\n<\/tr>\n<tr>\n<td>Sai s\u1ed1 \u0111i\u1ec7n \u00e1p \u0111\u1ea7u ra<\/td>\n<td>\u2264\u00b10.5%<\/td>\n<\/tr>\n<tr>\n<td>C\u01b0\u1eddng \u0111\u1ed9 c\u00e1ch \u0111i\u1ec7n<\/td>\n<td>\u22652000V<\/td>\n<\/tr>\n<tr>\n<td>M\u00e3 IP v\u1ecf b\u1ea3o v\u1ec7<\/td>\n<td>IP54<\/td>\n<\/tr>\n<tr>\n<td>Ph\u1ea1m vi nhi\u1ec7t \u0111\u1ed9 ho\u1ea1t \u0111\u1ed9ng<\/td>\n<td>-20~50\u00b0C<\/td>\n<\/tr>\n<tr>\n<td>Ph\u1ea1m vi nhi\u1ec7t \u0111\u1ed9 l\u01b0u tr\u1eef<\/td>\n<td>-20~70\u00b0C<\/td>\n<\/tr>\n<tr>\n<td>Lo\u1ea1i \u0111\u1ea7u n\u1ed1i<\/td>\n<td>GB\/T20234.2-2015 Type C CCS1\/CCS2<\/td>\n<\/tr>\n<tr>\n<td>Ph\u01b0\u01a1ng ph\u00e1p \u0111o l\u01b0\u1eddng<\/td>\n<td>C\u00f4ng t\u01a1 \u0111i\u1ec7n<\/td>\n<\/tr>\n<tr>\n<td>\u0110\u1ed9 tin c\u1eady<\/td>\n<td>50000h<\/td>\n<\/tr>\n<tr>\n<td>H\u1ec7 th\u1ed1ng b\u1ea3o v\u1ec7<\/td>\n<td>Qu\u00e1\/Th\u1ea5p \u00e1p, Qu\u00e1 t\u1ea3i ng\u1eafn m\u1ea1ch, R\u00f2 r\u1ec9, B\u1ea3o v\u1ec7 xung<\/td>\n<\/tr>\n<tr>\n<td>L\u1eafp \u0111\u1eb7t<\/td>\n<td>Tr\u00ean m\u1eb7t \u0111\u1ea5t<\/td>\n<\/tr>\n<tr>\n<td>Ch\u1ea5t li\u1ec7u v\u1ecf<\/td>\n<td>T\u1ea5m kim lo\u1ea1i<\/td>\n<\/tr>\n<tr>\n<td>Chi\u1ec1u d\u00e0i c\u00e1p s\u1ea1c<\/td>\n<td>5m (C\u00f3 th\u1ec3 t\u00f9y ch\u1ec9nh)<\/td>\n<\/tr>\n<\/tbody>\n<\/table>\n","protected":false},"featured_media":610,"comment_status":"closed","ping_status":"closed","template":"","meta":[],"product_brand":[],"product_cat":[708],"product_tag":[791],"class_list":{"0":"post-1238","1":"product","2":"type-product","3":"status-publish","4":"has-post-thumbnail","6":"product_cat-charger-vi","7":"product_tag-dc-charging-vi","9":"first","10":"instock","11":"shipping-taxable","12":"product-type-simple","13":"prodpage-classic"},"aioseo_notices":[],"_links":{"self":[{"href":"https:\/\/www.pandaexo.com\/vi\/wp-json\/wp\/v2\/product\/1238","targetHints":{"allow":["GET"]}}],"collection":[{"href":"https:\/\/www.pandaexo.com\/vi\/wp-json\/wp\/v2\/product"}],"about":[{"href":"https:\/\/www.pandaexo.com\/vi\/wp-json\/wp\/v2\/types\/product"}],"replies":[{"embeddable":true,"href":"https:\/\/www.pandaexo.com\/vi\/wp-json\/wp\/v2\/comments?post=1238"}],"wp:featuredmedia":[{"embeddable":true,"href":"https:\/\/www.pandaexo.com\/vi\/wp-json\/wp\/v2\/media\/610"}],"wp:attachment":[{"href":"https:\/\/www.pandaexo.com\/vi\/wp-json\/wp\/v2\/media?parent=1238"}],"wp:term":[{"taxonomy":"product_brand","embeddable":true,"href":"https:\/\/www.pandaexo.com\/vi\/wp-json\/wp\/v2\/product_brand?post=1238"},{"taxonomy":"product_cat","embeddable":true,"href":"https:\/\/www.pandaexo.com\/vi\/wp-json\/wp\/v2\/product_cat?post=1238"},{"taxonomy":"product_tag","embeddable":true,"href":"https:\/\/www.pandaexo.com\/vi\/wp-json\/wp\/v2\/product_tag?post=1238"}],"curies":[{"name":"wp","href":"https:\/\/api.w.org\/{rel}","templated":true}]}}