{"id":1294,"date":"2026-03-08T18:27:57","date_gmt":"2026-03-08T10:27:57","guid":{"rendered":"https:\/\/www.pandaexo.com\/shop\/bridge-rectifier\/"},"modified":"2026-03-18T19:32:48","modified_gmt":"2026-03-18T11:32:48","slug":"bridge-rectifier","status":"publish","type":"product","link":"https:\/\/www.pandaexo.com\/vi\/shop\/bridge-rectifier\/","title":{"rendered":"C\u1ea7u Ch\u1ec9nh L\u01b0u"},"content":{"rendered":"<style type=\"text\/css\">\r\n\t\t\t\t#gallery-1 {\r\n\t\t\t\t\tmargin: auto;\r\n\t\t\t\t}\r\n\t\t\t\t#gallery-1 .gallery-item {\r\n\t\t\t\t\tfloat: left;\r\n\t\t\t\t\tmargin-top: 10px;\r\n\t\t\t\t\ttext-align: center;\r\n\t\t\t\t\twidth: 25%;\r\n\t\t\t\t}\r\n\t\t\t\t#gallery-1 .gallery-caption {\r\n\t\t\t\t\tmargin-left: 0;\r\n\t\t\t\t}\r\n\t\t\t<\/style><!-- see gallery_shortcode() in wp-includes\/media.php -->\r\n\t\t\t\n\t\t<div id=\"gallery-1\" class=\"gallery galleryid-1294 mfp-gallery mfp-gallery--images gallery-columns-4 gallery-size-full\"><div class=\"row zn_image_gallery \"><div class=\"col-sm-6 col-md-4 col-lg-3\"><a href=\"https:\/\/www.pandaexo.com\/wp-content\/uploads\/2026\/03\/Bridge-Rectifier-KBU-Series.png\" title=\"\" class=\"hoverBorder\"><img loading=\"lazy\" decoding=\"async\" width=\"1268\" height=\"1751\" src=\"https:\/\/www.pandaexo.com\/wp-content\/uploads\/2026\/03\/Bridge-Rectifier-KBU-Series.png\" class=\"attachment-full size-full\" alt=\"Bridge Rectifier KBU Series\" link=\"file\" columns=\"4\" size=\"full\" ids=\"560,566,565,564,563,562,561,568\" orderby=\"post__in\" include=\"560,566,565,564,563,562,561,568\" srcset=\"https:\/\/www.pandaexo.com\/wp-content\/uploads\/2026\/03\/Bridge-Rectifier-KBU-Series.png 1268w, https:\/\/www.pandaexo.com\/wp-content\/uploads\/2026\/03\/Bridge-Rectifier-KBU-Series-768x1061.png 768w, https:\/\/www.pandaexo.com\/wp-content\/uploads\/2026\/03\/Bridge-Rectifier-KBU-Series-1112x1536.png 1112w, https:\/\/www.pandaexo.com\/wp-content\/uploads\/2026\/03\/Bridge-Rectifier-KBU-Series-135x187.png 135w, https:\/\/www.pandaexo.com\/wp-content\/uploads\/2026\/03\/Bridge-Rectifier-KBU-Series-1170x1616.png 1170w, https:\/\/www.pandaexo.com\/wp-content\/uploads\/2026\/03\/Bridge-Rectifier-KBU-Series-600x829.png 600w\" sizes=\"auto, (max-width: 1268px) 100vw, 1268px\" \/><span class=\"gallery_caption\"><\/span><\/a><\/div><div class=\"col-sm-6 col-md-4 col-lg-3\"><a href=\"https:\/\/www.pandaexo.com\/wp-content\/uploads\/2026\/03\/Bridge-Rectifier-KBP-Series.png\" title=\"\" class=\"hoverBorder\"><img loading=\"lazy\" decoding=\"async\" width=\"1268\" height=\"1751\" src=\"https:\/\/www.pandaexo.com\/wp-content\/uploads\/2026\/03\/Bridge-Rectifier-KBP-Series.png\" class=\"attachment-full size-full\" alt=\"Bridge Rectifier KBP Series\" link=\"file\" columns=\"4\" size=\"full\" ids=\"560,566,565,564,563,562,561,568\" orderby=\"post__in\" include=\"560,566,565,564,563,562,561,568\" srcset=\"https:\/\/www.pandaexo.com\/wp-content\/uploads\/2026\/03\/Bridge-Rectifier-KBP-Series.png 1268w, https:\/\/www.pandaexo.com\/wp-content\/uploads\/2026\/03\/Bridge-Rectifier-KBP-Series-768x1061.png 768w, https:\/\/www.pandaexo.com\/wp-content\/uploads\/2026\/03\/Bridge-Rectifier-KBP-Series-1112x1536.png 1112w, https:\/\/www.pandaexo.com\/wp-content\/uploads\/2026\/03\/Bridge-Rectifier-KBP-Series-135x187.png 135w, https:\/\/www.pandaexo.com\/wp-content\/uploads\/2026\/03\/Bridge-Rectifier-KBP-Series-1170x1616.png 1170w, https:\/\/www.pandaexo.com\/wp-content\/uploads\/2026\/03\/Bridge-Rectifier-KBP-Series-600x829.png 600w\" sizes=\"auto, (max-width: 1268px) 100vw, 1268px\" \/><span class=\"gallery_caption\"><\/span><\/a><\/div><div class=\"col-sm-6 col-md-4 col-lg-3\"><a href=\"https:\/\/www.pandaexo.com\/wp-content\/uploads\/2026\/03\/Bridge-Rectifier-KBL-Series.png\" title=\"\" class=\"hoverBorder\"><img loading=\"lazy\" decoding=\"async\" width=\"1268\" height=\"1751\" src=\"https:\/\/www.pandaexo.com\/wp-content\/uploads\/2026\/03\/Bridge-Rectifier-KBL-Series.png\" class=\"attachment-full size-full\" alt=\"Bridge Rectifier KBL Series\" link=\"file\" columns=\"4\" size=\"full\" ids=\"560,566,565,564,563,562,561,568\" orderby=\"post__in\" include=\"560,566,565,564,563,562,561,568\" srcset=\"https:\/\/www.pandaexo.com\/wp-content\/uploads\/2026\/03\/Bridge-Rectifier-KBL-Series.png 1268w, https:\/\/www.pandaexo.com\/wp-content\/uploads\/2026\/03\/Bridge-Rectifier-KBL-Series-768x1061.png 768w, https:\/\/www.pandaexo.com\/wp-content\/uploads\/2026\/03\/Bridge-Rectifier-KBL-Series-1112x1536.png 1112w, https:\/\/www.pandaexo.com\/wp-content\/uploads\/2026\/03\/Bridge-Rectifier-KBL-Series-135x187.png 135w, https:\/\/www.pandaexo.com\/wp-content\/uploads\/2026\/03\/Bridge-Rectifier-KBL-Series-1170x1616.png 1170w, https:\/\/www.pandaexo.com\/wp-content\/uploads\/2026\/03\/Bridge-Rectifier-KBL-Series-600x829.png 600w\" sizes=\"auto, (max-width: 1268px) 100vw, 1268px\" \/><span class=\"gallery_caption\"><\/span><\/a><\/div><div class=\"col-sm-6 col-md-4 col-lg-3\"><a href=\"https:\/\/www.pandaexo.com\/wp-content\/uploads\/2026\/03\/Bridge-Rectifier-K8-Series.png\" title=\"\" class=\"hoverBorder\"><img loading=\"lazy\" decoding=\"async\" width=\"1268\" height=\"1751\" src=\"https:\/\/www.pandaexo.com\/wp-content\/uploads\/2026\/03\/Bridge-Rectifier-K8-Series.png\" class=\"attachment-full size-full\" alt=\"Bridge Rectifier K8 Series\" link=\"file\" columns=\"4\" size=\"full\" ids=\"560,566,565,564,563,562,561,568\" orderby=\"post__in\" include=\"560,566,565,564,563,562,561,568\" srcset=\"https:\/\/www.pandaexo.com\/wp-content\/uploads\/2026\/03\/Bridge-Rectifier-K8-Series.png 1268w, https:\/\/www.pandaexo.com\/wp-content\/uploads\/2026\/03\/Bridge-Rectifier-K8-Series-768x1061.png 768w, https:\/\/www.pandaexo.com\/wp-content\/uploads\/2026\/03\/Bridge-Rectifier-K8-Series-1112x1536.png 1112w, https:\/\/www.pandaexo.com\/wp-content\/uploads\/2026\/03\/Bridge-Rectifier-K8-Series-135x187.png 135w, https:\/\/www.pandaexo.com\/wp-content\/uploads\/2026\/03\/Bridge-Rectifier-K8-Series-1170x1616.png 1170w, https:\/\/www.pandaexo.com\/wp-content\/uploads\/2026\/03\/Bridge-Rectifier-K8-Series-600x829.png 600w\" sizes=\"auto, (max-width: 1268px) 100vw, 1268px\" \/><span class=\"gallery_caption\"><\/span><\/a><\/div><\/div><div class=\"row zn_image_gallery \"><div class=\"col-sm-6 col-md-4 col-lg-3\"><a href=\"https:\/\/www.pandaexo.com\/wp-content\/uploads\/2026\/03\/Bridge-Rectifier-K6-Series.png\" title=\"\" class=\"hoverBorder\"><img loading=\"lazy\" decoding=\"async\" width=\"1268\" height=\"1751\" src=\"https:\/\/www.pandaexo.com\/wp-content\/uploads\/2026\/03\/Bridge-Rectifier-K6-Series.png\" class=\"attachment-full size-full\" alt=\"Bridge Rectifier K6 Series\" link=\"file\" columns=\"4\" size=\"full\" ids=\"560,566,565,564,563,562,561,568\" orderby=\"post__in\" include=\"560,566,565,564,563,562,561,568\" srcset=\"https:\/\/www.pandaexo.com\/wp-content\/uploads\/2026\/03\/Bridge-Rectifier-K6-Series.png 1268w, https:\/\/www.pandaexo.com\/wp-content\/uploads\/2026\/03\/Bridge-Rectifier-K6-Series-768x1061.png 768w, https:\/\/www.pandaexo.com\/wp-content\/uploads\/2026\/03\/Bridge-Rectifier-K6-Series-1112x1536.png 1112w, https:\/\/www.pandaexo.com\/wp-content\/uploads\/2026\/03\/Bridge-Rectifier-K6-Series-135x187.png 135w, https:\/\/www.pandaexo.com\/wp-content\/uploads\/2026\/03\/Bridge-Rectifier-K6-Series-1170x1616.png 1170w, https:\/\/www.pandaexo.com\/wp-content\/uploads\/2026\/03\/Bridge-Rectifier-K6-Series-600x829.png 600w\" sizes=\"auto, (max-width: 1268px) 100vw, 1268px\" \/><span class=\"gallery_caption\"><\/span><\/a><\/div><div class=\"col-sm-6 col-md-4 col-lg-3\"><a href=\"https:\/\/www.pandaexo.com\/wp-content\/uploads\/2026\/03\/Bridge-Rectifier-K3-Series.png\" title=\"\" class=\"hoverBorder\"><img loading=\"lazy\" decoding=\"async\" width=\"1268\" height=\"1751\" src=\"https:\/\/www.pandaexo.com\/wp-content\/uploads\/2026\/03\/Bridge-Rectifier-K3-Series.png\" class=\"attachment-full size-full\" alt=\"Bridge Rectifier K3 Series\" link=\"file\" columns=\"4\" size=\"full\" ids=\"560,566,565,564,563,562,561,568\" orderby=\"post__in\" include=\"560,566,565,564,563,562,561,568\" srcset=\"https:\/\/www.pandaexo.com\/wp-content\/uploads\/2026\/03\/Bridge-Rectifier-K3-Series.png 1268w, https:\/\/www.pandaexo.com\/wp-content\/uploads\/2026\/03\/Bridge-Rectifier-K3-Series-768x1061.png 768w, https:\/\/www.pandaexo.com\/wp-content\/uploads\/2026\/03\/Bridge-Rectifier-K3-Series-1112x1536.png 1112w, https:\/\/www.pandaexo.com\/wp-content\/uploads\/2026\/03\/Bridge-Rectifier-K3-Series-135x187.png 135w, https:\/\/www.pandaexo.com\/wp-content\/uploads\/2026\/03\/Bridge-Rectifier-K3-Series-1170x1616.png 1170w, https:\/\/www.pandaexo.com\/wp-content\/uploads\/2026\/03\/Bridge-Rectifier-K3-Series-600x829.png 600w\" sizes=\"auto, (max-width: 1268px) 100vw, 1268px\" \/><span class=\"gallery_caption\"><\/span><\/a><\/div><div class=\"col-sm-6 col-md-4 col-lg-3\"><a href=\"https:\/\/www.pandaexo.com\/wp-content\/uploads\/2026\/03\/Bridge-Rectifier-6GBJ-Series.png\" title=\"\" class=\"hoverBorder\"><img loading=\"lazy\" decoding=\"async\" width=\"1268\" height=\"1751\" src=\"https:\/\/www.pandaexo.com\/wp-content\/uploads\/2026\/03\/Bridge-Rectifier-6GBJ-Series.png\" class=\"attachment-full size-full\" alt=\"\" link=\"file\" columns=\"4\" size=\"full\" ids=\"560,566,565,564,563,562,561,568\" orderby=\"post__in\" include=\"560,566,565,564,563,562,561,568\" srcset=\"https:\/\/www.pandaexo.com\/wp-content\/uploads\/2026\/03\/Bridge-Rectifier-6GBJ-Series.png 1268w, https:\/\/www.pandaexo.com\/wp-content\/uploads\/2026\/03\/Bridge-Rectifier-6GBJ-Series-768x1061.png 768w, https:\/\/www.pandaexo.com\/wp-content\/uploads\/2026\/03\/Bridge-Rectifier-6GBJ-Series-1112x1536.png 1112w, https:\/\/www.pandaexo.com\/wp-content\/uploads\/2026\/03\/Bridge-Rectifier-6GBJ-Series-135x187.png 135w, https:\/\/www.pandaexo.com\/wp-content\/uploads\/2026\/03\/Bridge-Rectifier-6GBJ-Series-1170x1616.png 1170w, https:\/\/www.pandaexo.com\/wp-content\/uploads\/2026\/03\/Bridge-Rectifier-6GBJ-Series-600x829.png 600w\" sizes=\"auto, (max-width: 1268px) 100vw, 1268px\" \/><span class=\"gallery_caption\"><\/span><\/a><\/div><div class=\"col-sm-6 col-md-4 col-lg-3\"><a href=\"https:\/\/www.pandaexo.com\/wp-content\/uploads\/2026\/03\/Bridge-Rectifier-4GBJ-Series.png\" title=\"\" class=\"hoverBorder\"><img loading=\"lazy\" decoding=\"async\" width=\"1268\" height=\"1751\" src=\"https:\/\/www.pandaexo.com\/wp-content\/uploads\/2026\/03\/Bridge-Rectifier-4GBJ-Series.png\" class=\"attachment-full size-full\" alt=\"Bridge Rectifier 4GBJ Series\" link=\"file\" columns=\"4\" size=\"full\" ids=\"560,566,565,564,563,562,561,568\" orderby=\"post__in\" include=\"560,566,565,564,563,562,561,568\" srcset=\"https:\/\/www.pandaexo.com\/wp-content\/uploads\/2026\/03\/Bridge-Rectifier-4GBJ-Series.png 1268w, https:\/\/www.pandaexo.com\/wp-content\/uploads\/2026\/03\/Bridge-Rectifier-4GBJ-Series-768x1061.png 768w, https:\/\/www.pandaexo.com\/wp-content\/uploads\/2026\/03\/Bridge-Rectifier-4GBJ-Series-1112x1536.png 1112w, https:\/\/www.pandaexo.com\/wp-content\/uploads\/2026\/03\/Bridge-Rectifier-4GBJ-Series-135x187.png 135w, https:\/\/www.pandaexo.com\/wp-content\/uploads\/2026\/03\/Bridge-Rectifier-4GBJ-Series-1170x1616.png 1170w, https:\/\/www.pandaexo.com\/wp-content\/uploads\/2026\/03\/Bridge-Rectifier-4GBJ-Series-600x829.png 600w\" sizes=\"auto, (max-width: 1268px) 100vw, 1268px\" \/><span class=\"gallery_caption\"><\/span><\/a><\/div><\/div><\/div>\n","protected":false},"excerpt":{"rendered":"<p>N\u00e2ng c\u1ea5p thi\u1ebft k\u1ebf \u0111i\u1ec7n t\u1eed c\u00f4ng su\u1ea5t c\u1ee7a b\u1ea1n v\u1edbi d\u00f2ng s\u1ea3n ph\u1ea9m to\u00e0n di\u1ec7n c\u1ee7a ch\u00fang t\u00f4i v\u1ec1 B\u1ed9 Ch\u1ec9nh L\u01b0u C\u1ea7u M\u1ed9t Pha hi\u1ec7u su\u1ea5t cao. \u0110\u01b0\u1ee3c thi\u1ebft k\u1ebf cho m\u1ee5c \u0111\u00edch s\u1eed d\u1ee5ng chung trong thi\u1ebft b\u1ecb c\u00f4ng nghi\u1ec7p v\u00e0 ti\u00eau d\u00f9ng, c\u00e1c b\u1ed9 ch\u1ec9nh l\u01b0u n\u00e0y hi\u1ec7u qu\u1ea3 chuy\u1ec3n \u0111\u1ed5i d\u00f2ng \u0111i\u1ec7n xoay chi\u1ec1u (AC) th\u00e0nh d\u00f2ng \u0111i\u1ec7n m\u1ed9t chi\u1ec1u (DC) b\u1eb1ng c\u00e1ch s\u1eed d\u1ee5ng b\u1ed1n m\u1ed1i n\u1ed1i silicon th\u1ee5 \u0111\u1ed9ng b\u00ean trong \u0111\u01b0\u1ee3c c\u1ea5u h\u00ecnh theo ki\u1ec3u c\u1ea7u \u0111\u1ea7y \u0111\u1ee7. \u0110\u01b0\u1ee3c thi\u1ebft k\u1ebf v\u1edbi t\u01b0 duy v\u1ec1 \u0111\u1ed9 b\u1ec1n v\u00e0 an to\u00e0n, c\u00e1c linh ki\u1ec7n n\u00e0y c\u00f3 c\u1ea5u tr\u00fac \u0111\u00e1ng tin c\u1eady, chi ph\u00ed th\u1ea5p s\u1eed d\u1ee5ng k\u1ef9 thu\u1eadt \u0111\u00fac nh\u1ef1a. V\u1eadt li\u1ec7u nh\u1ef1a \u0111\u00f3ng g\u00f3i \u0111\u1ea1t ph\u00e2n lo\u1ea1i ch\u1ed1ng ch\u00e1y Underwriters Laboratory (UL) 94V-0, \u0111\u1ea3m b\u1ea3o \u0111\u1ed9 an to\u00e0n t\u1ed1i \u0111a cho m\u1ea1ch \u0111i\u1ec7n c\u1ee7a b\u1ea1n. D\u00f9 b\u1ea1n \u0111ang ch\u1ebf t\u1ea1o b\u1ea3ng m\u1ea1ch in (PCB) hay y\u00eau c\u1ea7u l\u1eafp \u0111\u1eb7t tr\u00ean v\u1ecf m\u00e1y, b\u1ed9 ch\u1ec9nh l\u01b0u c\u1ee7a ch\u00fang t\u00f4i mang l\u1ea1i kh\u1ea3 n\u0103ng d\u00f2ng \u0111i\u1ec7n \u0111\u1ed9t bi\u1ebfn cao, \u0111i\u1ec7n \u00e1p r\u01a1i thu\u1eadn th\u1ea5p v\u00e0 \u0111\u1ed9 b\u1ec1n h\u00e0n nhi\u1ec7t \u0111\u1ed9 cao (\u0111\u1ea3m b\u1ea3o l\u00ean \u0111\u1ebfn 265\u00b0C \/ 10 gi\u00e2y).<\/p>\n<h3>T\u00ednh N\u0103ng Ch\u00ednh<\/h3>\n<ul>\n<li><strong>Chuy\u1ec3n \u0110\u1ed5i Hi\u1ec7u Su\u1ea5t Cao:<\/strong> C\u1ea5u h\u00ecnh c\u1ea7u \u0111\u1ea7y \u0111\u1ee7 cho ch\u1ec9nh l\u01b0u c\u00f4ng su\u1ea5t AC sang DC \u1ed5n \u0111\u1ecbnh v\u00e0 \u0111\u00e1ng tin c\u1eady.<\/li>\n<li><strong>C\u1ea5u Tr\u00fac B\u1ec1n V\u1eefng &amp; An To\u00e0n:<\/strong> Th\u00e2n v\u1ecf nh\u1ef1a \u0111\u00fac \u0111\u00e1p \u1ee9ng ti\u00eau chu\u1ea9n ch\u1ed1ng ch\u00e1y UL 94V-0.<\/li>\n<li><strong>Kh\u1ea3 N\u0103ng D\u00f2ng \u0110i\u1ec7n \u0110\u1ed9t Bi\u1ebfn Cao:<\/strong> \u0110\u01b0\u1ee3c ch\u1ebf t\u1ea1o \u0111\u1ec3 x\u1eed l\u00fd d\u00f2ng \u0111i\u1ec7n kh\u1edfi \u0111\u1ed9ng cao, b\u1ea3o v\u1ec7 c\u00e1c thi\u1ebft b\u1ecb \u0111i\u1ec7n t\u1eed ph\u00eda sau c\u1ee7a b\u1ea1n.<\/li>\n<li><strong>T\u00ednh Linh Ho\u1ea1t L\u1eafp \u0110\u1eb7t:<\/strong> L\u00fd t\u01b0\u1edfng \u0111\u1ec3 l\u1eafp tr\u00ean B\u1ea3ng M\u1ea1ch In (PCB) v\u1edbi c\u00e1c tr\u1ee5 \u0111\u1ee1 t\u00edch h\u1ee3p tr\u00ean m\u1ed9t s\u1ed1 m\u1eabu nh\u1ea5t \u0111\u1ecbnh, ho\u1eb7c c\u00e1c t\u00f9y ch\u1ecdn l\u1eafp tr\u00ean v\u1ecf m\u00e1y.<\/li>\n<li><strong>\u0110\u1ed9 B\u1ec1n Nhi\u1ec7t:<\/strong> \u0110\u1ea3m b\u1ea3o hi\u1ec7u su\u1ea5t h\u00e0n nhi\u1ec7t \u0111\u1ed9 cao cho c\u00e1c k\u1ebft n\u1ed1i ch\u1eafc ch\u1eafn v\u00e0 l\u00e2u d\u00e0i.<\/li>\n<\/ul>\n<h3>H\u01b0\u1edbng D\u1eabn So S\u00e1nh D\u00f2ng S\u1ea3n Ph\u1ea9m<\/h3>\n<p>Ch\u1ecdn h\u00ecnh d\u1ea1ng v\u00e0 th\u00f4ng s\u1ed1 k\u1ef9 thu\u1eadt ho\u00e0n h\u1ea3o cho nhu c\u1ea7u d\u1ef1 \u00e1n c\u1ee5 th\u1ec3 c\u1ee7a b\u1ea1n t\u1eeb 8 d\u00f2ng chuy\u00ean bi\u1ec7t c\u1ee7a ch\u00fang t\u00f4i:<\/p>\n<table class=\"table table-striped table-bordered\">\n<thead>\n<tr>\n<th>D\u00f2ng S\u1ea3n Ph\u1ea9m<\/th>\n<th>Ki\u1ec3u V\u1ecf \/ H\u00ecnh D\u1ea1ng<\/th>\n<th>C\u1ea5u H\u00ecnh Ch\u00e2n<\/th>\n<th>T\u00ednh N\u0103ng &amp; \u1ee8ng D\u1ee5ng N\u1ed5i B\u1eadt<\/th>\n<\/tr>\n<\/thead>\n<tbody>\n<tr>\n<td><strong>KBP<\/strong><\/td>\n<td>H\u00ecnh Ch\u1eef Nh\u1eadt Nh\u1ecf G\u1ecdn<\/td>\n<td>Ch\u00e2n X\u1ebfp H\u00e0ng<\/td>\n<td>C\u00f3 tr\u1ee5 \u0111\u1ee1 PCB t\u00edch h\u1ee3p; R\u1ea5t nh\u1ecf g\u1ecdn, l\u00fd t\u01b0\u1edfng cho l\u1eafp \u0111\u1eb7t PCB trong kh\u00f4ng gian h\u1ea1n ch\u1ebf.<\/td>\n<\/tr>\n<tr>\n<td><strong>KBL<\/strong><\/td>\n<td>H\u00ecnh Ch\u1eef Nh\u1eadt Ti\u00eau Chu\u1ea9n<\/td>\n<td>Ch\u00e2n X\u1ebfp H\u00e0ng<\/td>\n<td>C\u00f3 tr\u1ee5 \u0111\u1ee1 PCB t\u00edch h\u1ee3p; \u0110\u1ed9 b\u1ec1n \u0111i\u1ec7n m\u00f4i v\u1ecf cao \u0111\u1ec3 t\u0103ng c\u01b0\u1eddng c\u00e1ch \u0111i\u1ec7n.<\/td>\n<\/tr>\n<tr>\n<td><strong>KBU<\/strong><\/td>\n<td>H\u00ecnh Ch\u1eef Nh\u1eadt Ph\u1eb3ng C\u00f3 L\u1ed7<\/td>\n<td>Ch\u00e2n X\u1ebfp H\u00e0ng<\/td>\n<td>C\u00f3 l\u1ed7 l\u1eafp \u0111\u1eb7t chuy\u00ean d\u1ee5ng cho t\u1ea3n nhi\u1ec7t; K\u00fd hi\u1ec7u c\u1ef1c t\u00ednh \u0111\u01b0\u1ee3c \u0111\u00fac r\u00f5 r\u00e0ng tr\u00ean th\u00e2n.<\/td>\n<\/tr>\n<tr>\n<td><strong>6GBJ<\/strong><\/td>\n<td>H\u00ecnh D\u00e1ng M\u1ecfng \/ Ph\u1eb3ng<\/td>\n<td>Ch\u00e2n X\u1ebfp H\u00e0ng<\/td>\n<td>\u0110\u1ed9 b\u1ec1n \u0111i\u1ec7n m\u00f4i v\u1ecf c\u1ef1c cao 1500VRMS; L\u00fd t\u01b0\u1edfng cho thi\u1ebft k\u1ebf PCB m\u1ecfng.<\/td>\n<\/tr>\n<tr>\n<td><strong>4GBJ<\/strong><\/td>\n<td>H\u00ecnh D\u00e1ng M\u1ecfng \/ Ph\u1eb3ng<\/td>\n<td>Ch\u00e2n X\u1ebfp H\u00e0ng<\/td>\n<td>\u0110\u1ecbnh m\u1ee9c l\u00ean \u0111\u1ebfn 1000V PRV (\u0110i\u1ec7n \u00c1p Ng\u01b0\u1ee3c \u0110\u1ec9nh); Mang l\u1ea1i \u0111i\u1ec7n \u00e1p r\u01a1i thu\u1eadn th\u1ea5p \u0111\u1ec3 hi\u1ec7u su\u1ea5t cao h\u01a1n.<\/td>\n<\/tr>\n<tr>\n<td><strong>K3<\/strong><\/td>\n<td>H\u00ecnh Vu\u00f4ng Nh\u1ecf G\u1ecdn<\/td>\n<td>Ch\u00e2n D\u00e2y (L\u01b0\u1edbi)<\/td>\n<td>C\u1ea7u \u0111\u1ea7y \u0111\u1ee7 m\u1ed9t pha (ki\u1ec3u d\u00f2ng KBPC) cung c\u1ea5p kh\u1ea3 n\u0103ng d\u00f2ng \u0111\u1ed9t bi\u1ebfn cao trong di\u1ec7n t\u00edch nh\u1ecf.<\/td>\n<\/tr>\n<tr>\n<td><strong>K6<\/strong><\/td>\n<td>H\u00ecnh Vu\u00f4ng Nh\u1ecf G\u1ecdn<\/td>\n<td>Ch\u00e2n D\u00e2y (L\u01b0\u1edbi)<\/td>\n<td>Tu\u00e2n th\u1ee7 \u0111\u1ea7y \u0111\u1ee7 ch\u1ec9 th\u1ecb RoHS 2002\/95\/EC; C\u1ea5u tr\u00fac ti\u00eau chu\u1ea9n th\u00e2n thi\u1ec7n v\u1edbi m\u00f4i tr\u01b0\u1eddng.<\/td>\n<\/tr>\n<tr>\n<td><strong>K8<\/strong><\/td>\n<td>H\u00ecnh Vu\u00f4ng Nh\u1ecf G\u1ecdn<\/td>\n<td>Ch\u00e2n D\u00e2y (L\u01b0\u1edbi)<\/td>\n<td>D\u1eef li\u1ec7u \u0111\u01b0\u1ee3c \u0111\u1eb7c tr\u01b0ng \u0111\u1ea7y \u0111\u1ee7 v\u1edbi d\u1ea3i nhi\u1ec7t \u0111\u1ed9 ho\u1ea1t \u0111\u1ed9ng r\u1ed9ng; Ph\u00f9 h\u1ee3p \u0111\u1ec3 l\u1eafp tr\u00ean PCB ho\u1eb7c v\u1ecf m\u00e1y.<\/td>\n<\/tr>\n<\/tbody>\n<\/table>\n","protected":false},"featured_media":569,"comment_status":"closed","ping_status":"closed","template":"","meta":[],"product_brand":[],"product_cat":[683],"product_tag":[],"class_list":{"0":"post-1294","1":"product","2":"type-product","3":"status-publish","4":"has-post-thumbnail","6":"product_cat-semiconductor-vi","8":"first","9":"instock","10":"shipping-taxable","11":"product-type-simple","12":"prodpage-classic"},"aioseo_notices":[],"_links":{"self":[{"href":"https:\/\/www.pandaexo.com\/vi\/wp-json\/wp\/v2\/product\/1294","targetHints":{"allow":["GET"]}}],"collection":[{"href":"https:\/\/www.pandaexo.com\/vi\/wp-json\/wp\/v2\/product"}],"about":[{"href":"https:\/\/www.pandaexo.com\/vi\/wp-json\/wp\/v2\/types\/product"}],"replies":[{"embeddable":true,"href":"https:\/\/www.pandaexo.com\/vi\/wp-json\/wp\/v2\/comments?post=1294"}],"wp:featuredmedia":[{"embeddable":true,"href":"https:\/\/www.pandaexo.com\/vi\/wp-json\/wp\/v2\/media\/569"}],"wp:attachment":[{"href":"https:\/\/www.pandaexo.com\/vi\/wp-json\/wp\/v2\/media?parent=1294"}],"wp:term":[{"taxonomy":"product_brand","embeddable":true,"href":"https:\/\/www.pandaexo.com\/vi\/wp-json\/wp\/v2\/product_brand?post=1294"},{"taxonomy":"product_cat","embeddable":true,"href":"https:\/\/www.pandaexo.com\/vi\/wp-json\/wp\/v2\/product_cat?post=1294"},{"taxonomy":"product_tag","embeddable":true,"href":"https:\/\/www.pandaexo.com\/vi\/wp-json\/wp\/v2\/product_tag?post=1294"}],"curies":[{"name":"wp","href":"https:\/\/api.w.org\/{rel}","templated":true}]}}